{"id":1062,"date":"2019-03-25T16:35:00","date_gmt":"2019-03-25T20:35:00","guid":{"rendered":"https:\/\/donnerbookpriz.wpengine.com\/?page_id=1062"},"modified":"2025-05-20T17:20:26","modified_gmt":"2025-05-20T21:20:26","slug":"apply-for-the-2025-donner-prize","status":"publish","type":"page","link":"https:\/\/donnerbookprize.com\/francais\/apply-for-the-2025-donner-prize\/","title":{"rendered":"Postuler pour le prix Donner 2025"},"content":{"rendered":"<hr class=\"wp-block-separator has-css-opacity is-style-wide\"\/>\n\n\n\n\n\n\n\n<div class=\"wp-block-button aligncenter custom27 is-style-squared\"><a class=\"wp-block-button__link has-text-color has-background\" href=\"https:\/\/donnerbookprize.com\/wp-content\/uploads\/2025\/05\/Donner_SubmissionPkg_FR_2025_v2.pdf\" style=\"background-color:#58585a;color:#fff\" target=\"_blank\" rel=\"noopener noreferrer\">T\u00e9l\u00e9charger le dossier de soumission<\/a><\/div>\n\n\n\n<p> Si vous soumettez plus d'un titre, veuillez soumettre des informations suppl\u00e9mentaires sur un formulaire s\u00e9par\u00e9. <\/p>\n\n\n\n<p class=\"has-text-align-center custom28\">Postuler en ligne (Remplissez le formulaire ci-dessous)<\/p>\n\n\n\n<hr class=\"wp-block-separator has-css-opacity is-style-wide custom26\"\/>\n\n\n\n<div class=\"wpcf7 no-js\" id=\"wpcf7-f4564-o1\" lang=\"en-US\" dir=\"ltr\" data-wpcf7-id=\"4564\">\n<div class=\"screen-reader-response\"><p role=\"status\" aria-live=\"polite\" aria-atomic=\"true\"><\/p> <ul><\/ul><\/div>\n<form action=\"\/francais\/wp-json\/wp\/v2\/pages\/1062#wpcf7-f4564-o1\" method=\"post\" class=\"wpcf7-form init\" aria-label=\"Contact form\" enctype=\"multipart\/form-data\" novalidate=\"novalidate\" data-status=\"init\" data-trp-original-action=\"\/francais\/wp-json\/wp\/v2\/pages\/1062#wpcf7-f4564-o1\">\n<fieldset class=\"hidden-fields-container\"><input type=\"hidden\" name=\"_wpcf7\" value=\"4564\" \/><input type=\"hidden\" name=\"_wpcf7_version\" value=\"6.1\" \/><input type=\"hidden\" name=\"_wpcf7_locale\" value=\"en_US\" \/><input type=\"hidden\" name=\"_wpcf7_unit_tag\" value=\"wpcf7-f4564-o1\" \/><input type=\"hidden\" name=\"_wpcf7_container_post\" value=\"0\" \/><input type=\"hidden\" name=\"_wpcf7_posted_data_hash\" value=\"\" \/><input type=\"hidden\" name=\"_wpcf7_recaptcha_response\" value=\"\" \/>\n<\/fieldset>\n<div class=\"wp-block-columns has-2-columns custom25\">\n\t<div class=\"wp-block-column\">\n\t\t<p><label>Titre <span class=\"wpcf7-form-control-wrap\" data-name=\"title\"><input size=\"40\" maxlength=\"400\" class=\"wpcf7-form-control wpcf7-text\" aria-invalid=\"false\" value=\"\" type=\"text\" name=\"title\" \/><\/span><\/label>\n\t\t<\/p>\n\t<\/div>\n\t<div class=\"wp-block-column\">\n\t\t<p><label>Auteur <span class=\"wpcf7-form-control-wrap\" data-name=\"authors\"><input size=\"40\" maxlength=\"400\" class=\"wpcf7-form-control wpcf7-text\" aria-invalid=\"false\" value=\"\" type=\"text\" name=\"authors\" \/><\/span><\/label>\n\t\t<\/p>\n\t<\/div>\n<\/div>\n<div class=\"wp-block-columns has-2-columns custom25\">\n\t<div class=\"wp-block-column\">\n\t\t<p><label>\u00c9diteur\/Collection <span class=\"wpcf7-form-control-wrap\" data-name=\"publisher\"><input size=\"40\" maxlength=\"400\" class=\"wpcf7-form-control wpcf7-text\" aria-invalid=\"false\" value=\"\" type=\"text\" name=\"publisher\" \/><\/span><\/label>\n\t\t<\/p>\n\t<\/div>\n\t<div class=\"wp-block-column\">\n\t\t<p><label>Date de publication <span class=\"wpcf7-form-control-wrap\" data-name=\"publicationdate1\"><input class=\"wpcf7-form-control wpcf7-date wpcf7-validates-as-date\" min=\"1000-12-31\" max=\"9999-01-01\" aria-invalid=\"false\" value=\"\" type=\"date\" name=\"publicationdate1\" \/><\/span><\/label>\n\t\t<\/p>\n\t<\/div>\n<\/div>\n<div>\n\t<p><label>L'auteur est-il citoyen canadien?<\/label><span class=\"wpcf7-form-control-wrap\" data-name=\"canadiancitizen\"><span class=\"wpcf7-form-control wpcf7-radio\"><span class=\"wpcf7-list-item first\"><input type=\"radio\" name=\"canadiancitizen\" value=\"Yes\" checked=\"checked\" \/><span class=\"wpcf7-list-item-label\">Oui<\/span><\/span><span class=\"wpcf7-list-item last\"><input type=\"radio\" name=\"canadiancitizen\" value=\"No\" \/><span class=\"wpcf7-list-item-label\">Non<\/span><\/span><\/span><\/span>\n\t<\/p>\n<\/div>\n<div class=\"custom25\">\n\t<p><label>Fond\u00e9 de signature (nom en lettres moul\u00e9es et signature) <span class=\"wpcf7-form-control-wrap\" data-name=\"AuthorizedSigningOfficer\"><input size=\"250\" maxlength=\"400\" class=\"wpcf7-form-control wpcf7-text\" aria-invalid=\"false\" value=\"\" type=\"text\" name=\"AuthorizedSigningOfficer\" \/><\/span><\/label>\n\t<\/p>\n<\/div>\n<div class=\"custom25\">\n\t<p><label>Compagnie <span class=\"wpcf7-form-control-wrap\" data-name=\"Companyname\"><input size=\"250\" maxlength=\"400\" class=\"wpcf7-form-control wpcf7-text\" aria-invalid=\"false\" value=\"\" type=\"text\" name=\"Companyname\" \/><\/span><\/label>\n\t<\/p>\n<\/div>\n<div class=\"custom25\">\n\t<p><label>Adresse <span class=\"wpcf7-form-control-wrap\" data-name=\"address\"><input size=\"250\" maxlength=\"400\" class=\"wpcf7-form-control wpcf7-text\" aria-invalid=\"false\" value=\"\" type=\"text\" name=\"address\" \/><\/span><\/label>\n\t<\/p>\n<\/div>\n<div class=\"wp-block-columns has-2-columns custom25\">\n\t<div class=\"wp-block-column\">\n\t\t<p><label>Personne contact (lettres moul\u00e9es) <span class=\"wpcf7-form-control-wrap\" data-name=\"your-name\"><input size=\"40\" maxlength=\"400\" class=\"wpcf7-form-control wpcf7-text wpcf7-validates-as-required\" aria-required=\"true\" aria-invalid=\"false\" value=\"\" type=\"text\" name=\"your-name\" \/><\/span><\/label>\n\t\t<\/p>\n\t<\/div>\n\t<div class=\"wp-block-column\">\n\t\t<p><label>T\u00e9l\u00e9copieur <span class=\"wpcf7-form-control-wrap\" data-name=\"fax\"><input size=\"40\" maxlength=\"400\" class=\"wpcf7-form-control wpcf7-text\" aria-invalid=\"false\" value=\"\" type=\"text\" name=\"fax\" \/><\/span><\/label>\n\t\t<\/p>\n\t<\/div>\n<\/div>\n<div class=\"wp-block-columns has-2-columns custom25\">\n\t<div class=\"wp-block-column\">\n\t\t<p><label>Courriel <span class=\"wpcf7-form-control-wrap\" data-name=\"your-email\"><input size=\"40\" maxlength=\"400\" class=\"wpcf7-form-control wpcf7-email wpcf7-validates-as-required wpcf7-text wpcf7-validates-as-email\" aria-required=\"true\" aria-invalid=\"false\" value=\"\" type=\"email\" name=\"your-email\" \/><\/span><\/label>\n\t\t<\/p>\n\t<\/div>\n\t<div class=\"wp-block-column\">\n\t\t<p><label>Date <span class=\"wpcf7-form-control-wrap\" data-name=\"date-429\"><input class=\"wpcf7-form-control wpcf7-date wpcf7-validates-as-date\" min=\"1000-12-31\" max=\"9999-01-01\" aria-invalid=\"false\" value=\"\" type=\"date\" name=\"date-429\" \/><\/span><\/label>\n\t\t<\/p>\n\t<\/div>\n<\/div>\n<div>\n\t<p><span class=\"wpcf7-form-control-wrap\" data-name=\"checkbox-465\"><span class=\"wpcf7-form-control wpcf7-checkbox wpcf7-validates-as-required\"><span class=\"wpcf7-list-item first last\"><input type=\"checkbox\" name=\"checkbox-465[]\" value=\"Seven (7) copies to be mailed to the Prize Manager\" \/><span class=\"wpcf7-list-item-label\">Sept (7) exemplaires \u00e0 envoyer \u00e0 la directrice du prix.<\/span><\/span><\/span><\/span>\n\t<\/p>\n<\/div>\n<div>\n\t<p><span class=\"wpcf7-form-control-wrap\" data-name=\"acceptance-337\"><span class=\"wpcf7-form-control wpcf7-acceptance\"><span class=\"wpcf7-list-item\"><label><input type=\"checkbox\" name=\"acceptance-337\" value=\"1\" aria-invalid=\"false\" \/><span class=\"wpcf7-list-item-label\">Copie \u00e9lectronique du livre envoy\u00e9e par courriel au Responsable du prix \u00e0 <a href=\"mailto:info@donnerbookprize.com\">info@donnerbookprize.com<\/a><\/span><\/label><\/span><\/span><\/span>\n\t<\/p>\n<\/div>\n<div class=\"custom25\">\n\t<p><label><span class=\"wpcf7-form-control-wrap\" data-name=\"file-846\"><input size=\"40\" class=\"wpcf7-form-control wpcf7-file\" accept=\".pdf,.text\" aria-invalid=\"false\" type=\"file\" name=\"file-846\" \/><\/span><\/label>\n\t<\/p>\n\t<p>Nous avons pris connaissance du r\u00e8glement sur l\u2019admissibilit\u00e9 et les propositions de candidatures pour le prix Donner. Si un livre \u00e9dit\u00e9 par nous figure parmi les finalistes du prix Donner ou remporte celui-ci, nous nous engageons \u00e0 nous conformer aux modalit\u00e9s du document intitul\u00e9 <a href=\"https:\/\/donnerbookprize.com\/francais\/conditions\/\"> \"An understanding between the Donner Canadian Foundation and Publishers of the Books shortlisted for the Donner Prize&rdquo;.<\/a>\n\t<\/p>\n<\/div>\n<div>\n\t<p><span class=\"wpcf7-form-control-wrap\" data-name=\"checkbox-601\"><span class=\"wpcf7-form-control wpcf7-checkbox wpcf7-validates-as-required\"><span class=\"wpcf7-list-item first last\"><input type=\"checkbox\" name=\"checkbox-601[]\" value=\"I have read the Eligibility and Submission requirements for the 2025 Donner Prize.\" \/><span class=\"wpcf7-list-item-label\">J'ai lu les conditions d'\u00e9ligibilit\u00e9 et de soumission pour le prix Donner 2025<\/span><\/span><\/span><\/span>\n\t<\/p>\n<\/div>\n<div>\n\t<p><label><input class=\"wpcf7-form-control wpcf7-submit has-spinner\" type=\"submit\" value=\"Envoyer\" \/><\/label>\n\t<\/p>\n<\/div>\n<div class=\"wpcf7-response-output\" aria-hidden=\"true\"><\/div>\n<input type=\"hidden\" name=\"trp-form-language\" value=\"francais\"\/><\/form>\n<\/div>\n\n\n\n\n<div style=\"height:20px\" aria-hidden=\"true\" class=\"wp-block-spacer\"><\/div>\n\n\n\n<p>Pour de plus amples renseignements, veuillez contacter : <\/p>\n\n\n\n<p>Responsable du prix<br>Le Prix Donner<br>8 Prince Arthur Avenue<br>Third Floor<br>Toronto, ON M5R 1A9<br>info@donnerbookprize.com<\/p>","protected":false},"excerpt":{"rendered":"<p>If you are submitting more than one title, please submit additional information on a separate form. Apply online (Fill out form below) For further information, contact: PRIZE MANAGERThe Donner Prize8 Prince Arthur AvenueThird FloorToronto, ON M5R 1A9info@donnerbookprize.com<\/p>","protected":false},"author":1,"featured_media":3178,"parent":0,"menu_order":0,"comment_status":"closed","ping_status":"closed","template":"","meta":{"footnotes":""},"class_list":["post-1062","page","type-page","status-publish","has-post-thumbnail"],"_links":{"self":[{"href":"https:\/\/donnerbookprize.com\/francais\/wp-json\/wp\/v2\/pages\/1062","targetHints":{"allow":["GET"]}}],"collection":[{"href":"https:\/\/donnerbookprize.com\/francais\/wp-json\/wp\/v2\/pages"}],"about":[{"href":"https:\/\/donnerbookprize.com\/francais\/wp-json\/wp\/v2\/types\/page"}],"author":[{"embeddable":true,"href":"https:\/\/donnerbookprize.com\/francais\/wp-json\/wp\/v2\/users\/1"}],"replies":[{"embeddable":true,"href":"https:\/\/donnerbookprize.com\/francais\/wp-json\/wp\/v2\/comments?post=1062"}],"version-history":[{"count":0,"href":"https:\/\/donnerbookprize.com\/francais\/wp-json\/wp\/v2\/pages\/1062\/revisions"}],"wp:featuredmedia":[{"embeddable":true,"href":"https:\/\/donnerbookprize.com\/francais\/wp-json\/wp\/v2\/media\/3178"}],"wp:attachment":[{"href":"https:\/\/donnerbookprize.com\/francais\/wp-json\/wp\/v2\/media?parent=1062"}],"curies":[{"name":"wp","href":"https:\/\/api.w.org\/{rel}","templated":true}]}}