{"id":148,"date":"2019-03-17T06:56:23","date_gmt":"2019-03-17T06:56:23","guid":{"rendered":"https:\/\/donnerbookpriz.wpengine.com\/?page_id=148"},"modified":"2019-11-15T11:04:04","modified_gmt":"2019-11-15T16:04:04","slug":"2018-2019-shortlist","status":"publish","type":"page","link":"https:\/\/donnerbookprize.com\/francais\/about\/2018-2019-shortlist\/","title":{"rendered":"Listes des finalistes 2018-2019"},"content":{"rendered":"<hr class=\"wp-block-separator is-style-wide\"\/>\n\n\n\n<div class=\"wp-block-image custom8a\"><figure class=\"alignleft is-resized\"><img decoding=\"async\" src=\"https:\/\/donnerbookprize.com\/wp-content\/uploads\/2019\/03\/Indigenous-Nationals-book-cover-1-680x1024.jpg\" alt=\"INDIGENOUS NATIONALS, CANADIAN CITIZENS\" class=\"wp-image-1249\" width=\"199\" height=\"NaN\" srcset=\"https:\/\/donnerbookprize.com\/wp-content\/uploads\/2019\/03\/Indigenous-Nationals-book-cover-1-680x1024.jpg 680w, https:\/\/donnerbookprize.com\/wp-content\/uploads\/2019\/03\/Indigenous-Nationals-book-cover-1-199x300.jpg 199w, https:\/\/donnerbookprize.com\/wp-content\/uploads\/2019\/03\/Indigenous-Nationals-book-cover-1-768x1156.jpg 768w, https:\/\/donnerbookprize.com\/wp-content\/uploads\/2019\/03\/Indigenous-Nationals-book-cover-1.jpg 1795w\" sizes=\"(max-width: 680px) 100vw, 680px\" \/><\/figure><\/div>\n\n\n\n<h2 class=\"wp-block-heading\" style=\"text-align:left\">Indigenous Nationals, Canadian Citizens: From First Contact to Canada 150 and Beyond,<\/h2>\n\n\n\n<h3 class=\"wp-block-heading\" style=\"text-align:left\">Thomas J. Courchene (Institute of Intergovernmental Relations, School of Policy Studies, Queen&#8217;s University )<\/h3>\n\n\n\n<p style=\"text-align:left\" class=\"custom7\">Dans cette oeuvre magistrale sur un des plus importants th\u00e8mes de l\u2019histoire des politiques publiques de notre pays, Courchene pr\u00e9sente le contexte historique, juridique et socio-\u00e9conomique pour la conception de politiques autochtones au Canada et, en puisant dans ces connaissances, fait une proposition (le Commonwealth des nations autochtones souveraines) pour catalyser le d\u00e9bat. Cette nouvelle prescription de politique de Courchene tente de r\u00e9concilier deux objectifs concurrents : reconna\u00eetre les droits des autochtones et promouvoir le d\u00e9veloppement de l\u2019\u00e9conomie et des ressources du Canada, tout en cr\u00e9ant des arguments convaincants pour un changement important. <br><\/p>\n\n\n\n<p class=\"custom9\"><em><strong>Thomas J. Courchene<\/strong><\/em><strong> <\/strong><em>est professeur \u00e9m\u00e9rite \u00e0 l\u2019Universit\u00e9 Queen\u2019s et professeur adjoint au D\u00e9partement d\u2019\u00e9conomie. Il est le directeur fondateur de l\u2019\u00e9cole d\u2019\u00e9tudes politiques de l\u2019Universit\u00e9 Queen\u2019s. <\/em><\/p>\n\n\n\n<hr class=\"wp-block-separator is-style-wide\"\/>\n\n\n\n<div class=\"wp-block-image custom8a\"><figure class=\"alignleft is-resized\"><img decoding=\"async\" src=\"https:\/\/donnerbookprize.com\/wp-content\/uploads\/2019\/03\/Population-Bombed-book-cover-678x1024.jpg\" alt=\"POPULATION BOMBED! EXPLODING THE LINK BETWEEN OVERPOPULATION AND CLIMATE CHANGE\" class=\"wp-image-1250\" width=\"199\" height=\"NaN\" srcset=\"https:\/\/donnerbookprize.com\/wp-content\/uploads\/2019\/03\/Population-Bombed-book-cover-678x1024.jpg 678w, https:\/\/donnerbookprize.com\/wp-content\/uploads\/2019\/03\/Population-Bombed-book-cover-199x300.jpg 199w, https:\/\/donnerbookprize.com\/wp-content\/uploads\/2019\/03\/Population-Bombed-book-cover-768x1159.jpg 768w, https:\/\/donnerbookprize.com\/wp-content\/uploads\/2019\/03\/Population-Bombed-book-cover.jpg 1802w\" sizes=\"(max-width: 678px) 100vw, 678px\" \/><\/figure><\/div>\n\n\n\n<h2 class=\"wp-block-heading\" style=\"text-align:left\">Population Bombed! Exploding the Link Between Overpopulation and Climate Change<\/h2>\n\n\n\n<h3 class=\"wp-block-heading\" style=\"text-align:left\">Pierre Desrochers &amp; Joanna Szurmak (Global Warming Policy Foundation)<\/h3>\n\n\n\n<p style=\"text-align:left\" class=\"custom7\">De nombreux universitaires, activistes et d\u00e9cideurs politiques ont li\u00e9 la croissance d\u00e9mographique \u00e0 la d\u00e9gradation de l\u2019environnement, y compris \u00e0 des changements climatiques catastrophiques. Les auteurs soutiennent que des am\u00e9liorations importantes dans le bien-\u00eatre humain au cours des r\u00e9centes ann\u00e9es, une esp\u00e9rance de vie plus longue, une meilleure sant\u00e9, des ressources abondantes et une am\u00e9lioration g\u00e9n\u00e9rale dans l\u2019environnement contredisent cette all\u00e9gation. Desrochers et Szurmak apportent une contribution utile et provocatrice au d\u00e9bat politique en questionnant les mod\u00e8les et les hypoth\u00e8ses sur lesquels le nouveau discours sur le contr\u00f4le d\u00e9mographique est construit, et argumentent que la croissance d\u00e9mographique, conjointement au d\u00e9veloppement \u00e9conomique, repr\u00e9sente le seul moyen pratique d\u2019aller de l\u2019avant.<\/p>\n\n\n\n<p style=\"text-align:left\" class=\"custom9\"><em><strong>Pierre Desrochers <\/strong>est professeur agr\u00e9g\u00e9 de g\u00e9ographie \u00e0 l\u2019Universit\u00e9 de Toronto. <strong>Joanna Szurmak<\/strong> est \u00e9tudiante au doctorat au d\u00e9partement de la science et de la technologique de l\u2019Universit\u00e9 York.<\/em><\/p>\n\n\n\n<hr class=\"wp-block-separator is-style-wide\"\/>\n\n\n\n<div class=\"wp-block-image custom8a\"><figure class=\"alignleft is-resized\"><img decoding=\"async\" src=\"https:\/\/donnerbookprize.com\/wp-content\/uploads\/2019\/03\/Basic-Income-book-cover-674x1024.jpg\" alt=\"BASIC INCOME FOR CANADIANS\" class=\"wp-image-1253\" width=\"199\" height=\"NaN\" srcset=\"https:\/\/donnerbookprize.com\/wp-content\/uploads\/2019\/03\/Basic-Income-book-cover-674x1024.jpg 674w, https:\/\/donnerbookprize.com\/wp-content\/uploads\/2019\/03\/Basic-Income-book-cover-197x300.jpg 197w, https:\/\/donnerbookprize.com\/wp-content\/uploads\/2019\/03\/Basic-Income-book-cover-768x1167.jpg 768w, https:\/\/donnerbookprize.com\/wp-content\/uploads\/2019\/03\/Basic-Income-book-cover.jpg 1600w\" sizes=\"(max-width: 674px) 100vw, 674px\" \/><\/figure><\/div>\n\n\n\n<h2 class=\"wp-block-heading\" style=\"text-align:left\">Basic Income for Canadians: The key to a healthier, happier, more secure life for all<\/h2>\n\n\n\n<h3 class=\"wp-block-heading\" style=\"text-align:left\">Evelyn L. Forget (James Lorimer &amp; Company Ltd.)<\/h3>\n\n\n\n<p style=\"text-align:left\" class=\"custom7\">Au cours des quarante derni\u00e8res ann\u00e9es, le march\u00e9 du travail a fondamentalement chang\u00e9. De bons emplois \u00e0 temps plein ont \u00e9t\u00e9 remplac\u00e9s par des emplois \u00e0 temps partiel ou temporaires qui offrent moins d\u2019avantages et viennent rarement avec le soutien de syndicats. L\u2019ins\u00e9curit\u00e9 \u00e9conomique constitue d\u00e9sormais une particularit\u00e9 dans la vie d\u2019un grand nombre de personnes. Ceux qui sont forc\u00e9s de compter sur une aide provinciale au revenu ou un soutien aux personnes handicap\u00e9es se retrouvent eux-m\u00eames pi\u00e9g\u00e9s dans un syst\u00e8me qui perp\u00e9tue la d\u00e9pendance. Cette situation a donn\u00e9 vie \u00e0 une veille pens\u00e9e - revenu de base, un syst\u00e8me de revenu inconditionnel - que Forget explore selon une perspective canadienne, soulevant un cas convaincant et instructif qui montre qu\u2019un revenu de base am\u00e9liore la sant\u00e9 et le bien-\u00eatre de la famille et de la collectivit\u00e9, am\u00e9liore la r\u00e9silience financi\u00e8re ainsi que l\u2019acc\u00e8s \u00e0 l\u2019\u00e9ducation et \u00e0 la formation \u00e0 un co\u00fbt abordable.<\/p>\n\n\n\n<p style=\"text-align:left\" class=\"custom9 translation-block\"><em><strong>Evelyn L. Forget <\/strong>est une \u00e9conomiste \u00e0 l\u2019\u00e9cole de m\u00e9decine de l\u2019Universit\u00e9 du Manitoba.<\/em><\/p>\n\n\n\n<hr class=\"wp-block-separator is-style-wide\"\/>\n\n\n\n<div class=\"wp-block-image custom16\"><figure class=\"alignleft is-resized\"><img decoding=\"async\" src=\"https:\/\/donnerbookprize.com\/wp-content\/uploads\/2019\/03\/University-Commons-Divided-book-cover.jpg\" alt=\"UNIVERSITY COMMONS DIVIDED\" class=\"wp-image-1255\" width=\"199\" height=\"NaN\" srcset=\"https:\/\/donnerbookprize.com\/wp-content\/uploads\/2019\/03\/University-Commons-Divided-book-cover.jpg 600w, https:\/\/donnerbookprize.com\/wp-content\/uploads\/2019\/03\/University-Commons-Divided-book-cover-200x300.jpg 200w\" sizes=\"(max-width: 600px) 100vw, 600px\" \/><\/figure><\/div>\n\n\n\n<h2 class=\"wp-block-heading\" style=\"text-align:left\">University Commons Divided: Exploring Debate &amp; Dissent on Campus<\/h2>\n\n\n\n<h3 class=\"wp-block-heading\" style=\"text-align:left\">Peter MacKinnon (University of Toronto Press )<\/h3>\n\n\n\n<p style=\"text-align:left\" class=\"custom7\">Les universit\u00e9s se retrouvent de nouveau sur la ligne de front des \u00ab guerres culturelles \u00bb, suscitant une intensit\u00e9 de d\u00e9bat qui n\u2019a pas \u00e9t\u00e9 observ\u00e9e depuis les ann\u00e9es 1960. Les traditionnels pr\u00e9ceptes de libert\u00e9 universitaire, de libert\u00e9 d\u2019expression et du r\u00f4le m\u00eame de l\u2019universit\u00e9, que ce soit des chercheurs de v\u00e9rit\u00e9 impartiaux ou en tant qu\u2019agents de justice sociale, sont en jeux. Dans un livre qui inspirera des d\u00e9bats, MacKinnon examine une vari\u00e9t\u00e9 d\u2019incidents r\u00e9cents dans le but d\u2019explorer de nouveaux d\u00e9fis au sein des universit\u00e9s, comme la technologie et les m\u00e9dias sociaux, et la mesure dans laquelle l\u2019id\u00e9e de l\u2019universit\u00e9 en tant que \u00ab biens communs \u00bb, un endroit pour des d\u00e9saccords ouverts et contentieux, peut \u00eatre menac\u00e9e. <\/p>\n\n\n\n<p style=\"text-align:left\" class=\"custom9\"><em><strong>Peter MacKinnon <\/strong>est pr\u00e9sident \u00e9m\u00e9rite de l'Universit\u00e9 de la Saskatchewan et officier de l\u2019Ordre du Canada.<\/em><\/p>\n\n\n\n<hr class=\"wp-block-separator is-style-wide\"\/>\n\n\n\n<div class=\"wp-block-image custom16\"><figure class=\"alignleft is-resized\"><img decoding=\"async\" src=\"https:\/\/donnerbookprize.com\/wp-content\/uploads\/2019\/03\/Excessive-Force-book-cover-682x1024.jpg\" alt=\"EXCESSIVE FORCE: TORONTO\u2019S FIGHT TO REFORM CITY POLICING\" class=\"wp-image-1256\" width=\"199\" height=\"NaN\" srcset=\"https:\/\/donnerbookprize.com\/wp-content\/uploads\/2019\/03\/Excessive-Force-book-cover-682x1024.jpg 682w, https:\/\/donnerbookprize.com\/wp-content\/uploads\/2019\/03\/Excessive-Force-book-cover-200x300.jpg 200w, https:\/\/donnerbookprize.com\/wp-content\/uploads\/2019\/03\/Excessive-Force-book-cover-768x1152.jpg 768w, https:\/\/donnerbookprize.com\/wp-content\/uploads\/2019\/03\/Excessive-Force-book-cover.jpg 1800w\" sizes=\"(max-width: 682px) 100vw, 682px\" \/><\/figure><\/div>\n\n\n\n<h2 class=\"wp-block-heading\" style=\"text-align:left\">Excessive Force: Toronto\u2019s Fight to Reform City Policing  <\/h2>\n\n\n\n<h3 class=\"wp-block-heading\" style=\"text-align:left\">Alok Mukherjee avec Tim Harper (Douglas &amp; McIntyre)<\/h3>\n\n\n\n<p style=\"text-align:left\" class=\"custom7\">Alok Mukherjee a \u00e9t\u00e9 un observateur civil de la police de Toronto entre 2005 et 2015, la d\u00e9cennie la plus tumultueuse \u00e0 laquelle la force n\u2019a jamais \u00e9t\u00e9 confront\u00e9e. La question de la conduite appropri\u00e9e des policiers constituant un incontournable quotidien des m\u00e9dias et, par cons\u00e9quent, une pr\u00e9occupation majeure de tous les paliers de gouvernement, Mukherjee a jou\u00e9 un r\u00f4le essentiel dans l\u2019orientation de la conversation \u00e0 l\u2019\u00e9chelle nationale sur les activit\u00e9s polici\u00e8res, \u00e9bauchant une nouvelle voie \u00e0 suivre pour l\u2019application de la loi.    Conjointement avec Tim Harper, il offre un excellent livre qui arrive \u00e0 point nomm\u00e9, lequel aborde les questions des activit\u00e9s polici\u00e8res dans une des villes les plus diversifi\u00e9es sur le plan ethnique au monde.    <\/p>\n\n\n\n<p style=\"text-align:left\" class=\"custom9\"><em><strong>Alok Mukherjee <\/strong>a \u00e9t\u00e9 pr\u00e9sident de la commission des services policiers de Toronto de 2005 \u00e0 2015. <strong>Tim Harper<\/strong> a \u00e9t\u00e9 un journaliste pendant quarante ans, dont trente-quatre ans avec The Toronto Star.<\/em><\/p>\n\n\n\n<hr class=\"wp-block-separator is-style-wide\"\/>","protected":false},"excerpt":{"rendered":"<p>Indigenous Nationals, Canadian Citizens: From First Contact to Canada 150 and Beyond Thomas J. Courchene (Institute of Intergovernmental Relations, School of Policy Studies, Queen&#8217;s University ) In a masterful work on one of the most important themes of our country\u2019s public policy history, Courchene lays out the historical, legal, and socio-economic context for Indigenous policy &#8230; <a title=\"Listes des finalistes 2018-2019\" class=\"read-more\" href=\"https:\/\/donnerbookprize.com\/francais\/about\/2018-2019-shortlist\/\">Read more<span class=\"screen-reader-text\">Listes des finalistes 2018-2019<\/span><\/a><\/p>","protected":false},"author":1,"featured_media":3180,"parent":7,"menu_order":0,"comment_status":"closed","ping_status":"closed","template":"","meta":{"footnotes":""},"class_list":["post-148","page","type-page","status-publish","has-post-thumbnail"],"_links":{"self":[{"href":"https:\/\/donnerbookprize.com\/francais\/wp-json\/wp\/v2\/pages\/148","targetHints":{"allow":["GET"]}}],"collection":[{"href":"https:\/\/donnerbookprize.com\/francais\/wp-json\/wp\/v2\/pages"}],"about":[{"href":"https:\/\/donnerbookprize.com\/francais\/wp-json\/wp\/v2\/types\/page"}],"author":[{"embeddable":true,"href":"https:\/\/donnerbookprize.com\/francais\/wp-json\/wp\/v2\/users\/1"}],"replies":[{"embeddable":true,"href":"https:\/\/donnerbookprize.com\/francais\/wp-json\/wp\/v2\/comments?post=148"}],"version-history":[{"count":0,"href":"https:\/\/donnerbookprize.com\/francais\/wp-json\/wp\/v2\/pages\/148\/revisions"}],"up":[{"embeddable":true,"href":"https:\/\/donnerbookprize.com\/francais\/wp-json\/wp\/v2\/pages\/7"}],"wp:featuredmedia":[{"embeddable":true,"href":"https:\/\/donnerbookprize.com\/francais\/wp-json\/wp\/v2\/media\/3180"}],"wp:attachment":[{"href":"https:\/\/donnerbookprize.com\/francais\/wp-json\/wp\/v2\/media?parent=148"}],"curies":[{"name":"wp","href":"https:\/\/api.w.org\/{rel}","templated":true}]}}