{"id":151,"date":"2019-09-24T06:58:59","date_gmt":"2019-09-24T10:58:59","guid":{"rendered":"https:\/\/donnerbookpriz.wpengine.com\/?page_id=151"},"modified":"2019-11-15T11:04:32","modified_gmt":"2019-11-15T16:04:32","slug":"donner-prize-jury","status":"publish","type":"page","link":"https:\/\/donnerbookprize.com\/francais\/about\/donner-prize-jury\/","title":{"rendered":"Jury du Prix Donner 2019-2020"},"content":{"rendered":"<hr class=\"wp-block-separator is-style-wide\"\/>\n\n\n\n<div class=\"wp-block-image custom16\"><figure class=\"alignleft\"><img decoding=\"async\" src=\"https:\/\/donnerbookprize.com\/wp-content\/uploads\/2019\/03\/DavidADodge.jpg\" alt=\"David A. Dodge\" class=\"wp-image-169\"\/><\/figure><\/div>\n\n\n\n<h2 style=\"text-align:left\" class=\"custom21 wp-block-heading\">David A. Dodge<\/h2>\n\n\n\n<h4 style=\"text-align:left;\">Pr\u00e9sidente<\/h4>\n\n\n\n<p style=\"text-align:left\" class=\"custom7\">M. David A. Dodge, O.C., M.S.R.C., est le pr\u00e9sident du jury du Prix Donner. Ancien gouverneur de la Banque du Canada de 2001 \u00e0 2008 et chancelier de l\u2019Universit\u00e9 Queen\u2019s de 2008 \u00e0 2015, M. Dodge est actuellement conseiller principal aupr\u00e8s de Bennett Jones LLP, pr\u00e9sident du Conseil national de l'Institut C.D. Howe, et membre des conseils d'administration de l'ICRA et du Conseil des acad\u00e9mies canadiennes (CAC). Au cours de sa carri\u00e8re au sein du gouvernement, il a \u00e9t\u00e9 d\u00e9l\u00e9gu\u00e9 aupr\u00e8s du G7, sous-ministre des Finances et sous-ministre de la Sant\u00e9. Durant sa carri\u00e8re universitaire, il a enseign\u00e9 l'\u00e9conomie aupr\u00e8s de l'Universit\u00e9 Queen's, de l'\u00c9cole d'\u00e9tudes internationales sup\u00e9rieures de l'Universit\u00e9 Johns Hopkins, de la Facult\u00e9 de commerce de l'Universit\u00e9 de la Colombie-Britannique, puis de l'Universit\u00e9 Simon Fraser.<\/p>\n\n\n\n<hr class=\"wp-block-separator is-style-wide\"\/>\n\n\n\n<div class=\"wp-block-image\"><figure class=\"alignleft is-resized\"><img loading=\"lazy\" decoding=\"async\" src=\"https:\/\/donnerbookprize.com\/wp-content\/uploads\/2019\/09\/Cannon-Elizabeth-021-10x14-@250CL-1.jpg\" alt=\"\" class=\"wp-image-3054\" width=\"311\" height=\"331\" srcset=\"https:\/\/donnerbookprize.com\/wp-content\/uploads\/2019\/09\/Cannon-Elizabeth-021-10x14-@250CL-1.jpg 309w, https:\/\/donnerbookprize.com\/wp-content\/uploads\/2019\/09\/Cannon-Elizabeth-021-10x14-@250CL-1-282x300.jpg 282w\" sizes=\"auto, (max-width: 311px) 100vw, 311px\" \/><\/figure><\/div>\n\n\n\n<h2 class=\"wp-block-heading\" style=\"text-align:left\">Dr. Elizabeth Cannon<\/h2>\n\n\n\n<p style=\"text-align:left\" class=\"custom7\">Mme Elizabeth Cannon, Ph. D., est pr\u00e9sidente \u00e9m\u00e9rite et professeure de g\u00e9nie g\u00e9omatique \u00e0 l\u2019Universit\u00e9 de Calgary, o\u00f9 elle a occup\u00e9 le poste de pr\u00e9sidente et vice-chanceli\u00e8re de juillet 2010 \u00e0 d\u00e9cembre 2018. Avant son mandat en tant que pr\u00e9sidente, Mme Cannon \u00e9tait doyenne du complexe de l\u2019\u00e9cole d\u2019ing\u00e9nierie Schulich de l\u2019Universit\u00e9 de Calgary. En sa qualit\u00e9 d\u2019experte en g\u00e9nie g\u00e9omatique et d\u2019ing\u00e9nieure professionnelle, les recherches effectu\u00e9es par Mme Cannon sont \u00e0 l\u2019avant-plan des syst\u00e8mes de positionnement mondial (GPS) depuis 1984. Elle est ancienne pr\u00e9sidente du regroupement des universit\u00e9s canadiennes et a \u00e9t\u00e9 membre du Conseil des sciences, de la technologie et de l\u2019innovation (CSTI) du ministre f\u00e9d\u00e9ral de l\u2019Innovation, des Sciences et du D\u00e9veloppement \u00e9conomique. Mme Cannon est actuellement membre du conseil d\u2019administration de l\u2019Universit\u00e9 Aga Khan, membre du Creative Destruction Lab \u2013 Rockies et directrice de la Fondation Gairdner. En juin 2019, elle a \u00e9t\u00e9 nomm\u00e9e offici\u00e8re de l\u2019Ordre du Canada. <\/p>\n\n\n\n<div style=\"height:20px\" aria-hidden=\"true\" class=\"wp-block-spacer\"><\/div>\n\n\n\n<hr class=\"wp-block-separator is-style-wide\"\/>\n\n\n\n<div class=\"wp-block-image custom8\"><figure class=\"alignleft\"><img decoding=\"async\" src=\"https:\/\/donnerbookprize.com\/wp-content\/uploads\/2019\/03\/JeanMarieDufour.jpg\" alt=\"Jean-Marie Dufour\" class=\"wp-image-169\"\/><\/figure><\/div>\n\n\n\n<h2 class=\"wp-block-heading\" style=\"text-align:left\">Jean-Marie Dufour<\/h2>\n\n\n\n<p style=\"text-align:left\" class=\"custom7\">\nM. Jean-Marie Dufour, O.C. et O.Q., est titulaire de la chaire William Dow et professeur d\u2019\u00e9conomie politique \u00e0 l\u2019Universit\u00e9 McGill, ainsi que membre titulaire de l\u2019Econometric Society, de l\u2019American Statistical Association, de l\u2019International Association for Applied Econometrics, de l\u2019Association canadienne d\u2019\u00e9conomique (ACE) et de la Soci\u00e9t\u00e9 royale du Canada. Il est \u00e9galement directeur de l\u2019Atelier canadien d\u2019\u00e9conom\u00e9trie, ainsi que chercheur aupr\u00e8s du Centre interuniversitaire de recherche en analyse des organisations (CIRANO) et du Centre interuniversitaire de recherche en \u00e9conomie quantitative (CIREQ). M. Dufour a \u00e9t\u00e9 pr\u00e9sident de l\u2019Association canadienne d\u2019\u00e9conomique et de la Soci\u00e9t\u00e9 canadienne de science \u00e9conomique (SCSE). Au cours de sa carri\u00e8re universitaire, il a \u00e9galement obtenu une bourse de recherche de la Banque du Canada, et a \u00e9t\u00e9 titulaire d\u2019une chaire de recherche du Canada (en \u00e9conom\u00e9trie \u00e0 l\u2019Universit\u00e9 de Montr\u00e9al), de la Chaire d\u2019excellence Pierre de Fermat (\u00c9cole d\u2019\u00e9conomie de Toulouse), et de la Chaire d\u2019excellence Banco Santander (Universitad Carlos III de Madrid). En outre, il a re\u00e7u de nombreuses r\u00e9compenses, notamment les Prix Killam et L\u00e9on-G\u00e9rin en sciences sociales, le Prix John Rae (ACE), le Prix Marcel-Dagenais (SCSE), une bourse Guggenheim et le Prix de la recherche Konrad Adenauer (Fondation Alexander von Humboldt, Allemagne).\n<\/p>\n\n\n\n<hr class=\"wp-block-separator is-style-wide\"\/>\n\n\n\n<div class=\"wp-block-image custom8c\"><figure class=\"alignleft\"><img decoding=\"async\" src=\"https:\/\/donnerbookprize.com\/wp-content\/uploads\/2019\/03\/BrendaEaton.jpg\" alt=\"Brenda Eaton\" class=\"wp-image-169\"\/><\/figure><\/div>\n\n\n\n<h2 class=\"wp-block-heading\" style=\"text-align:left\">Brenda Eaton<\/h2>\n\n\n\n<p style=\"text-align:left\" class=\"custom7\">\n\nMme Brenda Eaton si\u00e8ge aux conseils d\u2019administration de soci\u00e9t\u00e9s d\u2019\u00e9tat, d\u2019entreprises priv\u00e9es et d\u2019organismes sans but lucratif, entre autres. Actuellement pr\u00e9sidente de Transelec, elle est \u00e9galement membre des comit\u00e9s de Fortis BC, Westland Insurance, Technical Safety BC et membre du conseil d\u2019administration du Projet de traitement des eaux us\u00e9es de la zone principale du District r\u00e9gional de Victoria. Avant d\u2019occuper les fonctions de directrice, Mme Eaton a \u00e9t\u00e9 sous-ministre du premier ministre de la Colombie-Britannique, et sous-ministre des Finances et du Conseil du tr\u00e9sor, de l\u2019\u00c9nergie et des Mines, ainsi que des Services sociaux. Pendant plusieurs ann\u00e9es, elle a \u00e9t\u00e9 chef des finances d\u2019une autorit\u00e9 sanitaire. Mme Eaton \u0153uvre activement dans plusieurs organisations sans but lucratif, notamment la Soci\u00e9t\u00e9 Alzheimer de la Colombie-Britannique, la Vancouver Foundation, Triathlon Canada et la Fondation Max Bell. Mme Eaton est titulaire d\u2019une ma\u00eetrise en \u00e9conomie. Elle a obtenu plusieurs prix de reconnaissance, notamment la M\u00e9daille du jubil\u00e9 de la Reine pour sa contribution communautaire, le prix Distinguished Alumni de l\u2019Universit\u00e9 de Victoria et a \u00e9t\u00e9 reconnue parmi les 100 femmes les plus influentes au Canada par le R\u00e9seau des femmes ex\u00e9cutives.<\/p>\n\n\n\n<hr class=\"wp-block-separator is-style-wide\"\/>\n\n\n\n<div style=\"height:10px\" aria-hidden=\"true\" class=\"wp-block-spacer\"><\/div>\n\n\n\n<div class=\"wp-block-image custom8c\"><figure class=\"alignleft\"><img decoding=\"async\" src=\"https:\/\/donnerbookprize.com\/wp-content\/uploads\/2019\/03\/Peter_Nicholson.jpg\" alt=\"Peter Nicholson\" class=\"wp-image-169\"\/><\/figure><\/div>\n\n\n\n<h2 class=\"wp-block-heading\" style=\"text-align:left\">Peter Nicholson<\/h2>\n\n\n\n<p style=\"text-align:left\" class=\"custom7\">M. Peter Nicholson, O.C., a occup\u00e9 de nombreuses fonctions au sein du gouvernement, d\u2019entreprises, dans le domaine de la science et de l\u2019enseignement sup\u00e9rieur. Il est n\u00e9 \u00e0 Halifax et a \u00e9tudi\u00e9 la physique \u00e0 l\u2019Universit\u00e9 Dalhousie, o\u00f9 il a obtenu un baccalaur\u00e9at et une ma\u00eetrise. Il a poursuivi ses \u00e9tudes pour obtenir un doctorat en recherche op\u00e9rationnelle \u00e0 l\u2019Universit\u00e9 Stanford et a commenc\u00e9 sa carri\u00e8re universitaire par l\u2019enseignement de l\u2019informatique \u00e0 l\u2019Universit\u00e9 du Minnesota. Le Dr Nicholson a \u00e9t\u00e9 membre de l\u2019Assembl\u00e9e l\u00e9gislative de la Nouvelle-\u00c9cosse et chef de cabinet adjoint aux politiques au Cabinet du premier ministre. Il a \u00e9galement occup\u00e9 des postes de cadre sup\u00e9rieur aupr\u00e8s de la Banque Scotia et de la BCE, a \u00e9t\u00e9 le conseiller sp\u00e9cial du secr\u00e9taire g\u00e9n\u00e9ral de l\u2019Organisation de coop\u00e9ration et de d\u00e9veloppement \u00e9conomiques et fut le premier directeur g\u00e9n\u00e9ral du Conseil des acad\u00e9mies canadiennes. Il partage actuellement son temps entre Annapolis Royal, en Nouvelle-\u00c9cosse, et Austin, au Texas. <\/p>\n\n\n\n<hr class=\"wp-block-separator is-style-wide\"\/>","protected":false},"excerpt":{"rendered":"<p>David A. Dodge CHAIR David A. Dodge, O.C., F.R.S.C., is the Chair of the Donner Prize jury. A former Governor of the Bank of Canada from 2001 to 2008 and Chancellor of Queen\u2019s University from 2008 to 2015, David Dodge is currently Senior Advisor at Bennett Jones LLP, chair of the National Council of the &#8230; <a title=\"Jury du Prix Donner 2019-2020\" class=\"read-more\" href=\"https:\/\/donnerbookprize.com\/francais\/about\/donner-prize-jury\/\">Read more<span class=\"screen-reader-text\">Jury du Prix Donner 2019-2020<\/span><\/a><\/p>","protected":false},"author":1,"featured_media":3179,"parent":7,"menu_order":0,"comment_status":"closed","ping_status":"closed","template":"","meta":{"footnotes":""},"class_list":["post-151","page","type-page","status-publish","has-post-thumbnail"],"_links":{"self":[{"href":"https:\/\/donnerbookprize.com\/francais\/wp-json\/wp\/v2\/pages\/151","targetHints":{"allow":["GET"]}}],"collection":[{"href":"https:\/\/donnerbookprize.com\/francais\/wp-json\/wp\/v2\/pages"}],"about":[{"href":"https:\/\/donnerbookprize.com\/francais\/wp-json\/wp\/v2\/types\/page"}],"author":[{"embeddable":true,"href":"https:\/\/donnerbookprize.com\/francais\/wp-json\/wp\/v2\/users\/1"}],"replies":[{"embeddable":true,"href":"https:\/\/donnerbookprize.com\/francais\/wp-json\/wp\/v2\/comments?post=151"}],"version-history":[{"count":0,"href":"https:\/\/donnerbookprize.com\/francais\/wp-json\/wp\/v2\/pages\/151\/revisions"}],"up":[{"embeddable":true,"href":"https:\/\/donnerbookprize.com\/francais\/wp-json\/wp\/v2\/pages\/7"}],"wp:featuredmedia":[{"embeddable":true,"href":"https:\/\/donnerbookprize.com\/francais\/wp-json\/wp\/v2\/media\/3179"}],"wp:attachment":[{"href":"https:\/\/donnerbookprize.com\/francais\/wp-json\/wp\/v2\/media?parent=151"}],"curies":[{"name":"wp","href":"https:\/\/api.w.org\/{rel}","templated":true}]}}