{"id":278,"date":"2019-03-17T17:31:03","date_gmt":"2019-03-17T17:31:03","guid":{"rendered":"https:\/\/donnerbookpriz.wpengine.com\/?page_id=278"},"modified":"2025-05-14T17:57:23","modified_gmt":"2025-05-14T21:57:23","slug":"eligibility-and-submission-process","status":"publish","type":"page","link":"https:\/\/donnerbookprize.com\/francais\/eligibility-and-submission-process\/","title":{"rendered":"Admissibilit\u00e9 et Processus de soumission"},"content":{"rendered":"<div style=\"height:53px\" aria-hidden=\"true\" class=\"wp-block-spacer\"><\/div>\n\n\n\n<hr class=\"wp-block-separator has-css-opacity is-style-wide\"\/>\n\n\n\n<h2 class=\"wp-block-heading has-text-align-center custom24\">Admissibilit\u00e9<\/h2>\n\n\n\n<ol class=\"wp-block-list\">\n<li>Toutes les candidatures doivent porter sur des livres publi\u00e9s en anglais ou en fran\u00e7ais entre le 1er janvier et le 31 d\u00e9cembre de l\u2019ann\u00e9e de la remise des prix.<\/li>\n\n\n\n<li>La date limite de d\u00e9p\u00f4t des candidatures est le 30 novembre de l\u2019ann\u00e9e de la remise des prix.<\/li>\n\n\n\n<li>Une collection d\u2019essais par un m\u00eame auteur ou une m\u00eame autrice est admissible si les essais portent sur un seul th\u00e8me et si l\u2019ensemble des \u00e9crits n\u2019a pas \u00e9t\u00e9 reproduit ailleurs. Veuillez noter qu\u2019une collection d\u2019essais \u00e9crits par plus d\u2019un auteur ou d\u2019une autrice ne sera pas admissible.<\/li>\n\n\n\n<li>Le travail commun de deux coauteurs ou co-autrices est admissible, \u00e0 condition que l\u2019ensemble de l\u2019ouvrage soit int\u00e9gr\u00e9 et coh\u00e9rent.<\/li>\n\n\n\n<li>Les \u0153uvres publi\u00e9es \u00e0 titre posthume - pamphlets, monographies, ouvrages de r\u00e9f\u00e9rence, textes de conf\u00e9rences, \u00e9ditions r\u00e9vis\u00e9es ou r\u00e9\u00e9ditions de livres - ne sont pas admissibles.<\/li>\n\n\n\n<li>Les livres publi\u00e9s hors du Canada sont admissibles \u00e0 condition que l\u2019auteur ou l\u2019autrice soit citoyen canadien ou citoyenne canadienne et que le livre soit publi\u00e9 en anglais ou en fran\u00e7ais.<\/li>\n\n\n\n<li>Les finalistes sont tenus d\u2019assister \u00e0 la c\u00e9r\u00e9monie de remise des prix qui se d\u00e9roulera en mai. La personne laur\u00e9ate devra prendre la parole \u00e0 cette occasion.<\/li>\n\n\n\n<li>Les r\u00e8gles d\u2019admissibilit\u00e9 peuvent \u00eatre interpr\u00e9t\u00e9es et r\u00e9vis\u00e9es de temps \u00e0 autre, \u00e0 la discr\u00e9tion du conseil d\u2019administration de la Fondation canadienne Donner.<\/li>\n<\/ol>\n\n\n\n<hr class=\"wp-block-separator has-css-opacity is-style-wide\"\/>\n\n\n\n<h2 class=\"wp-block-heading has-text-align-center custom24\">Processus de soumission<\/h2>\n\n\n\n<ol class=\"wp-block-list\">\n<li>Toutes les candidatures doivent \u00eatre soumises par l'\u00e9diteur. Aucune autre candidature ne sera accept\u00e9e. Sept (7) exemplaires de chaque titre doivent \u00eatre remis au responsable du prix avant le 30 novembre 2025. Si une version \u00e9lectronique est disponible, veuillez envoyer une copie par courrier \u00e9lectronique, en plus des versions imprim\u00e9es, au responsable du prix \u00e0 l'adresse suivante\u00a0<a href=\"mailto:info@donnerbookprize.com\">info@donnerbookprize.com<\/a>Pour les titres publi\u00e9s entre le 3 novembre et le 31 d\u00e9cembre 2025, l'\u00e9diteur peut soumettre des galeries reli\u00e9es ou des manuscrits.<\/li>\n\n\n\n<li>Chaque candidature doit comporter une date de publication ou de parution, ainsi qu\u2019un plan g\u00e9n\u00e9ral du contenu.<\/li>\n\n\n\n<li>Il est conseill\u00e9 de soumettre les candidatures le plus t\u00f4t possible.<\/li>\n\n\n\n<li>Le directeur ou la directrice du prix accusera r\u00e9ception de chaque candidature dans une lettre qui d\u00e9taillera aussi les responsabilit\u00e9s de la maison d\u2019\u00e9dition et de l\u2019auteur ou autrice dans le cas o\u00f9 leur titre serait retenu pour le prix.<\/li>\n<\/ol>\n\n\n\n<div class=\"wp-block-button aligncenter custom27 is-style-squared\"><a class=\"wp-block-button__link has-text-color has-background\" href=\"https:\/\/donnerbookprize.com\/francais\/apply-for-the-2025-donner-prize\/\" style=\"background-color:#585858a;color:#fff\">SOUMETTEZ VOTRE CANDIDATURE MAINTENANT POUR LE PRIX DONNER 2025<\/a><\/div>\n\n\n\n<hr class=\"wp-block-separator has-css-opacity\"\/>","protected":false},"excerpt":{"rendered":"<p>ELIGIBILITY The Submission Process Apply Now for the 2025 Donner Prize<\/p>","protected":false},"author":1,"featured_media":3180,"parent":0,"menu_order":0,"comment_status":"closed","ping_status":"closed","template":"","meta":{"footnotes":""},"class_list":["post-278","page","type-page","status-publish","has-post-thumbnail"],"_links":{"self":[{"href":"https:\/\/donnerbookprize.com\/francais\/wp-json\/wp\/v2\/pages\/278","targetHints":{"allow":["GET"]}}],"collection":[{"href":"https:\/\/donnerbookprize.com\/francais\/wp-json\/wp\/v2\/pages"}],"about":[{"href":"https:\/\/donnerbookprize.com\/francais\/wp-json\/wp\/v2\/types\/page"}],"author":[{"embeddable":true,"href":"https:\/\/donnerbookprize.com\/francais\/wp-json\/wp\/v2\/users\/1"}],"replies":[{"embeddable":true,"href":"https:\/\/donnerbookprize.com\/francais\/wp-json\/wp\/v2\/comments?post=278"}],"version-history":[{"count":0,"href":"https:\/\/donnerbookprize.com\/francais\/wp-json\/wp\/v2\/pages\/278\/revisions"}],"wp:featuredmedia":[{"embeddable":true,"href":"https:\/\/donnerbookprize.com\/francais\/wp-json\/wp\/v2\/media\/3180"}],"wp:attachment":[{"href":"https:\/\/donnerbookprize.com\/francais\/wp-json\/wp\/v2\/media?parent=278"}],"curies":[{"name":"wp","href":"https:\/\/api.w.org\/{rel}","templated":true}]}}