{"id":279,"date":"2019-03-17T17:31:32","date_gmt":"2019-03-17T17:31:32","guid":{"rendered":"https:\/\/donnerbookpriz.wpengine.com\/?page_id=279"},"modified":"2021-09-15T13:02:33","modified_gmt":"2021-09-15T17:02:33","slug":"selection-process-and-criteria","status":"publish","type":"page","link":"https:\/\/donnerbookprize.com\/francais\/selection-process-and-criteria\/","title":{"rendered":"Crit\u00e9res de selection et processus"},"content":{"rendered":"<hr class=\"wp-block-separator is-style-wide\"\/>\n\n\n\n<p>Bien qu\u2019il n\u2019existe pas de d\u00e9finition \u00e0 proprement parler de ce que l\u2019on entend par politique publique, certains des \u00e9l\u00e9ments de base ayant un impact sur les politiques publiques sont assez clairs. Il en est ainsi des objectifs vis\u00e9s par la politique, des compromis inh\u00e9rents aux objectifs de la politique, des choix politiques r\u00e9duits offerts aux gouvernements (compte tenu des ressources humaines et financi\u00e8res disponibles, de la capacit\u00e9 administrative des gouvernements et de l\u2019attitude du public), des impacts probables de la poursuite des diverses options politiques, et enfin des proc\u00e9dures retenues pour proc\u00e9der aux choix. Tous ces \u00e9l\u00e9ments sont pris en consid\u00e9ration par le Prix Donner.<\/p>\n\n\n\n<p>Trois grands crit\u00e8res guident le jury dans son processus de s\u00e9lection :<\/p>\n\n\n\n<ol class=\"wp-block-list\"><li>L\u2019importance du sujet;<\/li><li>La justesse et l\u2019originalit\u00e9 de l\u2019analyse en ce qui a trait \u00e0 l\u2019identification et \u00e0 la d\u00e9finition des questions \u00e9tudi\u00e9es, ainsi qu\u2019\u00e0 la pr\u00e9sentation de cette analyse et des preuves permettant d\u2019\u00e9claircir ces questions et de soutenir les conclusions auxquelles l\u2019auteur aboutit;<\/li><li>La qualit\u00e9 d\u2019\u00e9criture et de pr\u00e9sentation de l\u2019ouvrage, qui doit pouvoir \u00eatre lu et compris non seulement par les experts mais \u00e9galement par le grand public int\u00e9ress\u00e9 par le sujet.<\/li><\/ol>\n\n\n\n<p>En r\u00e8gle g\u00e9n\u00e9rale, le jury accorde une importance primordiale \u00e0 l\u2019analyse et \u00e0 la pr\u00e9sentation de diverses alternatives. Ceci peut \u00eatre pr\u00e9sent\u00e9 sous diverses formes : analyse historique jetant un nouvel \u00e9clairage sur des questions contemporaines et sur la politique, comparaisons \u00e0 l\u2019\u00e9chelle nationale ou r\u00e9gionale, parall\u00e8les directs \u00e9tablis entre diverses options de politiques contemporaines dans un domaine choisi. Il est peu probable que les ouvrages pr\u00e9sentant de simples descriptions historiques ou des \u00e9tudes de cas ne jetant pas de nouvel \u00e9clairage sur la politique publique, pass\u00e9e ou actuelle, soient retenus. Il en est de m\u00eame pour les ouvrages dont l\u2019objectif primaire semble \u00eatre de plaider sp\u00e9cifiquement pour une cause sp\u00e9ciale.<\/p>\n\n\n\n<p>Chaque ouvrage soumis sera jug\u00e9 par un jury compos\u00e9 de six membres apportant des formations ainsi que des domaines d\u2019expertise diff\u00e9rents. Chaque ann\u00e9e, \u00e0 la fin du mois de mars, une pr\u00e9s\u00e9lection sera annonc\u00e9e. La c\u00e9r\u00e9monie de remise des prix au gagnant et aux seconds favoris aura lieu en avril.<\/p>\n\n\n\n<hr class=\"wp-block-separator\"\/>","protected":false},"excerpt":{"rendered":"<p>Although there is no agreed-upon definition of public policy, some of the basic elements affecting public policies are reasonably clear. These include the policy objectives being sought, the trade-offs among policy objectives, the limited range of policy choices open to governments (given the limits of the availability of human and financial resources, the administrative capacity &#8230; <a title=\"Selection Criteria &#038; PROCESS\" class=\"read-more\" href=\"https:\/\/donnerbookprize.com\/francais\/selection-process-and-criteria\/\">Read more<span class=\"screen-reader-text\">Crit\u00e9res de selection et processus<\/span><\/a><\/p>","protected":false},"author":1,"featured_media":3179,"parent":0,"menu_order":0,"comment_status":"closed","ping_status":"closed","template":"","meta":{"footnotes":""},"class_list":["post-279","page","type-page","status-publish","has-post-thumbnail"],"_links":{"self":[{"href":"https:\/\/donnerbookprize.com\/francais\/wp-json\/wp\/v2\/pages\/279","targetHints":{"allow":["GET"]}}],"collection":[{"href":"https:\/\/donnerbookprize.com\/francais\/wp-json\/wp\/v2\/pages"}],"about":[{"href":"https:\/\/donnerbookprize.com\/francais\/wp-json\/wp\/v2\/types\/page"}],"author":[{"embeddable":true,"href":"https:\/\/donnerbookprize.com\/francais\/wp-json\/wp\/v2\/users\/1"}],"replies":[{"embeddable":true,"href":"https:\/\/donnerbookprize.com\/francais\/wp-json\/wp\/v2\/comments?post=279"}],"version-history":[{"count":0,"href":"https:\/\/donnerbookprize.com\/francais\/wp-json\/wp\/v2\/pages\/279\/revisions"}],"wp:featuredmedia":[{"embeddable":true,"href":"https:\/\/donnerbookprize.com\/francais\/wp-json\/wp\/v2\/media\/3179"}],"wp:attachment":[{"href":"https:\/\/donnerbookprize.com\/francais\/wp-json\/wp\/v2\/media?parent=279"}],"curies":[{"name":"wp","href":"https:\/\/api.w.org\/{rel}","templated":true}]}}