{"id":2812,"date":"2019-06-05T15:02:24","date_gmt":"2019-06-05T19:02:24","guid":{"rendered":"https:\/\/donnerbookpriz.wpengine.com\/?page_id=2812"},"modified":"2020-09-16T12:56:10","modified_gmt":"2020-09-16T16:56:10","slug":"past-winners-2018","status":"publish","type":"page","link":"https:\/\/donnerbookprize.com\/francais\/past-winners-2018\/","title":{"rendered":"PAST WINNERS 2018"},"content":{"rendered":"<hr class=\"wp-block-separator is-style-wide\"\/>\n\n\n\n<p class=\"has-text-align-center custom4\"> Voici une r\u00e9trospective des anciennes personnes laur\u00e9ates. Vous trouverez \u00e9galement la liste des membres du jury pour chaque saison.<\/p>\n\n\n\n<div style=\"height:28px\" aria-hidden=\"true\" class=\"wp-block-spacer\"><\/div>\n\n\n<div class=\"menu-past-winners-container\"><div class=\"mobile-menu\"><form action=\"\"><select id=\"soflow\" onchange=\"if (this.value) window.location.href=this.value\"><option value=\"\">Select<\/option>\n<option value=\"https:\/\/donnerbookprize.com\/francais\/2023-winner\/\">2023 WINNERS<\/option>\n<option value=\"https:\/\/donnerbookprize.com\/francais\/2022-winner\/\">2022 WINNERS<\/option>\n<option value=\"https:\/\/donnerbookprize.com\/francais\/2021-winner\/\">2021 WINNERS<\/option>\n<option value=\"https:\/\/donnerbookprize.com\/francais\/2020-winner\/\">2020 WINNERS<\/option>\n<option value=\"https:\/\/donnerbookprize.com\/francais\/past-winners-2019\/\">2019 WINNERS<\/option>\n<option value=\"https:\/\/donnerbookprize.com\/francais\/past-winners-2018\/\">2018 WINNERS<\/option>\n<option value=\"https:\/\/donnerbookprize.com\/francais\/past-winners-2017\/\">2017 WINNERS<\/option>\n<option value=\"https:\/\/donnerbookprize.com\/francais\/prize-winners\/\">2016 WINNERS<\/option>\n<option value=\"https:\/\/donnerbookprize.com\/francais\/past-winners-2015\/\">2015 WINNERS<\/option>\n<option value=\"https:\/\/donnerbookprize.com\/francais\/past-winners-2014\/\">2014 WINNERS<\/option>\n<option value=\"https:\/\/donnerbookprize.com\/francais\/past-winners-2013\/\">2013 WINNERS<\/option>\n<option value=\"https:\/\/donnerbookprize.com\/francais\/past-winners-2012\/\">2012 WINNERS<\/option>\n<option value=\"https:\/\/donnerbookprize.com\/francais\/past-winners-2011\/\">2011 WINNERS<\/option>\n<option value=\"https:\/\/donnerbookprize.com\/francais\/past-winners-2010\/\">2010 WINNERS<\/option>\n<option value=\"https:\/\/donnerbookprize.com\/francais\/past-winners-2009\/\">2009 WINNERS<\/option>\n<option value=\"https:\/\/donnerbookprize.com\/francais\/past-winners-2008\/\">2008 WINNERS<\/option>\n<option value=\"https:\/\/donnerbookprize.com\/francais\/past-winners-2007\/\">2007 WINNERS<\/option>\n<option value=\"https:\/\/donnerbookprize.com\/francais\/past-winners-2006\/\">2006 WINNERS<\/option>\n<option value=\"https:\/\/donnerbookprize.com\/francais\/past-winners-2005\/\">2005 WINNERS<\/option>\n<option value=\"https:\/\/donnerbookprize.com\/francais\/past-winners-2004\/\">2004 WINNERS<\/option>\n<option value=\"https:\/\/donnerbookprize.com\/francais\/past-winners-2003\/\">2003 WINNERS<\/option>\n<option value=\"https:\/\/donnerbookprize.com\/francais\/past-winners-2002\/\">2002 WINNERS<\/option>\n<option value=\"https:\/\/donnerbookprize.com\/francais\/past-winners-2001\/\">2001 WINNERS<\/option>\n<option value=\"https:\/\/donnerbookprize.com\/francais\/past-winners-2000\/\">2000 WINNERS<\/option>\n<option value=\"https:\/\/donnerbookprize.com\/francais\/past-winners-1999\/\">1999 WINNERS<\/option>\n<option value=\"https:\/\/donnerbookprize.com\/francais\/past-winners-1998\/\">1998 WINNERS<\/option>\n<\/select><input type=\"hidden\" name=\"trp-form-language\" value=\"francais\"\/><\/form><\/div><\/div>\n\n\n\n<h2 class=\"has-text-align-center custom13 wp-block-heading\">GAGNANT 2018<\/h2>\n\n\n\n<figure class=\"wp-block-embed-youtube wp-block-embed is-type-video is-provider-youtube wp-embed-aspect-16-9 wp-has-aspect-ratio custom34\"><div class=\"wp-block-embed__wrapper\">\n<iframe loading=\"lazy\" title=\"Donner Book Prize Winner 2018-2019\" width=\"1200\" height=\"675\" src=\"https:\/\/www.youtube.com\/embed\/GZJ1uDbi1kM?feature=oembed\" frameborder=\"0\" allow=\"accelerometer; autoplay; clipboard-write; encrypted-media; gyroscope; picture-in-picture\" allowfullscreen><\/iframe>\n<\/div><\/figure>\n\n\n\n<div class=\"wp-block-image custom16\"><figure class=\"alignleft is-resized\"><img loading=\"lazy\" decoding=\"async\" src=\"https:\/\/donnerbookprize.com\/wp-content\/uploads\/2019\/03\/Indigenous-Nationals-book-cover-680x1024.jpg\" alt=\"\" class=\"wp-image-962\" width=\"207\" height=\"311\"\/><\/figure><\/div>\n\n\n\n<h2 class=\"wp-block-heading\">INDIGENOUS NATIONALS, CANADIAN CITIZENS: FROM FIRST CONTACT TO CANADA 150 AND BEYOND <\/h2>\n\n\n\n<h3 class=\"custom15 wp-block-heading\">THOMAS J. COURCHENE<br>(INSTITUTE OF INTERGOVERNMENTAL RELATIONS, SCHOOL OF POLICY STUDIES, QUEEN\u2019S UNIVERSITY )<\/h3>\n\n\n\n<p>Dans cette oeuvre magistrale sur un des plus importants th\u00e8mes de l\u2019histoire des politiques publiques de notre pays, Courchene pr\u00e9sente le contexte historique, juridique et socio-\u00e9conomique pour la conception de politiques autochtones au Canada et, en puisant dans ces connaissances, fait une proposition (le Commonwealth des nations autochtones souveraines) pour catalyser le d\u00e9bat. Cette nouvelle prescription de politique de Courchene tente de r\u00e9concilier deux objectifs concurrents : reconna\u00eetre les droits des autochtones et promouvoir le d\u00e9veloppement de l\u2019\u00e9conomie et des ressources du Canada, tout en cr\u00e9ant des arguments convaincants pour un changement important.<br><\/p>\n\n\n\n<figure class=\"wp-block-embed-youtube wp-block-embed is-type-video is-provider-youtube wp-embed-aspect-16-9 wp-has-aspect-ratio custom34\"><div class=\"wp-block-embed__wrapper\">\n<iframe loading=\"lazy\" title=\"2018-2019 Shortlisted Book: Indigenous Nationals Canadian Citizens\" width=\"1200\" height=\"675\" src=\"https:\/\/www.youtube.com\/embed\/GxOiasb1scs?feature=oembed\" frameborder=\"0\" allow=\"accelerometer; autoplay; clipboard-write; encrypted-media; gyroscope; picture-in-picture\" allowfullscreen><\/iframe>\n<\/div><\/figure>\n\n\n\n<h2 style=\"text-align:center\" class=\"custom13\">Seconds favoris<\/h2>\n\n\n\n<div class=\"wp-block-image custom16\"><figure class=\"alignleft is-resized\"><img loading=\"lazy\" decoding=\"async\" src=\"https:\/\/donnerbookprize.com\/wp-content\/uploads\/2019\/03\/Population-Bombed-book-cover-678x1024.jpg\" alt=\"\" class=\"wp-image-1250\" width=\"171\" height=\"257\" srcset=\"https:\/\/donnerbookprize.com\/wp-content\/uploads\/2019\/03\/Population-Bombed-book-cover-678x1024.jpg 678w, https:\/\/donnerbookprize.com\/wp-content\/uploads\/2019\/03\/Population-Bombed-book-cover-199x300.jpg 199w, https:\/\/donnerbookprize.com\/wp-content\/uploads\/2019\/03\/Population-Bombed-book-cover-768x1159.jpg 768w, https:\/\/donnerbookprize.com\/wp-content\/uploads\/2019\/03\/Population-Bombed-book-cover.jpg 1802w\" sizes=\"auto, (max-width: 171px) 100vw, 171px\" \/><\/figure><\/div>\n\n\n\n<h2 class=\"wp-block-heading\">POPULATION BOMBED! EXPLODING THE LINK BETWEEN OVERPOPULATION AND CLIMATE CHANGE <\/h2>\n\n\n\n<h3 class=\"custom15 wp-block-heading\">PIERRE DESROCHERS &amp; JOANNA SZURMAK<\/h3>\n\n\n\n<h3 class=\"wp-block-heading\">(GLOBAL WARMING POLICY FOUNDATION)<\/h3>\n\n\n\n<p class=\"custom9\">De nombreux universitaires, activistes et d\u00e9cideurs politiques ont li\u00e9 la croissance d\u00e9mographique \u00e0 la d\u00e9gradation de l\u2019environnement, y compris \u00e0 des changements climatiques catastrophiques. Les auteurs soutiennent que des am\u00e9liorations importantes dans le bien-\u00eatre humain au cours des r\u00e9centes ann\u00e9es, une esp\u00e9rance de vie plus longue, une meilleure sant\u00e9, des ressources abondantes et une am\u00e9lioration g\u00e9n\u00e9rale dans l\u2019environnement contredisent cette all\u00e9gation. Desrochers et Szurmak apportent une contribution utile et provocatrice au d\u00e9bat politique en questionnant les mod\u00e8les et les hypoth\u00e8ses sur lesquels le nouveau discours sur le contr\u00f4le d\u00e9mographique est construit, et argumentent que la croissance d\u00e9mographique, conjointement au d\u00e9veloppement \u00e9conomique, repr\u00e9sente le seul moyen pratique d\u2019aller de l\u2019avant.<\/p>\n\n\n\n<figure class=\"wp-block-embed-youtube wp-block-embed is-type-video is-provider-youtube wp-embed-aspect-16-9 wp-has-aspect-ratio custom35\"><div class=\"wp-block-embed__wrapper\">\n<iframe loading=\"lazy\" title=\"2018-2019 Shortlisted book: Population Bombed\" width=\"1200\" height=\"675\" src=\"https:\/\/www.youtube.com\/embed\/t2K3tBCYXGk?feature=oembed\" frameborder=\"0\" allow=\"accelerometer; autoplay; clipboard-write; encrypted-media; gyroscope; picture-in-picture\" allowfullscreen><\/iframe>\n<\/div><\/figure>\n\n\n\n<hr class=\"wp-block-separator is-style-wide\"\/>\n\n\n\n<div class=\"wp-block-image custom16\"><figure class=\"alignleft is-resized\"><img loading=\"lazy\" decoding=\"async\" src=\"https:\/\/donnerbookprize.com\/wp-content\/uploads\/2019\/03\/Basic-Income-book-cover-674x1024.jpg\" alt=\"\" class=\"wp-image-1253\" width=\"189\" height=\"288\" srcset=\"https:\/\/donnerbookprize.com\/wp-content\/uploads\/2019\/03\/Basic-Income-book-cover-674x1024.jpg 674w, https:\/\/donnerbookprize.com\/wp-content\/uploads\/2019\/03\/Basic-Income-book-cover-197x300.jpg 197w, https:\/\/donnerbookprize.com\/wp-content\/uploads\/2019\/03\/Basic-Income-book-cover-768x1167.jpg 768w, https:\/\/donnerbookprize.com\/wp-content\/uploads\/2019\/03\/Basic-Income-book-cover.jpg 1600w\" sizes=\"auto, (max-width: 189px) 100vw, 189px\" \/><\/figure><\/div>\n\n\n\n<h2 class=\"wp-block-heading\">BASIC INCOME FOR CANADIANS: THE KEY TO A HEALTHIER, HAPPIER, MORE SECURE LIFE FOR ALL <\/h2>\n\n\n\n<h3 class=\"custom15 wp-block-heading\">EVELYN L. FORGET<\/h3>\n\n\n\n<h3 class=\"wp-block-heading\" id=\"mce_5\">(JAMES LORIMER &amp; COMPANY LTD.)<br><\/h3>\n\n\n\n<p class=\"custom9\">Au cours des quarante derni\u00e8res ann\u00e9es, le march\u00e9 du travail a fondamentalement chang\u00e9. De bons emplois \u00e0 temps plein ont \u00e9t\u00e9 remplac\u00e9s par des emplois \u00e0 temps partiel ou temporaires qui offrent moins d\u2019avantages et viennent rarement avec le soutien de syndicats. L\u2019ins\u00e9curit\u00e9 \u00e9conomique constitue d\u00e9sormais une particularit\u00e9 dans la vie d\u2019un grand nombre de personnes. Ceux qui sont forc\u00e9s de compter sur une aide provinciale au revenu ou un soutien aux personnes handicap\u00e9es se retrouvent eux-m\u00eames pi\u00e9g\u00e9s dans un syst\u00e8me qui perp\u00e9tue la d\u00e9pendance. Cette situation a donn\u00e9 vie \u00e0 une veille pens\u00e9e - revenu de base, un syst\u00e8me de revenu inconditionnel - que Forget explore selon une perspective canadienne, soulevant un cas convaincant et instructif qui montre qu\u2019un revenu de base am\u00e9liore la sant\u00e9 et le bien-\u00eatre de la famille et de la collectivit\u00e9, am\u00e9liore la r\u00e9silience financi\u00e8re ainsi que l\u2019acc\u00e8s \u00e0 l\u2019\u00e9ducation et \u00e0 la formation \u00e0 un co\u00fbt abordable.<\/p>\n\n\n\n<figure class=\"wp-block-embed-youtube wp-block-embed is-type-video is-provider-youtube wp-embed-aspect-16-9 wp-has-aspect-ratio custom35\"><div class=\"wp-block-embed__wrapper\">\n<iframe loading=\"lazy\" title=\"2018-2019 Shortlisted book: Basic Income for Canadians\" width=\"1200\" height=\"675\" src=\"https:\/\/www.youtube.com\/embed\/J9d0GvcJOuI?feature=oembed\" frameborder=\"0\" allow=\"accelerometer; autoplay; clipboard-write; encrypted-media; gyroscope; picture-in-picture\" allowfullscreen><\/iframe>\n<\/div><\/figure>\n\n\n\n<hr class=\"wp-block-separator is-style-wide\"\/>\n\n\n\n<div class=\"wp-block-image custom16\"><figure class=\"alignleft is-resized\"><img loading=\"lazy\" decoding=\"async\" src=\"https:\/\/donnerbookprize.com\/wp-content\/uploads\/2019\/03\/University-Commons-Divided-book-cover.jpg\" alt=\"\" class=\"wp-image-1255\" width=\"178\" height=\"268\" srcset=\"https:\/\/donnerbookprize.com\/wp-content\/uploads\/2019\/03\/University-Commons-Divided-book-cover.jpg 600w, https:\/\/donnerbookprize.com\/wp-content\/uploads\/2019\/03\/University-Commons-Divided-book-cover-200x300.jpg 200w\" sizes=\"auto, (max-width: 178px) 100vw, 178px\" \/><\/figure><\/div>\n\n\n\n<h2 class=\"wp-block-heading\">UNIVERSITY COMMONS DIVIDED: EXPLORING DEBATE &amp; DISSENT ON CAMPUS<\/h2>\n\n\n\n<h3 class=\"custom15 wp-block-heading\">PETER MACKINNON<br><\/h3>\n\n\n\n<h3 class=\"wp-block-heading\">(UNIVERSITY OF TORONTO PRESS)<br><\/h3>\n\n\n\n<p class=\"custom9\">Les universit\u00e9s se retrouvent de nouveau sur la ligne de front des \u00ab guerres culturelles \u00bb, suscitant une intensit\u00e9 de d\u00e9bat qui n\u2019a pas \u00e9t\u00e9 observ\u00e9e depuis les ann\u00e9es 1960. Les traditionnels pr\u00e9ceptes de libert\u00e9 universitaire, de libert\u00e9 d\u2019expression et du r\u00f4le m\u00eame de l\u2019universit\u00e9, que ce soit des chercheurs de v\u00e9rit\u00e9 impartiaux ou en tant qu\u2019agents de justice sociale, sont en jeux. Dans un livre qui inspirera des d\u00e9bats, MacKinnon examine une vari\u00e9t\u00e9 d\u2019incidents r\u00e9cents dans le but d\u2019explorer de nouveaux d\u00e9fis au sein des universit\u00e9s, comme la technologie et les m\u00e9dias sociaux, et la mesure dans laquelle l\u2019id\u00e9e de l\u2019universit\u00e9 en tant que \u00ab biens communs \u00bb, un endroit pour des d\u00e9saccords ouverts et contentieux, peut \u00eatre menac\u00e9e.<\/p>\n\n\n\n<div style=\"height:2px\" aria-hidden=\"true\" class=\"wp-block-spacer\"><\/div>\n\n\n\n<figure class=\"wp-block-embed-youtube wp-block-embed is-type-video is-provider-youtube wp-embed-aspect-16-9 wp-has-aspect-ratio custom35\"><div class=\"wp-block-embed__wrapper\">\n<iframe loading=\"lazy\" title=\"2018-2019 Shortlisted Book: University CommonsDivided: Exxlporing Debate &amp; Dissent On Campus\" width=\"1200\" height=\"675\" src=\"https:\/\/www.youtube.com\/embed\/uqCrch2BAS0?feature=oembed\" frameborder=\"0\" allow=\"accelerometer; autoplay; clipboard-write; encrypted-media; gyroscope; picture-in-picture\" allowfullscreen><\/iframe>\n<\/div><\/figure>\n\n\n\n<hr class=\"wp-block-separator is-style-wide\"\/>\n\n\n\n<div class=\"wp-block-image custom16\"><figure class=\"alignleft is-resized\"><img loading=\"lazy\" decoding=\"async\" src=\"https:\/\/donnerbookprize.com\/wp-content\/uploads\/2019\/03\/Excessive-Force-book-cover-682x1024.jpg\" alt=\"\" class=\"wp-image-1256\" width=\"174\" height=\"261\" srcset=\"https:\/\/donnerbookprize.com\/wp-content\/uploads\/2019\/03\/Excessive-Force-book-cover-682x1024.jpg 682w, https:\/\/donnerbookprize.com\/wp-content\/uploads\/2019\/03\/Excessive-Force-book-cover-200x300.jpg 200w, https:\/\/donnerbookprize.com\/wp-content\/uploads\/2019\/03\/Excessive-Force-book-cover-768x1152.jpg 768w, https:\/\/donnerbookprize.com\/wp-content\/uploads\/2019\/03\/Excessive-Force-book-cover.jpg 1800w\" sizes=\"auto, (max-width: 174px) 100vw, 174px\" \/><\/figure><\/div>\n\n\n\n<h2 class=\"wp-block-heading\">EXCESSIVE FORCE: TORONTO\u2019S FIGHT TO REFORM CITY POLICING<br><\/h2>\n\n\n\n<h3 class=\"custom15 wp-block-heading\">ALOK MUKHERJEE WITH TIM HARPER<br><\/h3>\n\n\n\n<h3 class=\"wp-block-heading\">(DOUGLAS &amp; MCINTYRE)<br><\/h3>\n\n\n\n<p class=\"custom7\">Alok Mukherjee a \u00e9t\u00e9 un observateur civil de la police de Toronto entre 2005 et 2015, la d\u00e9cennie la plus tumultueuse \u00e0 laquelle la force n\u2019a jamais \u00e9t\u00e9 confront\u00e9e. La question de la conduite appropri\u00e9e des policiers constituant un incontournable quotidien des m\u00e9dias et, par cons\u00e9quent, une pr\u00e9occupation majeure de tous les paliers de gouvernement, Mukherjee a jou\u00e9 un r\u00f4le essentiel dans l\u2019orientation de la conversation \u00e0 l\u2019\u00e9chelle nationale sur les activit\u00e9s polici\u00e8res, \u00e9bauchant une nouvelle voie \u00e0 suivre pour l\u2019application de la loi.    Conjointement avec Tim Harper, il offre un excellent livre qui arrive \u00e0 point nomm\u00e9, lequel aborde les questions des activit\u00e9s polici\u00e8res dans une des villes les plus diversifi\u00e9es sur le plan ethnique au monde.<\/p>\n\n\n\n<figure class=\"wp-block-embed-youtube wp-block-embed is-type-video is-provider-youtube wp-embed-aspect-16-9 wp-has-aspect-ratio custom35\"><div class=\"wp-block-embed__wrapper\">\n<iframe loading=\"lazy\" title=\"2018-2019 Shortlisted book: Excessive Force Toronto&#039;s Fight to Reform City Policing\" width=\"1200\" height=\"675\" src=\"https:\/\/www.youtube.com\/embed\/lWzBP01ukng?feature=oembed\" frameborder=\"0\" allow=\"accelerometer; autoplay; clipboard-write; encrypted-media; gyroscope; picture-in-picture\" allowfullscreen><\/iframe>\n<\/div><\/figure>\n\n\n\n<h2 style=\"text-align:center\" class=\"custom13\">membres du jury 2018<\/h2>\n\n\n\n<h2 class=\"wp-block-heading\">DAVID A. DODGE<\/h2>\n\n\n\n<h3 class=\"wp-block-heading\">Pr\u00e9sidente<\/h3>\n\n\n\n<p>M. David A. Dodge, O.C., M.S.R.C., a \u00e9t\u00e9 nomm\u00e9 pr\u00e9sident du jury de cette ann\u00e9e. Ancien gouverneur de la Banque du Canada de 2001 \u00e0 2008 et chancelier de l\u2019Universit\u00e9 Queen\u2019s de 2008 \u00e0 2015, M. Dodge est actuellement conseiller principal aupr\u00e8s de Bennett Jones LLP, pr\u00e9sident du Conseil national de l\u2019Institut C.D. Howe, et membre des conseils d\u2019administration de l\u2019ICRA et du Conseil des acad\u00e9mies canadiennes (CAC). Au cours de sa carri\u00e8re au sein du gouvernement, il a \u00e9t\u00e9 d\u00e9l\u00e9gu\u00e9 aupr\u00e8s du G7, sous-ministre des Finances et sous-ministre de la Sant\u00e9. Durant sa carri\u00e8re universitaire, il a enseign\u00e9 l\u2019\u00e9conomie aupr\u00e8s de l\u2019Universit\u00e9 Queen\u2019s, de l\u2019\u00c9cole d\u2019\u00e9tudes internationales sup\u00e9rieures de l\u2019Universit\u00e9 Johns Hopkins, de la Facult\u00e9 de commerce de l\u2019Universit\u00e9 de la Colombie-Britannique, puis de l\u2019Universit\u00e9 Simon Fraser.<br><\/p>\n\n\n\n<hr class=\"wp-block-separator is-style-wide\"\/>\n\n\n\n<h2 class=\"wp-block-heading\">Jean-Marie Dufour<br><\/h2>\n\n\n\n<p class=\"has-text-align-left\">M. Jean-Marie Dufour, O.C. et O.Q., est titulaire de la chaire William Dow et professeur d\u2019\u00e9conomie politique \u00e0 l\u2019Universit\u00e9 McGill, ainsi que membre titulaire de l\u2019Econometric Society, de l\u2019American Statistical Association, de l\u2019International Association for Applied Econometrics, de l\u2019Association canadienne d\u2019\u00e9conomique (ACE) et de la Soci\u00e9t\u00e9 royale du Canada. Il est \u00e9galement directeur de l\u2019Atelier canadien d\u2019\u00e9conom\u00e9trie, ainsi que chercheur aupr\u00e8s du Centre interuniversitaire de recherche en analyse des organisations (CIRANO) et du Centre interuniversitaire de recherche en \u00e9conomie quantitative (CIREQ). M. Dufour a \u00e9t\u00e9 pr\u00e9sident de l\u2019Association canadienne d\u2019\u00e9conomique et de la Soci\u00e9t\u00e9 canadienne de science \u00e9conomique (SCSE). Au cours de sa carri\u00e8re universitaire, il a \u00e9galement obtenu une bourse de recherche de la Banque du Canada, et a \u00e9t\u00e9 titulaire d\u2019une chaire de recherche du Canada (en \u00e9conom\u00e9trie \u00e0 l\u2019Universit\u00e9 de Montr\u00e9al), de la Chaire d\u2019excellence Pierre de Fermat (\u00c9cole d\u2019\u00e9conomie de Toulouse), et de la Chaire d\u2019excellence Banco Santander (Universitad Carlos III de Madrid). En outre, il a re\u00e7u de nombreuses r\u00e9compenses, notamment les Prix Killam et L\u00e9on-G\u00e9rin en sciences sociales, le Prix John Rae (ACE), le Prix Marcel-Dagenais (SCSE), une bourse Guggenheim et le Prix de la recherche Konrad Adenauer (Fondation Alexander von Humboldt, Allemagne).<br><\/p>\n\n\n\n<hr class=\"wp-block-separator is-style-wide\"\/>\n\n\n\n<h2 class=\"wp-block-heading\">BRENDA EATON<br><\/h2>\n\n\n\n<p>Mme Brenda Eaton si\u00e8ge aux conseils d\u2019administration de soci\u00e9t\u00e9s d\u2019\u00e9tat, d\u2019entreprises priv\u00e9es et d\u2019organismes sans but lucratif, entre autres. Actuellement pr\u00e9sidente de Transelec, elle est \u00e9galement membre des comit\u00e9s de Fortis BC, Westland Insurance, Technical Safety BC et membre du conseil d\u2019administration du Projet de traitement des eaux us\u00e9es de la zone principale du District r\u00e9gional de Victoria. Avant d\u2019occuper les fonctions de directrice, Mme Eaton a \u00e9t\u00e9 sous-ministre du premier ministre de la Colombie-Britannique, et sous-ministre des Finances et du Conseil du tr\u00e9sor, de l\u2019\u00c9nergie et des Mines, ainsi que des Services sociaux. Pendant plusieurs ann\u00e9es, elle a \u00e9t\u00e9 chef des finances d\u2019une autorit\u00e9 sanitaire. Mme Eaton \u0153uvre activement dans plusieurs organisations sans but lucratif, notamment la Soci\u00e9t\u00e9 Alzheimer de la Colombie-Britannique, la Vancouver Foundation, Triathlon Canada et la Fondation Max Bell. Mme Eaton est titulaire d\u2019une ma\u00eetrise en \u00e9conomie. Elle a obtenu plusieurs prix de reconnaissance, notamment la M\u00e9daille du jubil\u00e9 de la Reine pour sa contribution communautaire, le prix Distinguished Alumni de l\u2019Universit\u00e9 de Victoria et a \u00e9t\u00e9 reconnue parmi les 100 femmes les plus influentes au Canada par le R\u00e9seau des femmes ex\u00e9cutives.<br><\/p>\n\n\n\n<hr class=\"wp-block-separator is-style-wide\"\/>\n\n\n\n<h2 class=\"wp-block-heading\">Jennifer A. Jeffs<br><\/h2>\n\n\n\n<p>Mme Jennifer A. Jeffs, une sp\u00e9cialiste de la politique \u00e9trang\u00e8re, est associ\u00e9e de recherche principale pour le projet Creating Digital Opportunity chez Innovation Policy Lab, Munk School of Global Affairs, \u00e0 l\u2019Universit\u00e9 de Toronto, et copr\u00e9side le comit\u00e9 \u00e9ditorial international de l\u2019International Journal, principale revue canadienne sur les politiques internationales. La Dre Jeffs est l\u2019ancienne pr\u00e9sidente du Conseil international du Canada (CIC), un institut canadien apolitique des affaires internationales. Elle a \u00e9galement fond\u00e9 et dirig\u00e9 le Centro de Estudios y Programas Interamericanos (CEPI), \u00e0 l\u2019Instituto Tecnol\u00f3gico Aut\u00f3nomo de M\u00e9xico (ITAM), \u00e0 Mexico, o\u00f9 elle a \u00e9galement enseign\u00e9 au D\u00e9partement d\u2019\u00e9tudes internationales.<br><\/p>\n\n\n\n<hr class=\"wp-block-separator is-style-wide\"\/>\n\n\n\n<h2 class=\"wp-block-heading\">Peter Nicholson<br><\/h2>\n\n\n\n<p>M. Peter Nicholson, O.C., a occup\u00e9 de nombreuses fonctions au sein du gouvernement, d\u2019entreprises, dans le domaine de la science et de l\u2019enseignement sup\u00e9rieur. Il est n\u00e9 \u00e0 Halifax et a \u00e9tudi\u00e9 la physique \u00e0 l\u2019Universit\u00e9 Dalhousie, o\u00f9 il a re\u00e7u un baccalaur\u00e9at et une ma\u00eetrise. Il a poursuivi ses \u00e9tudes pour obtenir un doctorat en recherche op\u00e9rationnelle \u00e0 l\u2019Universit\u00e9 Stanford et a commenc\u00e9 sa carri\u00e8re universitaire par l\u2019enseignement de l\u2019informatique \u00e0 l\u2019Universit\u00e9 du Minnesota. Le Dr Nicholson a \u00e9t\u00e9 membre de l\u2019Assembl\u00e9e l\u00e9gislative de la Nouvelle-\u00c9cosse et chef de cabinet adjoint aux politiques au Cabinet du premier ministre. Il a \u00e9galement occup\u00e9 des postes de cadre sup\u00e9rieur aupr\u00e8s de la Banque Scotia et de la BCE, a \u00e9t\u00e9 le conseiller sp\u00e9cial du secr\u00e9taire g\u00e9n\u00e9ral de l\u2019Organisation de coop\u00e9ration et de d\u00e9veloppement \u00e9conomiques et fut le premier directeur g\u00e9n\u00e9ral du Conseil des acad\u00e9mies canadiennes. Il partage actuellement son temps entre Annapolis Royal, en Nouvelle-\u00c9cosse, et Austin, au Texas.<br><\/p>\n\n\n\n<div style=\"height:72px\" aria-hidden=\"true\" class=\"wp-block-spacer\"><\/div>","protected":false},"excerpt":{"rendered":"<p>Here&#8217;s a look back at past winners and the books that made that year&#8217;s shortlist. You&#8217;ll also find our Jury from each award season. 2018 WINNER INDIGENOUS NATIONALS, CANADIAN CITIZENS: FROM FIRST CONTACT TO CANADA 150 AND BEYOND THOMAS J. COURCHENE(INSTITUTE OF INTERGOVERNMENTAL RELATIONS, SCHOOL OF POLICY STUDIES, QUEEN\u2019S UNIVERSITY ) In a masterful work &#8230; <a title=\"PAST WINNERS 2018\" class=\"read-more\" href=\"https:\/\/donnerbookprize.com\/francais\/past-winners-2018\/\">Read more<span class=\"screen-reader-text\">PAST WINNERS 2018<\/span><\/a><\/p>","protected":false},"author":5,"featured_media":3180,"parent":0,"menu_order":0,"comment_status":"closed","ping_status":"closed","template":"","meta":{"footnotes":""},"class_list":["post-2812","page","type-page","status-publish","has-post-thumbnail"],"_links":{"self":[{"href":"https:\/\/donnerbookprize.com\/francais\/wp-json\/wp\/v2\/pages\/2812","targetHints":{"allow":["GET"]}}],"collection":[{"href":"https:\/\/donnerbookprize.com\/francais\/wp-json\/wp\/v2\/pages"}],"about":[{"href":"https:\/\/donnerbookprize.com\/francais\/wp-json\/wp\/v2\/types\/page"}],"author":[{"embeddable":true,"href":"https:\/\/donnerbookprize.com\/francais\/wp-json\/wp\/v2\/users\/5"}],"replies":[{"embeddable":true,"href":"https:\/\/donnerbookprize.com\/francais\/wp-json\/wp\/v2\/comments?post=2812"}],"version-history":[{"count":0,"href":"https:\/\/donnerbookprize.com\/francais\/wp-json\/wp\/v2\/pages\/2812\/revisions"}],"wp:featuredmedia":[{"embeddable":true,"href":"https:\/\/donnerbookprize.com\/francais\/wp-json\/wp\/v2\/media\/3180"}],"wp:attachment":[{"href":"https:\/\/donnerbookprize.com\/francais\/wp-json\/wp\/v2\/media?parent=2812"}],"curies":[{"name":"wp","href":"https:\/\/api.w.org\/{rel}","templated":true}]}}