{"id":3,"date":"2019-03-14T01:27:18","date_gmt":"2019-03-14T01:27:18","guid":{"rendered":"https:\/\/donnerbookpriz.wpengine.com\/?page_id=3"},"modified":"2025-05-06T18:15:19","modified_gmt":"2025-05-06T22:15:19","slug":"privacy-policy","status":"publish","type":"page","link":"https:\/\/donnerbookprize.com\/francais\/privacy-policy\/","title":{"rendered":"Politique de confidentialit\u00e9"},"content":{"rendered":"<p>Le Prix Donner s\u2019engage \u00e0 pr\u00e9server l\u2019exactitude, la confidentialit\u00e9 et la s\u00e9curit\u00e9 de vos renseignements personnels. Dans le cadre de cet engagement, nous avons \u00e9tabli la pr\u00e9sente politique de confidentialit\u00e9 pour r\u00e9gir notre utilisation des renseignements personnels des visiteurs. <\/p>\n\n\n\n<p>Le Prix Donner ne vend, ne partage ni ne distribue les renseignements personnels des visiteurs \u00e0 aucune tierce partie. <\/p>\n\n\n\n<h2 class=\"wp-block-heading\">Responsabilit\u00e9<\/h2>\n\n\n\n<p>Le Prix Donner est responsable de la tenue \u00e0 jour et de la protection des renseignements personnels dont elle a la gestion. <\/p>\n\n\n\n<h2 class=\"wp-block-heading\"><strong>D\u00e9termination des fins de la collecte de renseignements<\/strong><\/h2>\n\n\n\n<p>Les fins auxquelles des renseignements personnels sont recueillis doivent \u00eatre d\u00e9termin\u00e9es par l\u2019organisation avant la collecte ou au moment de celle-ci. <\/p>\n\n\n\n<h2 class=\"wp-block-heading\"><strong>Consentement<\/strong><\/h2>\n\n\n\n<p>Le visiteur doit \u00eatre inform\u00e9 de toute collecte, utilisation ou communication de renseignements personnels qui le concernent et y consentir, sauf l\u00e0 o\u00f9 la loi l\u2019exige ou le permet.<\/p>\n\n\n\n<p>La gestion de tous les courriels et des listes de diffusions du Prix Donner est assur\u00e9e par MailChimp. Mailchimp prend beaucoup de pr\u00e9cautions pour prot\u00e9ger les donn\u00e9es conserv\u00e9es dans son syst\u00e8me contre tout perte, abus et acc\u00e8s sans autorisation. <\/p>\n\n\n\n<p>Veuillez visiter Mailchimp pour obtenir plus de renseignements sur leur politique de confidentialit\u00e9 et leur syst\u00e8me de s\u00e9curit\u00e9. <a href=\"https:\/\/mailchimp.com\/legal\/privacy\/\">MailChimp<\/a> for\nadditional information on their privacy and security practices.<\/p>\n\n\n\n<h2 class=\"wp-block-heading\"><strong>Limitation de l\u2019utilisation, de la communication et de la conservation<\/strong><\/h2>\n\n\n\n<p>Les renseignements personnels ne doivent pas \u00eatre utilis\u00e9s ou communiqu\u00e9s \u00e0 des fins autres que celles auxquelles ils ont \u00e9t\u00e9 recueillis \u00e0 moins que le visiteur n\u2019y consente ou que la loi ne l\u2019exige ou ne l\u2019autorise. On ne doit conserver les renseignements personnels qu\u2019aussi longtemps que n\u00e9cessaire pour la r\u00e9alisation des fins d\u00e9termin\u00e9es. <\/p>\n\n\n\n<h2 class=\"wp-block-heading\">T\u00e9moins<\/h2>\n\n\n\n<p>Le site Web du Prix Donner peut utiliser des \u00ab\u2009t\u00e9moins\u2009\u00bb qui d\u00e9terminent vos pr\u00e9f\u00e9rences linguistiques lors d\u2019une visite sur notre site<\/p>\n\n\n\n<p>Le site Web du Prix Donner n\u2019utilise pas de t\u00e9moins qui stockent de mani\u00e8re permanente des donn\u00e9es sur votre disque dur, ni pour identifier les utilisateurs individuels.<\/p>\n\n\n\n<p>The Donner Prize does regularly collect\naggregate data about site visitors through site statistics. This does include\ncollecting any identifying or personal information about individual users. The\npurpose is to track overall patterns of site activity. We do not use this\ninformation for commercial purposes or share it with outside parties.<\/p>\n\n\n\n<p>Le site du Prix Donner recueille r\u00e9guli\u00e8rement des donn\u00e9es agr\u00e9g\u00e9es sur les visiteurs du site par le biais des statistiques du site. Cela comprend la collecte de renseignements personnels ou nominatifs sur les utilisateurs individuels. L\u2019objectif est de suivre les tendances g\u00e9n\u00e9rales de l\u2019activit\u00e9 sur le site. Nous n\u2019utilisons pas ces informations \u00e0 des fins commerciales et ne les partageons pas avec des tiers.<\/p>\n\n\n\n<p>Cette d\u00e9claration divulgue les pratiques en mati\u00e8re de protection de la vie priv\u00e9e pour le site Web du Prix Donner seulement. Le site Web du Prix Donner contient des liens vers d\u2019autres sites Web. D\u00e8s que vous acc\u00e9dez \u00e0 un autre site, vous \u00eates soumis aux politiques de confidentialit\u00e9 et de s\u00e9curit\u00e9 du nouveau site. Le Prix Donner vous encourage \u00e0 lire la politique de confidentialit\u00e9 de tous les sites Web que vous consultez.\n\nToute modification \u00e0 la politique sur la protection de la vie priv\u00e9e du site Web du Prix Donner sera publi\u00e9e et ce document sera mis \u00e0 jour de temps en temps. Ainsi, nos visiteurs sont toujours inform\u00e9s du type de renseignements que nous recueillons en ligne, de la fa\u00e7on dont nous les utilisons et des choix que nous leur offrons.<\/p>\n\n\n\n<h2 class=\"wp-block-heading\"><strong>D\u00e9sabonnement<\/strong><\/h2>\n\n\n\n<p>En vous abonnant \u00e0 la liste de diffusion du Prix Donner, vous nous donnez la permission de vous contacter. Chacun de nos messages contient des instructions simples pour annuler votre abonnement.<\/p>\n\n\n\n<h2 class=\"wp-block-heading\"><strong>Coordonn\u00e9es du Prix Donner<\/strong><\/h2>\n\n\n\n<p>Le Prix Donner <br>8 Prince Arthur Ave <br>Toronto, ON M5R 1A9<br>(416) 368 8253<br>donner@naylorandassociates.com<\/p>","protected":false},"excerpt":{"rendered":"<p>The Donner Prize is committed to maintaining the accuracy, confidentiality, and security of your personal information. As part of this commitment, we have established this Privacy policy to govern our use of visitor information. The Donner Prize does not sell, share or distribute visitor information to any third party organization. ACCOUNTABILITY The Donner Prize is &#8230; <a title=\"Politique de confidentialit\u00e9\" class=\"read-more\" href=\"https:\/\/donnerbookprize.com\/francais\/privacy-policy\/\">Read more<span class=\"screen-reader-text\">Politique de confidentialit\u00e9<\/span><\/a><\/p>","protected":false},"author":1,"featured_media":745,"parent":0,"menu_order":0,"comment_status":"closed","ping_status":"open","template":"","meta":{"footnotes":""},"class_list":["post-3","page","type-page","status-publish","has-post-thumbnail"],"_links":{"self":[{"href":"https:\/\/donnerbookprize.com\/francais\/wp-json\/wp\/v2\/pages\/3","targetHints":{"allow":["GET"]}}],"collection":[{"href":"https:\/\/donnerbookprize.com\/francais\/wp-json\/wp\/v2\/pages"}],"about":[{"href":"https:\/\/donnerbookprize.com\/francais\/wp-json\/wp\/v2\/types\/page"}],"author":[{"embeddable":true,"href":"https:\/\/donnerbookprize.com\/francais\/wp-json\/wp\/v2\/users\/1"}],"replies":[{"embeddable":true,"href":"https:\/\/donnerbookprize.com\/francais\/wp-json\/wp\/v2\/comments?post=3"}],"version-history":[{"count":0,"href":"https:\/\/donnerbookprize.com\/francais\/wp-json\/wp\/v2\/pages\/3\/revisions"}],"wp:featuredmedia":[{"embeddable":true,"href":"https:\/\/donnerbookprize.com\/francais\/wp-json\/wp\/v2\/media\/745"}],"wp:attachment":[{"href":"https:\/\/donnerbookprize.com\/francais\/wp-json\/wp\/v2\/media?parent=3"}],"curies":[{"name":"wp","href":"https:\/\/api.w.org\/{rel}","templated":true}]}}