{"id":30,"date":"2019-03-16T10:03:58","date_gmt":"2019-03-16T10:03:58","guid":{"rendered":"https:\/\/donnerbookpriz.wpengine.com\/?page_id=30"},"modified":"2026-04-14T10:50:24","modified_gmt":"2026-04-14T14:50:24","slug":"home","status":"publish","type":"page","link":"https:\/\/donnerbookprize.com\/francais\/","title":{"rendered":"Home"},"content":{"rendered":"<div id=\"rev_slider_35_1_wrapper\" class=\"rev_slider_wrapper fullwidthbanner-container\" data-source=\"gallery\" style=\"margin:0px auto;background:transparent;padding:0px;margin-top:0px;margin-bottom:0px;\">\n<!-- START REVOLUTION SLIDER 5.4.8 fullwidth mode -->\n\t<div id=\"rev_slider_35_1\" class=\"rev_slider fullwidthabanner\" style=\"display:none;\" data-version=\"5.4.8\">\n<ul>\t<!-- SLIDE  -->\n\t<li data-index=\"rs-229\" data-transition=\"fade\" data-slotamount=\"default\" data-hideafterloop=\"0\" data-hideslideonmobile=\"off\"  data-easein=\"default\" data-easeout=\"default\" data-masterspeed=\"300\"  data-link=\"\"  data-target=\"_blank\"  data-thumb=\"https:\/\/donnerbookprize.com\/wp-content\/uploads\/2026\/04\/DonnerShortlist2025_hero_1903x700_fre_v1-100x50.jpg\"  data-rotate=\"0\"  data-saveperformance=\"off\"  data-title=\"Slide\" data-param1=\"\" data-param2=\"\" data-param3=\"\" data-param4=\"\" data-param5=\"\" data-param6=\"\" data-param7=\"\" data-param8=\"\" data-param9=\"\" data-param10=\"\" data-description=\"\">\n\t\t<!-- MAIN IMAGE -->\n\t\t<img loading=\"lazy\" decoding=\"async\" src=\"https:\/\/donnerbookprize.com\/wp-content\/plugins\/revslider\/admin\/assets\/images\/dummy.png\"  alt=\"\" title=\"DonnerShortlist2025_hero_1903x700_fre_v1\"  width=\"1903\" height=\"700\" data-lazyload=\"https:\/\/donnerbookprize.com\/wp-content\/uploads\/2026\/04\/DonnerShortlist2025_hero_1903x700_fre_v1.jpg\" data-bgposition=\"center center\" data-bgfit=\"cover\" data-bgrepeat=\"no-repeat\" data-bgparallax=\"off\" class=\"rev-slidebg\" data-no-retina>\n\t\t<!-- LAYERS -->\n\t<\/li>\n\t<!-- SLIDE  -->\n\t<li data-index=\"rs-234\" data-transition=\"fade\" data-slotamount=\"default\" data-hideafterloop=\"0\" data-hideslideonmobile=\"off\"  data-easein=\"default\" data-easeout=\"default\" data-masterspeed=\"300\"  data-link=\"\"  data-target=\"_blank\"  data-thumb=\"https:\/\/donnerbookprize.com\/wp-content\/uploads\/2025\/09\/Homeslider_wLogo2025fre_1903x700_v1-100x50.jpg\"  data-rotate=\"0\"  data-saveperformance=\"off\"  data-title=\"Slide\" data-param1=\"\" data-param2=\"\" data-param3=\"\" data-param4=\"\" data-param5=\"\" data-param6=\"\" data-param7=\"\" data-param8=\"\" data-param9=\"\" data-param10=\"\" data-description=\"\">\n\t\t<!-- MAIN IMAGE -->\n\t\t<img loading=\"lazy\" decoding=\"async\" src=\"https:\/\/donnerbookprize.com\/wp-content\/plugins\/revslider\/admin\/assets\/images\/dummy.png\"  alt=\"\" title=\"Homeslider_wLogo2025fre_1903x700_v1\"  width=\"1903\" height=\"700\" data-lazyload=\"https:\/\/donnerbookprize.com\/wp-content\/uploads\/2025\/09\/Homeslider_wLogo2025fre_1903x700_v1.jpg\" data-bgposition=\"center center\" data-bgfit=\"cover\" data-bgrepeat=\"no-repeat\" data-bgparallax=\"off\" class=\"rev-slidebg\" data-no-retina>\n\t\t<!-- LAYERS -->\n\t<\/li>\n<\/ul>\n<script>var htmlDiv = document.getElementById(\"rs-plugin-settings-inline-css\"); var htmlDivCss=\"\";\r\n\t\t\t\t\t\tif(htmlDiv) {\r\n\t\t\t\t\t\t\thtmlDiv.innerHTML = htmlDiv.innerHTML + htmlDivCss;\r\n\t\t\t\t\t\t}else{\r\n\t\t\t\t\t\t\tvar htmlDiv = document.createElement(\"div\");\r\n\t\t\t\t\t\t\thtmlDiv.innerHTML = \"<style>\" + htmlDivCss + \"<\/style>\";\r\n\t\t\t\t\t\t\tdocument.getElementsByTagName(\"head\")[0].appendChild(htmlDiv.childNodes[0]);\r\n\t\t\t\t\t\t}\r\n\t\t\t\t\t<\/script>\n<div class=\"tp-bannertimer\" style=\"height: 5px; background: rgba(0,0,0,0.15);\"><\/div>\t<\/div>\n<script>var htmlDiv = document.getElementById(\"rs-plugin-settings-inline-css\"); var htmlDivCss=\"\";\r\n\t\t\t\tif(htmlDiv) {\r\n\t\t\t\t\thtmlDiv.innerHTML = htmlDiv.innerHTML + htmlDivCss;\r\n\t\t\t\t}else{\r\n\t\t\t\t\tvar htmlDiv = document.createElement(\"div\");\r\n\t\t\t\t\thtmlDiv.innerHTML = \"<style>\" + htmlDivCss + \"<\/style>\";\r\n\t\t\t\t\tdocument.getElementsByTagName(\"head\")[0].appendChild(htmlDiv.childNodes[0]);\r\n\t\t\t\t}\r\n\t\t\t<\/script>\n\t\t<script type=\"text\/javascript\">\r\nif (setREVStartSize!==undefined) setREVStartSize(\r\n\t{c: '#rev_slider_35_1', responsiveLevels: [1240,1024,778,480], gridwidth: [1050,1024,778,480], gridheight: [700,768,584,360], sliderLayout: 'fullwidth'});\r\n\t\t\t\r\nvar revapi35,\r\n\ttpj;\t\r\n(function() {\t\t\t\r\n\tif (!\/loaded|interactive|complete\/.test(document.readyState)) document.addEventListener(\"DOMContentLoaded\",onLoad); else onLoad();\t\r\n\tfunction onLoad() {\t\t\t\t\r\n\t\tif (tpj===undefined) { tpj = jQuery; if(\"off\" == \"on\") tpj.noConflict();}\r\n\tif(tpj(\"#rev_slider_35_1\").revolution == undefined){\n\t\trevslider_showDoubleJqueryError(\"#rev_slider_35_1\");\n\t}else{\n\t\trevapi35 = tpj(\"#rev_slider_35_1\").show().revolution({\n\t\t\tsliderType:\"standard\",\n\t\t\tjsFileLocation:\"\/\/donnerbookprize.com\/wp-content\/plugins\/revslider\/public\/assets\/js\/\",\n\t\t\tsliderLayout:\"fullwidth\",\n\t\t\tdottedOverlay:\"none\",\n\t\t\tdelay:5000,\n\t\t\tnavigation: {\n\t\t\t\tkeyboardNavigation:\"off\",\n\t\t\t\tkeyboard_direction: \"horizontal\",\n\t\t\t\tmouseScrollNavigation:\"off\",\n \t\t\t\t\t\t\tmouseScrollReverse:\"default\",\n\t\t\t\tonHoverStop:\"on\",\n\t\t\t\ttouch:{\n\t\t\t\t\ttouchenabled:\"on\",\n\t\t\t\t\ttouchOnDesktop:\"off\",\n\t\t\t\t\tswipe_threshold: 75,\n\t\t\t\t\tswipe_min_touches: 50,\n\t\t\t\t\tswipe_direction: \"horizontal\",\n\t\t\t\t\tdrag_block_vertical: false\n\t\t\t\t}\n\t\t\t\t,\n\t\t\t\tarrows: {\n\t\t\t\t\tstyle:\"hesperiden\",\n\t\t\t\t\tenable:true,\n\t\t\t\t\thide_onmobile:true,\n\t\t\t\t\thide_under:600,\n\t\t\t\t\thide_onleave:true,\n\t\t\t\t\thide_delay:200,\n\t\t\t\t\thide_delay_mobile:1200,\n\t\t\t\t\ttmp:'',\n\t\t\t\t\tleft: {\n\t\t\t\t\t\th_align:\"left\",\n\t\t\t\t\t\tv_align:\"center\",\n\t\t\t\t\t\th_offset:30,\n\t\t\t\t\t\tv_offset:0\n\t\t\t\t\t},\n\t\t\t\t\tright: {\n\t\t\t\t\t\th_align:\"right\",\n\t\t\t\t\t\tv_align:\"center\",\n\t\t\t\t\t\th_offset:30,\n\t\t\t\t\t\tv_offset:0\n\t\t\t\t\t}\n\t\t\t\t}\n\t\t\t},\n\t\t\tresponsiveLevels:[1240,1024,778,480],\n\t\t\tvisibilityLevels:[1240,1024,778,480],\n\t\t\tgridwidth:[1050,1024,778,480],\n\t\t\tgridheight:[700,768,584,360],\n\t\t\tlazyType:\"smart\",\n\t\t\tparallax: {\n\t\t\t\ttype:\"mouse\",\n\t\t\t\torigo:\"slidercenter\",\n\t\t\t\tspeed:2000,\n\t\t\t\tspeedbg:0,\n\t\t\t\tspeedls:0,\n\t\t\t\tlevels:[2,3,4,5,6,7,12,16,10,50,47,48,49,50,51,55],\n\t\t\t},\n\t\t\tshadow:0,\n\t\t\tspinner:\"off\",\n\t\t\tstopLoop:\"off\",\n\t\t\tstopAfterLoops:-1,\n\t\t\tstopAtSlide:-1,\n\t\t\tshuffle:\"off\",\n\t\t\tautoHeight:\"off\",\n\t\t\thideThumbsOnMobile:\"off\",\n\t\t\thideSliderAtLimit:0,\n\t\t\thideCaptionAtLimit:0,\n\t\t\thideAllCaptionAtLilmit:0,\n\t\t\tdebugMode:false,\n\t\t\tfallbacks: {\n\t\t\t\tsimplifyAll:\"off\",\n\t\t\t\tnextSlideOnWindowFocus:\"off\",\n\t\t\t\tdisableFocusListener:false,\n\t\t\t}\n\t\t});\n\t}; \/* END OF revapi call *\/\n\t\n }; \/* END OF ON LOAD FUNCTION *\/\r\n}()); \/* END OF WRAPPING FUNCTION *\/\r\n<\/script>\r\n\t\t<script>\r\n\t\t\t\t\tvar htmlDivCss = unescape(\"%40media%20only%20screen%20and%20%28min-width%3A%201367px%29%20%7B%0Adiv%23rev_slider_1_1_forcefullwidth%2C%20div%23rev_slider_1_1_wrapper%2C%20div%23rev_slider_1_1%20%7B%0A%20%20%20%20min-height%3A%2050vw%3B%0A%7D%0A%7D\");\r\n\t\t\t\t\tvar htmlDiv = document.getElementById('rs-plugin-settings-inline-css');\r\n\t\t\t\t\tif(htmlDiv) {\r\n\t\t\t\t\t\thtmlDiv.innerHTML = htmlDiv.innerHTML + htmlDivCss;\r\n\t\t\t\t\t}\r\n\t\t\t\t\telse{\r\n\t\t\t\t\t\tvar htmlDiv = document.createElement('div');\r\n\t\t\t\t\t\thtmlDiv.innerHTML = '<style>' + htmlDivCss + '<\/style>';\r\n\t\t\t\t\t\tdocument.getElementsByTagName('head')[0].appendChild(htmlDiv.childNodes[0]);\r\n\t\t\t\t\t}\r\n\t\t\t\t  <\/script><script>\r\n\t\t\t\t\tvar htmlDivCss = unescape(\".hesperiden.tparrows%20%7B%0A%09cursor%3Apointer%3B%0A%09background%3Argba%280%2C0%2C0%2C0.5%29%3B%0A%09width%3A40px%3B%0A%09height%3A40px%3B%0A%09position%3Aabsolute%3B%0A%09display%3Ablock%3B%0A%09z-index%3A100%3B%0A%20%20%20%20border-radius%3A%2050%25%3B%0A%7D%0A.hesperiden.tparrows%3Ahover%20%7B%0A%09background%3Argba%280%2C%200%2C%200%2C%201%29%3B%0A%7D%0A.hesperiden.tparrows%3Abefore%20%7B%0A%09font-family%3A%20%22revicons%22%3B%0A%09font-size%3A20px%3B%0A%09color%3Argb%28255%2C%20255%2C%20255%29%3B%0A%09display%3Ablock%3B%0A%09line-height%3A%2040px%3B%0A%09text-align%3A%20center%3B%0A%7D%0A.hesperiden.tparrows.tp-leftarrow%3Abefore%20%7B%0A%09content%3A%20%22%5Ce82c%22%3B%0A%20%20%20%20margin-left%3A-3px%3B%0A%7D%0A.hesperiden.tparrows.tp-rightarrow%3Abefore%20%7B%0A%09content%3A%20%22%5Ce82d%22%3B%0A%20%20%20%20margin-right%3A-3px%3B%0A%7D%0A\");\r\n\t\t\t\t\tvar htmlDiv = document.getElementById('rs-plugin-settings-inline-css');\r\n\t\t\t\t\tif(htmlDiv) {\r\n\t\t\t\t\t\thtmlDiv.innerHTML = htmlDiv.innerHTML + htmlDivCss;\r\n\t\t\t\t\t}\r\n\t\t\t\t\telse{\r\n\t\t\t\t\t\tvar htmlDiv = document.createElement('div');\r\n\t\t\t\t\t\thtmlDiv.innerHTML = '<style>' + htmlDivCss + '<\/style>';\r\n\t\t\t\t\t\tdocument.getElementsByTagName('head')[0].appendChild(htmlDiv.childNodes[0]);\r\n\t\t\t\t\t}\r\n\t\t\t\t  <\/script>\r\n\t\t\t\t<\/div><!-- END REVOLUTION SLIDER -->\n\n\n\n<div style=\"height:50px\" aria-hidden=\"true\" class=\"wp-block-spacer\"><\/div>\n\n\n\n<h1 class=\"wp-block-heading has-text-align-center custom1\">LE PRIX DU MEILLEUR OUVRAGE SUR LES POLITIQUES PUBLIQUES R\u00c9DIG\u00c9 PAR UN AUTEUR CANADIEN<\/h1>\n\n\n\n<p>Le prix Donner encourage et c\u00e9l\u00e8bre l\u2019excellence des ouvrages sur les politiques publiques r\u00e9dig\u00e9s par des auteurs canadiens, et reconna\u00eet le r\u00f4le que jouent des politiques publiques de qualit\u00e9 dans le bien-\u00eatre des Canadiennes et des Canadiens et le succ\u00e8s du Canada.<\/p>\n\n\n\n<p>Nous sommes heureux d'annoncer la liste des finalistes pour le prix Donner 2025-26. <strong>Le prix Donner 2025-26 sera annonc\u00e9 \u00e0 l\u2019occasion d\u2019un d\u00eener de gala qui aura lieu \u00e0 Toronto le 14 mai 2026.<\/strong><\/p>\n\n\n\n<iframe loading=\"lazy\" width=\"100%\" height=\"600px\" src=\"https:\/\/www.youtube.com\/embed\/Ab_Njm--k4s?si=Op-PVdv8NkC1Uegb\" title=\"YouTube video player\" frameborder=\"0\" allow=\"accelerometer; autoplay; clipboard-write; encrypted-media; gyroscope; picture-in-picture; web-share\" referrerpolicy=\"strict-origin-when-cross-origin\" allowfullscreen><\/iframe>\n\n\n\n<div style=\"height:6px\" aria-hidden=\"true\" class=\"wp-block-spacer\"><\/div>\n\n\n\n<div class=\"wp-block-columns has-3-columns custom6 is-layout-flex wp-container-core-columns-is-layout-9d6595d7 wp-block-columns-is-layout-flex\">\n<div class=\"wp-block-column is-layout-flow wp-block-column-is-layout-flow\">\n<div class=\"wp-block-cover aligncenter custom31\" style=\"background-image:url(https:\/\/donnerbookprize.com\/wp-content\/uploads\/2019\/11\/Winner_webbutton_370x238_blue2019.jpg);background-color:#11764a\"><a href=\"https:\/\/donnerbookprize.com\/francais\/2025-26-shortlist\/\"><p class=\"wp-block-cover-text\">LISTES DES FINALISTES 2025-26<\/p> <\/a><\/div>\n<\/div>\n\n\n\n<div class=\"wp-block-column is-layout-flow wp-block-column-is-layout-flow\">\n<div class=\"wp-block-cover aligncenter\" style=\"background-image:url(https:\/\/donnerbookprize.com\/wp-content\/uploads\/2025\/09\/Jury_webbutton_340x240_2025_v1.jpg);background-color:#b7e3ed\"><a href=\"https:\/\/donnerbookprize.com\/francais\/about\/2025-donner-jury\/\"><p class=\"wp-block-cover-text\"> Jury du Prix Donner <\/p><\/a><\/div>\n<\/div>\n\n\n\n<div class=\"wp-block-column is-layout-flow wp-block-column-is-layout-flow\">\n<div class=\"wp-block-cover aligncenter\" style=\"background-image:url(https:\/\/donnerbookprize.com\/wp-content\/uploads\/2019\/11\/Mediarelease_webbutton_370x238_blue2019.jpg);background-color:#02413b\"><a href=\"https:\/\/donnerbookprize.com\/francais\/media-releases\/\"><p class=\"wp-block-cover-text\"> Communiqu\u00e9s de presse <\/p><\/a><\/div>\n<\/div>\n<\/div>\n\n\n\n<div style=\"height:25px\" aria-hidden=\"true\" class=\"wp-block-spacer\"><\/div>","protected":false},"excerpt":{"rendered":"<p>THE AWARD FOR THE BEST PUBLIC POLICY BOOK BY A CANADIAN The Donner Prize encourages and celebrates excellence in public policy writing by Canadians and recognizes the role good public policy plays in the well-being of Canadians and this country\u2019s success. We\u2019re pleased to announce the shortlist for the 2025-26 Donner Prize. The Winner of &#8230; <a title=\"Home\" class=\"read-more\" href=\"https:\/\/donnerbookprize.com\/francais\/\">Read more<span class=\"screen-reader-text\">Home<\/span><\/a><\/p>","protected":false},"author":1,"featured_media":0,"parent":0,"menu_order":0,"comment_status":"closed","ping_status":"closed","template":"","meta":{"footnotes":""},"class_list":["post-30","page","type-page","status-publish"],"_links":{"self":[{"href":"https:\/\/donnerbookprize.com\/francais\/wp-json\/wp\/v2\/pages\/30","targetHints":{"allow":["GET"]}}],"collection":[{"href":"https:\/\/donnerbookprize.com\/francais\/wp-json\/wp\/v2\/pages"}],"about":[{"href":"https:\/\/donnerbookprize.com\/francais\/wp-json\/wp\/v2\/types\/page"}],"author":[{"embeddable":true,"href":"https:\/\/donnerbookprize.com\/francais\/wp-json\/wp\/v2\/users\/1"}],"replies":[{"embeddable":true,"href":"https:\/\/donnerbookprize.com\/francais\/wp-json\/wp\/v2\/comments?post=30"}],"version-history":[{"count":0,"href":"https:\/\/donnerbookprize.com\/francais\/wp-json\/wp\/v2\/pages\/30\/revisions"}],"wp:attachment":[{"href":"https:\/\/donnerbookprize.com\/francais\/wp-json\/wp\/v2\/media?parent=30"}],"curies":[{"name":"wp","href":"https:\/\/api.w.org\/{rel}","templated":true}]}}