{"id":3526,"date":"2020-04-29T09:33:38","date_gmt":"2020-04-29T13:33:38","guid":{"rendered":"https:\/\/donnerbookpriz.wpengine.com\/?page_id=3526"},"modified":"2023-05-19T12:21:05","modified_gmt":"2023-05-19T16:21:05","slug":"history","status":"publish","type":"page","link":"https:\/\/donnerbookprize.com\/francais\/about\/history\/","title":{"rendered":"\u00c0 propos du prix Donner"},"content":{"rendered":"<hr class=\"wp-block-separator has-css-opacity is-style-wide\"\/>\n\n\n\n<p>La Fondation canadienne Donner a cr\u00e9\u00e9 ce prix pour r\u00e9compenser et faire conna\u00eetre les meilleurs ouvrages d\u2019analyse et de recherche sur les politiques publiques publi\u00e9s par des auteurs canadiens et des autrices canadiennes, ainsi que leur r\u00f4le dans la d\u00e9termination du bien-\u00eatre des Canadiennes et Canadiens et la r\u00e9ussite du Canada. Les finalistes et les pr\u00e9c\u00e9dents finalistes et les personnes laur\u00e9ates ont examin\u00e9 de fa\u00e7on critique un large \u00e9ventail de questions \u00e9conomiques, politiques et soci\u00e9tales.<br><br>Ce prix a pour but de favoriser l\u2019\u00e9change d\u2019id\u00e9es et de servir de tremplin \u00e0 des auteurs ou autrices moins connus, mais capables d\u2019apporter une contribution originale et pertinente au d\u00e9bat sur les politiques publiques.<br><br>La Fondation canadienne Donner, l\u2019une des plus importantes au Canada, a \u00e9t\u00e9 \u00e9tablie en 1950 par l\u2019entrepreneur et philanthrope William H. Donner pour soutenir des projets qui contribuent \u00e0 l\u2019int\u00e9r\u00eat g\u00e9n\u00e9ral au Canada en encourageant les initiatives priv\u00e9es, l\u2019ind\u00e9pendance et la responsabilit\u00e9 individuelle. Au fil des ann\u00e9es, la Fondation a jou\u00e9 un r\u00f4le essentiel pour encourager et financer la recherche sur les politiques publiques au Canada dans un grand nombre de domaines. Depuis 1967, la Fondation a fourni un soutien d\u00e9passant 150 millions de dollars \u00e0 plus de 2 500 projets dans tout le pays.<\/p>\n\n\n\n<hr class=\"wp-block-separator has-css-opacity is-style-wide\"\/>\n\n\n\n<h2 style=\"text-align:center\" class=\"custom24\">25th Anniversary Retrospective<\/h2>\n\n\n\n<figure class=\"wp-block-embed is-type-video is-provider-youtube wp-block-embed-youtube wp-embed-aspect-16-9 wp-has-aspect-ratio\"><div class=\"wp-block-embed__wrapper\">\n<iframe loading=\"lazy\" title=\"Donner Prize 2023 Retrospective\" width=\"1200\" height=\"675\" src=\"https:\/\/www.youtube.com\/embed\/ShedN8OTDCQ?feature=oembed\" frameborder=\"0\" allow=\"accelerometer; autoplay; clipboard-write; encrypted-media; gyroscope; picture-in-picture; web-share\" allowfullscreen><\/iframe>\n<\/div><\/figure>\n\n\n\n<hr class=\"wp-block-separator has-css-opacity is-style-wide\"\/>\n\n\n\n<h2 style=\"text-align:center\" class=\"custom24\">Allan Gotlieb 1928-2020<\/h2>\n\n\n<p style=\"text-align: center;\">La Fondation canadienne Donner tient \u00e0 c\u00e9l\u00e9brer la vie et la carri\u00e8re de son pr\u00e9sident \u00e9m\u00e9rite Allan Gotlieb.<\/p>\n\n\n<figure class=\"wp-block-embed is-type-video is-provider-youtube wp-block-embed-youtube wp-embed-aspect-16-9 wp-has-aspect-ratio\"><div class=\"wp-block-embed__wrapper\">\n<iframe loading=\"lazy\" title=\"Allan Gotlieb In Memoriam\" width=\"1200\" height=\"675\" src=\"https:\/\/www.youtube.com\/embed\/v_WM1w0Z2pk?feature=oembed\" frameborder=\"0\" allow=\"accelerometer; autoplay; clipboard-write; encrypted-media; gyroscope; picture-in-picture; web-share\" allowfullscreen><\/iframe>\n<\/div><\/figure>\n\n\n\n<hr class=\"wp-block-separator has-css-opacity is-style-wide\"\/>\n\n\n\n<h2 style=\"text-align:center\" class=\"custom24 translation-block\">20<sup style=\"text-transform:lowercase\">e<\/sup> anniversaire du Prix Donner<\/h2>\n\n\n\n<figure class=\"wp-block-embed is-type-video is-provider-youtube wp-block-embed-youtube wp-embed-aspect-16-9 wp-has-aspect-ratio\"><div class=\"wp-block-embed__wrapper\">\n<iframe loading=\"lazy\" title=\"Donner Prize 20th Anniversary Retrospective\" width=\"1200\" height=\"675\" src=\"https:\/\/www.youtube.com\/embed\/O47EXAK7Qrk?feature=oembed\" frameborder=\"0\" allow=\"accelerometer; autoplay; clipboard-write; encrypted-media; gyroscope; picture-in-picture; web-share\" allowfullscreen><\/iframe>\n<\/div><\/figure>","protected":false},"excerpt":{"rendered":"<p>The Donner Canadian Foundation created this prize to recognize and reward the best public policy thinking, writing and research by a Canadian, and the role it plays in determining the well-being of Canadians and the success of Canada as a whole. Previous honourees have shed light on a wide range of issues bearing on the &#8230; <a title=\"\u00c0 propos du prix Donner\" class=\"read-more\" href=\"https:\/\/donnerbookprize.com\/francais\/about\/history\/\">Read more<span class=\"screen-reader-text\">\u00c0 propos du prix Donner<\/span><\/a><\/p>","protected":false},"author":1,"featured_media":3180,"parent":7,"menu_order":0,"comment_status":"closed","ping_status":"closed","template":"","meta":{"footnotes":""},"class_list":["post-3526","page","type-page","status-publish","has-post-thumbnail"],"_links":{"self":[{"href":"https:\/\/donnerbookprize.com\/francais\/wp-json\/wp\/v2\/pages\/3526","targetHints":{"allow":["GET"]}}],"collection":[{"href":"https:\/\/donnerbookprize.com\/francais\/wp-json\/wp\/v2\/pages"}],"about":[{"href":"https:\/\/donnerbookprize.com\/francais\/wp-json\/wp\/v2\/types\/page"}],"author":[{"embeddable":true,"href":"https:\/\/donnerbookprize.com\/francais\/wp-json\/wp\/v2\/users\/1"}],"replies":[{"embeddable":true,"href":"https:\/\/donnerbookprize.com\/francais\/wp-json\/wp\/v2\/comments?post=3526"}],"version-history":[{"count":0,"href":"https:\/\/donnerbookprize.com\/francais\/wp-json\/wp\/v2\/pages\/3526\/revisions"}],"up":[{"embeddable":true,"href":"https:\/\/donnerbookprize.com\/francais\/wp-json\/wp\/v2\/pages\/7"}],"wp:featuredmedia":[{"embeddable":true,"href":"https:\/\/donnerbookprize.com\/francais\/wp-json\/wp\/v2\/media\/3180"}],"wp:attachment":[{"href":"https:\/\/donnerbookprize.com\/francais\/wp-json\/wp\/v2\/media?parent=3526"}],"curies":[{"name":"wp","href":"https:\/\/api.w.org\/{rel}","templated":true}]}}