{"id":3766,"date":"2021-04-20T10:56:46","date_gmt":"2021-04-20T14:56:46","guid":{"rendered":"https:\/\/donnerbookpriz.wpengine.com\/?page_id=3766"},"modified":"2023-08-28T13:07:19","modified_gmt":"2023-08-28T17:07:19","slug":"past-winners-2019","status":"publish","type":"page","link":"https:\/\/donnerbookprize.com\/francais\/past-winners-2019\/","title":{"rendered":"2019 Winner"},"content":{"rendered":"<hr class=\"wp-block-separator has-css-opacity is-style-wide\"\/>\n\n\n\n<p class=\"custom4\">Voici une r\u00e9trospective des anciennes personnes laur\u00e9ates. Vous trouverez \u00e9galement la liste des membres du jury pour chaque saison.<\/p>\n\n\n\n<div style=\"height:40px\" aria-hidden=\"true\" class=\"wp-block-spacer\"><\/div>\n\n\n<div class=\"menu-past-winners-container\"><div class=\"mobile-menu\"><form action=\"\"><select id=\"soflow\" onchange=\"if (this.value) window.location.href=this.value\"><option value=\"\">Select<\/option>\n<option value=\"https:\/\/donnerbookprize.com\/francais\/2022-winner\/\">2022 WINNERS<\/option>\n<option value=\"https:\/\/donnerbookprize.com\/francais\/2021-winner\/\">2021 WINNERS<\/option>\n<option value=\"https:\/\/donnerbookprize.com\/francais\/2020-winner\/\">2020 WINNERS<\/option>\n<option value=\"https:\/\/donnerbookprize.com\/francais\/past-winners-2019\/\">2019 WINNERS<\/option>\n<option value=\"https:\/\/donnerbookprize.com\/francais\/past-winners-2018\/\">2018 WINNERS<\/option>\n<option value=\"https:\/\/donnerbookprize.com\/francais\/past-winners-2017\/\">2017 WINNERS<\/option>\n<option value=\"https:\/\/donnerbookprize.com\/francais\/prize-winners\/\">2016 WINNERS<\/option>\n<option value=\"https:\/\/donnerbookprize.com\/francais\/past-winners-2015\/\">2015 WINNERS<\/option>\n<option value=\"https:\/\/donnerbookprize.com\/francais\/past-winners-2014\/\">2014 WINNERS<\/option>\n<option value=\"https:\/\/donnerbookprize.com\/francais\/past-winners-2013\/\">2013 WINNERS<\/option>\n<option value=\"https:\/\/donnerbookprize.com\/francais\/past-winners-2012\/\">2012 WINNERS<\/option>\n<option value=\"https:\/\/donnerbookprize.com\/francais\/past-winners-2011\/\">2011 WINNERS<\/option>\n<option value=\"https:\/\/donnerbookprize.com\/francais\/past-winners-2010\/\">2010 WINNERS<\/option>\n<option value=\"https:\/\/donnerbookprize.com\/francais\/past-winners-2009\/\">2009 WINNERS<\/option>\n<option value=\"https:\/\/donnerbookprize.com\/francais\/past-winners-2008\/\">2008 WINNERS<\/option>\n<option value=\"https:\/\/donnerbookprize.com\/francais\/past-winners-2007\/\">2007 WINNERS<\/option>\n<option value=\"https:\/\/donnerbookprize.com\/francais\/past-winners-2006\/\">2006 WINNERS<\/option>\n<option value=\"https:\/\/donnerbookprize.com\/francais\/past-winners-2005\/\">2005 WINNERS<\/option>\n<option value=\"https:\/\/donnerbookprize.com\/francais\/past-winners-2004\/\">2004 WINNERS<\/option>\n<option value=\"https:\/\/donnerbookprize.com\/francais\/past-winners-2003\/\">2003 WINNERS<\/option>\n<option value=\"https:\/\/donnerbookprize.com\/francais\/past-winners-2002\/\">2002 WINNERS<\/option>\n<option value=\"https:\/\/donnerbookprize.com\/francais\/past-winners-2001\/\">2001 WINNERS<\/option>\n<option value=\"https:\/\/donnerbookprize.com\/francais\/past-winners-2000\/\">2000 WINNERS<\/option>\n<option value=\"https:\/\/donnerbookprize.com\/francais\/past-winners-1999\/\">1999 WINNERS<\/option>\n<option value=\"https:\/\/donnerbookprize.com\/francais\/past-winners-1998\/\">1998 WINNERS<\/option>\n<\/select><input type=\"hidden\" name=\"trp-form-language\" value=\"francais\"\/><\/form><\/div><\/div>\n\n\n\n<h2 class=\"wp-block-heading has-text-align-center custom13\">2019 Winner<\/h2>\n\n\n\n<figure class=\"wp-block-embed is-type-video is-provider-youtube wp-block-embed-youtube wp-embed-aspect-16-9 wp-has-aspect-ratio\"><div class=\"wp-block-embed__wrapper\">\n<iframe loading=\"lazy\" title=\"The 2019\/2020 Donner Prize\" width=\"1200\" height=\"675\" src=\"https:\/\/www.youtube.com\/embed\/vvKhGtTgkPU?feature=oembed\" frameborder=\"0\" allow=\"accelerometer; autoplay; clipboard-write; encrypted-media; gyroscope; picture-in-picture\" allowfullscreen><\/iframe>\n<\/div><\/figure>\n\n\n\n<h2 class=\"wp-block-heading has-text-align-center custom13\">Laur\u00e9at<\/h2>\n\n\n\n<div class=\"wp-block-image custom8a\"><figure class=\"alignleft is-resized\"><img decoding=\"async\" src=\"https:\/\/donnerbookprize.com\/wp-content\/uploads\/2020\/04\/Breakdown_cover_512x340-1.jpg\" alt=\"Empty Planet The Shock of Global Population Decline\" class=\"wp-image-1249\" width=\"220\" height=\"NaN\"><\/figure><\/div>\n\n\n\n<h2 class=\"wp-block-heading has-text-align-left\">Breakdown: The Pipeline Debate and the Threat to Canada\u2019s Future,<\/h2>\n\n\n\n<h3 class=\"wp-block-heading has-text-align-left\"> Dennis McConaghy (Dundurn Press)  <\/h3>\n\n\n\n<p class=\"custom7\">Breakdown porte sur un ensemble de questions de politiques les plus controvers\u00e9es et empreintes de cons\u00e9quences auxquelles le Canada est confront\u00e9 aujourd\u2019hui \u2013 le domaine prioritaire connexe d\u00e9veloppement des ressources, les changements climatiques, les droits des Autochtones e l\u2019ali\u00e9nation de l\u2019Alberta. Ce livre d\u00e9crit les ant\u00e9c\u00e9dents de quatre projets de pipeline et superpose les d\u00e9cisions politiques qui ont eu pour cons\u00e9quence que de nombreux projets n\u2019ont pas \u00e9t\u00e9 soutenus ouont \u00e9t\u00e9 consid\u00e9rablement retard\u00e9s.  Ce livre est indispensable pour enrichir les discussions sur les pointsde vue des Albertains et le d\u00e9veloppement des ressources en g\u00e9n\u00e9ral. Il est bien document\u00e9 et\u00e9quilibr\u00e9, et d\u00e9crit plusieurs strat\u00e9gies pragmatiques pour aider le Canada \u00e0 trouver des solutions \u00e0 cesenjeux. <br><br><em><strong>Dennis McConaghy <\/strong>est un cadre canadien sp\u00e9cialiste des questions \u00e9nerg\u00e9tiques qui poss\u00e8de pr\u00e8s de quarante ans d\u2019exp\u00e9rience dans le secteur du d\u00e9veloppement des infrastructures et l\u2019auteur de l\u2019ouvrage Dysfunction: Canada after Keystone XL <\/em> <br><br>Pour acheter le livre de Dennis McConaghy: <a href=\"https:\/\/www.chapters.indigo.ca\/en-ca\/books\/breakdown-the-pipeline-debate-and\/9781459745087-item.html?ikwid=dennis+mcconaghy&amp;ikwsec=Home&amp;ikwidx=0#algoliaQueryId=76a4e090c93723bc21f7ff3f20807ef4\" target=\"_blank\" rel=\"noreferrer noopener\">Breakdown: The Pipeline Debate and the Threat to Canada&#8217;s Future<\/a><\/p>\n\n\n\n<figure class=\"wp-block-embed-youtube wp-block-embed is-type-video is-provider-youtube wp-embed-aspect-16-9 wp-has-aspect-ratio custom34\"><div class=\"wp-block-embed__wrapper\">\n<iframe loading=\"lazy\" title=\"Dennis McConaghy: Breakdown: The Pipeline Debate and the Threat to Canada\u2019s Future\" width=\"1200\" height=\"675\" src=\"https:\/\/www.youtube.com\/embed\/KmF1bCyjdpY?feature=oembed\" frameborder=\"0\" allow=\"accelerometer; autoplay; clipboard-write; encrypted-media; gyroscope; picture-in-picture\" allowfullscreen><\/iframe>\n<\/div><\/figure>\n\n\n\n<h2 style=\"text-align:center\" class=\"custom13\">Seconds favoris<\/h2>\n\n\n\n<div class=\"wp-block-image custom16\"><figure class=\"alignleft is-resized\"><img decoding=\"async\" src=\"https:\/\/donnerbookprize.com\/wp-content\/uploads\/2020\/04\/EmptyPlanet_cover_512x340-1.jpg\" alt=\"Living With China\" class=\"wp-image-1249\" width=\"199\" height=\"NaN\"><\/figure><\/div>\n\n\n\n<h2 class=\"wp-block-heading has-text-align-left\">Empty Planet: The Shock of Global Population Decline <\/h2>\n\n\n\n<h3 class=\"wp-block-heading has-text-align-left\">Darrell Bricker et John Ibbitson (Signal\/McClelland &amp; Stewart) <\/h3>\n\n\n\n<p class=\"has-text-align-left custom7\">Ce livre se veut un regard correctif sur le manque g\u00e9n\u00e9ral d\u2019attention port\u00e9 \u00e0 la baisse de la population mondiale. Beaucoup pensent encore que la croissance de la population est le probl\u00e8me dans un mondecribl\u00e9 par la d\u00e9gradation de l\u2019environnement, les changements climatiques, etc.; cependantl\u2019urbanisation acc\u00e9l\u00e9r\u00e9e et l\u2019\u00e9ducation des femmes signalent une baisse de la fertilit\u00e9. Cette th\u00e8ssoul\u00e8ve d\u2019importantes r\u00e9percussions sur le plan des politiques que les auteurs Bricker et Ibbitso d\u00e9finissent, surtout en ce qui concerne les politiques sur l\u2019immigration et les pr\u00e9visions \u00e9conomiques long terme. \u00c9crit de fa\u00e7on originale, stimulante et engageante, Empty Planet aborde aussi les enjeuconnexes du d\u00e9clin d\u00e9mographique, dont les r\u00e9percussions sur la religion, les populations autochtoneet l\u2019agriculture.  <\/p>\n\n\n\n<p class=\"custom9\"><em><strong>Darrell Bricker<\/strong> Auteur, conf\u00e9rencier et commentateur politique, Darrell Bricker est \u00e9galement le PDG d\u2019Ipsos Public Affairs, la plus grande entreprise de recherche sur l\u2019opinion publique et de recherche sociale au monde. <\/em><br><br><em><strong>John Ibbitson<\/strong> est chroniqueur au Globe and Mail, et a occup\u00e9 le poste de chef de bureau \u00e0 Ottawa et \u00e0 Washington DC. Auteur de plusieurs ouvrages, son livre paru en 2005, The Polite Revolution, faisait partie des finalistes du Prix Donner. <\/em> <br><br>Pour acheter le livre de Darrell Bricker and John Ibbitson: <a rel=\"noreferrer noopener\" href=\"https:\/\/www.chapters.indigo.ca\/en-ca\/books\/empty-planet-the-shock-of\/9780771050886-item.html?ikwid=empty+planet&amp;ikwsec=Home&amp;ikwidx=0#algoliaQueryId=2896e9eed102eeec5e40dd0d69b7e5b4\" target=\"_blank\">Empty Planet: The Shock of Global Population Decline<\/a><\/p>\n\n\n\n<figure class=\"wp-block-embed-youtube wp-block-embed is-type-video is-provider-youtube wp-embed-aspect-16-9 wp-has-aspect-ratio custom34\"><div class=\"wp-block-embed__wrapper\">\n<iframe loading=\"lazy\" title=\"Darrell Bricker and John Ibbitson: Empty Planet: The Shock of Global Population Decline\" width=\"1200\" height=\"675\" src=\"https:\/\/www.youtube.com\/embed\/xolWWK8jXi4?feature=oembed\" frameborder=\"0\" allow=\"accelerometer; autoplay; clipboard-write; encrypted-media; gyroscope; picture-in-picture\" allowfullscreen><\/iframe>\n<\/div><\/figure>\n\n\n\n<hr class=\"wp-block-separator has-css-opacity\"\/>\n\n\n\n<div class=\"wp-block-image custom16\"><figure class=\"alignleft is-resized\"><img decoding=\"async\" src=\"https:\/\/donnerbookprize.com\/wp-content\/uploads\/2020\/04\/LivingWithChina_cover_512x340-1.jpg\" alt=\"Living With China\" class=\"wp-image-1249\" width=\"199\" height=\"NaN\"><\/figure><\/div>\n\n\n\n<h2 class=\"wp-block-heading has-text-align-left\"> Living With China: A Middle Power Finds Its Way  <\/h2>\n\n\n\n<h3 class=\"wp-block-heading has-text-align-left\"> Wendy Dobson (Rotman-UTP Publishing\/University of Toronto Press)<\/h3>\n\n\n\n<p class=\"custom7\">Vu le r\u00f4le \u00e9mergeant de la Chine dans le monde et ses relations actuelles difficiles avec le Canada, LivingWith China donne un aper\u00e7u instructif et d\u2019actualit\u00e9 sur une question importante.  Il est difficile de trop insister sur l\u2019importance d\u2019\u00e9tablir des relations efficaces et rentables avec la Chine.  Dans ce livre, MmDobson, agr\u00e9g\u00e9e sup\u00e9rieure \u00e0 la Fondation Asie Pacifique du Canada, fournit une perspective historique,une description d\u00e9taill\u00e9e de la strat\u00e9gie \u00e9conomique et politique de la Chine, ainsi que de solides recommandations en mati\u00e8re de politiques pour l\u2019avenir.  <\/p>\n\n\n\n<p class=\"custom9\"><em><strong>Wendy Dobson <\/strong>, professeure \u00e9m\u00e9rite \u00e0 l\u2019\u00e9cole Rotman de l\u2019Universit\u00e9 de Toronto, enseigne le commerce international et les politiques publiques canadiennes. Elle a publi\u00e9 des ouvrages en anglais et en mandarin portant sur l\u2019\u00e9conomie et le syst\u00e8me financier chinois, ainsi que sur l\u2019innovation en Chine. <\/em><br><br>Pour acheter le livre de Wendy Dobson: <a rel=\"noreferrer noopener\" href=\"https:\/\/www.chapters.indigo.ca\/en-ca\/books\/living-with-china-a-middle\/9781487504823-item.html?ikwid=living+with+china&amp;ikwsec=Home&amp;ikwidx=0#algoliaQueryId=87b73e569dd75b0281a4e92e69249efb\" target=\"_blank\">Living With China: A Middle Power Finds Its Way<\/a><\/p>\n\n\n\n<figure class=\"wp-block-embed-youtube wp-block-embed is-type-video is-provider-youtube wp-embed-aspect-16-9 wp-has-aspect-ratio custom34\"><div class=\"wp-block-embed__wrapper\">\n<iframe loading=\"lazy\" title=\"Wendy Dobson: Living with China: A Middle Power Finds Its Way\" width=\"1200\" height=\"675\" src=\"https:\/\/www.youtube.com\/embed\/jrcj_HgP0zc?feature=oembed\" frameborder=\"0\" allow=\"accelerometer; autoplay; clipboard-write; encrypted-media; gyroscope; picture-in-picture\" allowfullscreen><\/iframe>\n<\/div><\/figure>\n\n\n\n<hr class=\"wp-block-separator has-css-opacity\"\/>\n\n\n\n<div class=\"wp-block-image custom16\"><figure class=\"alignleft is-resized\"><img decoding=\"async\" src=\"https:\/\/donnerbookprize.com\/wp-content\/uploads\/2020\/04\/WealthOfFirstNations_cover_512x340.jpg\" alt=\"The Wealth of First Nations\" class=\"wp-image-1249\" width=\"199\" height=\"NaN\"><\/figure><\/div>\n\n\n\n<h2 class=\"wp-block-heading has-text-align-left\">The Wealth of First Nations<\/h2>\n\n\n\n<h3 class=\"wp-block-heading has-text-align-left\">Tom Flanagan (Fraser Institute) <\/h3>\n\n\n\n<p class=\"has-text-align-left custom7\">Clairement ax\u00e9 sur le grand enjeu que repr\u00e9sente l\u2019am\u00e9lioration du bien-\u00eatre \u00e9conomique et social desPremi\u00e8res Nations, ce livre est tr\u00e8s pertinent et traite d\u2019une question permanente de politique. L\u2019analyse faite par Flanagan des fa\u00e7ons dont les transferts pourraient \u00eatre structur\u00e9s est tr\u00e8s originale,et pourrait s\u2019av\u00e9rer une contribution in\u00e9dite tant d\u2019un point de vue statistique que politique. Cet ouvrage concis enrichira le d\u00e9bat, et devrait favoriser la discussion et le dialogue sur la mani\u00e8re d\u2019aller de l\u2019avant afin d\u2019\u00e9quilibrer le d\u00e9veloppement \u00e9conomique et l\u2019investissement du gouvernement <\/p>\n\n\n\n<p class=\"custom9\"><em><strong>Tom Flanagan<\/strong> est un professeur \u00e9m\u00e9rite de sciences politiques et un membre distingu\u00e9 de l\u2019\u00e9cole des politiques publiques de l\u2019Universit\u00e9 de Calgary. <\/em><br><br>Lire le livre de Tom Flanagan: <a rel=\"noreferrer noopener\" href=\"https:\/\/www.fraserinstitute.org\/sites\/default\/files\/wealth-of-first-nations-2019.pdf\" target=\"_blank\">The Wealth of First Nations<\/a><\/p>\n\n\n\n<figure class=\"wp-block-embed-youtube wp-block-embed is-type-video is-provider-youtube wp-embed-aspect-16-9 wp-has-aspect-ratio custom34\"><div class=\"wp-block-embed__wrapper\">\n<iframe loading=\"lazy\" title=\"Tom Flanagan: The Wealth of First Nations\" width=\"1200\" height=\"675\" src=\"https:\/\/www.youtube.com\/embed\/NCJQhFImngA?feature=oembed\" frameborder=\"0\" allow=\"accelerometer; autoplay; clipboard-write; encrypted-media; gyroscope; picture-in-picture\" allowfullscreen><\/iframe>\n<\/div><\/figure>\n\n\n\n<hr class=\"wp-block-separator has-css-opacity is-style-default\"\/>\n\n\n\n<div class=\"wp-block-image custom16\"><figure class=\"alignleft is-resized\"><img decoding=\"async\" src=\"https:\/\/donnerbookprize.com\/wp-content\/uploads\/2020\/04\/TangledGarden_cover_512x340.jpg\" alt=\"The Tangled Garden\" class=\"wp-image-1249\" width=\"199\" height=\"NaN\"><\/figure><\/div>\n\n\n\n<h2 class=\"wp-block-heading\">The Tangled Garden: A Canadian Cultural Manifesto for the Digital Age<\/h2>\n\n\n\n<h3 class=\"wp-block-heading\">Richard Stursberg en collaboration avec Stephen Armstrong (James Lorimer &amp; Company Ltd.)  <\/h3>\n\n\n\n<p class=\"custom7\">Richard Stursberg en collaboration avec Stephen Armstrong (James Lorimer &amp; Co.)Le probl\u00e8me qui consiste \u00e0 faire en sorte que la culture canadienne survive aux changements technologiques dans la production et la distribution du contenu num\u00e9rique figure au premier plan dud\u00e9bat politique au Parlement.  Ici, Stursberg, v\u00e9t\u00e9ran de l\u2019industrie, explique la menace que pose FAANG(Facebook, Amazon, Apple, Netflix, Google), pr\u00e9sentant \u00e0 la fois le contexte historique et des recommandations explicites, dont une d\u00e9finition plus claire de ce que l\u2019on entend par contenu canadien ainsi que des approches possibles pour subventionner ce contenu. Stursberg dresse un portrait peu encourageant du statu quo et d\u00e9note un besoin urgent d\u2019action en mati\u00e8re de politiquepour uniformiser les r\u00e8gles du jeu.  <br><br><em><strong>Richard Stursberg<\/strong> Menant une carri\u00e8re de radiodiffuseur, Richard Stursberg a exerc\u00e9 les fonctions de directeur g\u00e9n\u00e9ral du service des t\u00e9l\u00e9films et de chef des services de langue anglaise \u00e0 la CBC. Il est actuellement pr\u00e9sident de PEN Canada.<\/em> <br><br>Pour acheter le livre de Richard Stursberg avec Stephen Armstrong: <a href=\"https:\/\/www.chapters.indigo.ca\/en-ca\/books\/the-tangled-garden-a-canadian\/9781459413283-item.html?ikwid=tangled+garden&amp;ikwsec=Home&amp;ikwidx=0#algoliaQueryId=d10be70d72b6e2b17b7e0c672b108354\" target=\"_blank\" rel=\"noreferrer noopener\">The Tangled Garden: A Canadian Cultural Manifesto for the Digital Age<\/a><\/p>\n\n\n\n<figure class=\"wp-block-embed-youtube wp-block-embed is-type-video is-provider-youtube wp-embed-aspect-16-9 wp-has-aspect-ratio custom34\"><div class=\"wp-block-embed__wrapper\">\n<iframe loading=\"lazy\" title=\"Richard Stursberg: The Tangled Garden: A Canadian Cultural Manifesto for the Digital Age\" width=\"1200\" height=\"675\" src=\"https:\/\/www.youtube.com\/embed\/fmcvS9oAy5w?feature=oembed\" frameborder=\"0\" allow=\"accelerometer; autoplay; clipboard-write; encrypted-media; gyroscope; picture-in-picture\" allowfullscreen><\/iframe>\n<\/div><\/figure>\n\n\n\n<h2 style=\"text-align:center\" class=\"custom13\">2019 DONNER JURY<\/h2>\n\n\n\n<h2 class=\"wp-block-heading has-text-align-left custom21\">David A. Dodge<\/h2>\n\n\n\n<h4 style=\"text-align:left;\">Pr\u00e9sidente<\/h4>\n\n\n\n<p class=\"has-text-align-left custom7\">M. David A. Dodge, O.C., M.S.R.C., est le pr\u00e9sident du jury du Prix Donner. Ancien gouverneur de la Banque du Canada de 2001 \u00e0 2008 et chancelier de l\u2019Universit\u00e9 Queen\u2019s de 2008 \u00e0 2015, M. Dodge est actuellement conseiller principal aupr\u00e8s de Bennett Jones LLP, pr\u00e9sident du Conseil national de l'Institut C.D. Howe, et membre des conseils d'administration de l'ICRA et du Conseil des acad\u00e9mies canadiennes (CAC). Au cours de sa carri\u00e8re au sein du gouvernement, il a \u00e9t\u00e9 d\u00e9l\u00e9gu\u00e9 aupr\u00e8s du G7, sous-ministre des Finances et sous-ministre de la Sant\u00e9. Durant sa carri\u00e8re universitaire, il a enseign\u00e9 l'\u00e9conomie aupr\u00e8s de l'Universit\u00e9 Queen's, de l'\u00c9cole d'\u00e9tudes internationales sup\u00e9rieures de l'Universit\u00e9 Johns Hopkins, de la Facult\u00e9 de commerce de l'Universit\u00e9 de la Colombie-Britannique, puis de l'Universit\u00e9 Simon Fraser.<\/p>\n\n\n\n<hr class=\"wp-block-separator has-css-opacity is-style-wide\"\/>\n\n\n\n<h2 class=\"wp-block-heading has-text-align-left\">Dr. Elizabeth Cannon<\/h2>\n\n\n\n<p class=\"has-text-align-left custom7\">Mme Elizabeth Cannon, Ph. D., est pr\u00e9sidente \u00e9m\u00e9rite et professeure de g\u00e9nie g\u00e9omatique \u00e0 l\u2019Universit\u00e9 de Calgary, o\u00f9 elle a occup\u00e9 le poste de pr\u00e9sidente et vice-chanceli\u00e8re de juillet 2010 \u00e0 d\u00e9cembre 2018. Avant son mandat en tant que pr\u00e9sidente, Mme Cannon \u00e9tait doyenne du complexe de l\u2019\u00e9cole d\u2019ing\u00e9nierie Schulich de l\u2019Universit\u00e9 de Calgary. En sa qualit\u00e9 d\u2019experte en g\u00e9nie g\u00e9omatique et d\u2019ing\u00e9nieure professionnelle, les recherches effectu\u00e9es par Mme Cannon sont \u00e0 l\u2019avant-plan des syst\u00e8mes de positionnement mondial (GPS) depuis 1984. Elle est ancienne pr\u00e9sidente du regroupement des universit\u00e9s canadiennes et a \u00e9t\u00e9 membre du Conseil des sciences, de la technologie et de l\u2019innovation (CSTI) du ministre f\u00e9d\u00e9ral de l\u2019Innovation, des Sciences et du D\u00e9veloppement \u00e9conomique. Mme Cannon est actuellement membre du conseil d\u2019administration de l\u2019Universit\u00e9 Aga Khan, membre du Creative Destruction Lab \u2013 Rockies et directrice de la Fondation Gairdner. En juin 2019, elle a \u00e9t\u00e9 nomm\u00e9e offici\u00e8re de l\u2019Ordre du Canada. <\/p>\n\n\n\n<hr class=\"wp-block-separator has-css-opacity is-style-wide\"\/>\n\n\n\n<h2 class=\"wp-block-heading has-text-align-left\">Jean-Marie Dufour<\/h2>\n\n\n\n<p class=\"has-text-align-left custom7\">\nM. Jean-Marie Dufour, O.C. et O.Q., est titulaire de la chaire William Dow et professeur d\u2019\u00e9conomie politique \u00e0 l\u2019Universit\u00e9 McGill, ainsi que membre titulaire de l\u2019Econometric Society, de l\u2019American Statistical Association, de l\u2019International Association for Applied Econometrics, de l\u2019Association canadienne d\u2019\u00e9conomique (ACE) et de la Soci\u00e9t\u00e9 royale du Canada. Il est \u00e9galement directeur de l\u2019Atelier canadien d\u2019\u00e9conom\u00e9trie, ainsi que chercheur aupr\u00e8s du Centre interuniversitaire de recherche en analyse des organisations (CIRANO) et du Centre interuniversitaire de recherche en \u00e9conomie quantitative (CIREQ). M. Dufour a \u00e9t\u00e9 pr\u00e9sident de l\u2019Association canadienne d\u2019\u00e9conomique et de la Soci\u00e9t\u00e9 canadienne de science \u00e9conomique (SCSE). Au cours de sa carri\u00e8re universitaire, il a \u00e9galement obtenu une bourse de recherche de la Banque du Canada, et a \u00e9t\u00e9 titulaire d\u2019une chaire de recherche du Canada (en \u00e9conom\u00e9trie \u00e0 l\u2019Universit\u00e9 de Montr\u00e9al), de la Chaire d\u2019excellence Pierre de Fermat (\u00c9cole d\u2019\u00e9conomie de Toulouse), et de la Chaire d\u2019excellence Banco Santander (Universitad Carlos III de Madrid). En outre, il a re\u00e7u de nombreuses r\u00e9compenses, notamment les Prix Killam et L\u00e9on-G\u00e9rin en sciences sociales, le Prix John Rae (ACE), le Prix Marcel-Dagenais (SCSE), une bourse Guggenheim et le Prix de la recherche Konrad Adenauer (Fondation Alexander von Humboldt, Allemagne).\n<\/p>\n\n\n\n<hr class=\"wp-block-separator has-css-opacity is-style-wide\"\/>\n\n\n\n<h2 class=\"wp-block-heading has-text-align-left\">Brenda Eaton<\/h2>\n\n\n\n<p class=\"has-text-align-left custom7\">\n\nMme Brenda Eaton si\u00e8ge aux conseils d\u2019administration de soci\u00e9t\u00e9s d\u2019\u00e9tat, d\u2019entreprises priv\u00e9es et d\u2019organismes sans but lucratif, entre autres. Actuellement pr\u00e9sidente de Transelec, elle est \u00e9galement membre des comit\u00e9s de Fortis BC, Westland Insurance, Technical Safety BC et membre du conseil d\u2019administration du Projet de traitement des eaux us\u00e9es de la zone principale du District r\u00e9gional de Victoria. Avant d\u2019occuper les fonctions de directrice, Mme Eaton a \u00e9t\u00e9 sous-ministre du premier ministre de la Colombie-Britannique, et sous-ministre des Finances et du Conseil du tr\u00e9sor, de l\u2019\u00c9nergie et des Mines, ainsi que des Services sociaux. Pendant plusieurs ann\u00e9es, elle a \u00e9t\u00e9 chef des finances d\u2019une autorit\u00e9 sanitaire. Mme Eaton \u0153uvre activement dans plusieurs organisations sans but lucratif, notamment la Soci\u00e9t\u00e9 Alzheimer de la Colombie-Britannique, la Vancouver Foundation, Triathlon Canada et la Fondation Max Bell. Mme Eaton est titulaire d\u2019une ma\u00eetrise en \u00e9conomie. Elle a obtenu plusieurs prix de reconnaissance, notamment la M\u00e9daille du jubil\u00e9 de la Reine pour sa contribution communautaire, le prix Distinguished Alumni de l\u2019Universit\u00e9 de Victoria et a \u00e9t\u00e9 reconnue parmi les 100 femmes les plus influentes au Canada par le R\u00e9seau des femmes ex\u00e9cutives.<\/p>\n\n\n\n<hr class=\"wp-block-separator has-css-opacity is-style-wide\"\/>\n\n\n\n<h2 class=\"wp-block-heading has-text-align-left\">Peter Nicholson<\/h2>\n\n\n\n<p class=\"has-text-align-left custom7\">M. Peter Nicholson, O.C., a occup\u00e9 de nombreuses fonctions au sein du gouvernement, d\u2019entreprises, dans le domaine de la science et de l\u2019enseignement sup\u00e9rieur. Il est n\u00e9 \u00e0 Halifax et a \u00e9tudi\u00e9 la physique \u00e0 l\u2019Universit\u00e9 Dalhousie, o\u00f9 il a obtenu un baccalaur\u00e9at et une ma\u00eetrise. Il a poursuivi ses \u00e9tudes pour obtenir un doctorat en recherche op\u00e9rationnelle \u00e0 l\u2019Universit\u00e9 Stanford et a commenc\u00e9 sa carri\u00e8re universitaire par l\u2019enseignement de l\u2019informatique \u00e0 l\u2019Universit\u00e9 du Minnesota. Le Dr Nicholson a \u00e9t\u00e9 membre de l\u2019Assembl\u00e9e l\u00e9gislative de la Nouvelle-\u00c9cosse et chef de cabinet adjoint aux politiques au Cabinet du premier ministre. Il a \u00e9galement occup\u00e9 des postes de cadre sup\u00e9rieur aupr\u00e8s de la Banque Scotia et de la BCE, a \u00e9t\u00e9 le conseiller sp\u00e9cial du secr\u00e9taire g\u00e9n\u00e9ral de l\u2019Organisation de coop\u00e9ration et de d\u00e9veloppement \u00e9conomiques et fut le premier directeur g\u00e9n\u00e9ral du Conseil des acad\u00e9mies canadiennes. Il partage actuellement son temps entre Annapolis Royal, en Nouvelle-\u00c9cosse, et Austin, au Texas. <\/p>\n\n\n\n<p><\/p>","protected":false},"excerpt":{"rendered":"<p>Here&#8217;s a look back at past winners and the books that made that year&#8217;s shortlist. You&#8217;ll also find our Jury from each award season. 2019 Winner WINNER Breakdown: The Pipeline Debate and the Threat to Canada\u2019s Future Dennis McConaghy (Dundurn Press) Breakdown addresses arguably one of the most contentious and consequential set of policy issues &#8230; <a title=\"2019 Winner\" class=\"read-more\" href=\"https:\/\/donnerbookprize.com\/francais\/past-winners-2019\/\">Read more<span class=\"screen-reader-text\">2019 Winner<\/span><\/a><\/p>","protected":false},"author":1,"featured_media":3175,"parent":0,"menu_order":0,"comment_status":"closed","ping_status":"closed","template":"","meta":{"footnotes":""},"class_list":["post-3766","page","type-page","status-publish","has-post-thumbnail"],"_links":{"self":[{"href":"https:\/\/donnerbookprize.com\/francais\/wp-json\/wp\/v2\/pages\/3766","targetHints":{"allow":["GET"]}}],"collection":[{"href":"https:\/\/donnerbookprize.com\/francais\/wp-json\/wp\/v2\/pages"}],"about":[{"href":"https:\/\/donnerbookprize.com\/francais\/wp-json\/wp\/v2\/types\/page"}],"author":[{"embeddable":true,"href":"https:\/\/donnerbookprize.com\/francais\/wp-json\/wp\/v2\/users\/1"}],"replies":[{"embeddable":true,"href":"https:\/\/donnerbookprize.com\/francais\/wp-json\/wp\/v2\/comments?post=3766"}],"version-history":[{"count":0,"href":"https:\/\/donnerbookprize.com\/francais\/wp-json\/wp\/v2\/pages\/3766\/revisions"}],"wp:featuredmedia":[{"embeddable":true,"href":"https:\/\/donnerbookprize.com\/francais\/wp-json\/wp\/v2\/media\/3175"}],"wp:attachment":[{"href":"https:\/\/donnerbookprize.com\/francais\/wp-json\/wp\/v2\/media?parent=3766"}],"curies":[{"name":"wp","href":"https:\/\/api.w.org\/{rel}","templated":true}]}}