{"id":3890,"date":"2021-09-15T09:43:57","date_gmt":"2021-09-15T13:43:57","guid":{"rendered":"https:\/\/donnerbookpriz.wpengine.com\/?page_id=3890"},"modified":"2022-01-17T10:43:14","modified_gmt":"2022-01-17T15:43:14","slug":"2021-donner-jury","status":"publish","type":"page","link":"https:\/\/donnerbookprize.com\/francais\/about\/2021-donner-jury\/","title":{"rendered":"2021 Donner Jury"},"content":{"rendered":"<hr class=\"wp-block-separator is-style-wide\"\/>\n\n\n\n<div class=\"wp-block-image custom16\"><figure class=\"alignleft\"><img decoding=\"async\" src=\"https:\/\/donnerbookprize.com\/wp-content\/uploads\/2019\/03\/DavidADodge.jpg\" alt=\"David A. Dodge\" class=\"wp-image-169\"\/><\/figure><\/div>\n\n\n\n<h2 class=\"has-text-align-left custom21 wp-block-heading\">David A. Dodge<\/h2>\n\n\n\n<h4 style=\"text-align:left;\">Pr\u00e9sidente<\/h4>\n\n\n\n<p class=\"has-text-align-left custom7 translation-block\">M. David A. Dodge, O.C., M.S.R.C., est le pr\u00e9sident du jury du Prix Donner. Ancien gouverneur de la Banque du Canada de 2001 \u00e0 2008 et chancelier de l\u2019Universit\u00e9 Queen\u2019s de 2008 \u00e0 2015, M. David Dodge est actuellement conseiller principal aupr\u00e8s de Bennett Jones LLP, pr\u00e9sident du Conseil national de l\u2019Institut C.D. Howe, et membre des conseils d\u2019administration de l\u2019ICRA et de Riskthinking.AI. Au cours de sa carri\u00e8re au sein du gouvernement, il a \u00e9t\u00e9 d\u00e9l\u00e9gu\u00e9 aupr\u00e8s du G7, sous-ministre des Finances et sous-ministre de la Sant\u00e9. Durant sa carri\u00e8re universitaire, il a enseign\u00e9 l\u2019\u00e9conomie \u00e0 l\u2019Universit\u00e9 Queen\u2019s, \u00e0 l\u2019\u00c9cole d\u2019\u00e9tudes internationales sup\u00e9rieures de l\u2019Universit\u00e9 Johns Hopkins, \u00e0 la Facult\u00e9 de commerce de l\u2019Universit\u00e9 de la Colombie-Britannique et \u00e0 l\u2019Universit\u00e9 Simon Fraser.<\/p>\n\n\n\n<hr class=\"wp-block-separator is-style-wide\"\/>\n\n\n\n<div class=\"wp-block-image custom8c\"><figure class=\"alignleft size-large\"><img loading=\"lazy\" decoding=\"async\" width=\"309\" height=\"265\" src=\"https:\/\/donnerbookprize.com\/wp-content\/uploads\/2019\/03\/JeanMarieDufour.jpg\" alt=\"\" class=\"wp-image-274\" srcset=\"https:\/\/donnerbookprize.com\/wp-content\/uploads\/2019\/03\/JeanMarieDufour.jpg 309w, https:\/\/donnerbookprize.com\/wp-content\/uploads\/2019\/03\/JeanMarieDufour-300x257.jpg 300w\" sizes=\"auto, (max-width: 309px) 100vw, 309px\" \/><\/figure><\/div>\n\n\n\n<h2 class=\"has-text-align-left wp-block-heading\">Jean-Marie Dufour<\/h2>\n\n\n\n<p class=\"has-text-align-left custom7 translation-block\">M. Jean-Marie Dufour, O.C. et O.Q., est titulaire de la chaire William Dow et professeur d\u2019\u00e9conomie politique \u00e0 l\u2019Universit\u00e9 McGill, ainsi que membre titulaire de l\u2019Econometric Society, de l\u2019American Statistical Association, de l\u2019International Association for Applied Econometrics, de l\u2019Association canadienne d\u2019\u00e9conomique (ACE) et de la Soci\u00e9t\u00e9 royale du Canada.<br><br> Il est \u00e9galement directeur de l\u2019Atelier canadien d\u2019\u00e9conom\u00e9trie, ainsi que chercheur aupr\u00e8s du Centre interuniversitaire de recherche en analyse des organisations (CIRANO) et du Centre interuniversitaire de recherche en \u00e9conomie quantitative (CIREQ). M. Dufour a \u00e9t\u00e9 pr\u00e9sident de l\u2019Association canadienne d\u2019\u00e9conomique et de la Soci\u00e9t\u00e9 canadienne de science \u00e9conomique (SCSE). Au cours de sa carri\u00e8re universitaire, il a \u00e9galement obtenu une bourse de recherche de la Banque du Canada, et a \u00e9t\u00e9 titulaire d\u2019une chaire de recherche du Canada (en \u00e9conom\u00e9trie \u00e0 l\u2019Universit\u00e9 de Montr\u00e9al), de la Chaire d\u2019excellence Pierre de Fermat (\u00c9cole d\u2019\u00e9conomie de Toulouse), et de la Chaire d\u2019excellence Banco Santander (Universitad Carlos III de Madrid).<br><br> En outre, il a re\u00e7u de nombreuses r\u00e9compenses, notamment les Prix Killam et L\u00e9on-G\u00e9rin en sciences sociales, le Prix John Rae (ACE), le Prix Marcel-Dagenais (SCSE), une bourse Guggenheim et le Prix de la recherche Konrad Adenauer (Fondation Alexander von Humboldt, Allemagne).<\/p>\n\n\n\n<hr class=\"wp-block-separator is-style-wide\"\/>\n\n\n\n<div class=\"wp-block-image custom8c\"><figure class=\"alignleft\"><img decoding=\"async\" src=\"https:\/\/donnerbookprize.com\/wp-content\/uploads\/2019\/03\/BrendaEaton.jpg\" alt=\"Brenda Eaton\" class=\"wp-image-169\"\/><\/figure><\/div>\n\n\n\n<h2 class=\"has-text-align-left wp-block-heading\">Brenda Eaton<\/h2>\n\n\n\n<p class=\"has-text-align-left custom7 translation-block\">Mme Brenda Eaton si\u00e8ge aux conseils d\u2019administration de soci\u00e9t\u00e9s d\u2019\u00c9tat, d\u2019entreprises priv\u00e9es et d\u2019organismes sans but lucratif. Elle est actuellement pr\u00e9sidente du conseil de BC Ferries et de Westland Insurance, et si\u00e8ge \u00e9galement sur les conseils d\u2019administration de LifeLabs et sur le Comit\u00e9 d\u2019examen ind\u00e9pendant de gestion des actifs mondiaux de la Banque Royale du Canada.  Avant d\u2019occuper les fonctions de directrice d\u2019entreprise, Mme Eaton a \u00e9t\u00e9 sous-ministre du premier ministre de la Colombie-Britannique, et sous-ministre des Finances et du Conseil du tr\u00e9sor, de l\u2019\u00c9nergie et des Mines, et des Services sociaux. Pendant plusieurs ann\u00e9es, elle a \u00e9t\u00e9 directrice financi\u00e8re d\u2019une autorit\u00e9 sanitaire.  Mme Eaton \u0153uvre activement dans plusieurs organisations sans but lucratif, notamment la Soci\u00e9t\u00e9 Alzheimer de la Colombie-Britannique, la Vancouver Foundation, la Soci\u00e9t\u00e9 canadienne de la Croix-Rouge et la Fondation Max Bell. Mme Eaton est titulaire d\u2019une ma\u00eetrise en \u00e9conomie. Elle a obtenu plusieurs prix de reconnaissance, notamment la M\u00e9daille du jubil\u00e9 de la Reine pour sa contribution communautaire, le prix Distinguished Alumni de l\u2019Universit\u00e9 de Victoria, et a \u00e9t\u00e9 reconnue parmi les 100 femmes les plus influentes au Canada par le R\u00e9seau des femmes cadres sup\u00e9rieures du Canada.<\/p>\n\n\n\n<hr class=\"wp-block-separator is-style-wide\"\/>\n\n\n\n<div class=\"wp-block-image custom8c\"><figure class=\"alignleft size-large\"><img loading=\"lazy\" decoding=\"async\" width=\"309\" height=\"265\" src=\"https:\/\/donnerbookprize.com\/wp-content\/uploads\/2021\/09\/LouiseFrechette_309x265.jpg\" alt=\"\" class=\"wp-image-3879\" srcset=\"https:\/\/donnerbookprize.com\/wp-content\/uploads\/2021\/09\/LouiseFrechette_309x265.jpg 309w, https:\/\/donnerbookprize.com\/wp-content\/uploads\/2021\/09\/LouiseFrechette_309x265-300x257.jpg 300w\" sizes=\"auto, (max-width: 309px) 100vw, 309px\" \/><\/figure><\/div>\n\n\n\n<h2 class=\"has-text-align-left wp-block-heading\"><strong>Louise Frechette<\/strong><\/h2>\n\n\n\n<p class=\"custom7 translation-block\"><strong>Louise Fr\u00e9chette<\/strong> a occup\u00e9 le poste de sous-secr\u00e9taire g\u00e9n\u00e9rale des Nations Unies de 1998 \u00e0 2006 \u00e0 la suite d\u2019une carri\u00e8re dans le service public du Canada, ayant \u00e9t\u00e9 notamment ambassadrice en Argentine et en Uruguay (1985-1988), ambassadrice aux Nations Unies (1992-1994), sous-ministre adjointe des Finances (1995) et sous-ministre de la D\u00e9fense nationale (1995-1998). \n<br><br>\nDepuis son d\u00e9part de l\u2019ONU en 2006, Mme Fr\u00e9chette a \u00e9t\u00e9 associ\u00e9e \u00e0 de nombreux \u00e9tablissements universitaires et de recherche au Canada et \u00e0 l\u2019\u00e9tranger. En juin 2019, Mme Fr\u00e9chette a conclu son mandat de trois ans \u00e0 titre de pr\u00e9sidente du conseil de surveillance et du conseil de CARE International apr\u00e8s avoir si\u00e9g\u00e9 comme pr\u00e9sidente de CARE Canada de 2011 \u00e0 2015. Elle est actuellement membre du conseil de la Global Leadership Foundation.\n<br><br>\nLouise Fr\u00e9chette est dipl\u00f4m\u00e9e en histoire de l\u2019Universit\u00e9 de Montr\u00e9al et titulaire d\u2019un certificat en \u00e9conomie du Coll\u00e8ge d\u2019Europe \u00e0 Bruges, en Belgique. Elle est offici\u00e8re de l\u2019Ordre du Canada.<\/p>\n\n\n\n<hr class=\"wp-block-separator is-style-wide\"\/>\n\n\n\n<div class=\"wp-block-image custom8c\"><figure class=\"alignleft size-large\"><img loading=\"lazy\" decoding=\"async\" width=\"309\" height=\"265\" src=\"https:\/\/donnerbookprize.com\/wp-content\/uploads\/2021\/09\/Restoule_309x265.jpg\" alt=\"\" class=\"wp-image-3872\" srcset=\"https:\/\/donnerbookprize.com\/wp-content\/uploads\/2021\/09\/Restoule_309x265.jpg 309w, https:\/\/donnerbookprize.com\/wp-content\/uploads\/2021\/09\/Restoule_309x265-300x257.jpg 300w\" sizes=\"auto, (max-width: 309px) 100vw, 309px\" \/><\/figure><\/div>\n\n\n\n<h2 class=\"has-text-align-left wp-block-heading\">Karen Restoule<\/h2>\n\n\n\n<p class=\"custom7 translation-block\">Karen Restoule est PDG de Shared Value Solutions, une soci\u00e9t\u00e9 de conseil environnemental et de d\u00e9veloppement communautaire qui soutient les objectifs de prosp\u00e9rit\u00e9, d\u2019intendance et de juridiction des communaut\u00e9s autochtones. Pr\u00e9c\u00e9demment, Mme Restoule a tenu le r\u00f4le de pr\u00e9sidente-directrice suppl\u00e9ante \u00e0 Tribunaux d\u00e9cisionnels Ontario. Elle a \u00e9galement dirig\u00e9 le portefeuille de la justice \u00e0 Chiefs of Ontario. Mme Restoule a co-fond\u00e9 BOLD Realities, travaillant \u00e0 promouvoir la relation entre l\u2019industrie et les peuples autochtones. En 2018, BOLD Realities a \u00e9tabli un partenariat avec \u00c9changes Racines Canadiennes et TakingITGlobal pour lancer www.whose.land, une application mobile bas\u00e9e sur le Web con\u00e7ue pour fournir aux utilisateurs de l\u2019information sur les territoires des peuples autochtones.\nMme Restoule est dipl\u00f4m\u00e9e de l\u2019Universit\u00e9 de Toronto et du programme de droit commun fran\u00e7ais de l\u2019Universit\u00e9 d\u2019Ottawa. Elle si\u00e8ge \u00e0 plusieurs conseils d\u2019administration et a re\u00e7u de nombreux prix pour sa contribution \u00e0 la soci\u00e9t\u00e9. Elle est en outre collaboratrice \u00e0 thehub.ca. Mme Restoule est Ojibwe de la Premi\u00e8re Nation Dokis.<\/p>\n\n\n\n<p><\/p>\n\n\n\n<hr class=\"wp-block-separator is-style-wide\"\/>\n\n\n\n<div class=\"wp-block-image custom8c\"><figure class=\"alignleft size-large\"><img loading=\"lazy\" decoding=\"async\" width=\"309\" height=\"265\" src=\"https:\/\/donnerbookprize.com\/wp-content\/uploads\/2021\/09\/FredWien_309x265.jpg\" alt=\"\" class=\"wp-image-3877\" srcset=\"https:\/\/donnerbookprize.com\/wp-content\/uploads\/2021\/09\/FredWien_309x265.jpg 309w, https:\/\/donnerbookprize.com\/wp-content\/uploads\/2021\/09\/FredWien_309x265-300x257.jpg 300w\" sizes=\"auto, (max-width: 309px) 100vw, 309px\" \/><\/figure><\/div>\n\n\n\n<h2 class=\"has-text-align-left wp-block-heading\">Frederick Wien<\/h2>\n\n\n\n<p class=\"custom7 translation-block\"><strong>Fred Wien<\/strong> a occup\u00e9 le poste de directeur de l\u2019\u00c9cole maritime de travail social \u00e0 l\u2019Universit\u00e9 Dalhousie de 1981 \u00e0 1986, puis a \u00e9t\u00e9 sous-directeur de la recherche \u00e0 la Commission royale sur les peuples autochtones, dirigeant le programme de recherche sur l\u2019emploi et le d\u00e9veloppement \u00e9conomique.<br><br>\nAu plan national, il a \u00e9t\u00e9 membre et tenu le r\u00f4le de pr\u00e9sident de la Commission consultative pour l\u2019Institut de la sant\u00e9 des Autochtones (ISA \/ IRSC). Il a \u00e9t\u00e9 nomm\u00e9 investigateur principal pour une bourse de recherche majeure de l\u2019IRSC pour le projet : \u00ab A Poverty Reduction Approach to Improving the Health and Well-being of First Nation Communities in Canada \u00bb (Une approche \u00e0 la r\u00e9duction de la pauvret\u00e9 visant \u00e0 am\u00e9liorer la sant\u00e9 et le bien-\u00eatre des communaut\u00e9s des Premi\u00e8res Nations au Canada), de m\u00eame que pour un projet financ\u00e9 par l\u2019IRSC portant sur l\u2019\u00e9tablissement d\u2019un cadre de politiques sociales pour la sant\u00e9 et le bien-\u00eatre des communaut\u00e9s Mi\u2019kmaq en Nouvelle-\u00c9cosse (\u00ab Building a Social Policy Framework for the Health and Well-being of Mi\u2019kmaq Communities in Nova Scotia \u00bb).<br><br>\nDipl\u00f4m\u00e9 de l\u2019Universit\u00e9 Queen\u2019s avec une ma\u00eetrise et un doctorat de l\u2019Universit\u00e9 Cornell, M. Wien a \u00e9t\u00e9 nomm\u00e9 Membre de l\u2019Ordre du Canada en 2015.<\/p>\n\n\n\n<div style=\"height:10px\" aria-hidden=\"true\" class=\"wp-block-spacer\"><\/div>\n\n\n\n<div style=\"height:10px\" aria-hidden=\"true\" class=\"wp-block-spacer\"><\/div>","protected":false},"excerpt":{"rendered":"<p>David A. Dodge CHAIR David A. Dodge, O.C., F.R.S.C., is the Chair of the Donner Prize jury. A former Governor of the Bank of Canada from 2001 to 2008 and Chancellor of Queen\u2019s University from 2008 to 2015, David Dodge is currently Senior Advisor at Bennett Jones LLP, chair of the National Council of the &#8230; <a title=\"2021 Donner Jury\" class=\"read-more\" href=\"https:\/\/donnerbookprize.com\/francais\/about\/2021-donner-jury\/\">Read more<span class=\"screen-reader-text\">2021 Donner Jury<\/span><\/a><\/p>","protected":false},"author":1,"featured_media":3179,"parent":7,"menu_order":0,"comment_status":"closed","ping_status":"closed","template":"","meta":{"footnotes":""},"class_list":["post-3890","page","type-page","status-publish","has-post-thumbnail"],"_links":{"self":[{"href":"https:\/\/donnerbookprize.com\/francais\/wp-json\/wp\/v2\/pages\/3890","targetHints":{"allow":["GET"]}}],"collection":[{"href":"https:\/\/donnerbookprize.com\/francais\/wp-json\/wp\/v2\/pages"}],"about":[{"href":"https:\/\/donnerbookprize.com\/francais\/wp-json\/wp\/v2\/types\/page"}],"author":[{"embeddable":true,"href":"https:\/\/donnerbookprize.com\/francais\/wp-json\/wp\/v2\/users\/1"}],"replies":[{"embeddable":true,"href":"https:\/\/donnerbookprize.com\/francais\/wp-json\/wp\/v2\/comments?post=3890"}],"version-history":[{"count":0,"href":"https:\/\/donnerbookprize.com\/francais\/wp-json\/wp\/v2\/pages\/3890\/revisions"}],"up":[{"embeddable":true,"href":"https:\/\/donnerbookprize.com\/francais\/wp-json\/wp\/v2\/pages\/7"}],"wp:featuredmedia":[{"embeddable":true,"href":"https:\/\/donnerbookprize.com\/francais\/wp-json\/wp\/v2\/media\/3179"}],"wp:attachment":[{"href":"https:\/\/donnerbookprize.com\/francais\/wp-json\/wp\/v2\/media?parent=3890"}],"curies":[{"name":"wp","href":"https:\/\/api.w.org\/{rel}","templated":true}]}}