{"id":3937,"date":"2022-04-26T10:00:19","date_gmt":"2022-04-26T14:00:19","guid":{"rendered":"https:\/\/donnerbookpriz.wpengine.com\/?page_id=3937"},"modified":"2022-04-29T15:20:23","modified_gmt":"2022-04-29T19:20:23","slug":"2021-shortlist","status":"publish","type":"page","link":"https:\/\/donnerbookprize.com\/francais\/2021-shortlist\/","title":{"rendered":"LISTES DES FINALISTES 2021"},"content":{"rendered":"<hr class=\"wp-block-separator is-style-wide\"\/>\n\n\n\n<p class=\"has-text-align-center custom4\"><strong>Announcing the 2021 Donner Prize Shortlist<\/strong><\/p>\n\n\n\n<div style=\"height:38px\" aria-hidden=\"true\" class=\"wp-block-spacer\"><\/div>\n\n\n\n<figure class=\"wp-block-embed-youtube wp-block-embed is-type-video is-provider-youtube wp-embed-aspect-16-9 wp-has-aspect-ratio\"><div class=\"wp-block-embed__wrapper\">\n<iframe loading=\"lazy\" title=\"The 2021 Donner Prize Shortlist Announcement\" width=\"1200\" height=\"675\" src=\"https:\/\/www.youtube.com\/embed\/S9QoXK6McRA?feature=oembed\" frameborder=\"0\" allow=\"accelerometer; autoplay; clipboard-write; encrypted-media; gyroscope; picture-in-picture; web-share\" allowfullscreen><\/iframe>\n<\/div><\/figure>\n\n\n\n<div style=\"height:20px\" aria-hidden=\"true\" class=\"wp-block-spacer\"><\/div>\n\n\n\n<hr class=\"wp-block-separator is-style-wide\"\/>\n\n\n\n<h2 class=\"has-text-align-left wp-block-heading\"><strong><strong>Innovation in Real Places<\/strong><\/strong> <strong>(Oxford University Press)<\/strong><\/h2>\n\n\n\n<div class=\"wp-block-columns is-layout-flex wp-container-core-columns-is-layout-9d6595d7 wp-block-columns-is-layout-flex\">\n<div class=\"wp-block-column is-layout-flow wp-block-column-is-layout-flow\" style=\"flex-basis:15.8%\">\n<figure class=\"wp-block-image size-large\"><img loading=\"lazy\" decoding=\"async\" width=\"340\" height=\"512\" src=\"https:\/\/donnerbookprize.com\/wp-content\/uploads\/2022\/04\/Breznitz_cover_340x512.jpg\" alt=\"\" class=\"wp-image-3939\" srcset=\"https:\/\/donnerbookprize.com\/wp-content\/uploads\/2022\/04\/Breznitz_cover_340x512.jpg 340w, https:\/\/donnerbookprize.com\/wp-content\/uploads\/2022\/04\/Breznitz_cover_340x512-199x300.jpg 199w\" sizes=\"auto, (max-width: 340px) 100vw, 340px\" \/><\/figure>\n<\/div>\n\n\n\n<div class=\"wp-block-column is-layout-flow wp-block-column-is-layout-flow\" style=\"flex-basis:66.66%\">\n<p>L\u2019une des nombreuses forces du livre de Breznitz est la diff\u00e9renciation entre l\u2019invention et l\u2019innovation. Il s\u2019int\u00e9resse aux diff\u00e9rents types d\u2019innovation et au r\u00f4le des gouvernements pour faciliter \u2013 et non entraver \u2013 le processus d\u2019innovation. Il consid\u00e8re de mani\u00e8re rafra\u00eechissante la n\u00e9cessit\u00e9 de se concentrer sur une v\u00e9ritable expansion \u00e9conomique plut\u00f4t que sur le capital-risque et l\u2019ing\u00e9nierie financi\u00e8re. Breznitz pr\u00e9sente des id\u00e9es sur la meilleure fa\u00e7on de soutenir l\u2019innovation, et, tout aussi important, sur ce qu\u2019il ne faut pas faire. Il ne fait gu\u00e8re de doute que l\u2019innovation est un moteur essentiel du progr\u00e8s \u00e9conomique, et Breznitz explique clairement l\u2019\u00e9ventail des facteurs en jeu qui peuvent favoriser ou entraver la croissance d\u2019une \u00e9conomie de l\u2019innovation. Une lecture essentielle pour tous ceux qui s\u2019int\u00e9ressent \u00e0 la politique industrielle, scientifique, financi\u00e8re, de concurrence et de d\u00e9veloppement r\u00e9gional.<\/p>\n\n\n\n<p><strong><strong><strong><strong>Dan Breznitz<\/strong><\/strong><\/strong><\/strong> est professeur et titulaire de la chaire Munk sur l\u2019innovation \u00e0 l\u2019\u00c9cole Munk des affaires internationales et politiques publiques, \u00e9conomiste invit\u00e9 Clifford Clark au minist\u00e8re f\u00e9d\u00e9ral des Finances et codirecteur, CIFAR Innovation, \u00e9quit\u00e9 et avenir de la prosp\u00e9rit\u00e9.<\/p>\n<\/div>\n<\/div>\n\n\n\n<h2 class=\"has-text-align-left wp-block-heading\"><strong><strong>Value(s)<\/strong><\/strong> <strong>(Signal\/M&amp;S)<\/strong><\/h2>\n\n\n\n<div class=\"wp-block-columns is-layout-flex wp-container-core-columns-is-layout-9d6595d7 wp-block-columns-is-layout-flex\">\n<div class=\"wp-block-column is-layout-flow wp-block-column-is-layout-flow\" style=\"flex-basis:15.8%\">\n<figure class=\"wp-block-image size-large\"><img loading=\"lazy\" decoding=\"async\" width=\"340\" height=\"512\" src=\"https:\/\/donnerbookprize.com\/wp-content\/uploads\/2022\/04\/Carney_cover_340x512.jpg\" alt=\"\" class=\"wp-image-3940\" srcset=\"https:\/\/donnerbookprize.com\/wp-content\/uploads\/2022\/04\/Carney_cover_340x512.jpg 340w, https:\/\/donnerbookprize.com\/wp-content\/uploads\/2022\/04\/Carney_cover_340x512-199x300.jpg 199w\" sizes=\"auto, (max-width: 340px) 100vw, 340px\" \/><\/figure>\n\n\n\n<p><\/p>\n<\/div>\n\n\n\n<div class=\"wp-block-column is-layout-flow wp-block-column-is-layout-flow\" style=\"flex-basis:66.66%\">\n<p>Le vaste ouvrage de Carney \u00e9tablit une distinction entre les \u00ab valeurs \u00bb (les objectifs g\u00e9n\u00e9raux en fonction desquels les r\u00e9sultats sociaux et \u00e9conomiques sont \u00e9valu\u00e9s) et la \u00ab valeur \u00bb (prix, valeur mon\u00e9taire). Il les mesure \u00e0 l\u2019aune de trois sujets d\u2019actualit\u00e9 d\u2019importance critique \u2013 le changement climatique, les pand\u00e9mies et la stabilit\u00e9 des march\u00e9s financiers, en les int\u00e9grant de mani\u00e8re transparente dans l\u2019arc des valeurs et de la valeur. Bien que ces sujets soient complexes, l\u2019\u00e9criture est claire et concise, int\u00e9grant diff\u00e9rents points de vue, donnant un nouvel \u00e9lan et humanisant ces grandes questions. Tr\u00e8s pertinent et opportun, l\u2019ouvrage de Carney pr\u00e9sente des suggestions politiques sp\u00e9cifiques et constructives afin de parvenir \u00e0 une \u00e9conomie et une soci\u00e9t\u00e9 fond\u00e9es sur des valeurs.<\/p>\n\n\n\n<p><strong><strong><strong>Mark Carney<\/strong><\/strong><\/strong> est actuellement l\u2019envoy\u00e9 sp\u00e9cial des Nations unies pour l\u2019action climatique ainsi que vice-pr\u00e9sident de Brookfield Asset Management.  Il a occup\u00e9 auparavant les postes de gouverneur de la Banque d\u2019Angleterre (2013 \u00e0 2020) et gouverneur de la Banque du Canada (2008 \u00e0 2013).<\/p>\n<\/div>\n<\/div>\n\n\n\n<h2 class=\"has-text-align-left wp-block-heading\"><strong><strong><strong><strong>Stand On Guard<\/strong><\/strong><\/strong><\/strong> <strong>(University of Toronto Press)<\/strong><\/h2>\n\n\n\n<div class=\"wp-block-columns is-layout-flex wp-container-core-columns-is-layout-9d6595d7 wp-block-columns-is-layout-flex\">\n<div class=\"wp-block-column is-layout-flow wp-block-column-is-layout-flow\" style=\"flex-basis:15.8%\">\n<figure class=\"wp-block-image size-large\"><img loading=\"lazy\" decoding=\"async\" width=\"340\" height=\"512\" src=\"https:\/\/donnerbookprize.com\/wp-content\/uploads\/2022\/04\/Carvin_cover_340x512.jpg\" alt=\"\" class=\"wp-image-3941\" srcset=\"https:\/\/donnerbookprize.com\/wp-content\/uploads\/2022\/04\/Carvin_cover_340x512.jpg 340w, https:\/\/donnerbookprize.com\/wp-content\/uploads\/2022\/04\/Carvin_cover_340x512-199x300.jpg 199w\" sizes=\"auto, (max-width: 340px) 100vw, 340px\" \/><\/figure>\n\n\n\n<p><\/p>\n<\/div>\n\n\n\n<div class=\"wp-block-column is-layout-flow wp-block-column-is-layout-flow\" style=\"flex-basis:66.66%\">\n<p>\u00c0 l\u2019heure o\u00f9 les menaces qui p\u00e8sent sur notre s\u00e9curit\u00e9 et nos valeurs se font chaque jour plus lourdes, l\u2019ouvrage de Stephanie Carvin arrive \u00e0 point nomm\u00e9. Accessible, avec un minimum d\u2019acronymes qui caract\u00e9risent le domaine du renseignement, elle d\u00e9crit les diff\u00e9rentes facettes des politiques canadiennes en mati\u00e8re de renseignement de s\u00e9curit\u00e9, ainsi que les forces et les faiblesses des diverses agences concern\u00e9es. Carvin couvre l\u2019espionnage \u00e9conomique et le cyberterrorisme, et plonge en profondeur dans l\u2019influence \u00e9trang\u00e8re clandestine. Elle affirme que le Canada a largement ferm\u00e9 les yeux sur cette menace. Elle souligne que la s\u00e9curit\u00e9 nationale a \u00e9volu\u00e9, passant de l\u2019espionnage et des actes de terrorisme physique \u00e0 une approche moderne sur de nombreux fronts, et que les politiques canadiennes n\u2019ont, de fa\u00e7on inqui\u00e9tante, pas suivi le rythme.<\/p>\n\n\n\n<p><strong><strong><strong><strong>Stephanie Carvin<\/strong><\/strong><\/strong><\/strong> est actuellement professeure agr\u00e9g\u00e9e de Relations internationales \u00e0 l\u2019\u00c9cole des affaires internationales Norman Patterson de l\u2019Universit\u00e9 Carleton \u00e0 Ottawa.  Elle est titulaire d\u2019un doctorat de la London School of Economics, et est une ancienne analyste de s\u00e9curit\u00e9 travaillant sur l\u2019\u00e9valuation des menaces pour les hauts \u00e9chelons de gouvernement.<\/p>\n<\/div>\n<\/div>\n\n\n\n<h2 class=\"has-text-align-left wp-block-heading\"><strong><strong><strong><strong>Indigenomics<\/strong><\/strong><\/strong><\/strong> <strong>(New Society Publishers)<\/strong><\/h2>\n\n\n\n<div class=\"wp-block-columns is-layout-flex wp-container-core-columns-is-layout-9d6595d7 wp-block-columns-is-layout-flex\">\n<div class=\"wp-block-column is-layout-flow wp-block-column-is-layout-flow\" style=\"flex-basis:15.8%\">\n<figure class=\"wp-block-image size-large\"><img loading=\"lazy\" decoding=\"async\" width=\"340\" height=\"512\" src=\"https:\/\/donnerbookprize.com\/wp-content\/uploads\/2022\/04\/Hilton_cover_340x512.jpg\" alt=\"\" class=\"wp-image-3942\" srcset=\"https:\/\/donnerbookprize.com\/wp-content\/uploads\/2022\/04\/Hilton_cover_340x512.jpg 340w, https:\/\/donnerbookprize.com\/wp-content\/uploads\/2022\/04\/Hilton_cover_340x512-199x300.jpg 199w\" sizes=\"auto, (max-width: 340px) 100vw, 340px\" \/><\/figure>\n\n\n\n<p><\/p>\n<\/div>\n\n\n\n<div class=\"wp-block-column is-layout-flow wp-block-column-is-layout-flow\" style=\"flex-basis:66.66%\">\n<p>Hilton expose une question extr\u00eamement importante et pertinente pour l\u2019avenir du Canada, de son \u00e9conomie, de sa soci\u00e9t\u00e9 et, dans une mesure \u00e9gale, de l\u2019\u00e9conomie et de la soci\u00e9t\u00e9 des peuples autochtones. Elle montre que l\u2019autonomisation \u00e9conomique des autochtones n\u2019est pas seulement imp\u00e9rative et dans l\u2019int\u00e9r\u00eat du pays tout entier, mais qu\u2019elle est aussi tout \u00e0 fait r\u00e9alisable, compte tenu de la dynamique r\u00e9elle qui se manifeste dans les communaut\u00e9s autochtones. Elle met en contexte les mauvaises politiques f\u00e9d\u00e9rales, qui remontent \u00e0 1876, qui ont conduit \u00e0 la situation actuelle, et propose des solutions. L\u2019ouvrage de Hilton est le premier \u00e0 dresser un tableau complet, en pr\u00e9sentant une vision du leadership, de la participation et de la contribution des Autochtones \u00e0 l\u2019\u00e9conomie canadienne.<\/p>\n\n\n\n<p><strong><strong><strong><strong>Carol Ann Hilton MBA<\/strong><\/strong><\/strong><\/strong> est PDG et fondatrice de l\u2019Indigenomics Institute et plus r\u00e9cemment du Global Center of Indigenomics.   Professeure auxiliaire \u00e0 l\u2019\u00e9cole de commerce de l\u2019universit\u00e9 Royal Roads, Carol Anne est directrice du BC Digital Supercluster.<\/p>\n\n\n\n<p><\/p>\n<\/div>\n<\/div>\n\n\n\n<h2 class=\"has-text-align-left wp-block-heading\"><strong><strong><strong><strong><strong>Neglected No More<\/strong><\/strong><\/strong><\/strong><\/strong> <strong>(Random House of Canada)<\/strong><\/h2>\n\n\n\n<div class=\"wp-block-columns is-layout-flex wp-container-core-columns-is-layout-9d6595d7 wp-block-columns-is-layout-flex\">\n<div class=\"wp-block-column is-layout-flow wp-block-column-is-layout-flow\" style=\"flex-basis:15.8%\">\n<figure class=\"wp-block-image size-large\"><img loading=\"lazy\" decoding=\"async\" width=\"340\" height=\"512\" src=\"https:\/\/donnerbookprize.com\/wp-content\/uploads\/2022\/04\/Picard_cover_nocrest_340x512.jpg\" alt=\"\" class=\"wp-image-3983\" srcset=\"https:\/\/donnerbookprize.com\/wp-content\/uploads\/2022\/04\/Picard_cover_nocrest_340x512.jpg 340w, https:\/\/donnerbookprize.com\/wp-content\/uploads\/2022\/04\/Picard_cover_nocrest_340x512-199x300.jpg 199w\" sizes=\"auto, (max-width: 340px) 100vw, 340px\" \/><\/figure>\n\n\n\n<p><\/p>\n<\/div>\n\n\n\n<div class=\"wp-block-column is-layout-flow wp-block-column-is-layout-flow\" style=\"flex-basis:66.66%\">\n<p>La question des soins aux personnes \u00e2g\u00e9es au Canada est urgente et colossale. La majorit\u00e9 des Canadiens savaient, m\u00eame avant la pand\u00e9mie de COVID-19, que notre syst\u00e8me de soins aux personnes \u00e2g\u00e9es \u00e9tait au bord du pr\u00e9cipice. Dans cet ouvrage convaincant, articul\u00e9 et accessible, le journaliste chevronn\u00e9 Andr\u00e9 Picard d\u00e9crit les d\u00e9fis auxquels le syst\u00e8me est confront\u00e9 (dynamique soci\u00e9tale, obstacles politiques, et la complication de treize syst\u00e8mes de soins de sant\u00e9 provinciaux\/territoriaux diff\u00e9rents). Cet ouvrage propose \u00e0 la fois une analyse des politiques publiques (ce qui doit changer maintenant), un appel \u00e0 l\u2019action (combien de temps allons-nous laisser perdurer cette question importante et \u00e9thique?) et un avertissement \u2013 pr\u00e9parez-vous, vous et votre famille, \u00e0 ce parcours in\u00e9vitable et difficile. Chaque d\u00e9put\u00e9, ministre et fonctionnaire serait bien avis\u00e9 de lire ce livre.<\/p>\n\n\n\n<p class=\"translation-block\"><strong>Andr\u00e9 Picard<\/strong> est chroniqueur de sant\u00e9 pour le Globe and Mail, auteur de cinq livres \u00e0 succ\u00e8s et laur\u00e9at de nombreux prix pour son journalisme, dont le Prix Michener pour l\u2019excellence en mati\u00e8re de journalisme au service de l\u2019int\u00e9r\u00eat public et le premier \u00ab H\u00e9ros de la sant\u00e9 publique \u00bb d\u00e9cern\u00e9 par l\u2019Association canadienne de sant\u00e9 publique.<\/p>\n<\/div>\n<\/div>","protected":false},"excerpt":{"rendered":"<p>Announcing the 2021 Donner Prize Shortlist Innovation in Real Places (Oxford University Press) One of the many strengths of the Breznitz book is the differentiation between invention and innovation. He focuses on diverse types of innovation and the role of governments to facilitate \u2013 and not impede \u2013 the innovation process. He refreshingly considers the &#8230; <a title=\"LISTES DES FINALISTES 2021\" class=\"read-more\" href=\"https:\/\/donnerbookprize.com\/francais\/2021-shortlist\/\">Read more<span class=\"screen-reader-text\">LISTES DES FINALISTES 2021<\/span><\/a><\/p>","protected":false},"author":1,"featured_media":3175,"parent":0,"menu_order":0,"comment_status":"closed","ping_status":"closed","template":"","meta":{"footnotes":""},"class_list":["post-3937","page","type-page","status-publish","has-post-thumbnail"],"_links":{"self":[{"href":"https:\/\/donnerbookprize.com\/francais\/wp-json\/wp\/v2\/pages\/3937","targetHints":{"allow":["GET"]}}],"collection":[{"href":"https:\/\/donnerbookprize.com\/francais\/wp-json\/wp\/v2\/pages"}],"about":[{"href":"https:\/\/donnerbookprize.com\/francais\/wp-json\/wp\/v2\/types\/page"}],"author":[{"embeddable":true,"href":"https:\/\/donnerbookprize.com\/francais\/wp-json\/wp\/v2\/users\/1"}],"replies":[{"embeddable":true,"href":"https:\/\/donnerbookprize.com\/francais\/wp-json\/wp\/v2\/comments?post=3937"}],"version-history":[{"count":0,"href":"https:\/\/donnerbookprize.com\/francais\/wp-json\/wp\/v2\/pages\/3937\/revisions"}],"wp:featuredmedia":[{"embeddable":true,"href":"https:\/\/donnerbookprize.com\/francais\/wp-json\/wp\/v2\/media\/3175"}],"wp:attachment":[{"href":"https:\/\/donnerbookprize.com\/francais\/wp-json\/wp\/v2\/media?parent=3937"}],"curies":[{"name":"wp","href":"https:\/\/api.w.org\/{rel}","templated":true}]}}