{"id":4282,"date":"2023-04-11T09:38:53","date_gmt":"2023-04-11T13:38:53","guid":{"rendered":"https:\/\/donnerbookpriz.wpengine.com\/?page_id=4282"},"modified":"2023-05-10T14:40:22","modified_gmt":"2023-05-10T18:40:22","slug":"2022-shortlist","status":"publish","type":"page","link":"https:\/\/donnerbookprize.com\/francais\/2022-shortlist\/","title":{"rendered":"LISTES DES FINALISTES 2022"},"content":{"rendered":"<hr class=\"wp-block-separator has-css-opacity is-style-wide\"\/>\n\n\n\n<p class=\"has-text-align-center custom4\"><strong>Annonce de la liste des finalistes du Prix Donner 2022<\/strong><\/p>\n\n\n\n<div style=\"height:38px\" aria-hidden=\"true\" class=\"wp-block-spacer\"><\/div>\n\n\n\n<figure class=\"wp-block-embed is-type-video is-provider-youtube wp-block-embed-youtube wp-embed-aspect-16-9 wp-has-aspect-ratio\"><div class=\"wp-block-embed__wrapper\">\n<iframe loading=\"lazy\" title=\"2022 Donner Prize Shortlist Announcement\" width=\"1200\" height=\"675\" src=\"https:\/\/www.youtube.com\/embed\/urogSvyFCwg?feature=oembed\" frameborder=\"0\" allow=\"accelerometer; autoplay; clipboard-write; encrypted-media; gyroscope; picture-in-picture; web-share\" allowfullscreen><\/iframe>\n<\/div><\/figure>\n\n\n\n<div style=\"height:20px\" aria-hidden=\"true\" class=\"wp-block-spacer\"><\/div>\n\n\n\n<hr class=\"wp-block-separator has-css-opacity is-style-wide\"\/>\n\n\n\n<h2 class=\"has-text-align-left wp-block-heading\"><strong><strong>Cooperation &amp; Social Justice (University of Toronto Press)<\/strong><\/strong><\/h2>\n\n\n\n<div class=\"wp-block-columns is-layout-flex wp-container-core-columns-is-layout-9d6595d7 wp-block-columns-is-layout-flex\">\n<div class=\"wp-block-column is-layout-flow wp-block-column-is-layout-flow\" style=\"flex-basis:15.8%\">\n<figure class=\"wp-block-image size-full\"><img loading=\"lazy\" decoding=\"async\" width=\"340\" height=\"512\" src=\"https:\/\/donnerbookprize.com\/wp-content\/uploads\/2023\/04\/Cooperation_Heath_340x512.jpg\" alt=\"\" class=\"wp-image-4284\" srcset=\"https:\/\/donnerbookprize.com\/wp-content\/uploads\/2023\/04\/Cooperation_Heath_340x512.jpg 340w, https:\/\/donnerbookprize.com\/wp-content\/uploads\/2023\/04\/Cooperation_Heath_340x512-199x300.jpg 199w, https:\/\/donnerbookprize.com\/wp-content\/uploads\/2023\/04\/Cooperation_Heath_340x512-8x12.jpg 8w\" sizes=\"auto, (max-width: 340px) 100vw, 340px\" \/><\/figure>\n<\/div>\n\n\n\n<div class=\"wp-block-column is-layout-flow wp-block-column-is-layout-flow\" style=\"flex-basis:66.66%\">\n<p>Dans six essais concis et originaux, J. Heath propose des id\u00e9es innovantes et claires du domaine de la philosophie politique qui abordent des th\u00e8mes politiques importants et actuels allant de l'opposition entre capitalisme et socialisme, aux b\u00e9n\u00e9fices, en passant par l\u2019\u00e9galitarisme, la stigmatisation et les relations interraciales. Cet ouvrage tr\u00e8s impressionnant s\u2019av\u00e9rera important pour les d\u00e9cideurs politiques en les incitant \u00e0 consid\u00e9rer leurs propositions de politique \u00e0 travers le prisme de la faisabilit\u00e9 et de faits essentiels concernant le comportement humain, qui est souvent en contradiction avec les principes \u00e9thiques et juridiques abstraits.<\/p>\n\n\n\n<p class=\"translation-block\"><strong>Joseph Heath<\/strong> est professeur au d\u00e9partement de philosophie et \u00e0 la Munk School of Global Affairs and Public Policy de l'Universit\u00e9 de Toronto. Membre de la Soci\u00e9t\u00e9 royale du Canada et de la Fondation Trudeau, M. Heath est l'auteur de plusieurs ouvrages, dont Les lumi\u00e8res de la raison, qui a remport\u00e9 le prix Shaughnessy Cohen pour les \u00e9crits politiques en 2015, et The Machinery of Government, qui a remport\u00e9 le prix Donner du meilleur ouvrage sur les politiques publiques en 2020.<\/p>\n<\/div>\n<\/div>\n\n\n\n<h2 class=\"has-text-align-left wp-block-heading\">Dream States: Smart Cities, Technology, and the Pursuit of Urban Utopias (Coach House Books)<\/h2>\n\n\n\n<div class=\"wp-block-columns is-layout-flex wp-container-core-columns-is-layout-9d6595d7 wp-block-columns-is-layout-flex\">\n<div class=\"wp-block-column is-layout-flow wp-block-column-is-layout-flow\" style=\"flex-basis:15.8%\">\n<figure class=\"wp-block-image size-full\"><img loading=\"lazy\" decoding=\"async\" width=\"314\" height=\"512\" src=\"https:\/\/donnerbookprize.com\/wp-content\/uploads\/2023\/04\/DreamStates_Lorinc_314x512nosticker.jpg\" alt=\"\" class=\"wp-image-4325\" srcset=\"https:\/\/donnerbookprize.com\/wp-content\/uploads\/2023\/04\/DreamStates_Lorinc_314x512nosticker.jpg 314w, https:\/\/donnerbookprize.com\/wp-content\/uploads\/2023\/04\/DreamStates_Lorinc_314x512nosticker-184x300.jpg 184w, https:\/\/donnerbookprize.com\/wp-content\/uploads\/2023\/04\/DreamStates_Lorinc_314x512nosticker-7x12.jpg 7w\" sizes=\"auto, (max-width: 314px) 100vw, 314px\" \/><\/figure>\n\n\n\n<p><\/p>\n<\/div>\n\n\n\n<div class=\"wp-block-column is-layout-flow wp-block-column-is-layout-flow\" style=\"flex-basis:66.66%\">\n<p>J. Lorinc nous propose un livre fascinant et superbement document\u00e9 qui explore la signification v\u00e9ritable de ces deux mots banalis\u00e9s : \u00ab villes intelligentes \u00bb. \u00c0 la fois sens\u00e9 et original, cet ouvrage couvre, avec des touches d\u2019humour, les infrastructures urbaines, des \u00e9gouts aux pand\u00e9mies et des chocs climatiques \u00e0 la gouvernance, d\u2019un point de vue historique et actuel. Il int\u00e9ressera un large \u00e9ventail de lecteurs des domaines priv\u00e9 et public, provenant de nombreux secteurs, notamment de l\u2019urbanisme, de l\u2019ing\u00e9nierie, de l\u2019\u00e9ducation, des transports et de la sant\u00e9 publique.<\/p>\n\n\n\n<p class=\"translation-block\"><strong>John Lorinc<\/strong> est un journaliste et r\u00e9dacteur ind\u00e9pendant de Toronto qui s'int\u00e9resse aux villes, \u00e0 la politique, aux affaires, au changement climatique et \u00e0 l'histoire locale. John a remport\u00e9 de nombreux National Magazine Awards pour son journalisme et a \u00e9t\u00e9 l'Atkinson Fellow 2019-2020 en politique publique, qui a produit une s\u00e9rie de dix articles sur les villes intelligentes qui ont servi de base \u00e0 Dream States.<\/p>\n<\/div>\n<\/div>\n\n\n\n<h2 class=\"has-text-align-left wp-block-heading\">Booze, Cigarettes, And Constitutional Dust-Ups: Canada\u2019s Quest for Interprovincial Free Trade (McGill-Queen\u2019s University Press)<\/h2>\n\n\n\n<div class=\"wp-block-columns is-layout-flex wp-container-core-columns-is-layout-9d6595d7 wp-block-columns-is-layout-flex\">\n<div class=\"wp-block-column is-layout-flow wp-block-column-is-layout-flow\" style=\"flex-basis:15.8%\">\n<figure class=\"wp-block-image size-full\"><img loading=\"lazy\" decoding=\"async\" width=\"340\" height=\"512\" src=\"https:\/\/donnerbookprize.com\/wp-content\/uploads\/2023\/04\/Booze_Manucha_340x512.jpg\" alt=\"\" class=\"wp-image-4288\" srcset=\"https:\/\/donnerbookprize.com\/wp-content\/uploads\/2023\/04\/Booze_Manucha_340x512.jpg 340w, https:\/\/donnerbookprize.com\/wp-content\/uploads\/2023\/04\/Booze_Manucha_340x512-199x300.jpg 199w, https:\/\/donnerbookprize.com\/wp-content\/uploads\/2023\/04\/Booze_Manucha_340x512-8x12.jpg 8w\" sizes=\"auto, (max-width: 340px) 100vw, 340px\" \/><\/figure>\n\n\n\n<p><\/p>\n<\/div>\n\n\n\n<div class=\"wp-block-column is-layout-flow wp-block-column-is-layout-flow\" style=\"flex-basis:66.66%\">\n<p>La trame de cet ouvrage m\u00eale habilement la compr\u00e9hension des politiques commerciales nationales et internationales, l\u2019examen des affaires juridiques, l\u2019histoire et, de mani\u00e8re rafra\u00eechissante, l\u2019examen des op\u00e9rations concr\u00e8tes actuelles des tribunaux et des secr\u00e9tariats. L\u2019auteur \u00e9tudie des moyens pour analyser et inclure les consid\u00e9rations autochtones et s\u2019inspire de l\u2019\u00e9conomie, des sciences politiques, de l\u2019histoire, du droit administratif et constitutionnel pour cr\u00e9er un r\u00e9cit \u00e9mouvant qui relate l\u2019\u00e9volution des approches canadiennes pour supprimer les barri\u00e8res commerciales internes.<\/p>\n\n\n\n<p><strong>Ryan Manucha <\/strong>est un sp\u00e9cialiste du droit commercial interprovincial. Dipl\u00f4m\u00e9 en droit de Harvard, il a beaucoup \u00e9crit sur le th\u00e8me de l'union \u00e9conomique du Canada pour les principaux groupes de r\u00e9flexion du pays, publi\u00e9 des travaux dans des revues \u00e0 comit\u00e9 de lecture comme The Globe and Mail, CBC Radio.  Il a r\u00e9cemment \u00e9t\u00e9 charg\u00e9 de fournir une analyse politique \u00e0 un gouvernement provincial.<\/p>\n<\/div>\n<\/div>\n\n\n\n<h2 class=\"has-text-align-left wp-block-heading\"><strong><strong><strong><strong>The Next Age of Uncertainty: How the World Can Adapt to a Riskier Future<\/strong><\/strong><\/strong><\/strong> <strong><strong><strong><strong>(Allen Lane Canada)<\/strong><\/strong><\/strong><\/strong><\/h2>\n\n\n\n<div class=\"wp-block-columns is-layout-flex wp-container-core-columns-is-layout-9d6595d7 wp-block-columns-is-layout-flex\">\n<div class=\"wp-block-column is-layout-flow wp-block-column-is-layout-flow\" style=\"flex-basis:15.8%\">\n<figure class=\"wp-block-image size-full\"><img loading=\"lazy\" decoding=\"async\" width=\"340\" height=\"512\" src=\"https:\/\/donnerbookprize.com\/wp-content\/uploads\/2023\/04\/Uncertainty_Poloz_340x512.jpg\" alt=\"\" class=\"wp-image-4291\" srcset=\"https:\/\/donnerbookprize.com\/wp-content\/uploads\/2023\/04\/Uncertainty_Poloz_340x512.jpg 340w, https:\/\/donnerbookprize.com\/wp-content\/uploads\/2023\/04\/Uncertainty_Poloz_340x512-199x300.jpg 199w, https:\/\/donnerbookprize.com\/wp-content\/uploads\/2023\/04\/Uncertainty_Poloz_340x512-8x12.jpg 8w\" sizes=\"auto, (max-width: 340px) 100vw, 340px\" \/><\/figure>\n\n\n\n<p><\/p>\n<\/div>\n\n\n\n<div class=\"wp-block-column is-layout-flow wp-block-column-is-layout-flow\" style=\"flex-basis:66.66%\">\n<p>S. Poloz a r\u00e9dig\u00e9 une analyse globale, comportant des id\u00e9es politiques concr\u00e8tes, sur ce que le secteur public et des entreprises devraient faire alors que nous entrons dans une nouvelle \u00e9poque d\u2019incertitude.  Il d\u00e9crit les cinq forces \u00ab tectoniques \u00bb, les donn\u00e9es d\u00e9mographiques, les progr\u00e8s technologiques, les in\u00e9galit\u00e9s, le surendettement et le changement climatique, et lie ces cinq \u00e9l\u00e9ments avec perspicacit\u00e9, de mani\u00e8re accessible et enrichit le tout d\u2019anecdotes. S. Poloz insiste sur le fait que l\u2019incertitude sera toujours pr\u00e9sente et que nous devons apprendre \u00e0 l\u2019int\u00e9grer dans nos \u00e9laborations de politiques.  Bien \u00e9crit, clair et cibl\u00e9, ce livre est une lecture indispensable pour toute personne qui s'int\u00e9resse \u00e0 notre avenir \u00e9conomique.<\/p>\n\n\n\n<p class=\"translation-block\"><strong>Stephen Poloz<\/strong> est l'un des \u00e9conomistes les plus \u00e9minents du monde. Il poss\u00e8de plus de 40 ans d'exp\u00e9rience dans les domaines de la recherche \u00e9conomique et de l'investissement, des pr\u00e9visions, de la banque et de l'\u00e9laboration des politiques. Apr\u00e8s une longue carri\u00e8re \u00e0 Exportation et d\u00e9veloppement Canada, qu'il a achev\u00e9e en tant que pr\u00e9sident-directeur g\u00e9n\u00e9ral, il a r\u00e9cemment termin\u00e9 un mandat de sept ans en tant que gouverneur de la Banque du Canada. Il est actuellement conseiller sp\u00e9cial pour Osler, Hoskin &amp; Harcourt LLP.<\/p>\n\n\n\n<p><\/p>\n<\/div>\n<\/div>\n\n\n\n<h2 class=\"has-text-align-left wp-block-heading\">Canadian Policing: Why and How It Must Change (Delve Books)<\/h2>\n\n\n\n<div class=\"wp-block-columns is-layout-flex wp-container-core-columns-is-layout-9d6595d7 wp-block-columns-is-layout-flex\">\n<div class=\"wp-block-column is-layout-flow wp-block-column-is-layout-flow\" style=\"flex-basis:15.8%\">\n<figure class=\"wp-block-image size-full\"><img loading=\"lazy\" decoding=\"async\" width=\"340\" height=\"512\" src=\"https:\/\/donnerbookprize.com\/wp-content\/uploads\/2023\/04\/CdnPolicing_Roach_340x512nosticker.jpg\" alt=\"\" class=\"wp-image-4326\" srcset=\"https:\/\/donnerbookprize.com\/wp-content\/uploads\/2023\/04\/CdnPolicing_Roach_340x512nosticker.jpg 340w, https:\/\/donnerbookprize.com\/wp-content\/uploads\/2023\/04\/CdnPolicing_Roach_340x512nosticker-199x300.jpg 199w, https:\/\/donnerbookprize.com\/wp-content\/uploads\/2023\/04\/CdnPolicing_Roach_340x512nosticker-8x12.jpg 8w\" sizes=\"auto, (max-width: 340px) 100vw, 340px\" \/><\/figure>\n\n\n\n<p><\/p>\n<\/div>\n\n\n\n<div class=\"wp-block-column is-layout-flow wp-block-column-is-layout-flow\" style=\"flex-basis:66.66%\">\n<p>Beaucoup d\u2019ouvrages abordent le sujet des services de police au Canada, toutefois ce livre sort du lot par l\u2019ampleur de son analyse; les multiples raisons, \u00e9voqu\u00e9es de mani\u00e8re convaincante, qui justifient un changement radical et la nature tr\u00e8s diverse des solutions propos\u00e9es.  Non seulement les probl\u00e8mes sont d\u00e9finis de mani\u00e8re claire, l\u2019analyse est sens\u00e9e et les solutions sont cern\u00e9es, mais en plus, cet ouvrage offre une immersion d\u00e9taill\u00e9e dans le syst\u00e8me pour expliquer le \u00ab pourquoi \u00bb et le \u00ab comment \u00bb et apporte un regard nouveau sur l\u2019avenir des services de police et de la s\u00e9curit\u00e9 publique au Canada.<\/p>\n\n\n\n<p class=\"translation-block\"><strong>Kent Roach<\/strong>, professeur \u00e0 la facult\u00e9 de droit de l'Universit\u00e9 de Toronto, a \u00e9t\u00e9 \u00e9lu \u00e0 la Soci\u00e9t\u00e9 royale du Canada en 2002, a re\u00e7u le prix Molson pour sa contribution aux sciences sociales et humaines en 2017 et a \u00e9t\u00e9 nomm\u00e9 \u00e0 l'Ordre du Canada en 2017.  Ses nombreux ouvrages ont \u00e9t\u00e9 r\u00e9compens\u00e9s par des dizaines de prix.  Il a particip\u00e9 \u00e0 un certain nombre de commissions d'enqu\u00eate, notamment les enqu\u00eates Maher Arar, Ipperwash, Air India et Goudge.<\/p>\n<\/div>\n<\/div>","protected":false},"excerpt":{"rendered":"<p>Announcing the 2022 Donner Prize Shortlist Cooperation &amp; Social Justice (University of Toronto Press) In six tightly written, highly original essays, Heath provides innovative, clear ideas of political philosophy that touch on important policy topics today ranging from capitalism vs socialism, profit, egalitarianism, stigmatization, and race relations. This very impressive book will be important for &#8230; <a title=\"LISTES DES FINALISTES 2022\" class=\"read-more\" href=\"https:\/\/donnerbookprize.com\/francais\/2022-shortlist\/\">Read more<span class=\"screen-reader-text\">LISTES DES FINALISTES 2022<\/span><\/a><\/p>","protected":false},"author":1,"featured_media":0,"parent":0,"menu_order":0,"comment_status":"closed","ping_status":"closed","template":"","meta":{"footnotes":""},"class_list":["post-4282","page","type-page","status-publish"],"_links":{"self":[{"href":"https:\/\/donnerbookprize.com\/francais\/wp-json\/wp\/v2\/pages\/4282","targetHints":{"allow":["GET"]}}],"collection":[{"href":"https:\/\/donnerbookprize.com\/francais\/wp-json\/wp\/v2\/pages"}],"about":[{"href":"https:\/\/donnerbookprize.com\/francais\/wp-json\/wp\/v2\/types\/page"}],"author":[{"embeddable":true,"href":"https:\/\/donnerbookprize.com\/francais\/wp-json\/wp\/v2\/users\/1"}],"replies":[{"embeddable":true,"href":"https:\/\/donnerbookprize.com\/francais\/wp-json\/wp\/v2\/comments?post=4282"}],"version-history":[{"count":0,"href":"https:\/\/donnerbookprize.com\/francais\/wp-json\/wp\/v2\/pages\/4282\/revisions"}],"wp:attachment":[{"href":"https:\/\/donnerbookprize.com\/francais\/wp-json\/wp\/v2\/media?parent=4282"}],"curies":[{"name":"wp","href":"https:\/\/api.w.org\/{rel}","templated":true}]}}