{"id":4428,"date":"2023-09-29T06:34:15","date_gmt":"2023-09-29T10:34:15","guid":{"rendered":"https:\/\/donnerbookprize.com\/?page_id=4428"},"modified":"2023-09-29T06:35:14","modified_gmt":"2023-09-29T10:35:14","slug":"translation-page","status":"publish","type":"page","link":"https:\/\/donnerbookprize.com\/francais\/translation-page\/","title":{"rendered":"translation page"},"content":{"rendered":"<p class=\"translation-block\">Neil Desai est vice-pr\u00e9sident \u00e0 la direction chez Viral Nation, o\u00f9 il est sp\u00e9cialis\u00e9 dans la commercialisation des solutions technologiques de l\u2019entreprise aupr\u00e8s de clients en entreprise et au sein du gouvernement.<br><br>\n\nM. Desai est agr\u00e9g\u00e9 sup\u00e9rieur de recherches pour le Centre pour l\u2019innovation dans la gouvernance internationale et entrepreneur en r\u00e9sidence pour Rogers Cyber Catalyst. Il apporte des contributions r\u00e9guli\u00e8res aux r\u00e9seaux de nouvelles du Globe and Mail et de la Soci\u00e9t\u00e9 Radio-Canada (Canadian Broadcasting Corporation, CBC). Neil Desai fait \u00e9galement partie du Conseil d\u2019administration du Forum des politiques publiques, de la Commission des alcools et des jeux de l\u2019Ontario, du Collectif d\u2019actifs en innovation (CAI), de ClearRisk Inc. et il a \u00e9t\u00e9 directeur de YMCA Canada. Il a par le pass\u00e9 occup\u00e9 des postes de direction au sein du gouvernement du Canada, pour Affaires mondiales Canada et pour le Cabinet du Premier ministre.<br><br>\n\nAvant de travailler pour Viral Nation, il faisait partie de l\u2019\u00e9quipe de direction de Magnet Forensics, une entreprise technologique qui d\u00e9veloppe des solutions d\u2019investigation num\u00e9rique utilis\u00e9es par plus de 4 000 organismes de police et de s\u00e9curit\u00e9 nationale et organismes publics et priv\u00e9s dans plus de 100 pays pour enqu\u00eater sur des crimes tels que la traite d\u2019\u00eatres humains, l\u2019exploitation de mineurs, le terrorisme et le d\u00e9veloppement de ran\u00e7ongiciels.<\/p>","protected":false},"excerpt":{"rendered":"<p>Neil Desai is executive vice-president with Viral Nation where he focuses on the company\u2019s technology solutions with enterprise and government clients. Neil is a senior fellow with the Centre for International Governance Innovation and entrepreneur-in-residence with the Rogers Cyber Catalyst. He is a regular contributor to the Globe and Mail and Canadian Broadcasting Corporation (CBC) &#8230; <a title=\"translation page\" class=\"read-more\" href=\"https:\/\/donnerbookprize.com\/francais\/translation-page\/\">Read more<span class=\"screen-reader-text\">translation page<\/span><\/a><\/p>","protected":false},"author":1,"featured_media":0,"parent":0,"menu_order":0,"comment_status":"closed","ping_status":"closed","template":"","meta":{"footnotes":""},"class_list":["post-4428","page","type-page","status-publish"],"_links":{"self":[{"href":"https:\/\/donnerbookprize.com\/francais\/wp-json\/wp\/v2\/pages\/4428","targetHints":{"allow":["GET"]}}],"collection":[{"href":"https:\/\/donnerbookprize.com\/francais\/wp-json\/wp\/v2\/pages"}],"about":[{"href":"https:\/\/donnerbookprize.com\/francais\/wp-json\/wp\/v2\/types\/page"}],"author":[{"embeddable":true,"href":"https:\/\/donnerbookprize.com\/francais\/wp-json\/wp\/v2\/users\/1"}],"replies":[{"embeddable":true,"href":"https:\/\/donnerbookprize.com\/francais\/wp-json\/wp\/v2\/comments?post=4428"}],"version-history":[{"count":0,"href":"https:\/\/donnerbookprize.com\/francais\/wp-json\/wp\/v2\/pages\/4428\/revisions"}],"wp:attachment":[{"href":"https:\/\/donnerbookprize.com\/francais\/wp-json\/wp\/v2\/media?parent=4428"}],"curies":[{"name":"wp","href":"https:\/\/api.w.org\/{rel}","templated":true}]}}