{"id":4480,"date":"2024-04-09T14:06:53","date_gmt":"2024-04-09T18:06:53","guid":{"rendered":"https:\/\/donnerbookprize.com\/?page_id=4480"},"modified":"2024-05-07T09:22:12","modified_gmt":"2024-05-07T13:22:12","slug":"2023-shortlist","status":"publish","type":"page","link":"https:\/\/donnerbookprize.com\/francais\/2023-shortlist\/","title":{"rendered":"LISTES DES FINALISTES 2023"},"content":{"rendered":"<hr class=\"wp-block-separator has-css-opacity is-style-wide\"\/>\n\n\n\n<p class=\"has-text-align-center custom4\"><strong>Annonce de la liste des finalistes du Prix Donner 2023<\/strong><\/p>\n\n\n\n<iframe loading=\"lazy\" width=\"100%\" height=\"600px\" src=\"https:\/\/www.youtube.com\/embed\/GDsMDER6Ga4?si=Op-PVdv8NkC1Uegb\" title=\"YouTube video player\" frameborder=\"0\" allow=\"accelerometer; autoplay; clipboard-write; encrypted-media; gyroscope; picture-in-picture; web-share\" referrerpolicy=\"strict-origin-when-cross-origin\" allowfullscreen><\/iframe>\n\n\n\n<div style=\"height:38px\" aria-hidden=\"true\" class=\"wp-block-spacer\"><\/div>\n\n\n\n<div style=\"height:20px\" aria-hidden=\"true\" class=\"wp-block-spacer\"><\/div>\n\n\n\n<hr class=\"wp-block-separator has-css-opacity is-style-wide\"\/>\n\n\n\n<div class=\"wp-block-group\"><div class=\"wp-block-group__inner-container is-layout-constrained wp-block-group-is-layout-constrained\">\n<h2 class=\"wp-block-heading has-text-align-left\"><strong>The Legal Singularity: How Artificial Intelligence Can Make Law Radically Better<\/strong> (University of Toronto Press)<\/h2>\n\n\n\n<div class=\"wp-block-columns is-layout-flex wp-container-core-columns-is-layout-9d6595d7 wp-block-columns-is-layout-flex\">\n<div class=\"wp-block-column is-layout-flow wp-block-column-is-layout-flow\" style=\"flex-basis:15.8%\">\n<figure class=\"wp-block-image size-full\"><img loading=\"lazy\" decoding=\"async\" width=\"340\" height=\"512\" src=\"https:\/\/donnerbookprize.com\/wp-content\/uploads\/2024\/04\/LegalSingularity_AididAlarie_314x512.jpg\" alt=\"\" class=\"wp-image-4476\" srcset=\"https:\/\/donnerbookprize.com\/wp-content\/uploads\/2024\/04\/LegalSingularity_AididAlarie_314x512.jpg 340w, https:\/\/donnerbookprize.com\/wp-content\/uploads\/2024\/04\/LegalSingularity_AididAlarie_314x512-199x300.jpg 199w, https:\/\/donnerbookprize.com\/wp-content\/uploads\/2024\/04\/LegalSingularity_AididAlarie_314x512-8x12.jpg 8w\" sizes=\"auto, (max-width: 340px) 100vw, 340px\" \/><\/figure>\n\n\n\n<p><\/p>\n<\/div>\n\n\n\n<div class=\"wp-block-column is-layout-flow wp-block-column-is-layout-flow\" style=\"flex-basis:66.66%\">\n<p>The Legal Singularity traite du potentiel transformateur de l\u2019intelligence artificielle dans le secteur juridique. Cet ouvrage explique l\u2019\u00e9volution du r\u00f4le de la technologie dans la gouvernance et l\u2019administration de la justice, en pr\u00e9sentant un aper\u00e7u de la capacit\u00e9 de l\u2019IA \u00e0 am\u00e9liorer l\u2019efficacit\u00e9, l\u2019\u00e9quit\u00e9 et l\u2019accessibilit\u00e9 des processus juridiques. Il explique \u00e9galement comment l\u2019int\u00e9gration de l\u2019IA dans le domaine juridique pourrait r\u00e9volutionner l\u2019\u00e9laboration des politiques, la conformit\u00e9 r\u00e9glementaire et la prestation des services publics. Un ouvrage important et d\u2019actualit\u00e9 qui suscitera d\u2019enrichissantes discussions sur l\u2019IA et son r\u00f4le dans la poursuite de la justice.<\/p>\n\n\n\n<p><strong><strong>Abdi Aidid<\/strong><\/strong> m\u00e8ne des recherches et enseigne dans les domaines de la proc\u00e9dure civile, de la responsabilit\u00e9 civile et de la technologie au service du droit. Il est titulaire d\u2019un baccalaur\u00e9at \u00e8s arts de l\u2019Universit\u00e9 de Toronto, d\u2019un Juris Doctor de l\u2019\u00e9cole de droit de Yale et d\u2019une ma\u00eetrise en droit de la facult\u00e9 de droit de l\u2019Universit\u00e9 de Toronto, o\u016d il est actuellement professeur adjoint et membre du laboratoire d\u2019\u00e9thique de l\u2019IA.&nbsp;<\/p>\n\n\n\n<p><strong>Benjamin Alarie<\/strong>, is a graduate of the University of Toronto and Yale Law School, and began his career as a law clerk for Madame Justice Louise Arbour. He now holds the Osler Chair in Business Law at the University of Toronto Faculty of Law and is an affiliated faculty member at the Vector Institute for Artificial Intelligence.<\/p>\n<\/div>\n<\/div>\n<\/div><\/div>\n\n\n\n<div class=\"wp-block-group\"><div class=\"wp-block-group__inner-container is-layout-constrained wp-block-group-is-layout-constrained\">\n<h2 class=\"wp-block-heading has-text-align-left\"><strong>Pandemic Panic: How Canadian Government Responses to COVID-19 Changed Civil Liberties Forever <\/strong>(Optimum Publishing International)<\/h2>\n\n\n\n<div class=\"wp-block-columns is-layout-flex wp-container-core-columns-is-layout-9d6595d7 wp-block-columns-is-layout-flex\">\n<div class=\"wp-block-column is-layout-flow wp-block-column-is-layout-flow\" style=\"flex-basis:15.8%\">\n<figure class=\"wp-block-image size-full\"><img loading=\"lazy\" decoding=\"async\" width=\"340\" height=\"512\" src=\"https:\/\/donnerbookprize.com\/wp-content\/uploads\/2024\/04\/PandemicPanic_BaronVanGeyn_314x512.jpg\" alt=\"\" class=\"wp-image-4477\" srcset=\"https:\/\/donnerbookprize.com\/wp-content\/uploads\/2024\/04\/PandemicPanic_BaronVanGeyn_314x512.jpg 340w, https:\/\/donnerbookprize.com\/wp-content\/uploads\/2024\/04\/PandemicPanic_BaronVanGeyn_314x512-199x300.jpg 199w, https:\/\/donnerbookprize.com\/wp-content\/uploads\/2024\/04\/PandemicPanic_BaronVanGeyn_314x512-8x12.jpg 8w\" sizes=\"auto, (max-width: 340px) 100vw, 340px\" \/><\/figure>\n\n\n\n<p><\/p>\n<\/div>\n\n\n\n<div class=\"wp-block-column is-layout-flow wp-block-column-is-layout-flow\" style=\"flex-basis:66.66%\">\n<p>Cet ouvrage se penche sur la question importante et controvers\u00e9e de l\u2019incidence des politiques gouvernementales sur les libert\u00e9s civiles pendant la pand\u00e9mie de COVID-19. Il sera d\u2019une grande utilit\u00e9 pour les responsables politiques car il propose une analyse critique des mesures prises par le pass\u00e9 et de leurs implications, en tirant des enseignements permettant d\u2019\u00e9clairer les futures r\u00e9ponses \u00e0 apporter en cas de crise ainsi que l\u2019\u00e9laboration de politiques. Ses autrices y abordent un sujet difficile et potentiellement controvers\u00e9, en apportant une analyse et des recommandations s\u00e9rieuses, invitant ainsi leurs lecteurs et lectrices \u00e0 r\u00e9fl\u00e9chir \u00e0 l\u2019\u00e9quilibre d\u00e9licat entre sant\u00e9 publique et libert\u00e9s individuelles, un dilemme universel et intemporel.<\/p>\n\n\n\n<p><strong><strong>Joanna Baron<\/strong><\/strong> est dipl\u00f4m\u00e9e de l\u2019Universit\u00e9\u202fMcGill facult\u00e9 de droit et est actuellement directrice g\u00e9n\u00e9rale de la Canadian\u202fConstitution\u202fFoundation. Elle a \u00e9t\u00e9 directrice fondatrice de la Runnymede\u202fSociety, une association nationale apolitique d\u2019\u00e9tudiants en droit. Elle a travaill\u00e9 en tant qu\u2019auxiliaire juridique \u00e0 la Cour d\u2019appel de l\u2019Ontario et a pratiqu\u00e9 le droit p\u00e9nal avec Edward\u202fGreenspan.<\/p>\n\n\n\n<p class=\"translation-block\"><strong>Christine Van Geyn<\/strong> est directrice en chef du contentieux \u00e0 la Canadian Constitution Foundation. Dipl\u00f4m\u00e9e de l\u2019Universit\u00e9 de Toronto, elle a obtenu son dipl\u00f4me de droit \u00e0 Osgoode Hall et a \u00e9galement \u00e9tudi\u00e9 \u00e0 la facult\u00e9 de droit de l\u2019Universit\u00e9 de New York. Elle est une journaliste et une communicatrice de renom.<\/p>\n<\/div>\n<\/div>\n<\/div><\/div>\n\n\n\n<div class=\"wp-block-group\"><div class=\"wp-block-group__inner-container is-layout-constrained wp-block-group-is-layout-constrained\">\n<h2 class=\"wp-block-heading has-text-align-left\"><strong>Who Owns Outer Space? International Law, Astrophysics, and the Sustainable Development of Space<\/strong> (Cambridge University Press)<\/h2>\n\n\n\n<div class=\"wp-block-columns is-layout-flex wp-container-core-columns-is-layout-9d6595d7 wp-block-columns-is-layout-flex\">\n<div class=\"wp-block-column is-layout-flow wp-block-column-is-layout-flow\" style=\"flex-basis:15.8%\">\n<figure class=\"wp-block-image size-full\"><img loading=\"lazy\" decoding=\"async\" width=\"340\" height=\"512\" src=\"https:\/\/donnerbookprize.com\/wp-content\/uploads\/2024\/04\/WhoOwnsOuterSpace_ByersBoley_314x512.jpg\" alt=\"\" class=\"wp-image-4474\" srcset=\"https:\/\/donnerbookprize.com\/wp-content\/uploads\/2024\/04\/WhoOwnsOuterSpace_ByersBoley_314x512.jpg 340w, https:\/\/donnerbookprize.com\/wp-content\/uploads\/2024\/04\/WhoOwnsOuterSpace_ByersBoley_314x512-199x300.jpg 199w, https:\/\/donnerbookprize.com\/wp-content\/uploads\/2024\/04\/WhoOwnsOuterSpace_ByersBoley_314x512-8x12.jpg 8w\" sizes=\"auto, (max-width: 340px) 100vw, 340px\" \/><\/figure>\n\n\n\n<p><\/p>\n<\/div>\n\n\n\n<div class=\"wp-block-column is-layout-flow wp-block-column-is-layout-flow\" style=\"flex-basis:66.66%\">\n<p>L\u2019exploration et l\u2019exploitation spatiales \u00e9voluent rapidement.  Who Owns Outer Space? attire l\u2019attention sur les nombreux risques li\u00e9s au d\u00e9ploiement d\u2019un tr\u00e8s grand nombre de nouveaux satellites et sur les rivalit\u00e9s croissantes entre les principales nations et entreprises spatiales. L\u2019ouvrage comprend un examen des trait\u00e9s internationaux existants et des pratiques adopt\u00e9es par les \u00c9tats, montrant \u00e0 la fois l\u2019efficacit\u00e9 des r\u00e8gles et pratiques d\u00e9j\u00e0 en vigueur, mais aussi et surtout leurs limites. Il sugg\u00e8re \u00e9galement des moyens de renforcer le droit international et d\u2019autres accords de coop\u00e9ration afin d\u2019\u00e9viter les incidents catastrophiques. Une feuille de route en terrain incertain y est propos\u00e9e aux responsables politiques canadiens par les auteurs.<\/p>\n\n\n\n<p class=\"translation-block\"><strong>Michael Byers<\/strong> est titulaire de la Chaire de recherche du Canada en politique mondiale et en droit international \u00e0 l\u2019Universit\u00e9 de la Colombie-Britannique, et codirecteur de l\u2019Outer Space Institute. Son pr\u00e9c\u00e9dent ouvrage, International Law and the Arctic (Cambridge University Press), a remport\u00e9 le prix Donner 2013.<\/p>\n\n\n\n<p class=\"translation-block\"><strong>Aaron Boley<\/strong> est titulaire de la Chaire de recherche du Canada en astronomie plan\u00e9taire \u00e0 l\u2019Universit\u00e9 de la Colombie-Britannique. Il est codirecteur de l\u2019Outer Space Institute, une organisation transdisciplinaire qui se consacre aux probl\u00e9matiques du NewSpace, en menant des recherches sur la dynamique des plan\u00e8tes et la durabilit\u00e9 de l\u2019espace.<\/p>\n<\/div>\n<\/div>\n<\/div><\/div>\n\n\n\n<div class=\"wp-block-group\"><div class=\"wp-block-group__inner-container is-layout-constrained wp-block-group-is-layout-constrained\">\n<h2 class=\"wp-block-heading has-text-align-left\"><strong>The Privacy Fallacy: Harm and Power in the Information Economy<\/strong> (Cambridge University Press)<\/h2>\n\n\n\n<div class=\"wp-block-columns is-layout-flex wp-container-core-columns-is-layout-9d6595d7 wp-block-columns-is-layout-flex\">\n<div class=\"wp-block-column is-layout-flow wp-block-column-is-layout-flow\" style=\"flex-basis:15.8%\">\n<figure class=\"wp-block-image size-full\"><img loading=\"lazy\" decoding=\"async\" width=\"340\" height=\"512\" src=\"https:\/\/donnerbookprize.com\/wp-content\/uploads\/2024\/04\/PrivacyFallacy_Cofone_314x512.jpg\" alt=\"\" class=\"wp-image-4473\" srcset=\"https:\/\/donnerbookprize.com\/wp-content\/uploads\/2024\/04\/PrivacyFallacy_Cofone_314x512.jpg 340w, https:\/\/donnerbookprize.com\/wp-content\/uploads\/2024\/04\/PrivacyFallacy_Cofone_314x512-199x300.jpg 199w, https:\/\/donnerbookprize.com\/wp-content\/uploads\/2024\/04\/PrivacyFallacy_Cofone_314x512-8x12.jpg 8w\" sizes=\"auto, (max-width: 340px) 100vw, 340px\" \/><\/figure>\n<\/div>\n\n\n\n<div class=\"wp-block-column is-layout-flow wp-block-column-is-layout-flow\" style=\"flex-basis:66.66%\">\n<p>La question de savoir qui a acc\u00e8s \u00e0 nos informations et comment elles sont utilis\u00e9es pr\u00e9occupe de plus en plus les individus, les entreprises et les gouvernements du monde entier. Dans The Privacy Fallacy, I. Cofone explique pourquoi les lois actuellement en vigueur ne nous prot\u00e8gent pas contre les pr\u00e9judices num\u00e9riques caus\u00e9s par les entreprises. Les r\u00e9formes qu\u2019il propose imposent une utilisation responsable des donn\u00e9es par les entreprises et la responsabilisation de ces derni\u00e8res en cas de violation entra\u00eenant une atteinte \u00e0 la vie priv\u00e9e et des pr\u00e9judices connexes. Par des questions bien d\u00e9finies, une analyse solide et des arguments fond\u00e9s sur des donn\u00e9es probantes, I. Cofone explore les complexit\u00e9s de la confidentialit\u00e9, des pr\u00e9judices et de la dynamique du pouvoir dans l\u2019\u00e9conomie de l\u2019information.<\/p>\n\n\n\n<p class=\"translation-block\"><strong>Ignacio Cofone<\/strong> est professeur associ\u00e9 et titulaire de la Chaire de recherche du Canada sur le droit de l\u2019intelligence artificielle et la gouvernance des donn\u00e9es \u00e0 la facult\u00e9 de droit de l\u2019Universit\u00e9 McGill, o\u00f9 il enseigne le droit de la vie priv\u00e9e, le droit de l\u2019intelligence artificielle et les obligations avanc\u00e9es. Il m\u00e8ne actuellement des recherches sur la responsabilit\u00e9 en cas d\u2019atteinte \u00e0 la vie priv\u00e9e et sur la discrimination li\u00e9e \u00e0 l\u2019IA.<\/p>\n<\/div>\n<\/div>\n<\/div><\/div>\n\n\n\n<div class=\"wp-block-group\"><div class=\"wp-block-group__inner-container is-layout-constrained wp-block-group-is-layout-constrained\">\n<h2 class=\"wp-block-heading has-text-align-left\"><strong>Wrongfully Convicted: Guilty Pleas, Imagined Crimes, and What Canada Must Do to Safeguard Justice<\/strong> (Simon &amp; Schuster Canada)<\/h2>\n\n\n\n<div class=\"wp-block-columns is-layout-flex wp-container-core-columns-is-layout-9d6595d7 wp-block-columns-is-layout-flex\">\n<div class=\"wp-block-column is-layout-flow wp-block-column-is-layout-flow\" style=\"flex-basis:15.8%\">\n<figure class=\"wp-block-image size-full\"><img loading=\"lazy\" decoding=\"async\" width=\"340\" height=\"512\" src=\"https:\/\/donnerbookprize.com\/wp-content\/uploads\/2024\/04\/WrongfullyConvicted_Roach_314x512.jpg\" alt=\"\" class=\"wp-image-4475\" srcset=\"https:\/\/donnerbookprize.com\/wp-content\/uploads\/2024\/04\/WrongfullyConvicted_Roach_314x512.jpg 340w, https:\/\/donnerbookprize.com\/wp-content\/uploads\/2024\/04\/WrongfullyConvicted_Roach_314x512-199x300.jpg 199w, https:\/\/donnerbookprize.com\/wp-content\/uploads\/2024\/04\/WrongfullyConvicted_Roach_314x512-8x12.jpg 8w\" sizes=\"auto, (max-width: 340px) 100vw, 340px\" \/><\/figure>\n\n\n\n<p><\/p>\n<\/div>\n\n\n\n<div class=\"wp-block-column is-layout-flow wp-block-column-is-layout-flow\" style=\"flex-basis:66.66%\">\n<p>Dans cette habile pr\u00e9sentation des d\u00e9ficiences du syst\u00e8me judiciaire canadien, K. Roach fait la chronique de nombreux cas de condamnations injustifi\u00e9es et d\u00e9crit les recours qui pourraient \u00eatre pris pour pr\u00e9venir, d\u00e9tecter et rem\u00e9dier \u00e0 de tels cas. Il s\u2019agit d\u2019un probl\u00e8me syst\u00e9mique. K. Roach souligne le fait qu\u2019entre 1989 et 2008, le Canada a r\u00e9alis\u00e9 pas moins de sept enqu\u00eates men\u00e9es sur plusieurs ann\u00e9es et dont les co\u00fbts s\u2019\u00e9l\u00e8vent \u00e0 plusieurs millions de dollars sur des condamnations injustifi\u00e9es particuli\u00e8res. Il nous rappelle que le poids des condamnations injustifi\u00e9es p\u00e8se de mani\u00e8re disproportionn\u00e9e sur les personnes d\u00e9favoris\u00e9es. R\u00e9cit clair, complet, convaincant, \u00e9vocateur et accessible, Wrongfully Convicted s\u2019impose comme une ressource pr\u00e9cieuse pour les responsables politiques, la profession juridique et les personnes qui d\u00e9fendent la justice.<\/p>\n\n\n\n<p class=\"translation-block\"><strong>Kent Roach<\/strong> est professeur \u00e0 la facult\u00e9 de droit de l\u2019Universit\u00e9 de Toronto. Chercheur prolifique, il a notamment publi\u00e9 Canadian Justice, Indigenous Injustice, qui a \u00e9t\u00e9 pr\u00e9s\u00e9lectionn\u00e9 pour le prix Shaughnessy Cohen 2019, et Canadian Policing: Why and How it Must Change, qui a \u00e9t\u00e9 en lice pour le prix Donner 2022.<\/p>\n<\/div>\n<\/div>\n<\/div><\/div>","protected":false},"excerpt":{"rendered":"<p>Announcing the 2023 Donner Prize Shortlist The Legal Singularity: How Artificial Intelligence Can Make Law Radically Better (University of Toronto Press) The Legal Singularity addresses the transformative potential of artificial intelligence in the legal sector. It considers the evolving role of technology in governance and the administration of justice, offering insights into how AI can &#8230; <a title=\"LISTES DES FINALISTES 2023\" class=\"read-more\" href=\"https:\/\/donnerbookprize.com\/francais\/2023-shortlist\/\">Read more<span class=\"screen-reader-text\">LISTES DES FINALISTES 2023<\/span><\/a><\/p>","protected":false},"author":1,"featured_media":0,"parent":0,"menu_order":0,"comment_status":"closed","ping_status":"closed","template":"","meta":{"footnotes":""},"class_list":["post-4480","page","type-page","status-publish"],"_links":{"self":[{"href":"https:\/\/donnerbookprize.com\/francais\/wp-json\/wp\/v2\/pages\/4480","targetHints":{"allow":["GET"]}}],"collection":[{"href":"https:\/\/donnerbookprize.com\/francais\/wp-json\/wp\/v2\/pages"}],"about":[{"href":"https:\/\/donnerbookprize.com\/francais\/wp-json\/wp\/v2\/types\/page"}],"author":[{"embeddable":true,"href":"https:\/\/donnerbookprize.com\/francais\/wp-json\/wp\/v2\/users\/1"}],"replies":[{"embeddable":true,"href":"https:\/\/donnerbookprize.com\/francais\/wp-json\/wp\/v2\/comments?post=4480"}],"version-history":[{"count":0,"href":"https:\/\/donnerbookprize.com\/francais\/wp-json\/wp\/v2\/pages\/4480\/revisions"}],"wp:attachment":[{"href":"https:\/\/donnerbookprize.com\/francais\/wp-json\/wp\/v2\/media?parent=4480"}],"curies":[{"name":"wp","href":"https:\/\/api.w.org\/{rel}","templated":true}]}}