{"id":4789,"date":"2025-09-10T11:22:37","date_gmt":"2025-09-10T15:22:37","guid":{"rendered":"https:\/\/donnerbookprize.com\/?page_id=4789"},"modified":"2026-02-10T10:35:25","modified_gmt":"2026-02-10T15:35:25","slug":"2025-donner-jury","status":"publish","type":"page","link":"https:\/\/donnerbookprize.com\/francais\/about\/2025-donner-jury\/","title":{"rendered":"Jury du Prix Donner 2025"},"content":{"rendered":"<div class=\"wp-block-columns is-layout-flex wp-container-core-columns-is-layout-9d6595d7 wp-block-columns-is-layout-flex\">\n<div class=\"wp-block-column is-layout-flow wp-block-column-is-layout-flow\"><div class=\"wp-block-image custom8c\">\n<figure class=\"alignleft size-medium\"><img loading=\"lazy\" decoding=\"async\" width=\"300\" height=\"300\" src=\"https:\/\/donnerbookprize.com\/wp-content\/uploads\/2024\/10\/AndreBealieu_cropped_1-300x300.jpg\" alt=\"\" class=\"wp-image-4575\" srcset=\"https:\/\/donnerbookprize.com\/wp-content\/uploads\/2024\/10\/AndreBealieu_cropped_1-300x300.jpg 300w, https:\/\/donnerbookprize.com\/wp-content\/uploads\/2024\/10\/AndreBealieu_cropped_1-1024x1022.jpg 1024w, https:\/\/donnerbookprize.com\/wp-content\/uploads\/2024\/10\/AndreBealieu_cropped_1-150x150.jpg 150w, https:\/\/donnerbookprize.com\/wp-content\/uploads\/2024\/10\/AndreBealieu_cropped_1-768x766.jpg 768w, https:\/\/donnerbookprize.com\/wp-content\/uploads\/2024\/10\/AndreBealieu_cropped_1-12x12.jpg 12w, https:\/\/donnerbookprize.com\/wp-content\/uploads\/2024\/10\/AndreBealieu_cropped_1.jpg 1356w\" sizes=\"auto, (max-width: 300px) 100vw, 300px\" \/><\/figure><\/div>\n\n\n<h2 class=\"wp-block-heading has-text-align-left\">Andre Beaulieu<\/h2>\n\n\n\n<h4 style=\"text-align:left;\">Pr\u00e9sidente<\/h4>\n\n\n\n<p class=\"custom7\">En janvier 2026 <strong>Andr\u00e9 Beaulieu<\/strong>was appointed CEO of the Azrieli Foundation, the largest non-corporate public Foundation in Canada.&nbsp;<\/p>\n\n\n\n<p>Entre 2015 et 2024, en tant que Premier vice-pr\u00e9sident, Services g\u00e9n\u00e9raux, chez BCE, M. Beaulieu \u00e9tait responsable de l\u2019un des portefeuilles d\u2019approvisionnement les plus importants du Canada. Il est \u00e0 la t\u00eate de l\u2019\u00e9quipe de Transformation strat\u00e9gique d\u2019entreprises, qui a dirig\u00e9 les principales initiatives de restructuration et l\u2019int\u00e9gration des acquisitions de BCE. Il \u00e9tait \u00e9galement charg\u00e9 des transactions immobili\u00e8res, de la s\u00e9curit\u00e9 de l\u2019entreprise (y compris la cybers\u00e9curit\u00e9) et de la responsabilit\u00e9 d\u2019entreprise (qui comprend n les initiatives environnementales, sociales et de gouvernance) pour BCE.&nbsp;<\/p>\n\n\n\n<p>Entre 2012 et 2015, M. Beaulieu a occup\u00e9 le poste de Premier vice-pr\u00e9sident, Service de gros, une unit\u00e9 d\u2019affaires qui g\u00e9n\u00e8re un milliard de dollars, desservant 700 clients dans le domaine des t\u00e9l\u00e9communications dans 180 pays. Au cours de la m\u00eame p\u00e9riode, il a \u00e9t\u00e9 pr\u00e9sident de BCE Nexxia, l\u2019entit\u00e9 qui poss\u00e8de et g\u00e8re le r\u00e9seau de Bell aux \u00c9tats-Unis. Entre 2007 et 2011, M. Beaulieu a occup\u00e9 diff\u00e9rents postes de cadre, notamment celui de vice-pr\u00e9sident de la strat\u00e9gie.&nbsp;<\/p>\n\n\n\n<p>Avant de rejoindre Bell, M. Beaulieu \u00e9tait consultant en strat\u00e9gie chez Kearney (\u00e0 Paris) et Bain &amp; Company (\u00e0 Paris et \u00e0 Boston).  Il a principalement travaill\u00e9 dans le domaine du capital-investissement et de la strat\u00e9gie pour les grandes entreprises sp\u00e9cialis\u00e9es dans la technologie.  Auparavant, il a travaill\u00e9 au Bureau du Conseil priv\u00e9 du gouvernement du Canada et pour les Nations Unies dans plusieurs pays.&nbsp;<\/p>\n\n\n\n<p>N\u00e9 \u00e0 Qu\u00e9bec, M. Beaulieu est titulaire d\u2019un baccalaur\u00e9at (avec mention) et d\u2019un baccalaur\u00e9at en droit civil (B.C.L.) et en common law (LL.B.) de l\u2019Universit\u00e9 McGill \u00e0 Montr\u00e9al.&nbsp;<\/p>\n\n\n\n<p class=\"custom7\">Membre actif de la communaut\u00e9 depuis son retour \u00e0 Montr\u00e9al en 2007, il si\u00e8ge aux conseils d\u2019administration de CORIM (comit\u00e9 de direction), de la Fondation de l\u2019H\u00f4pital de Montr\u00e9al pour enfants (comit\u00e9 de direction) et du Forum des politiques publiques (pr\u00e9sident du conseil d\u2019administration). Il est cofondateur du Forum de Banff.&nbsp;<\/p>\n\n\n\n<hr class=\"wp-block-separator has-css-opacity is-style-wide\"\/>\n\n\n<div class=\"wp-block-image custom8c\">\n<figure class=\"alignleft size-medium\"><img loading=\"lazy\" decoding=\"async\" width=\"286\" height=\"300\" src=\"https:\/\/donnerbookprize.com\/wp-content\/uploads\/2024\/10\/Antonia-Maioni-2023_cropped_2-286x300.jpg\" alt=\"\" class=\"wp-image-4573\" srcset=\"https:\/\/donnerbookprize.com\/wp-content\/uploads\/2024\/10\/Antonia-Maioni-2023_cropped_2-286x300.jpg 286w, https:\/\/donnerbookprize.com\/wp-content\/uploads\/2024\/10\/Antonia-Maioni-2023_cropped_2-11x12.jpg 11w, https:\/\/donnerbookprize.com\/wp-content\/uploads\/2024\/10\/Antonia-Maioni-2023_cropped_2.jpg 533w\" sizes=\"auto, (max-width: 286px) 100vw, 286px\" \/><\/figure><\/div>\n\n\n<h2 class=\"wp-block-heading has-text-align-left\"><strong>Antonia Maioni<\/strong><\/h2>\n\n\n\n<p class=\"custom7 translation-block\"><strong>Antonia Maioni<\/strong> est professeure \u00e0 l\u2019\u00c9cole de sant\u00e9 des populations et de sant\u00e9 mondiale de l\u2019Universit\u00e9 McGill. Elle est actuellement professeure invit\u00e9e William Lyon Mackenzie King \u00e0 l\u2019Universit\u00e9 Harvard pour l\u2019ann\u00e9e universitaire 2023-2024, o\u00f9 elle est membre du programme canadien au Weatherhead Center for International Affairs. Auparavant, elle a \u00e9t\u00e9 doyenne de la Facult\u00e9 des arts de l\u2019Universit\u00e9 McGill, vice-pr\u00e9sidente associ\u00e9e \u00e0 la recherche et aux relations internationales et directrice de l\u2019Institut d\u2019\u00e9tudes canadiennes de McGill (2001 \u00e0 2011).  Elle a \u00e9galement \u00e9t\u00e9 pr\u00e9sidente de la F\u00e9d\u00e9ration canadienne des sciences humaines, membre du conseil d\u2019administration de l\u2019Institut canadien de recherches avanc\u00e9es et de l\u2019Institut de recherche en politiques publiques, membre de l\u2019\u00e9quipe de direction du Forum de Banff, mentore du programme Action Canada et boursi\u00e8re de la Fondation Pierre Elliott Trudeau. Parlant couramment l\u2019anglais et le fran\u00e7ais, elle a une grande exp\u00e9rience des m\u00e9dias locaux, nationaux et internationaux.<br><br>\n \nElle est titulaire d\u2019un baccalaur\u00e9at de l\u2019Universit\u00e9 Laval, d\u2019une ma\u00eetrise de la Norman Paterson School of International Affairs de l\u2019Universit\u00e9 Carleton et d\u2019un doctorat en sciences politiques de l\u2019Universit\u00e9 Northwestern.<\/p>\n\n\n\n<hr class=\"wp-block-separator has-css-opacity is-style-wide\"\/>\n<\/div>\n<\/div>\n\n\n\n<div class=\"wp-block-columns is-layout-flex wp-container-core-columns-is-layout-9d6595d7 wp-block-columns-is-layout-flex\">\n<div class=\"wp-block-column is-layout-flow wp-block-column-is-layout-flow\"><div class=\"wp-block-image custom8c\">\n<figure class=\"alignleft size-medium\"><img loading=\"lazy\" decoding=\"async\" width=\"300\" height=\"200\" src=\"https:\/\/donnerbookprize.com\/wp-content\/uploads\/2025\/09\/CBS-headshot-brett-house-2024_Ext3-300x200.jpg\" alt=\"\" class=\"wp-image-4790\" srcset=\"https:\/\/donnerbookprize.com\/wp-content\/uploads\/2025\/09\/CBS-headshot-brett-house-2024_Ext3-300x200.jpg 300w, https:\/\/donnerbookprize.com\/wp-content\/uploads\/2025\/09\/CBS-headshot-brett-house-2024_Ext3-768x512.jpg 768w, https:\/\/donnerbookprize.com\/wp-content\/uploads\/2025\/09\/CBS-headshot-brett-house-2024_Ext3-18x12.jpg 18w, https:\/\/donnerbookprize.com\/wp-content\/uploads\/2025\/09\/CBS-headshot-brett-house-2024_Ext3.jpg 888w\" sizes=\"auto, (max-width: 300px) 100vw, 300px\" \/><\/figure><\/div>\n\n\n<h2 class=\"wp-block-heading has-text-align-left\">Brett House<\/h2>\n\n\n\n<p class=\"custom7\"><strong>Brett House<\/strong> est professeur en pratique professionnelle au d\u00e9partement d\u2019\u00e9conomie de la Columbia Business School, o\u00f9 son enseignement et ses publications portent principalement sur la macro\u00e9conomie et la finance internationale. Il est \u00e9galement chercheur associ\u00e9 au Forum des politiques publiques et chercheur principal \u00e0 la Munk School of Global Affairs and Public Policy et au Massey College de l\u2019Universit\u00e9 de Toronto. Au d\u00e9but de sa carri\u00e8re, M. House a occup\u00e9 des postes d\u2019enseignement et de recherche \u00e0 l\u2019Universit\u00e9 McGill, \u00e0 l\u2019Earth Institute de l\u2019Universit\u00e9 Columbia, au Keble College d\u2019Oxford et \u00e0 l\u2019Universit\u00e9 du Cap.<\/p>\n\n\n\n<p>Auparavant, M. House \u00e9tait \u00e9conomiste en chef \u00e0 la Banque Scotia, \u00e9conomiste en chef dans une jeune entreprise de gestion d\u2019actifs install\u00e9e \u00e0 Toronto et strat\u00e8ge mondial dans un fonds macro\u00e9conomique mondial situ\u00e9 \u00e0 New York. Il a fait ses armes sur les march\u00e9s financiers chez Goldman Sachs et \u00e0 la Banque mondiale.<\/p>\n\n\n\n<p>Dans le domaine de l\u2019\u00e9laboration des politiques, Brett House a \u00e9t\u00e9 \u00e9conomiste au Fonds mon\u00e9taire international pendant pr\u00e8s d\u2019une d\u00e9cennie et conseiller principal pour les questions \u00e9conomiques au sein du Cabinet du secr\u00e9taire g\u00e9n\u00e9ral des Nations unies pendant la crise financi\u00e8re mondiale.<\/p>\n\n\n\n<p class=\"custom7\">M. House est dipl\u00f4m\u00e9 en \u00e9conomie de l\u2019Universit\u00e9 Queen\u2019s \u00e0 Kingston, en Ontario, et de l\u2019Universit\u00e9 d\u2019Oxford, o\u00f9 il \u00e9tait boursier Rhodes. Il a re\u00e7u la m\u00e9daille du couronnement du roi Charles III en 2025 pour ses travaux de recherche en politique, son plaidoyer et son leadership b\u00e9n\u00e9vole.<\/p>\n\n\n\n<hr class=\"wp-block-separator has-css-opacity is-style-wide\"\/>\n\n\n<div class=\"wp-block-image custom8c\">\n<figure class=\"alignleft size-medium\"><img loading=\"lazy\" decoding=\"async\" width=\"300\" height=\"300\" src=\"https:\/\/donnerbookprize.com\/wp-content\/uploads\/2025\/09\/1-RESTOULE-HEADSHOT-JULY-2025-300x300.jpeg\" alt=\"\" class=\"wp-image-4791\" srcset=\"https:\/\/donnerbookprize.com\/wp-content\/uploads\/2025\/09\/1-RESTOULE-HEADSHOT-JULY-2025-300x300.jpeg 300w, https:\/\/donnerbookprize.com\/wp-content\/uploads\/2025\/09\/1-RESTOULE-HEADSHOT-JULY-2025-1024x1024.jpeg 1024w, https:\/\/donnerbookprize.com\/wp-content\/uploads\/2025\/09\/1-RESTOULE-HEADSHOT-JULY-2025-150x150.jpeg 150w, https:\/\/donnerbookprize.com\/wp-content\/uploads\/2025\/09\/1-RESTOULE-HEADSHOT-JULY-2025-768x768.jpeg 768w, https:\/\/donnerbookprize.com\/wp-content\/uploads\/2025\/09\/1-RESTOULE-HEADSHOT-JULY-2025-12x12.jpeg 12w, https:\/\/donnerbookprize.com\/wp-content\/uploads\/2025\/09\/1-RESTOULE-HEADSHOT-JULY-2025.jpeg 1200w\" sizes=\"auto, (max-width: 300px) 100vw, 300px\" \/><\/figure><\/div>\n\n\n<h2 class=\"wp-block-heading has-text-align-left\">Karen Restoule<\/h2>\n\n\n\n<p class=\"custom7\"><strong>Karen Restoule<\/strong> est directrice des affaires autochtones et chercheuse principale \u00e0 l\u2019Institut Macdonald-Laurier, ainsi que conseill\u00e8re principale chez Oyster Group, o\u00f9 elle offre des conseils sur des questions complexes d\u2019affaires publiques \u00e0 la crois\u00e9e de l\u2019industrie, des Premi\u00e8res Nations et du gouvernement.<\/p>\n\n\n\n<p>Mme Restoule apporte une exp\u00e9rience d\u2019une richesse exceptionnelle : auparavant, elle a conseill\u00e9 des clients dans l\u2019un des plus grands cabinets d\u2019affaires publiques du Canada, a aid\u00e9 les dirigeants des Premi\u00e8res Nations dans les domaines de la justice, du droit, du d\u00e9veloppement communautaire et de la durabilit\u00e9, a dirig\u00e9 le syst\u00e8me de justice administrative de l\u2019Ontario en tant que cadre sup\u00e9rieure du secteur public et a cofond\u00e9 BOLD Realities afin de promouvoir les partenariats entre l\u2019industrie et les Autochtones.<\/p>\n\n\n\n<p class=\"custom7\">Tr\u00e8s sollicit\u00e9e, Karen Restoule intervient r\u00e9guli\u00e8rement dans les m\u00e9dias nationaux, \u00e0 la radio et lors de conf\u00e9rences au Canada et \u00e0 l\u2019\u00e9tranger. Elle est dipl\u00f4m\u00e9e de l\u2019Universit\u00e9 de Toronto et du programme de droit commun fran\u00e7ais de l\u2019Universit\u00e9 d\u2019Ottawa et a \u00e9t\u00e9 intronis\u00e9e \u00e0 la Faculty of Law Honours Society pour ses contributions marquantes \u00e0 la soci\u00e9t\u00e9 gr\u00e2ce au droit. Mme Restoule est Ojibwe de la Premi\u00e8re Nation Dokis.<\/p>\n\n\n\n<hr class=\"wp-block-separator has-css-opacity is-style-wide\"\/>\n\n\n<div class=\"wp-block-image custom8c\">\n<figure class=\"alignleft size-medium\"><img loading=\"lazy\" decoding=\"async\" width=\"300\" height=\"300\" src=\"https:\/\/donnerbookprize.com\/wp-content\/uploads\/2022\/11\/Maureen_ONeil_-_Square.original-300x300.jpg\" alt=\"\" class=\"wp-image-4216\" srcset=\"https:\/\/donnerbookprize.com\/wp-content\/uploads\/2022\/11\/Maureen_ONeil_-_Square.original-300x300.jpg 300w, https:\/\/donnerbookprize.com\/wp-content\/uploads\/2022\/11\/Maureen_ONeil_-_Square.original-150x150.jpg 150w, https:\/\/donnerbookprize.com\/wp-content\/uploads\/2022\/11\/Maureen_ONeil_-_Square.original-768x768.jpg 768w, https:\/\/donnerbookprize.com\/wp-content\/uploads\/2022\/11\/Maureen_ONeil_-_Square.original-12x12.jpg 12w, https:\/\/donnerbookprize.com\/wp-content\/uploads\/2022\/11\/Maureen_ONeil_-_Square.original.jpg 800w\" sizes=\"auto, (max-width: 300px) 100vw, 300px\" \/><\/figure><\/div>\n\n\n<h2 class=\"wp-block-heading has-text-align-left\"><strong>Maureen O\u2019Neil<\/strong><\/h2>\n\n\n\n<p class=\"custom7 translation-block\"><strong>Maureen O\u2019Neil<\/strong> pr\u00e9side le conseil d\u2019administration de WaterAid International et est membre des conseils d\u2019administration du Centre pour l\u2019innovation dans la gouvernance internationale et du Centre d\u2019\u00e9tude des niveaux de vie.<br><br>\n\nElle a auparavant si\u00e9g\u00e9 au conseil d\u2019administration de cyberSant\u00e9 Ontario et de la Fondation canadienne pour l\u2019am\u00e9lioration des services de sant\u00e9 (FCASS). Elle a \u00e9galement \u00e9t\u00e9 pr\u00e9sidente du Centre de recherches pour le d\u00e9veloppement international et sous-ministre de la citoyennet\u00e9 du gouvernement de l\u2019Ontario.<br><br>\n\nMaureen O\u2019Neil a \u00e9t\u00e9 pr\u00e9sidente du conseil d\u2019administration de l\u2019Institut de recherche des Nations Unies pour le d\u00e9veloppement social (UNRISD), de l\u2019Institut international pour l\u2019environnement et le d\u00e9veloppement, et de l\u2019Universit\u00e9 Carleton. Elle a aussi \u00e9t\u00e9 pr\u00e9sidente du Centre de recherches pour le d\u00e9veloppement international, de l\u2019Initiative Think tank du CRDI et sous-ministre de la citoyennet\u00e9 du gouvernement de l\u2019Ontario.<br><br>\n\nElle a \u00e9galement repr\u00e9sent\u00e9 le Canada \u00e0 la Commission de la condition de la femme des Nations Unies et \u00e0 des comit\u00e9s de l\u2019Organisation de coop\u00e9ration et de d\u00e9veloppement \u00e9conomiques. Elle a \u00e9t\u00e9 membre du Comit\u00e9 de la planification du d\u00e9veloppement des Nations Unies et du conseil d\u2019administration de l\u2019UNRISD.<br><br>\n\nMme O\u2019Neil est titulaire de doctorats honorifiques des universit\u00e9s Wilfrid Laurier, Carleton et d\u2019Ottawa. En juin 2011, Mme O\u2019Neil a \u00e9t\u00e9 nomm\u00e9e offici\u00e8re de l\u2019Ordre du Canada dans le secteur de la fonction publique en reconnaissance de sa contribution au d\u00e9veloppement international, \u00e0 l\u2019\u00e9galit\u00e9 des sexes et aux droits de la personne.<\/p>\n\n\n\n<hr class=\"wp-block-separator has-css-opacity is-style-wide\"\/>\n<\/div>\n<\/div>\n\n\n<div class=\"wp-block-image custom8c\">\n<figure class=\"alignleft size-medium\"><img loading=\"lazy\" decoding=\"async\" width=\"300\" height=\"232\" src=\"https:\/\/donnerbookprize.com\/wp-content\/uploads\/2023\/09\/Neil-Desai-Headshot-with-Tie-300x232.jpg\" alt=\"\" class=\"wp-image-4425\" srcset=\"https:\/\/donnerbookprize.com\/wp-content\/uploads\/2023\/09\/Neil-Desai-Headshot-with-Tie-300x232.jpg 300w, https:\/\/donnerbookprize.com\/wp-content\/uploads\/2023\/09\/Neil-Desai-Headshot-with-Tie-1024x791.jpg 1024w, https:\/\/donnerbookprize.com\/wp-content\/uploads\/2023\/09\/Neil-Desai-Headshot-with-Tie-768x593.jpg 768w, https:\/\/donnerbookprize.com\/wp-content\/uploads\/2023\/09\/Neil-Desai-Headshot-with-Tie-1536x1187.jpg 1536w, https:\/\/donnerbookprize.com\/wp-content\/uploads\/2023\/09\/Neil-Desai-Headshot-with-Tie-2048x1583.jpg 2048w, https:\/\/donnerbookprize.com\/wp-content\/uploads\/2023\/09\/Neil-Desai-Headshot-with-Tie-16x12.jpg 16w\" sizes=\"auto, (max-width: 300px) 100vw, 300px\" \/><\/figure><\/div>\n\n\n<h2 class=\"wp-block-heading\">Neil Desai<\/h2>\n\n\n\n<p class=\"custom7\"><strong>Neil Desai<\/strong> est un administrateur et un dirigeant d\u2019entreprise qui poss\u00e8de une vaste exp\u00e9rience dans les secteurs public et priv\u00e9. Plus r\u00e9cemment, il a fait partie de l\u2019\u00e9quipe de direction de Magnet Forensics, une entreprise technologique canadienne qui d\u00e9veloppe des logiciels d\u2019investigation num\u00e9rique utilis\u00e9s par plus de 4 000 services de police, organismes de s\u00e9curit\u00e9 nationale et autres organismes publics et priv\u00e9s dans plus de 100 pays. Il a contribu\u00e9 \u00e0 la croissance de l\u2019entreprise, de sa cr\u00e9ation \u00e0 son entr\u00e9e \u00e0 la Bourse de Toronto en 2021 et \u00e0 sa vente pour un montant de 1,8 milliard de dollars en 2023. M. Desai est chercheur principal au Centre pour l\u2019innovation dans la gouvernance internationale et entrepreneur en r\u00e9sidence au Rogers Cyber Catalyst. Il pr\u00e9side Solace Power et ClearRisk Inc., et si\u00e8ge au conseil d\u2019administration du Forum des politiques publiques, de la Commission des alcools et des jeux de l\u2019Ontario, du Collectif d\u2019actifs en innovation et a \u00e9t\u00e9 administrateur de YMCA Canada. Auparavant, Neil Desai a occup\u00e9 des postes de haut niveau au sein du gouvernement du Canada, \u00e0 Affaires mondiales Canada et au Cabinet du premier ministre.<\/p>\n\n\n\n<hr class=\"wp-block-separator has-css-opacity is-style-wide\"\/>\n\n\n\n<div style=\"height:10px\" aria-hidden=\"true\" class=\"wp-block-spacer\"><\/div>\n\n\n\n<div style=\"height:10px\" aria-hidden=\"true\" class=\"wp-block-spacer\"><\/div>","protected":false},"excerpt":{"rendered":"<p>Andre Beaulieu CHAIR In January of 2026, Andr\u00e9 Beaulieu\u202fwas appointed CEO of the Azrieli Foundation, the largest non-corporate public Foundation in Canada.&nbsp; Between 2015 and 2024, as Senior Vice-President, Corporate Services for BCE, Andr\u00e9\u202fwas responsible for one of the largest procurement portfolios in Canada, and the Strategic Business Transformation team, which led all major restructuring &#8230; <a title=\"Jury du Prix Donner 2025\" class=\"read-more\" href=\"https:\/\/donnerbookprize.com\/francais\/about\/2025-donner-jury\/\">Read more<span class=\"screen-reader-text\">Jury du Prix Donner 2025<\/span><\/a><\/p>","protected":false},"author":1,"featured_media":3179,"parent":7,"menu_order":0,"comment_status":"closed","ping_status":"closed","template":"","meta":{"footnotes":""},"class_list":["post-4789","page","type-page","status-publish","has-post-thumbnail"],"_links":{"self":[{"href":"https:\/\/donnerbookprize.com\/francais\/wp-json\/wp\/v2\/pages\/4789","targetHints":{"allow":["GET"]}}],"collection":[{"href":"https:\/\/donnerbookprize.com\/francais\/wp-json\/wp\/v2\/pages"}],"about":[{"href":"https:\/\/donnerbookprize.com\/francais\/wp-json\/wp\/v2\/types\/page"}],"author":[{"embeddable":true,"href":"https:\/\/donnerbookprize.com\/francais\/wp-json\/wp\/v2\/users\/1"}],"replies":[{"embeddable":true,"href":"https:\/\/donnerbookprize.com\/francais\/wp-json\/wp\/v2\/comments?post=4789"}],"version-history":[{"count":0,"href":"https:\/\/donnerbookprize.com\/francais\/wp-json\/wp\/v2\/pages\/4789\/revisions"}],"up":[{"embeddable":true,"href":"https:\/\/donnerbookprize.com\/francais\/wp-json\/wp\/v2\/pages\/7"}],"wp:featuredmedia":[{"embeddable":true,"href":"https:\/\/donnerbookprize.com\/francais\/wp-json\/wp\/v2\/media\/3179"}],"wp:attachment":[{"href":"https:\/\/donnerbookprize.com\/francais\/wp-json\/wp\/v2\/media?parent=4789"}],"curies":[{"name":"wp","href":"https:\/\/api.w.org\/{rel}","templated":true}]}}