{"id":4943,"date":"2026-04-13T16:43:12","date_gmt":"2026-04-13T20:43:12","guid":{"rendered":"https:\/\/donnerbookprize.com\/?page_id=4943"},"modified":"2026-04-14T10:06:32","modified_gmt":"2026-04-14T14:06:32","slug":"2025-26-shortlist","status":"publish","type":"page","link":"https:\/\/donnerbookprize.com\/francais\/2025-26-shortlist\/","title":{"rendered":"LISTES DES FINALISTES 2025-26"},"content":{"rendered":"<hr class=\"wp-block-separator has-css-opacity is-style-wide\"\/>\n\n\n\n<p class=\"has-text-align-center custom4\"><strong>Annonce de la liste des finalistes du Prix Donner 2025-26<\/strong><\/p>\n\n\n\n<div style=\"height:31px\" aria-hidden=\"true\" class=\"wp-block-spacer\"><\/div>\n\n\n\n<iframe loading=\"lazy\" width=\"100%\" height=\"600px\" src=\"https:\/\/www.youtube.com\/embed\/Ab_Njm--k4s?si=Op-PVdv8NkC1Uegb\" title=\"YouTube video player\" frameborder=\"0\" allow=\"accelerometer; autoplay; clipboard-write; encrypted-media; gyroscope; picture-in-picture; web-share\" referrerpolicy=\"strict-origin-when-cross-origin\" allowfullscreen><\/iframe>\n\n\n\n<div style=\"height:38px\" aria-hidden=\"true\" class=\"wp-block-spacer\"><\/div>\n\n\n\n<div style=\"height:0px\" aria-hidden=\"true\" class=\"wp-block-spacer\"><\/div>\n\n\n\n<hr class=\"wp-block-separator has-css-opacity is-style-wide\"\/>\n\n\n\n<div class=\"wp-block-group\"><div class=\"wp-block-group__inner-container is-layout-constrained wp-block-group-is-layout-constrained\">\n<h2 class=\"wp-block-heading has-text-align-left\"><strong>Breaking Point: The New Big Shifts Putting Canada at Risk, de Darrell Bricker et John<\/strong> Ibbitson (Signal)<\/h2>\n\n\n\n<div class=\"wp-block-columns is-layout-flex wp-container-core-columns-is-layout-9d6595d7 wp-block-columns-is-layout-flex\">\n<div class=\"wp-block-column is-layout-flow wp-block-column-is-layout-flow\" style=\"flex-basis:15.8%\">\n<figure class=\"wp-block-image size-full\"><img loading=\"lazy\" decoding=\"async\" width=\"341\" height=\"512\" src=\"https:\/\/donnerbookprize.com\/wp-content\/uploads\/2026\/04\/BreakingPointcover_341x512.jpg\" alt=\"\" class=\"wp-image-4944\" srcset=\"https:\/\/donnerbookprize.com\/wp-content\/uploads\/2026\/04\/BreakingPointcover_341x512.jpg 341w, https:\/\/donnerbookprize.com\/wp-content\/uploads\/2026\/04\/BreakingPointcover_341x512-200x300.jpg 200w, https:\/\/donnerbookprize.com\/wp-content\/uploads\/2026\/04\/BreakingPointcover_341x512-8x12.jpg 8w\" sizes=\"auto, (max-width: 341px) 100vw, 341px\" \/><\/figure>\n\n\n\n<p><\/p>\n<\/div>\n\n\n\n<div class=\"wp-block-column is-layout-flow wp-block-column-is-layout-flow\" style=\"flex-basis:66.66%\">\n<p>Bien qu\u2019il ne s\u2019effondre pas, le Canada est sous pression. <em>Breaking Point<\/em> soutient de mani\u00e8re convaincante que les pressions qui s\u2019accumulent en ce qui concerne le logement, la productivit\u00e9, les frustrations r\u00e9gionales, la mauvaise gestion de l\u2019immigration et les in\u00e9galit\u00e9s entre les g\u00e9n\u00e9rations pr\u00e9sentent une menace pour la coh\u00e9sion nationale. La principale force de Bricker et Ibbitson r\u00e9side dans leur capacit\u00e9 de synth\u00e8se : ils rassemblent diverses pr\u00e9occupations dans un r\u00e9cit coh\u00e9rent sur la fragilit\u00e9 du pays. S\u2019appuyant sur des donn\u00e9es de sondage, des tendances d\u00e9mographiques et des indicateurs \u00e9conomiques, notamment des donn\u00e9es d\u2019enqu\u00eate \u00e0 long terme montrant un d\u00e9clin de la fiert\u00e9 nationale, cet ouvrage offre aux d\u00e9cideurs un aper\u00e7u de l\u2019opinion publique, ainsi qu\u2019une vue d\u2019ensemble strat\u00e9gique des risques auxquels le Canada s\u2019expose si les tendances actuelles se poursuivent. Les jur\u00e9s ont salu\u00e9 un ouvrage opportun et accessible qui rend les d\u00e9bats politiques complexes compr\u00e9hensibles pour l\u2019ensemble de la population canadienne.<\/p>\n\n\n\n<p><strong><strong>Darrell Bricker<\/strong><\/strong> est chef de la direction d\u2019Ipsos Affaires publiques et chercheur \u00e9m\u00e9rite \u00e0 la Munk School of Global Affairs de l\u2019Universit\u00e9 de Toronto; il a auparavant occup\u00e9 le poste de directeur de la recherche sur l\u2019opinion publique au sein du cabinet du premier ministre du Canada.&nbsp;<\/p>\n\n\n\n<p><strong>John<\/strong> <strong>Ibbitson<\/strong> est un auteur prim\u00e9 et ancien correspondant sp\u00e9cial du\u00a0<em>Globe and Mail<\/em>, il a \u00e9galement occup\u00e9 les fonctions de r\u00e9dacteur politique en chef, de chroniqueur aux affaires politiques et de chef de bureau \u00e0 Washington et \u00e0 Ottawa.<\/p>\n<\/div>\n<\/div>\n<\/div><\/div>\n\n\n\n<div class=\"wp-block-group\"><div class=\"wp-block-group__inner-container is-layout-constrained wp-block-group-is-layout-constrained\">\n<h2 class=\"wp-block-heading has-text-align-left\">21 <strong><strong>Things You Need to Know About Indigenous Self-Government: A Conversation About Dismantling the Indian Act, de Bob Joseph (Page Two)<\/strong><\/strong><\/h2>\n\n\n\n<div class=\"wp-block-columns is-layout-flex wp-container-core-columns-is-layout-9d6595d7 wp-block-columns-is-layout-flex\">\n<div class=\"wp-block-column is-layout-flow wp-block-column-is-layout-flow\" style=\"flex-basis:15.8%\">\n<figure class=\"wp-block-image size-full\"><img loading=\"lazy\" decoding=\"async\" width=\"320\" height=\"512\" src=\"https:\/\/donnerbookprize.com\/wp-content\/uploads\/2026\/04\/21Thingscover_320x512.jpg\" alt=\"\" class=\"wp-image-4945\" srcset=\"https:\/\/donnerbookprize.com\/wp-content\/uploads\/2026\/04\/21Thingscover_320x512.jpg 320w, https:\/\/donnerbookprize.com\/wp-content\/uploads\/2026\/04\/21Thingscover_320x512-188x300.jpg 188w, https:\/\/donnerbookprize.com\/wp-content\/uploads\/2026\/04\/21Thingscover_320x512-8x12.jpg 8w\" sizes=\"auto, (max-width: 320px) 100vw, 320px\" \/><\/figure>\n\n\n\n<p><\/p>\n<\/div>\n\n\n\n<div class=\"wp-block-column is-layout-flow wp-block-column-is-layout-flow\" style=\"flex-basis:66.66%\">\n<p>L\u2019une des grandes questions sans r\u00e9ponse dans l\u2019espace public canadien est de savoir comment sortir du cadre de la Loi sur les Indiens. Dans cet ouvrage cibl\u00e9, Bob Joseph se penche s\u00e9rieusement sur la question et y r\u00e9pond avec clart\u00e9, conviction et un ancrage solide dans la r\u00e9alit\u00e9. R\u00e9parti en 21 courts chapitres, ce livre d\u00e9mystifie les notions cl\u00e9s de comp\u00e9tence gouvernementale, de droits inh\u00e9rents, d\u2019ententes financi\u00e8res et de relations issues des trait\u00e9s, sans jargon juridique ou rh\u00e9torique assommante. En s\u2019appuyant sur des m\u00e9canismes politiques concrets et des \u00e9tudes de cas (comme les ententes Nisga\u2019a et Westbank), Joseph pr\u00e9sente l\u2019autonomie gouvernementale non pas comme une revendication fond\u00e9e sur des griefs, mais comme une forme de gouvernance d\u00e9j\u00e0 en place. Les jur\u00e9s ont soulign\u00e9 l\u2019accessibilit\u00e9 de l\u2019ouvrage gr\u00e2ce \u00e0 son langage clair, ce qui en fait un outil d\u2019\u00e9ducation publique particuli\u00e8rement efficace. Ils ont \u00e9galement indiqu\u00e9 qu\u2019il pr\u00e9sente les enjeux et les solutions possibles avec plus de clart\u00e9 et de simplicit\u00e9 que n\u2019importe quel autre ouvrage comparable destin\u00e9 au lectorat canadien.<\/p>\n\n\n\n<p><strong>Bob Joseph<\/strong> est un auteur \u00e0 succ\u00e8s et pr\u00e9sident d\u2019Indigenous Corporate Training Inc.; il dispense des formations sur les relations avec les peuples autochtones depuis 1994. M. Joseph est un chef h\u00e9r\u00e9ditaire de la nation Gwawa\u2019enuxw, l\u2019une des dix-huit tribus qui composent les Kwakwaka\u02bcwakw.<\/p>\n<\/div>\n<\/div>\n<\/div><\/div>\n\n\n\n<div class=\"wp-block-group\"><div class=\"wp-block-group__inner-container is-layout-constrained wp-block-group-is-layout-constrained\">\n<h2 class=\"wp-block-heading has-text-align-left\"><strong>Borderline Chaos: How Canada Got Immigration Right, and Then Wrong, de Tony Keller\n(Sutherland House Books<\/strong>)<\/h2>\n\n\n\n<div class=\"wp-block-columns is-layout-flex wp-container-core-columns-is-layout-9d6595d7 wp-block-columns-is-layout-flex\">\n<div class=\"wp-block-column is-layout-flow wp-block-column-is-layout-flow\" style=\"flex-basis:15.8%\">\n<figure class=\"wp-block-image size-full\"><img loading=\"lazy\" decoding=\"async\" width=\"341\" height=\"512\" src=\"https:\/\/donnerbookprize.com\/wp-content\/uploads\/2026\/04\/BorderlineChaoscover_341x512.jpg\" alt=\"\" class=\"wp-image-4946\" srcset=\"https:\/\/donnerbookprize.com\/wp-content\/uploads\/2026\/04\/BorderlineChaoscover_341x512.jpg 341w, https:\/\/donnerbookprize.com\/wp-content\/uploads\/2026\/04\/BorderlineChaoscover_341x512-200x300.jpg 200w, https:\/\/donnerbookprize.com\/wp-content\/uploads\/2026\/04\/BorderlineChaoscover_341x512-8x12.jpg 8w\" sizes=\"auto, (max-width: 341px) 100vw, 341px\" \/><\/figure>\n\n\n\n<p><\/p>\n<\/div>\n\n\n\n<div class=\"wp-block-column is-layout-flow wp-block-column-is-layout-flow\" style=\"flex-basis:66.66%\">\n<p>Comment le Canada a-t-il transform\u00e9 l\u2019une de ses politiques les plus admir\u00e9es en source de col\u00e8re publique et de dysfonctionnements institutionnels? Dans Borderline Chaos, Tony Keller r\u00e9pond \u00e0 cette question avec pr\u00e9cision et vigueur. Dans un ouvrage incisif et concis, l\u2019auteur d\u00e9crit comment un syst\u00e8me d\u2019immigration autrefois stable, digne de confiance et fond\u00e9 sur des r\u00e8gles, reposant sur la s\u00e9lection rigoureuse de r\u00e9sidents permanents qualifi\u00e9s, a \u00e9t\u00e9 d\u00e9natur\u00e9 par des int\u00e9r\u00eats \u00e9conomiques, des incitatifs provinciaux et des ambitions politiques f\u00e9d\u00e9rales. R\u00e9sultat : un syst\u00e8me incoh\u00e9rent, une crise du logement, des distorsions du march\u00e9 du travail et une confiance du public en d\u00e9clin. Les jur\u00e9s ont salu\u00e9 la clart\u00e9 de l\u2019ouvrage et l\u2019insistance de l\u2019auteur sur l\u2019importance d\u2019\u00e9laborer des politiques fond\u00e9es sur des preuves. Ils ont d\u00e9crit l\u2019ouvrage aussi convaincant qu\u2019irritant, soit une lecture essentielle pour tout d\u00e9cideur appel\u00e9 \u00e0 g\u00e9rer les cons\u00e9quences de cette situation.<\/p>\n\n\n\n<p><strong>Tony Keller<\/strong> est chroniqueur au <em>Globe and Mail<\/em> et laur\u00e9at d\u2019un Prix national de la presse \u00e9crite. Il compte plus de 30 ans d\u2019exp\u00e9rience dans le journalisme canadien, ayant notamment occup\u00e9 les fonctions de pr\u00e9sident du comit\u00e9 de r\u00e9daction du Globe and Mail et de r\u00e9dacteur en chef du Maclean\u2019s. <em>Maclean&#8217;s<\/em>.<\/p>\n<\/div>\n<\/div>\n<\/div><\/div>\n\n\n\n<div class=\"wp-block-group\"><div class=\"wp-block-group__inner-container is-layout-constrained wp-block-group-is-layout-constrained\">\n<h2 class=\"wp-block-heading has-text-align-left\"><strong>A New Blueprint for Government: Reshaping Power, The PMO, and the Public Service, de Kevin G. Lynch et James R. Mitchell (Presses de l\u2019Universit\u00e9 de Regina)<\/strong><\/h2>\n\n\n\n<div class=\"wp-block-columns is-layout-flex wp-container-core-columns-is-layout-9d6595d7 wp-block-columns-is-layout-flex\">\n<div class=\"wp-block-column is-layout-flow wp-block-column-is-layout-flow\" style=\"flex-basis:15.8%\">\n<figure class=\"wp-block-image size-full\"><img loading=\"lazy\" decoding=\"async\" width=\"341\" height=\"512\" src=\"https:\/\/donnerbookprize.com\/wp-content\/uploads\/2026\/04\/NewBlueprint-cover_341x512-1.jpg\" alt=\"\" class=\"wp-image-4948\" srcset=\"https:\/\/donnerbookprize.com\/wp-content\/uploads\/2026\/04\/NewBlueprint-cover_341x512-1.jpg 341w, https:\/\/donnerbookprize.com\/wp-content\/uploads\/2026\/04\/NewBlueprint-cover_341x512-1-200x300.jpg 200w, https:\/\/donnerbookprize.com\/wp-content\/uploads\/2026\/04\/NewBlueprint-cover_341x512-1-8x12.jpg 8w\" sizes=\"auto, (max-width: 341px) 100vw, 341px\" \/><\/figure>\n<\/div>\n\n\n\n<div class=\"wp-block-column is-layout-flow wp-block-column-is-layout-flow\" style=\"flex-basis:66.66%\">\n<p>La faible performance des politiques du Canada ne rel\u00e8ve pas simplement de l\u2019id\u00e9ologie ou de la malchance, il s\u2019agit plut\u00f4t d\u2019un probl\u00e8me structurel, li\u00e9 \u00e0 la mani\u00e8re dont le gouvernement f\u00e9d\u00e9ral est con\u00e7u, g\u00e9r\u00e9 et tenu responsable. S\u2019appuyant sur leurs d\u00e9cennies d\u2019exp\u00e9rience au sein de la haute fonction publique, Lynch et Mitchell soutiennent, au moyen de preuves rigoureuses, que le pouvoir s\u2019est dangereusement d\u00e9plac\u00e9 du Cabinet vers le Bureau du Premier ministre, que la responsabilit\u00e9 minist\u00e9rielle s\u2019est \u00e9rod\u00e9e et que l\u2019aversion au risque du gouvernement a affaibli la capacit\u00e9 d\u2019ex\u00e9cution du pays. En moins de 200 pages, les auteurs \u00e9tablissent un lien entre la structure de gouvernance et des \u00e9checs r\u00e9els (retards dans les approvisionnements, stagnation de la productivit\u00e9 et d\u00e9faillance des services) et proposent des solutions concr\u00e8tes. Les jur\u00e9s ont d\u00e9crit l\u2019ouvrage comme un programme de r\u00e9forme solidement argument\u00e9 et comme l\u2019expos\u00e9 le plus cibl\u00e9 et le plus concret des r\u00e9formes possibles des politiques publiques canadiennes de ces derni\u00e8res ann\u00e9es.<\/p>\n\n\n\n<p><strong>Kevin G. Lynch<\/strong> a \u00e9t\u00e9 greffier du Conseil priv\u00e9, sous-ministre des Finances et sous-ministre de l\u2019Industrie, au cours d\u2019une carri\u00e8re de 33 ans dans la fonction publique f\u00e9d\u00e9rale; il a ensuite occup\u00e9 le poste de vice-pr\u00e9sident du conseil d\u2019administration du Groupe financier BMO.<\/p>\n\n\n\n<p><strong>James R. Mitchell<\/strong> est un universitaire et un haut fonctionnaire. Il a travaill\u00e9 pendant 17 ans au sein du gouvernement, d\u2019abord comme diplomate, puis comme haut responsable au Bureau du Conseil priv\u00e9 et au Secr\u00e9tariat du Conseil du Tr\u00e9sor.&nbsp;<\/p>\n<\/div>\n<\/div>\n<\/div><\/div>\n\n\n\n<div class=\"wp-block-group\"><div class=\"wp-block-group__inner-container is-layout-constrained wp-block-group-is-layout-constrained\">\n<h2 class=\"wp-block-heading has-text-align-left\"><strong>The Age of Extraction: How Tech Platforms Conquered the Economy and Threaten Our Future Prosperity, de Tim Wu (Alfred A. Knopf)<\/strong><\/h2>\n\n\n\n<div class=\"wp-block-columns is-layout-flex wp-container-core-columns-is-layout-9d6595d7 wp-block-columns-is-layout-flex\">\n<div class=\"wp-block-column is-layout-flow wp-block-column-is-layout-flow\" style=\"flex-basis:15.8%\">\n<figure class=\"wp-block-image size-full\"><img loading=\"lazy\" decoding=\"async\" width=\"341\" height=\"512\" src=\"https:\/\/donnerbookprize.com\/wp-content\/uploads\/2026\/04\/AgeExtractioncover_341x512.jpg\" alt=\"\" class=\"wp-image-4949\" srcset=\"https:\/\/donnerbookprize.com\/wp-content\/uploads\/2026\/04\/AgeExtractioncover_341x512.jpg 341w, https:\/\/donnerbookprize.com\/wp-content\/uploads\/2026\/04\/AgeExtractioncover_341x512-200x300.jpg 200w, https:\/\/donnerbookprize.com\/wp-content\/uploads\/2026\/04\/AgeExtractioncover_341x512-8x12.jpg 8w\" sizes=\"auto, (max-width: 341px) 100vw, 341px\" \/><\/figure>\n\n\n\n<p><\/p>\n<\/div>\n\n\n\n<div class=\"wp-block-column is-layout-flow wp-block-column-is-layout-flow\" style=\"flex-basis:66.66%\">\n<p>La promesse de l\u2019\u00e9conomie num\u00e9rique \u00e9tait porteuse de transformation, d\u2019ouverture, de d\u00e9mocratie et de prosp\u00e9rit\u00e9 partag\u00e9e. Dans The Age of Extraction, Tim Wu offre une analyse percutante de comment cette promesse a \u00e9t\u00e9 oubli\u00e9e. En s\u2019appuyant sur un parcours historique qui va des trusts p\u00e9troliers et des monopoles ferroviaires \u00e0 Google, Amazon et Meta, Wu soutient que les grandes plateformes ne se contentent plus de faciliter les march\u00e9s : elles en extraient d\u00e9sormais de la valeur en collectant des donn\u00e9es, en imposant des frais, en manipulant les algorithmes et en \u00e9liminant la concurrence. Son concept central \u00ab d\u2019extraction \u00bb offre aux d\u00e9cideurs un cadre d\u2019analyse rigoureux pour voir la concentration num\u00e9rique non pas comme un ph\u00e9nom\u00e8ne technologique, mais comme une question de pouvoir. Les jur\u00e9s ont jug\u00e9 l\u2019ouvrage opportun, rigoureux sur le plan intellectuel, accessible et d\u2019une importance strat\u00e9gique. Bien que les recommandations politiques soient ancr\u00e9es dans le contexte am\u00e9ricain, elles mettent en lumi\u00e8re les d\u00e9fis que posent les plateformes pour les politiques canadiennes relatives \u00e0 la concurrence, la r\u00e9glementation du num\u00e9rique et l\u2019avenir du travail.<\/p>\n\n\n\n<p><strong>Tim Wu<\/strong> est titulaire de la chaire Julius Silver de droit, de science et de technologie \u00e0 la facult\u00e9 de droit de l\u2019Universit\u00e9 Columbia. En 2021, il a \u00e9t\u00e9 nomm\u00e9 \u00e0 la Maison-Blanche en tant qu\u2019assistant sp\u00e9cial du pr\u00e9sident charg\u00e9 de la technologie et de la politique de la concurrence.<\/p>\n<\/div>\n<\/div>\n<\/div><\/div>\n\n\n\n<p><\/p>","protected":false},"excerpt":{"rendered":"<p>Announcing the 2025-26 Donner Prize Shortlist Breaking Point: The New Big Shifts Putting Canada at Risk by Darrell Bricker and John Ibbitson (Signal) Canada is not collapsing \u2014 but it is bending. Breaking Point makes a compelling case that the pressures accumulating around housing, productivity, regional grievance, immigration mismanagement, and generational inequality are converging in &#8230; <a title=\"LISTES DES FINALISTES 2025-26\" class=\"read-more\" href=\"https:\/\/donnerbookprize.com\/francais\/2025-26-shortlist\/\">Read more<span class=\"screen-reader-text\">LISTES DES FINALISTES 2025-26<\/span><\/a><\/p>","protected":false},"author":1,"featured_media":0,"parent":0,"menu_order":0,"comment_status":"closed","ping_status":"closed","template":"","meta":{"footnotes":""},"class_list":["post-4943","page","type-page","status-publish"],"_links":{"self":[{"href":"https:\/\/donnerbookprize.com\/francais\/wp-json\/wp\/v2\/pages\/4943","targetHints":{"allow":["GET"]}}],"collection":[{"href":"https:\/\/donnerbookprize.com\/francais\/wp-json\/wp\/v2\/pages"}],"about":[{"href":"https:\/\/donnerbookprize.com\/francais\/wp-json\/wp\/v2\/types\/page"}],"author":[{"embeddable":true,"href":"https:\/\/donnerbookprize.com\/francais\/wp-json\/wp\/v2\/users\/1"}],"replies":[{"embeddable":true,"href":"https:\/\/donnerbookprize.com\/francais\/wp-json\/wp\/v2\/comments?post=4943"}],"version-history":[{"count":0,"href":"https:\/\/donnerbookprize.com\/francais\/wp-json\/wp\/v2\/pages\/4943\/revisions"}],"wp:attachment":[{"href":"https:\/\/donnerbookprize.com\/francais\/wp-json\/wp\/v2\/media?parent=4943"}],"curies":[{"name":"wp","href":"https:\/\/api.w.org\/{rel}","templated":true}]}}