{"id":878,"date":"2019-03-25T06:27:18","date_gmt":"2019-03-25T06:27:18","guid":{"rendered":"https:\/\/donnerbookpriz.wpengine.com\/?page_id=878"},"modified":"2020-01-09T12:15:32","modified_gmt":"2020-01-09T17:15:32","slug":"past-winners-2011","status":"publish","type":"page","link":"https:\/\/donnerbookprize.com\/francais\/past-winners-2011\/","title":{"rendered":"Laur\u00e9at du Prix Donner 2011"},"content":{"rendered":"<p class=\"custom4\">Voici une r\u00e9trospective des anciennes personnes laur\u00e9ates. Vous trouverez \u00e9galement la liste des membres du jury pour chaque saison.<\/p>\n\n\n\n<div style=\"height:50px\" aria-hidden=\"true\" class=\"wp-block-spacer custom23\"><\/div>\n\n\n<div class=\"menu-past-winners-container\"><div class=\"mobile-menu\"><form action=\"\"><select id=\"soflow\" onchange=\"if (this.value) window.location.href=this.value\"><option value=\"\">Select<\/option>\n<option value=\"https:\/\/donnerbookprize.com\/francais\/2023-winner\/\">2023 WINNERS<\/option>\n<option value=\"https:\/\/donnerbookprize.com\/francais\/2022-winner\/\">2022 WINNERS<\/option>\n<option value=\"https:\/\/donnerbookprize.com\/francais\/2021-winner\/\">2021 WINNERS<\/option>\n<option value=\"https:\/\/donnerbookprize.com\/francais\/2020-winner\/\">2020 WINNERS<\/option>\n<option value=\"https:\/\/donnerbookprize.com\/francais\/past-winners-2019\/\">2019 WINNERS<\/option>\n<option value=\"https:\/\/donnerbookprize.com\/francais\/past-winners-2018\/\">2018 WINNERS<\/option>\n<option value=\"https:\/\/donnerbookprize.com\/francais\/past-winners-2017\/\">2017 WINNERS<\/option>\n<option value=\"https:\/\/donnerbookprize.com\/francais\/prize-winners\/\">2016 WINNERS<\/option>\n<option value=\"https:\/\/donnerbookprize.com\/francais\/past-winners-2015\/\">2015 WINNERS<\/option>\n<option value=\"https:\/\/donnerbookprize.com\/francais\/past-winners-2014\/\">2014 WINNERS<\/option>\n<option value=\"https:\/\/donnerbookprize.com\/francais\/past-winners-2013\/\">2013 WINNERS<\/option>\n<option value=\"https:\/\/donnerbookprize.com\/francais\/past-winners-2012\/\">2012 WINNERS<\/option>\n<option value=\"https:\/\/donnerbookprize.com\/francais\/past-winners-2011\/\">2011 WINNERS<\/option>\n<option value=\"https:\/\/donnerbookprize.com\/francais\/past-winners-2010\/\">2010 WINNERS<\/option>\n<option value=\"https:\/\/donnerbookprize.com\/francais\/past-winners-2009\/\">2009 WINNERS<\/option>\n<option value=\"https:\/\/donnerbookprize.com\/francais\/past-winners-2008\/\">2008 WINNERS<\/option>\n<option value=\"https:\/\/donnerbookprize.com\/francais\/past-winners-2007\/\">2007 WINNERS<\/option>\n<option value=\"https:\/\/donnerbookprize.com\/francais\/past-winners-2006\/\">2006 WINNERS<\/option>\n<option value=\"https:\/\/donnerbookprize.com\/francais\/past-winners-2005\/\">2005 WINNERS<\/option>\n<option value=\"https:\/\/donnerbookprize.com\/francais\/past-winners-2004\/\">2004 WINNERS<\/option>\n<option value=\"https:\/\/donnerbookprize.com\/francais\/past-winners-2003\/\">2003 WINNERS<\/option>\n<option value=\"https:\/\/donnerbookprize.com\/francais\/past-winners-2002\/\">2002 WINNERS<\/option>\n<option value=\"https:\/\/donnerbookprize.com\/francais\/past-winners-2001\/\">2001 WINNERS<\/option>\n<option value=\"https:\/\/donnerbookprize.com\/francais\/past-winners-2000\/\">2000 WINNERS<\/option>\n<option value=\"https:\/\/donnerbookprize.com\/francais\/past-winners-1999\/\">1999 WINNERS<\/option>\n<option value=\"https:\/\/donnerbookprize.com\/francais\/past-winners-1998\/\">1998 WINNERS<\/option>\n<\/select><input type=\"hidden\" name=\"trp-form-language\" value=\"francais\"\/><\/form><\/div><\/div>\n\n\n\n<h2 style=\"text-align:center\" class=\"custom13 wp-block-heading\">2011 Winner<\/h2>\n\n\n\n<div class=\"wp-block-image custom16\"><figure class=\"alignleft\"><img loading=\"lazy\" decoding=\"async\" width=\"200\" height=\"300\" src=\"https:\/\/donnerbookprize.com\/wp-content\/uploads\/2019\/04\/Democratizing-cover-200x300.jpg\" alt=\"DEMOCRATIZING THE CONSTITUTION: REFORMING RESPONSIBLE GOVERNMENT\" class=\"wp-image-2672\" srcset=\"https:\/\/donnerbookprize.com\/wp-content\/uploads\/2019\/04\/Democratizing-cover-200x300.jpg 200w, https:\/\/donnerbookprize.com\/wp-content\/uploads\/2019\/04\/Democratizing-cover-768x1153.jpg 768w, https:\/\/donnerbookprize.com\/wp-content\/uploads\/2019\/04\/Democratizing-cover-682x1024.jpg 682w, https:\/\/donnerbookprize.com\/wp-content\/uploads\/2019\/04\/Democratizing-cover.jpg 944w\" sizes=\"auto, (max-width: 200px) 100vw, 200px\" \/><\/figure><\/div>\n\n\n\n<h2 class=\"wp-block-heading\" style=\"text-align:left\"><strong>Democratizing the Constitution: Reforming Responsible Government<\/strong><br><\/h2>\n\n\n\n<h3 style=\"text-align:left\" class=\"custom15 wp-block-heading\">Peter Aucoin, Mark D. Jarvis and Lori Turnbull<br><\/h3>\n\n\n\n<h3 class=\"wp-block-heading\" style=\"text-align:left\">(Emond Montgomery Publications)<\/h3>\n\n\n\n<p style=\"text-align:left\" class=\"custom7\">Le syst\u00e8me canadien de gouvernement responsable, jusqu\u2019alors r\u00e9put\u00e9 fiable, est d\u00e9sormais incapable de r\u00e9pondre \u00e0 nos attentes. Le principe selon lequel le pouvoir ex\u00e9cutif doit rendre compte aux repr\u00e9sentants \u00e9lus du peuple est de moins en moins souvent appliqu\u00e9, et notre Constitution, ainsi que les conventions non \u00e9crites qui en font partie, ne suffit plus \u00e0 limiter le pouvoir du premier ministre. Democratizing the Constitution propose une analyse de l\u2019histoire r\u00e9cente et des controverses actuelles et expose des arguments en faveur du r\u00e9tablissement du pouvoir entre les mains de ceux auxquels il appartient, \u00e0 savoir les repr\u00e9sentants \u00e9lus du peuple, qui si\u00e8gent au Parlement.<br><\/p>\n\n\n\n<h2 style=\"text-align:center\" class=\"custom13 wp-block-heading\">SECONDS FAVORIS<\/h2>\n\n\n\n<div class=\"wp-block-image custom16\"><figure class=\"alignleft\"><img loading=\"lazy\" decoding=\"async\" width=\"240\" height=\"300\" src=\"https:\/\/donnerbookprize.com\/wp-content\/uploads\/2019\/04\/Toward-Improving-book-cover-240x300.jpg\" alt=\"TOWARD IMPROVING CANADA\u2019S SKILLED IMMIGRATION POLICY: AN EVALUATION APPROACH\" class=\"wp-image-2675\" srcset=\"https:\/\/donnerbookprize.com\/wp-content\/uploads\/2019\/04\/Toward-Improving-book-cover-240x300.jpg 240w, https:\/\/donnerbookprize.com\/wp-content\/uploads\/2019\/04\/Toward-Improving-book-cover-768x960.jpg 768w, https:\/\/donnerbookprize.com\/wp-content\/uploads\/2019\/04\/Toward-Improving-book-cover-819x1024.jpg 819w\" sizes=\"auto, (max-width: 240px) 100vw, 240px\" \/><\/figure><\/div>\n\n\n\n<h2 class=\"wp-block-heading\" style=\"text-align:left\"><strong>Toward Improving Canada\u2019s Skilled Immigration Policy: An Evaluation Approach<\/strong><br><\/h2>\n\n\n\n<h3 style=\"text-align:left\" class=\"custom15 wp-block-heading\">Charles M. Beach, Alan G. Green and Christopher Worswic<br><\/h3>\n\n\n\n<h3 class=\"wp-block-heading\" style=\"text-align:left\">(C.D. Howe Institute)<\/h3>\n\n\n\n<p style=\"text-align:left\" class=\"custom7\">Au cours des derni\u00e8res ann\u00e9es, l\u2019approche adopt\u00e9e par le Canada en ce qui concerne l\u2019immigration a \u00e9t\u00e9 confront\u00e9e \u00e0 des d\u00e9fis de taille. L\u2019\u00e9cart de revenus entre les immigrants r\u00e9cents et leurs contemporains n\u00e9s au Canada se creuse, tandis que le temps n\u00e9cessaire pour le combler ne fait qu\u2019augmenter. Les auteurs offrent une vue d\u2019ensemble des changements intervenus au niveau des politiques canadiennes en mati\u00e8re d\u2019immigration qualifi\u00e9e, et examinent les avantages et les inconv\u00e9nients du syst\u00e8me de points servant \u00e0 s\u00e9lectionner les nouveaux arrivants.<br><\/p>\n\n\n\n<div style=\"height:36px\" aria-hidden=\"true\" class=\"wp-block-spacer\"><\/div>\n\n\n\n<hr class=\"wp-block-separator is-style-wide\"\/>\n\n\n\n<div class=\"wp-block-image custom16\"><figure class=\"alignleft\"><img loading=\"lazy\" decoding=\"async\" width=\"200\" height=\"300\" src=\"https:\/\/donnerbookprize.com\/wp-content\/uploads\/2019\/04\/MuseumPieces-200x300.jpg\" alt=\"MUSEUM PIECES: TOWARD THE INDIGENIZATION OF CANADIAN MUSEUMS\" class=\"wp-image-2673\" srcset=\"https:\/\/donnerbookprize.com\/wp-content\/uploads\/2019\/04\/MuseumPieces-200x300.jpg 200w, https:\/\/donnerbookprize.com\/wp-content\/uploads\/2019\/04\/MuseumPieces-768x1152.jpg 768w, https:\/\/donnerbookprize.com\/wp-content\/uploads\/2019\/04\/MuseumPieces-683x1024.jpg 683w, https:\/\/donnerbookprize.com\/wp-content\/uploads\/2019\/04\/MuseumPieces.jpg 1950w\" sizes=\"auto, (max-width: 200px) 100vw, 200px\" \/><\/figure><\/div>\n\n\n\n<h2 class=\"wp-block-heading\" style=\"text-align:left\"><strong>Museum Pieces: Toward the Indigenization of Canadian Museums<\/strong><br><\/h2>\n\n\n\n<h3 style=\"text-align:left\" class=\"custom15 wp-block-heading\">Ruth B. Phillips<br><\/h3>\n\n\n\n<h3 class=\"wp-block-heading\" style=\"text-align:left\">(McGill-Queen&#8217;s University Press)<\/h3>\n\n\n\n<p style=\"text-align:left\" class=\"custom7\">Museum Pieces est un manifeste qui nous invite \u00e0 consid\u00e9rer les mus\u00e9es comme des endroits o\u00f9 il est possible de prendre conscience de l\u2019interconnectivit\u00e9 mondiale. Cet ouvrage met l\u2019accent sur le pouvoir de transformation des pol\u00e9miques qui naissent dans ces lieux, et analyse l\u2019\u00e9volution des id\u00e9es sur l\u2019art, l\u2019authenticit\u00e9 et le pouvoir dans le mus\u00e9e moderne. Forte de ses 40 ans d\u2019exp\u00e9rience en tant qu\u2019historienne de l\u2019art, conservatrice et directrice de mus\u00e9e, Ruth Phillips s\u2019int\u00e9resse au caract\u00e8re complexe et sp\u00e9cifique des probl\u00e8mes auxquels les mus\u00e9es sont confront\u00e9s, et pr\u00e9sente ainsi de nouveaux points de vue sur des expositions qui ont suscit\u00e9 des controverses.<br><\/p>\n\n\n\n<div style=\"height:36px\" aria-hidden=\"true\" class=\"wp-block-spacer\"><\/div>\n\n\n\n<hr class=\"wp-block-separator is-style-wide\"\/>\n\n\n\n<div class=\"wp-block-image custom16\"><figure class=\"alignleft\"><img loading=\"lazy\" decoding=\"async\" width=\"200\" height=\"300\" src=\"https:\/\/donnerbookprize.com\/wp-content\/uploads\/2019\/04\/Seeman_Luciani-front-panel-200x300.jpg\" alt=\"XXL: OBESITY AND THE LIMITS OF SHAME\" class=\"wp-image-2674\" srcset=\"https:\/\/donnerbookprize.com\/wp-content\/uploads\/2019\/04\/Seeman_Luciani-front-panel-200x300.jpg 200w, https:\/\/donnerbookprize.com\/wp-content\/uploads\/2019\/04\/Seeman_Luciani-front-panel-768x1150.jpg 768w, https:\/\/donnerbookprize.com\/wp-content\/uploads\/2019\/04\/Seeman_Luciani-front-panel-684x1024.jpg 684w\" sizes=\"auto, (max-width: 200px) 100vw, 200px\" \/><\/figure><\/div>\n\n\n\n<h2 class=\"wp-block-heading\" style=\"text-align:left\"><strong>XXL: Obesity and the Limits of Shame<\/strong><br><\/h2>\n\n\n\n<h3 style=\"text-align:left\" class=\"custom15 wp-block-heading\">Neil Seeman and Patrick Luciani <br><\/h3>\n\n\n\n<h3 class=\"wp-block-heading\" style=\"text-align:left\">(University of Toronto Centre for Public Management)<\/h3>\n\n\n\n<p style=\"text-align:left\" class=\"custom7\">Cela fait bien longtemps que les organismes de sant\u00e9 publique et les gouvernements essaient de lutter contre l\u2019ob\u00e9sit\u00e9 par le biais de strat\u00e9gies visant \u00e0 susciter un sentiment de honte chez les personnes concern\u00e9es. Cette approche g\u00e9n\u00e9rique a \u00e9chou\u00e9 car elle ne fait pas grand-chose pour aborder les d\u00e9fis d\u2019ordre personnel, g\u00e9n\u00e9tique et culturel auxquels sont confront\u00e9es les personnes ob\u00e8ses. XXL s\u2019adresse directement au secteur de la sant\u00e9 publique \u00e0 l\u2019\u00e9chelle mondiale pour proposer une politique diff\u00e9rente et novatrice. Cet ouvrage invite les gouvernements \u00e0 abandonner les solutions s\u2019appuyant sur des m\u00e9thodes de planification descendante, pour les remplacer par des formules innovantes reposant sur une planification ascendante pour faire face \u00e0 la crise de l\u2019ob\u00e9sit\u00e9.<br><\/p>\n\n\n\n<div style=\"height:17px\" aria-hidden=\"true\" class=\"wp-block-spacer\"><\/div>\n\n\n\n<div style=\"height:17px\" aria-hidden=\"true\" class=\"wp-block-spacer\"><\/div>\n\n\n\n<h2 style=\"text-align:center\" class=\"custom13 wp-block-heading\">le jury 2011<\/h2>\n\n\n\n<h2 class=\"wp-block-heading\" style=\"text-align:left\">A. Anne McLellan<br><\/h2>\n\n\n\n<h3 class=\"wp-block-heading\" style=\"text-align:left\">Pr\u00e9sidente<\/h3>\n\n\n\n<p style=\"text-align:left\" class=\"custom7\">L'honorable Anne McLellan est entr\u00e9e chez Bennett Jones S.E.N.C.R.L. apr\u00e8s une brillante carri\u00e8re dans la politique f\u00e9d\u00e9rale. Elle a rempli quatre mandats de d\u00e9put\u00e9e lib\u00e9rale d'Edmonton Centre de 1993 \u00e0 2006 et a d\u00e9tenu les portefeuilles de Vice-premi\u00e8re ministre du Canada, ministre de la S\u00e9curit\u00e9 publique et des Mesures d'urgence, ministre de la Sant\u00e9, ministre de la Justice et procureure g\u00e9n\u00e9rale du Canada, et ministre des Ressources naturelles et interlocutrice f\u00e9d\u00e9rale aupr\u00e8s des M\u00e9tis et des Indiens non inscrits. En tant que Vice-premi\u00e8re ministre, elle a pr\u00e9sid\u00e9 deux comit\u00e9s du Cabinet, \u00e0 savoir le Comit\u00e9 des op\u00e9rations et le Comit\u00e9 de la s\u00e9curit\u00e9, de la sant\u00e9 publique et de la protection civile. En juillet 2006, elle a \u00e9t\u00e9 nomm\u00e9e chercheuse invit\u00e9e de haute distinction \u00e0 l'Institute for United States Policy Studies de l'Universit\u00e9 de l'Alberta et est actuellement directrice par int\u00e9rim de cet organisme.<br><\/p>\n\n\n\n<hr class=\"wp-block-separator is-style-wide\"\/>\n\n\n\n<h2 class=\"wp-block-heading\" style=\"text-align:left\">Marcel Boyer<br><\/h2>\n\n\n\n<p style=\"text-align:left\" class=\"custom7\">Marcel Boyer est professeur \u00e9m\u00e9rite d'\u00e9conomie \u00e0 l'Universit\u00e9 de Montr\u00e9al; chercheur associ\u00e9 au d\u00e9partement d'\u00e9conomie de l'\u00c9cole Polytechnique de Paris; fellow de l'Institut C.D. Howe, du CIRANO et du CIREQ; et vice-pr\u00e9sident de la Society for Economic Research on Copyright Issues. Il a enseign\u00e9 l'\u00e9conomie \u00e0 l'Universit\u00e9 York, l'U\u00c0QM et l'Universit\u00e9 de Montr\u00e9al, et a \u00e9t\u00e9 titulaire de la chaire Bell Canada en \u00e9conomie industrielle au D\u00e9partement de sciences \u00e9conomiques de l'Universit\u00e9 de Montr\u00e9al. Il a \u00e9t\u00e9 vice-pr\u00e9sident et \u00e9conomiste en chef de l'Institut \u00e9conomique de Montr\u00e9al, pr\u00e9sident de l'Association canadienne d'\u00e9conomique, et pr\u00e9sident directeur g\u00e9n\u00e9ral du CIRANO. Il a exerc\u00e9 les fonctions d'\u00e9conomiste expert aupr\u00e8s de plusieurs entreprises nationales et internationales et d'organisations gouvernementales, et a comparu en tant que t\u00e9moin expert devant divers organismes et tribunaux.<br><\/p>\n\n\n\n<hr class=\"wp-block-separator is-style-wide\"\/>\n\n\n\n<h2 class=\"wp-block-heading\" style=\"text-align:left\">Wendy Dobson<br><\/h2>\n\n\n\n<p style=\"text-align:left\" class=\"custom7\">Mme Wendy Dobson est professeure et codirectrice de l'Institute for International Business, organisme int\u00e9gr\u00e9 \u00e0 la Rotman School of Management, de l'Universit\u00e9 de Toronto. Elle a \u00e9t\u00e9 sous-ministre adjointe des Finances du gouvernement canadien et pr\u00e9sidente de l'Institut C.D. Howe. Elle est membre du conseil d'administration de plusieurs soci\u00e9t\u00e9s canadiennes et est agr\u00e9g\u00e9e sup\u00e9rieure de recherches \u00e0 la Fondation Asie Pacifique, et membre du comit\u00e9 consultatif du Peterson Institute of International Economics. Elle est actuellement pr\u00e9sidente du Comit\u00e9 directeur international du Pacific Trade and Development Network (PAFTAD).<br><\/p>\n\n\n\n<hr class=\"wp-block-separator is-style-wide\"\/>\n\n\n\n<h2 class=\"wp-block-heading\" style=\"text-align:left\">Kevin G. Lynch<br><\/h2>\n\n\n\n<p style=\"text-align:left\" class=\"custom7\">L'honorable Kevin G. Lynch est vice-pr\u00e9sident du conseil, BMO Groupe financier. Avant d'entrer au service de BMO, M. Lynch a connu une carri\u00e8re prestigieuse au gouvernement du Canada \u00e0 titre de greffier du Conseil priv\u00e9, secr\u00e9taire du Cabinet et chef de la fonction publique du Canada. M. Lynch a entrepris sa carri\u00e8re dans la fonction publique \u00e0 la Banque du Canada en 1976 et a occup\u00e9 plusieurs postes de haut niveau au sein du gouvernement du Canada. Il a notamment \u00e9t\u00e9 sous-ministre de l'Industrie et sous-ministre des Finances. De 2004 \u00e0 2006, il a \u00e9t\u00e9 administrateur (repr\u00e9sentant le Canada, l'Irlande et les Cara\u00efbes) au Fonds mon\u00e9taire international \u00e0 Washington, D.C. M. Il fait partie du conseil d'administration de l'Universit\u00e9 de Waterloo et de l'Institut Perimeter, de la Fondation Gairdner, de la Shannon School of Business et de la Ditchley Foundation (Royaume-Uni); il est \u00e9galement pr\u00e9sident du conseil de la Canada Ditchley Foundation.<br><\/p>\n\n\n\n<hr class=\"wp-block-separator is-style-wide\"\/>\n\n\n\n<h2 class=\"wp-block-heading\" style=\"text-align:left\">Denis Stairs<br><\/h2>\n\n\n\n<p style=\"text-align:left\" class=\"custom7\">Le Dr Stairs est professeur \u00e9m\u00e9rite de sciences politiques \u00e0 l\u2019Universit\u00e9 Dalhousie, membre titulaire de la Soci\u00e9t\u00e9 royale du Canada et ancien pr\u00e9sident de l\u2019Association canadienne de science politique. Directeur fondateur du Centre d\u2019\u00e9tudes des politiques \u00e9trang\u00e8res, il a \u00e9t\u00e9 vice-pr\u00e9sident (enseignement et recherche) de l\u2019Universit\u00e9 Dalhousie de 1988 \u00e0 1993. Il a \u00e9t\u00e9 pr\u00e9sident du comit\u00e9 de r\u00e9ception du Coll\u00e8ge des Forces canadiennes et, pendant de nombreuses ann\u00e9es, membre du conseil d\u2019administration de l\u2019Institut de recherche en politiques publiques. Il est actuellement charg\u00e9 de recherche principal et pr\u00e9sident du conseil consultatif de l\u2019Institut canadien de la d\u00e9fense et des affaires \u00e9trang\u00e8res. En 2006, il a \u00e9t\u00e9 nomm\u00e9 officier de l\u2019Ordre du Canada.<br><\/p>\n\n\n\n<div style=\"height:10px\" aria-hidden=\"true\" class=\"wp-block-spacer\"><\/div>","protected":false},"excerpt":{"rendered":"<p>Here&#8217;s a look back at past winners and the books that made that year&#8217;s shortlist. You&#8217;ll also find our Jury from each award season. 2011 Winner Democratizing the Constitution: Reforming Responsible Government Peter Aucoin, Mark D. Jarvis and Lori Turnbull (Emond Montgomery Publications) Canada\u2019s time-honoured system of responsible government is failing us. The principle by &#8230; <a title=\"Laur\u00e9at du Prix Donner 2011\" class=\"read-more\" href=\"https:\/\/donnerbookprize.com\/francais\/past-winners-2011\/\">Read more<span class=\"screen-reader-text\">Laur\u00e9at du Prix Donner 2011<\/span><\/a><\/p>","protected":false},"author":1,"featured_media":3179,"parent":0,"menu_order":0,"comment_status":"closed","ping_status":"closed","template":"","meta":{"footnotes":""},"class_list":["post-878","page","type-page","status-publish","has-post-thumbnail"],"_links":{"self":[{"href":"https:\/\/donnerbookprize.com\/francais\/wp-json\/wp\/v2\/pages\/878","targetHints":{"allow":["GET"]}}],"collection":[{"href":"https:\/\/donnerbookprize.com\/francais\/wp-json\/wp\/v2\/pages"}],"about":[{"href":"https:\/\/donnerbookprize.com\/francais\/wp-json\/wp\/v2\/types\/page"}],"author":[{"embeddable":true,"href":"https:\/\/donnerbookprize.com\/francais\/wp-json\/wp\/v2\/users\/1"}],"replies":[{"embeddable":true,"href":"https:\/\/donnerbookprize.com\/francais\/wp-json\/wp\/v2\/comments?post=878"}],"version-history":[{"count":0,"href":"https:\/\/donnerbookprize.com\/francais\/wp-json\/wp\/v2\/pages\/878\/revisions"}],"wp:featuredmedia":[{"embeddable":true,"href":"https:\/\/donnerbookprize.com\/francais\/wp-json\/wp\/v2\/media\/3179"}],"wp:attachment":[{"href":"https:\/\/donnerbookprize.com\/francais\/wp-json\/wp\/v2\/media?parent=878"}],"curies":[{"name":"wp","href":"https:\/\/api.w.org\/{rel}","templated":true}]}}