{"id":886,"date":"2019-03-25T06:28:10","date_gmt":"2019-03-25T06:28:10","guid":{"rendered":"https:\/\/donnerbookpriz.wpengine.com\/?page_id=886"},"modified":"2020-01-09T12:17:04","modified_gmt":"2020-01-09T17:17:04","slug":"past-winners-2007","status":"publish","type":"page","link":"https:\/\/donnerbookprize.com\/francais\/past-winners-2007\/","title":{"rendered":"Laur\u00e9at du Prix Donner 2007"},"content":{"rendered":"<hr class=\"wp-block-separator is-style-wide\"\/>\n\n\n\n<p class=\"custom4\">Voici une r\u00e9trospective des anciennes personnes laur\u00e9ates. Vous trouverez \u00e9galement la liste des membres du jury pour chaque saison.<\/p>\n\n\n\n<div style=\"height:50px\" aria-hidden=\"true\" class=\"wp-block-spacer custom23\"><\/div>\n\n\n<div class=\"menu-past-winners-container\"><div class=\"mobile-menu\"><form action=\"\"><select id=\"soflow\" onchange=\"if (this.value) window.location.href=this.value\"><option value=\"\">Select<\/option>\n<option value=\"https:\/\/donnerbookprize.com\/francais\/2023-winner\/\">2023 WINNERS<\/option>\n<option value=\"https:\/\/donnerbookprize.com\/francais\/2022-winner\/\">2022 WINNERS<\/option>\n<option value=\"https:\/\/donnerbookprize.com\/francais\/2021-winner\/\">2021 WINNERS<\/option>\n<option value=\"https:\/\/donnerbookprize.com\/francais\/2020-winner\/\">2020 WINNERS<\/option>\n<option value=\"https:\/\/donnerbookprize.com\/francais\/past-winners-2019\/\">2019 WINNERS<\/option>\n<option value=\"https:\/\/donnerbookprize.com\/francais\/past-winners-2018\/\">2018 WINNERS<\/option>\n<option value=\"https:\/\/donnerbookprize.com\/francais\/past-winners-2017\/\">2017 WINNERS<\/option>\n<option value=\"https:\/\/donnerbookprize.com\/francais\/prize-winners\/\">2016 WINNERS<\/option>\n<option value=\"https:\/\/donnerbookprize.com\/francais\/past-winners-2015\/\">2015 WINNERS<\/option>\n<option value=\"https:\/\/donnerbookprize.com\/francais\/past-winners-2014\/\">2014 WINNERS<\/option>\n<option value=\"https:\/\/donnerbookprize.com\/francais\/past-winners-2013\/\">2013 WINNERS<\/option>\n<option value=\"https:\/\/donnerbookprize.com\/francais\/past-winners-2012\/\">2012 WINNERS<\/option>\n<option value=\"https:\/\/donnerbookprize.com\/francais\/past-winners-2011\/\">2011 WINNERS<\/option>\n<option value=\"https:\/\/donnerbookprize.com\/francais\/past-winners-2010\/\">2010 WINNERS<\/option>\n<option value=\"https:\/\/donnerbookprize.com\/francais\/past-winners-2009\/\">2009 WINNERS<\/option>\n<option value=\"https:\/\/donnerbookprize.com\/francais\/past-winners-2008\/\">2008 WINNERS<\/option>\n<option value=\"https:\/\/donnerbookprize.com\/francais\/past-winners-2007\/\">2007 WINNERS<\/option>\n<option value=\"https:\/\/donnerbookprize.com\/francais\/past-winners-2006\/\">2006 WINNERS<\/option>\n<option value=\"https:\/\/donnerbookprize.com\/francais\/past-winners-2005\/\">2005 WINNERS<\/option>\n<option value=\"https:\/\/donnerbookprize.com\/francais\/past-winners-2004\/\">2004 WINNERS<\/option>\n<option value=\"https:\/\/donnerbookprize.com\/francais\/past-winners-2003\/\">2003 WINNERS<\/option>\n<option value=\"https:\/\/donnerbookprize.com\/francais\/past-winners-2002\/\">2002 WINNERS<\/option>\n<option value=\"https:\/\/donnerbookprize.com\/francais\/past-winners-2001\/\">2001 WINNERS<\/option>\n<option value=\"https:\/\/donnerbookprize.com\/francais\/past-winners-2000\/\">2000 WINNERS<\/option>\n<option value=\"https:\/\/donnerbookprize.com\/francais\/past-winners-1999\/\">1999 WINNERS<\/option>\n<option value=\"https:\/\/donnerbookprize.com\/francais\/past-winners-1998\/\">1998 WINNERS<\/option>\n<\/select><input type=\"hidden\" name=\"trp-form-language\" value=\"francais\"\/><\/form><\/div><\/div>\n\n\n\n<h2 style=\"text-align:center\" class=\"custom13 wp-block-heading\">2007 Winner<\/h2>\n\n\n\n<div class=\"wp-block-image custom16\"><figure class=\"alignleft\"><img loading=\"lazy\" decoding=\"async\" width=\"200\" height=\"300\" src=\"https:\/\/donnerbookprize.com\/wp-content\/uploads\/2019\/04\/commons-200x300.jpg\" alt=\"THE PEOPLE'S HOUSE OF COMMONS: THEORIES OF DEMOCRACY IN CONTENTION\" class=\"wp-image-2717\" srcset=\"https:\/\/donnerbookprize.com\/wp-content\/uploads\/2019\/04\/commons-200x300.jpg 200w, https:\/\/donnerbookprize.com\/wp-content\/uploads\/2019\/04\/commons-768x1152.jpg 768w, https:\/\/donnerbookprize.com\/wp-content\/uploads\/2019\/04\/commons-683x1024.jpg 683w\" sizes=\"auto, (max-width: 200px) 100vw, 200px\" \/><\/figure><\/div>\n\n\n\n<h2 class=\"wp-block-heading\" style=\"text-align:left\"><strong>The People&#8217;s House of Commons: Theories of Democracy in Contention<\/strong><br><\/h2>\n\n\n\n<h3 style=\"text-align:left\" class=\"custom15 wp-block-heading\">David E. Smith <\/h3>\n\n\n\n<h3 class=\"wp-block-heading\" style=\"text-align:left\">(University of Toronto Press)<\/h3>\n\n\n\n<p style=\"text-align:left\" class=\"custom7\">David E. Smith, l'un des sp\u00e9cialistes les plus renomm\u00e9s dans le domaine des sciences politiques, explore les ramifications de nombre des changements que l'on se propose actuellement d'apporter au syst\u00e8me politique canadien, d'un point de vue acad\u00e9mique, judiciaire, politique et juridique. The People's House of Commons est une \u00e9tude tr\u00e8s d\u00e9taill\u00e9e de la Chambre et envisage les diff\u00e9rents mod\u00e8les politiques en concurrence, les tensions inh\u00e9rentes et leurs effets sur l'id\u00e9e que s'en fait le public. L'analyse de Smith est tr\u00e8s fouill\u00e9e et rappelle au lecteur les fondements historiques de la d\u00e9mocratie \u00e9lectorale, constitutionnelle et parlementaire du Canada, ce qui en fait un ouvrage dont la lecture s'impose aux dirigeants politiques, aux personnes f\u00e9rues de politique et \u00e0 tous ceux qui s'int\u00e9ressent \u00e0 l'avenir du syst\u00e8me parlementaire canadien.<br><\/p>\n\n\n\n<h2 style=\"text-align:center\" class=\"custom13 wp-block-heading\">SECONDS FAVORIS<\/h2>\n\n\n\n<div class=\"wp-block-image custom16\"><figure class=\"alignleft\"><img loading=\"lazy\" decoding=\"async\" width=\"200\" height=\"300\" src=\"https:\/\/donnerbookprize.com\/wp-content\/uploads\/2019\/04\/babylon-system-200x300.jpg\" alt=\"ENTER THE BABYLON SYSTEM: UNPACKING GUN CULTURE FROM SAMUEL COLT TO 50 CENT\" class=\"wp-image-2716\" srcset=\"https:\/\/donnerbookprize.com\/wp-content\/uploads\/2019\/04\/babylon-system-200x300.jpg 200w, https:\/\/donnerbookprize.com\/wp-content\/uploads\/2019\/04\/babylon-system-768x1151.jpg 768w, https:\/\/donnerbookprize.com\/wp-content\/uploads\/2019\/04\/babylon-system-683x1024.jpg 683w\" sizes=\"auto, (max-width: 200px) 100vw, 200px\" \/><\/figure><\/div>\n\n\n\n<h2 class=\"wp-block-heading\" style=\"text-align:left\"><strong>Enter the Babylon System: Unpacking Gun Culture from Samuel Colt to 50 Cent<\/strong><br><\/h2>\n\n\n\n<h3 style=\"text-align:left\" class=\"custom15 wp-block-heading\">Rodrigo Bascu\u00f1\u00e1n and Christian Pearce <\/h3>\n\n\n\n<h3 class=\"wp-block-heading\" style=\"text-align:left\">(Random House)<\/h3>\n\n\n\n<p style=\"text-align:left\" class=\"custom7\">Enter the Babylon System relate l'histoire d\u00e9rangeante d'une industrie de plusieurs milliards de dollars et d\u00e9crit son impact sur la culture populaire. Des fabriques d'armes \u00e0 feu aux couloirs des institutions gouvernementales o\u00f9 les lois sont \u00e9labor\u00e9es en passant par les services de relations publiques des entreprises o\u00f9 se prennent les d\u00e9cisions visant \u00e0 tirer un avantage financier de notre \u00e9ternelle fascination pour les armes \u00e0 feu, ce livre explore les diverses formes de divertissement faisant appel au pouvoir attractif d'une violence dont les manifestations bombardent constamment nos sens. Cet ouvrage est \u00e0 la fois \u00e9difiant et tr\u00e8s bien document\u00e9. Il constitue un pr\u00e9cieux t\u00e9moignage sur la nature de la sous culture des armes \u00e0 feu.<br><\/p>\n\n\n\n<div style=\"height:36px\" aria-hidden=\"true\" class=\"wp-block-spacer\"><\/div>\n\n\n\n<hr class=\"wp-block-separator is-style-wide\"\/>\n\n\n\n<div class=\"wp-block-image custom16\"><figure class=\"alignleft\"><img loading=\"lazy\" decoding=\"async\" width=\"205\" height=\"300\" src=\"https:\/\/donnerbookprize.com\/wp-content\/uploads\/2019\/04\/thugs1-205x300.jpg\" alt=\"YOUNG THUGS: INSIDE THE DANGEROUS WORLD OF CANADIAN STREET GANGS\" class=\"wp-image-2719\" srcset=\"https:\/\/donnerbookprize.com\/wp-content\/uploads\/2019\/04\/thugs1-205x300.jpg 205w, https:\/\/donnerbookprize.com\/wp-content\/uploads\/2019\/04\/thugs1-768x1122.jpg 768w, https:\/\/donnerbookprize.com\/wp-content\/uploads\/2019\/04\/thugs1-701x1024.jpg 701w\" sizes=\"auto, (max-width: 205px) 100vw, 205px\" \/><\/figure><\/div>\n\n\n\n<h2 class=\"wp-block-heading\" style=\"text-align:left\"><br><strong>Young Thugs: Inside the Dangerous World of Canadian Street Gangs<\/strong><br><\/h2>\n\n\n\n<h3 style=\"text-align:left\" class=\"custom15 wp-block-heading\">Michael C. Chettleburgh <\/h3>\n\n\n\n<h3 class=\"wp-block-heading\" style=\"text-align:left\">(HarperCollins Publishers Ltd.)<\/h3>\n\n\n\n<p style=\"text-align:left\" class=\"custom7\">Lorsque Jane Creba, 15 ans, a \u00e9t\u00e9 tu\u00e9e par une balle perdue lors d'un \u00e9change de coups de feu entre bandes rivales au centre ville de Toronto en d\u00e9cembre 2005, les journaux regorgeaient d'articles \u00e9voquant la transposition d'un probl\u00e8me \u00ab am\u00e9ricain \u00bb \u00e0 Toronto. La v\u00e9rit\u00e9, c'est que les gangs existent bel et bien depuis de nombreuses ann\u00e9es, et pas seulement \u00e0 Toronto. Il s'agit d'un probl\u00e8me pancanadien, qui gangr\u00e8ne les grands centres urbains et m\u00eame les villes plus modestes partout au pays. Young Thugs d\u00e9crit la mani\u00e8re dont les gangs fonctionnent, de m\u00eame que les raisons qui poussent chaque ann\u00e9e des milliers de jeunes Canadiens \u00e0 se joindre \u00e0 l'un d'entre eux, de Halifax \u00e0 Winnipeg en passant par Vancouver. L'ouvrage d\u00e9peint, d'une mani\u00e8re claire et d\u00e9taill\u00e9e, un probl\u00e8me majeur mais en grande partie ignor\u00e9. L'analyse de Michael C. Chettleburgh pr\u00e9sente une s\u00e9rie de solutions strat\u00e9giques dans un style accessible et respectueux du point de vue du lecteur.<br><\/p>\n\n\n\n<div style=\"height:36px\" aria-hidden=\"true\" class=\"wp-block-spacer\"><\/div>\n\n\n\n<hr class=\"wp-block-separator is-style-wide\"\/>\n\n\n\n<div class=\"wp-block-image custom16\"><figure class=\"alignleft\"><img loading=\"lazy\" decoding=\"async\" width=\"200\" height=\"300\" src=\"https:\/\/donnerbookprize.com\/wp-content\/uploads\/2019\/04\/fuel-200x300.jpg\" alt=\"FUELING OUR FUTURE: AN INTRODUCTION TO SUSTAINABLE ENERGY\" class=\"wp-image-2718\" srcset=\"https:\/\/donnerbookprize.com\/wp-content\/uploads\/2019\/04\/fuel-200x300.jpg 200w, https:\/\/donnerbookprize.com\/wp-content\/uploads\/2019\/04\/fuel-768x1152.jpg 768w, https:\/\/donnerbookprize.com\/wp-content\/uploads\/2019\/04\/fuel-683x1024.jpg 683w\" sizes=\"auto, (max-width: 200px) 100vw, 200px\" \/><\/figure><\/div>\n\n\n\n<h2 class=\"wp-block-heading\" style=\"text-align:left\"><strong>Fueling Our Future: An Introduction to Sustainable Energy<\/strong><br><\/h2>\n\n\n\n<h3 style=\"text-align:left\" class=\"custom15 wp-block-heading\"> Robert L. Evans<\/h3>\n\n\n\n<h3 class=\"wp-block-heading\" style=\"text-align:left\">(Cambridge University Press)<\/h3>\n\n\n\n<p style=\"text-align:left\" class=\"custom7\">Fueling Our Future est un ouvrage qui vient \u00e9clairer l'important d\u00e9bat consacr\u00e9 au changement climatique et \u00e0 l'utilisation de l'\u00e9nergie. Il donne un aper\u00e7u concis des besoins \u00e9nerg\u00e9tiques actuels et des modes d'approvisionnement. Il porte un regard sans a priori sur la mani\u00e8re dont notre d\u00e9pendance vis \u00e0 vis des \u00e9nergies fossiles peut changer au fil du temps pour assurer la p\u00e9rennit\u00e9 de notre fili\u00e8re \u00e9nerg\u00e9tique. R\u00e9dig\u00e9 dans un style accessible \u00e0 tous, l'ouvrage s\u00e9duira un vaste \u00e9ventail de lecteurs profanes. Robert L. Evans emploie un style analytique et coh\u00e9rent pour passer en revue les politiques envisageables. Il \u00e9vite le pi\u00e8ge qui consiste \u00e0 ramener la r\u00e9solution du probl\u00e8me \u00e0 une option unique, ou au contraire \u00e0 plusieurs possibilit\u00e9s.<br><\/p>\n\n\n\n<div style=\"height:17px\" aria-hidden=\"true\" class=\"wp-block-spacer\"><\/div>\n\n\n\n<hr class=\"wp-block-separator is-style-wide\"\/>\n\n\n\n<div class=\"wp-block-image custom16\"><figure class=\"alignleft\"><img loading=\"lazy\" decoding=\"async\" width=\"194\" height=\"300\" src=\"https:\/\/donnerbookprize.com\/wp-content\/uploads\/2019\/04\/war-194x300.jpg\" alt=\"THE UNEXPECTED WAR: CANADA IN KANDAHAR\" class=\"wp-image-2720\" srcset=\"https:\/\/donnerbookprize.com\/wp-content\/uploads\/2019\/04\/war-194x300.jpg 194w, https:\/\/donnerbookprize.com\/wp-content\/uploads\/2019\/04\/war-768x1185.jpg 768w, https:\/\/donnerbookprize.com\/wp-content\/uploads\/2019\/04\/war-663x1024.jpg 663w\" sizes=\"auto, (max-width: 194px) 100vw, 194px\" \/><\/figure><\/div>\n\n\n\n<h2 class=\"wp-block-heading\" style=\"text-align:left\"><strong>The Unexpected War: Canada in Kandahar<\/strong><br><\/h2>\n\n\n\n<h3 style=\"text-align:left\" class=\"custom15 wp-block-heading\">Janice Gross Stein and Eugene Lang <\/h3>\n\n\n\n<h3 class=\"wp-block-heading\" style=\"text-align:left\">(Viking Canada)<\/h3>\n\n\n\n<p style=\"text-align:left\" class=\"custom7\">Alors que les soldats canadiens continuent de lutter contre une insurrection plus vive que jamais et que le pays n'en finit pas de s'interroger sur son r\u00f4le dans la guerre et l'effort international de reconstruction entrepris en Afghanistan, The Unexpected War constitue non seulement un t\u00e9moignage \u00e9difiant, mais \u00e9galement une \u00e9valuation \u00e9clair\u00e9e de la mani\u00e8re dont le Canada s'est retrouv\u00e9 au c\u0153ur de ce conflit. Dans un style captivant, cet ouvrage alimente le d\u00e9bat br\u00fblant entourant la question du r\u00f4le du Canada, de son arm\u00e9e et de sa politique \u00e9trang\u00e8re dans les op\u00e9rations de s\u00e9curisation internationales. C'est un livre que l'on a du mal \u00e0 d\u00e9poser tant son contenu est clairement pr\u00e9sent\u00e9, passionnant \u00e0 suivre et extr\u00eamement \u00e9difiant.<br><\/p>\n\n\n\n<div style=\"height:17px\" aria-hidden=\"true\" class=\"wp-block-spacer\"><\/div>\n\n\n\n<h2 style=\"text-align:center\" class=\"custom13 wp-block-heading\">Le Jury 2007<\/h2>\n\n\n\n<h2 class=\"wp-block-heading\" style=\"text-align:left\">Grant L. Reuber<br><\/h2>\n\n\n\n<h3 class=\"wp-block-heading\" style=\"text-align:left\">Pr\u00e9sidente<\/h3>\n\n\n\n<p style=\"text-align:left\" class=\"custom7\">Grant L. Reuber charg\u00e9 de recherche principal \u00e0 l'Institut C.D. Howe; ancien pr\u00e9sident du Conseil de la Soci\u00e9t\u00e9 canadienne d'assurance-d\u00e9p\u00f4ts; ancien pr\u00e9sident et chef de l'exploitation, et plus tard vice-pr\u00e9sident du Conseil de la Banque de Montr\u00e9al; ancien sous-ministre des Finances du Canada; ancien vice-recteur \u00e0 l'enseignement et vice-chancelier de l'Universit\u00e9 Western Ontario; officier de l'Ordre du Canada.<br><\/p>\n\n\n\n<hr class=\"wp-block-separator is-style-wide\"\/>\n\n\n\n<h2 class=\"wp-block-heading\" style=\"text-align:left\">Claude E. Forget<br><\/h2>\n\n\n\n<p style=\"text-align:left\" class=\"custom7\">Claude E. Forget, ancien ministre de la Sant\u00e9 du Qu\u00e9bec; ancien pr\u00e9sident de la Commission d'enqu\u00eate sur l'assurance-ch\u00f4mage; officier de l'Ordre du Canada.<br><\/p>\n\n\n\n<hr class=\"wp-block-separator is-style-wide\"\/>\n\n\n\n<h2 class=\"wp-block-heading\" style=\"text-align:left\">V. Peter Harder<br><\/h2>\n\n\n\n<p style=\"text-align:left\" class=\"custom7\">Peter Harder, est conseiller principal sur les strat\u00e9gies chez Fraser Milner Casgrain S.E.N.C.R.L. Il poss\u00e8de une longue exp\u00e9rience des politiques publiques, acquise au fil d'une carri\u00e8re de 30 ans pass\u00e9e au c\u0153ur m\u00eame du processus d\u00e9cisionnel du gouvernement. Nomm\u00e9 sous-ministre en 1991, il d\u00e9tient le record de long\u00e9vit\u00e9 dans cette fonction au sein du gouvernement du Canada. Il a dirig\u00e9 l'administration de plusieurs d\u00e9partements, dont le Conseil du Tr\u00e9sor, et les minist\u00e8res du Solliciteur g\u00e9n\u00e9ral, de la Citoyennet\u00e9 et de l'Immigration, de l'Industrie, et des Affaires \u00e9trang\u00e9res et du Commerce international. Dans ce dernier poste, il a \u00e9t\u00e9 repr\u00e9sentant personnel du Premier ministre \u00e0 trois sommets du G8 (Sea Island, Gleneagles et Saint-P\u00e9tersbourg). En 2000, la Gouverneure-g\u00e9n\u00e9rale lui a remis le Prix du Premier ministre pour services insignes de la fonction publique.<br><\/p>\n\n\n\n<hr class=\"wp-block-separator is-style-wide\"\/>\n\n\n\n<h2 class=\"wp-block-heading\" style=\"text-align:left\">Anne McLellan<br><\/h2>\n\n\n\n<p style=\"text-align:left\" class=\"custom7\">L'honorable Anne McLellan est entr\u00e9e chez Bennett Jones S.E.N.C.R.L. apr\u00e8s une brillante carri\u00e8re dans la politique f\u00e9d\u00e9rale. Elle a rempli quatre mandats de d\u00e9put\u00e9e lib\u00e9rale d'Edmonton Centre de 1993 \u00e0 2006 et a d\u00e9tenu les portefeuilles de Vice-premi\u00e8re ministre du Canada, ministre de la S\u00e9curit\u00e9 publique et des Mesures d'urgence, ministre de la Sant\u00e9, ministre de la Justice et procureure g\u00e9n\u00e9rale du Canada, et ministre des Ressources naturelles et interlocutrice f\u00e9d\u00e9rale aupr\u00e8s des M\u00e9tis et des Indiens non inscrits. En tant que Vice-premi\u00e8re ministre, elle a pr\u00e9sid\u00e9 deux comit\u00e9s du Cabinet, \u00e0 savoir le Comit\u00e9 des op\u00e9rations et le Comit\u00e9 de la s\u00e9curit\u00e9, de la sant\u00e9 publique et de la protection civile. En juillet 2006, elle a \u00e9t\u00e9 nomm\u00e9e chercheuse invit\u00e9e de haute distinction \u00e0 l'Institute for United States Policy Studies de l'Universit\u00e9 de l'Alberta et est actuellement directrice par int\u00e9rim de cet organisme.<br><\/p>\n\n\n\n<hr class=\"wp-block-separator is-style-wide\"\/>\n\n\n\n<h2 class=\"wp-block-heading\" style=\"text-align:left\">Denis Stairs<br><\/h2>\n\n\n\n<p style=\"text-align:left\" class=\"custom7\">Denis Stairs, professeur \u00e9m\u00e9rite de sciences politiques \u00e0 l'Universit\u00e9 Dalhousie; ancien pr\u00e9sident de l'Association canadienne de science politique; directeur fondateur du Centre for Foreign Policy Studies; officier de l'Ordre du Canada.<br><\/p>\n\n\n\n<div style=\"height:10px\" aria-hidden=\"true\" class=\"wp-block-spacer\"><\/div>","protected":false},"excerpt":{"rendered":"<p>Here&#8217;s a look back at past winners and the books that made that year&#8217;s shortlist. You&#8217;ll also find our Jury from each award season. 2007 Winner The People&#8217;s House of Commons: Theories of Democracy in Contention David E. Smith (University of Toronto Press) Through an examination of academic, judicial, political and legal commentary, David E. &#8230; <a title=\"Laur\u00e9at du Prix Donner 2007\" class=\"read-more\" href=\"https:\/\/donnerbookprize.com\/francais\/past-winners-2007\/\">Read more<span class=\"screen-reader-text\">Laur\u00e9at du Prix Donner 2007<\/span><\/a><\/p>","protected":false},"author":1,"featured_media":3180,"parent":0,"menu_order":0,"comment_status":"closed","ping_status":"closed","template":"","meta":{"footnotes":""},"class_list":["post-886","page","type-page","status-publish","has-post-thumbnail"],"_links":{"self":[{"href":"https:\/\/donnerbookprize.com\/francais\/wp-json\/wp\/v2\/pages\/886","targetHints":{"allow":["GET"]}}],"collection":[{"href":"https:\/\/donnerbookprize.com\/francais\/wp-json\/wp\/v2\/pages"}],"about":[{"href":"https:\/\/donnerbookprize.com\/francais\/wp-json\/wp\/v2\/types\/page"}],"author":[{"embeddable":true,"href":"https:\/\/donnerbookprize.com\/francais\/wp-json\/wp\/v2\/users\/1"}],"replies":[{"embeddable":true,"href":"https:\/\/donnerbookprize.com\/francais\/wp-json\/wp\/v2\/comments?post=886"}],"version-history":[{"count":0,"href":"https:\/\/donnerbookprize.com\/francais\/wp-json\/wp\/v2\/pages\/886\/revisions"}],"wp:featuredmedia":[{"embeddable":true,"href":"https:\/\/donnerbookprize.com\/francais\/wp-json\/wp\/v2\/media\/3180"}],"wp:attachment":[{"href":"https:\/\/donnerbookprize.com\/francais\/wp-json\/wp\/v2\/media?parent=886"}],"curies":[{"name":"wp","href":"https:\/\/api.w.org\/{rel}","templated":true}]}}