{"id":887,"date":"2019-03-25T06:28:28","date_gmt":"2019-03-25T06:28:28","guid":{"rendered":"https:\/\/donnerbookpriz.wpengine.com\/?page_id=887"},"modified":"2020-01-09T12:18:02","modified_gmt":"2020-01-09T17:18:02","slug":"past-winners-2005","status":"publish","type":"page","link":"https:\/\/donnerbookprize.com\/francais\/past-winners-2005\/","title":{"rendered":"Laur\u00e9at du Prix Donner 2005"},"content":{"rendered":"<hr class=\"wp-block-separator is-style-wide\"\/>\n\n\n\n<p class=\"custom4\">Voici une r\u00e9trospective des anciennes personnes laur\u00e9ates. Vous trouverez \u00e9galement la liste des membres du jury pour chaque saison.<\/p>\n\n\n\n<div style=\"height:50px\" aria-hidden=\"true\" class=\"wp-block-spacer custom23\"><\/div>\n\n\n<div class=\"menu-past-winners-container\"><div class=\"mobile-menu\"><form action=\"\"><select id=\"soflow\" onchange=\"if (this.value) window.location.href=this.value\"><option value=\"\">Select<\/option>\n<option value=\"https:\/\/donnerbookprize.com\/francais\/2023-winner\/\">2023 WINNERS<\/option>\n<option value=\"https:\/\/donnerbookprize.com\/francais\/2022-winner\/\">2022 WINNERS<\/option>\n<option value=\"https:\/\/donnerbookprize.com\/francais\/2021-winner\/\">2021 WINNERS<\/option>\n<option value=\"https:\/\/donnerbookprize.com\/francais\/2020-winner\/\">2020 WINNERS<\/option>\n<option value=\"https:\/\/donnerbookprize.com\/francais\/past-winners-2019\/\">2019 WINNERS<\/option>\n<option value=\"https:\/\/donnerbookprize.com\/francais\/past-winners-2018\/\">2018 WINNERS<\/option>\n<option value=\"https:\/\/donnerbookprize.com\/francais\/past-winners-2017\/\">2017 WINNERS<\/option>\n<option value=\"https:\/\/donnerbookprize.com\/francais\/prize-winners\/\">2016 WINNERS<\/option>\n<option value=\"https:\/\/donnerbookprize.com\/francais\/past-winners-2015\/\">2015 WINNERS<\/option>\n<option value=\"https:\/\/donnerbookprize.com\/francais\/past-winners-2014\/\">2014 WINNERS<\/option>\n<option value=\"https:\/\/donnerbookprize.com\/francais\/past-winners-2013\/\">2013 WINNERS<\/option>\n<option value=\"https:\/\/donnerbookprize.com\/francais\/past-winners-2012\/\">2012 WINNERS<\/option>\n<option value=\"https:\/\/donnerbookprize.com\/francais\/past-winners-2011\/\">2011 WINNERS<\/option>\n<option value=\"https:\/\/donnerbookprize.com\/francais\/past-winners-2010\/\">2010 WINNERS<\/option>\n<option value=\"https:\/\/donnerbookprize.com\/francais\/past-winners-2009\/\">2009 WINNERS<\/option>\n<option value=\"https:\/\/donnerbookprize.com\/francais\/past-winners-2008\/\">2008 WINNERS<\/option>\n<option value=\"https:\/\/donnerbookprize.com\/francais\/past-winners-2007\/\">2007 WINNERS<\/option>\n<option value=\"https:\/\/donnerbookprize.com\/francais\/past-winners-2006\/\">2006 WINNERS<\/option>\n<option value=\"https:\/\/donnerbookprize.com\/francais\/past-winners-2005\/\">2005 WINNERS<\/option>\n<option value=\"https:\/\/donnerbookprize.com\/francais\/past-winners-2004\/\">2004 WINNERS<\/option>\n<option value=\"https:\/\/donnerbookprize.com\/francais\/past-winners-2003\/\">2003 WINNERS<\/option>\n<option value=\"https:\/\/donnerbookprize.com\/francais\/past-winners-2002\/\">2002 WINNERS<\/option>\n<option value=\"https:\/\/donnerbookprize.com\/francais\/past-winners-2001\/\">2001 WINNERS<\/option>\n<option value=\"https:\/\/donnerbookprize.com\/francais\/past-winners-2000\/\">2000 WINNERS<\/option>\n<option value=\"https:\/\/donnerbookprize.com\/francais\/past-winners-1999\/\">1999 WINNERS<\/option>\n<option value=\"https:\/\/donnerbookprize.com\/francais\/past-winners-1998\/\">1998 WINNERS<\/option>\n<\/select><input type=\"hidden\" name=\"trp-form-language\" value=\"francais\"\/><\/form><\/div><\/div>\n\n\n\n<h2 style=\"text-align:center\" class=\"custom13 wp-block-heading\">2005 Winner<\/h2>\n\n\n\n<div class=\"wp-block-image custom8\"><figure class=\"alignleft\"><img loading=\"lazy\" decoding=\"async\" width=\"100\" height=\"150\" src=\"https:\/\/donnerbookprize.com\/wp-content\/uploads\/2019\/03\/sustainable2.jpg\" alt=\"SUSTAINABLE FOSSIL FUELS: THE UNUSUAL SUSPECT IN THE QUEST FOR CLEAN AND ENDURING ENERGY \" class=\"wp-image-1439\"\/><\/figure><\/div>\n\n\n\n<h2 class=\"wp-block-heading\" style=\"text-align:left\"><strong>Sustainable Fossil Fuels: The Unusual Suspect in the Quest for Clean and Enduring Energy <\/strong><br><\/h2>\n\n\n\n<h3 style=\"text-align:left\" class=\"custom15 wp-block-heading\">Mark Jaccard <\/h3>\n\n\n\n<h3 class=\"wp-block-heading\" style=\"text-align:left\">(McGill-Queen&#8217;s University Press)<\/h3>\n\n\n\n<p style=\"text-align:left\" class=\"custom7\">Sustainable Fossil Fuels est un livre incontournable sur un probl\u00e8me de soci\u00e9t\u00e9 fondamental. Contre l'id\u00e9e re\u00e7ue voulant que la survie m\u00eame de notre plan\u00e8te d\u00e9pend d'un sevrage aussi rapide que possible des combustibles fossiles, Mark Jaccard affirme que nous avons au contraire les moyens techniques de consommer ceux-ci sans d\u00e9gagement de polluants comme les gaz \u00e0 effet de serre d\u00e9stabilisants pour le climat. Ce livre talentueux est un sommaire concis mais exhaustif des probl\u00e8mes mondiaux li\u00e9s \u00e0 l'offre et \u00e0 la demande d'\u00e9nergie, et un tour d'horizon des options les plus prometteuses pour l'avenir.<br><\/p>\n\n\n\n<h2 style=\"text-align:center\" class=\"custom13 wp-block-heading\">SECONDS FAVORIS<\/h2>\n\n\n\n<div class=\"wp-block-image custom16\"><figure class=\"alignleft\"><img loading=\"lazy\" decoding=\"async\" width=\"100\" height=\"150\" src=\"https:\/\/donnerbookprize.com\/wp-content\/uploads\/2019\/03\/rethinking2.jpg\" alt=\"RETHINKING THE WELFARE STATE: THE PROSPECTS FOR GOVERNMENT BY VOUCHER\" class=\"wp-image-1440\"\/><\/figure><\/div>\n\n\n\n<h2 class=\"wp-block-heading\" style=\"text-align:left\"><strong>Rethinking the Welfare State: The Prospects for Government by Voucher<\/strong><br><\/h2>\n\n\n\n<h3 style=\"text-align:left\" class=\"custom15 wp-block-heading\">Ronald J. Daniels and Michael J. Trebilcock <\/h3>\n\n\n\n<h3 class=\"wp-block-heading\" style=\"text-align:left\">(Routledge)<\/h3>\n\n\n\n<p style=\"text-align:left\" class=\"custom7\">Rethinking the Welfare State propose une analyse, d\u00e9rangeante et arrivant \u00e0 point, de nos politiques de bien-\u00eatre social. Daniels et Trebilcock s'interrogent : le syst\u00e8me des coupons ne permettrait-il pas de d\u00e9bloquer certains probl\u00e8mes tenaces dans le programme d'assistance sociale? Dans leur analyse sur le concept des coupons et son application, les auteurs \u00e9voquent les grands programmes sociaux : timbres alimentaires, enseignement primaire et secondaire, garderies, soins de sant\u00e9, logements sociaux, soins de longue dur\u00e9e, retraites... un v\u00e9ritable tour de force qui alimentera longtemps le d\u00e9bat sur les politiques publiques.<br><\/p>\n\n\n\n<div style=\"height:36px\" aria-hidden=\"true\" class=\"wp-block-spacer\"><\/div>\n\n\n\n<hr class=\"wp-block-separator is-style-wide\"\/>\n\n\n\n<div class=\"wp-block-image custom16\"><figure class=\"alignleft\"><img loading=\"lazy\" decoding=\"async\" width=\"100\" height=\"150\" src=\"https:\/\/donnerbookprize.com\/wp-content\/uploads\/2019\/03\/polite_revolution2.jpg\" alt=\"THE POLITE REVOLUTION: PERFECTING THE CANADIAN DREAM\" class=\"wp-image-1441\"\/><\/figure><\/div>\n\n\n\n<h2 class=\"wp-block-heading\" style=\"text-align:left\"><strong>The Polite Revolution: Perfecting the Canadian Dream<\/strong><br><\/h2>\n\n\n\n<h3 style=\"text-align:left\" class=\"custom15 wp-block-heading\">John Ibbitson <\/h3>\n\n\n\n<h3 class=\"wp-block-heading\" style=\"text-align:left\">(McClelland &amp; Stewart)<br><\/h3>\n\n\n\n<p style=\"text-align:left\" class=\"custom7\">The Polite Revolution dresse le proc\u00e8s-verbal des carences politiques du Canada : immigration, libre-\u00e9change, politique sociale, d\u00e9fense. Dans ce livre convaincant, John Ibbitson pr\u00e9conise un avenir pour le moins audacieux, en commen\u00e7ant par une d\u00e9volution \u00e0 grande \u00e9chelle des pouvoirs - et des dollars - de l'\u00c9tat f\u00e9d\u00e9ral au palier provincial, une refonte de l'assurance-sant\u00e9 et la reconstitution du syst\u00e8me \u00e9lectoral. Plaidoyer r\u00e9volutionnaire pour un nouveau r\u00eave national, The Polite Revolution propose et d\u00e9fend une th\u00e8se stimulante qui \u00e9largira sans aucun doute l'horizon du d\u00e9bat politique.<br><\/p>\n\n\n\n<div style=\"height:36px\" aria-hidden=\"true\" class=\"wp-block-spacer\"><\/div>\n\n\n\n<hr class=\"wp-block-separator is-style-wide\"\/>\n\n\n\n<div class=\"wp-block-image custom16\"><figure class=\"alignleft\"><img loading=\"lazy\" decoding=\"async\" width=\"203\" height=\"300\" src=\"https:\/\/donnerbookprize.com\/wp-content\/uploads\/2019\/04\/Signposts-of-Success-600-dpi-203x300.jpg\" alt=\"SIGNPOSTS OF SUCCESS: INTERPRETING ONTARIO'S ELEMENTARY SCHOOL TEST SCORES\ufeff\" class=\"wp-image-2734\" srcset=\"https:\/\/donnerbookprize.com\/wp-content\/uploads\/2019\/04\/Signposts-of-Success-600-dpi-203x300.jpg 203w, https:\/\/donnerbookprize.com\/wp-content\/uploads\/2019\/04\/Signposts-of-Success-600-dpi-768x1137.jpg 768w, https:\/\/donnerbookprize.com\/wp-content\/uploads\/2019\/04\/Signposts-of-Success-600-dpi-691x1024.jpg 691w\" sizes=\"auto, (max-width: 203px) 100vw, 203px\" \/><\/figure><\/div>\n\n\n\n<h2 class=\"wp-block-heading\" style=\"text-align:left\"><strong>Signposts of Success: Interpreting Ontario&#8217;s Elementary School Test Scores<\/strong><br><\/h2>\n\n\n\n<h3 style=\"text-align:left\" class=\"custom15 wp-block-heading\"> David Johnson <\/h3>\n\n\n\n<h3 class=\"wp-block-heading\" style=\"text-align:left\">(C.D. Howe)<br><\/h3>\n\n\n\n<p style=\"text-align:left\" class=\"custom7\">Les critiques n'ont pas manqu\u00e9 en 1996-1997, lorsque l'Ontario a introduit des tests standardis\u00e9s pour \u00e9valuer les progr\u00e8s des \u00e9l\u00e8ves du primaire dans des mati\u00e8res cl\u00e9s. Signposts of Success propose une analyse hardie de la v\u00e9ritable signification du palmar\u00e8s des \u00e9coles : t\u00e9moignerait-il, non pas de la qualit\u00e9 relative de l'enseignement qu'elles dispensent, mais plut\u00f4t des caract\u00e9ristiques socio-\u00e9conomiques du milieu d'origine de leurs \u00e9l\u00e8ves? L'auteur fait par ailleurs valoir que le rendement de ces derniers est \u00e9galement affect\u00e9 par d'autres facteurs encore, allant des talents de gestionnaire du directeur \u00e0 la qualit\u00e9 du personnel enseignant, en passant par les ressources dont dispose chaque \u00e9tablissement.<br><\/p>\n\n\n\n<div style=\"height:17px\" aria-hidden=\"true\" class=\"wp-block-spacer\"><\/div>\n\n\n\n<hr class=\"wp-block-separator is-style-wide\"\/>\n\n\n\n<div class=\"wp-block-image custom16\"><figure class=\"alignleft\"><img loading=\"lazy\" decoding=\"async\" width=\"201\" height=\"300\" src=\"https:\/\/donnerbookprize.com\/wp-content\/uploads\/2019\/04\/Governing-with-the-Charter-600-dpi-201x300.jpg\" alt=\"GOVERNING WITH THE CHARTER: LEGISLATIVE AND JUDICIAL ACTIVISM AND FRAMERS' INTENT\" class=\"wp-image-2733\" srcset=\"https:\/\/donnerbookprize.com\/wp-content\/uploads\/2019\/04\/Governing-with-the-Charter-600-dpi-201x300.jpg 201w, https:\/\/donnerbookprize.com\/wp-content\/uploads\/2019\/04\/Governing-with-the-Charter-600-dpi-768x1144.jpg 768w, https:\/\/donnerbookprize.com\/wp-content\/uploads\/2019\/04\/Governing-with-the-Charter-600-dpi-688x1024.jpg 688w\" sizes=\"auto, (max-width: 201px) 100vw, 201px\" \/><\/figure><\/div>\n\n\n\n<h2 class=\"wp-block-heading\" style=\"text-align:left\"><strong>Governing with the Charter: Legislative and Judicial Activism and Framers&#8217; Intent <\/strong><br> <\/h2>\n\n\n\n<h3 style=\"text-align:left\" class=\"custom15 wp-block-heading\">James B. Kelly <\/h3>\n\n\n\n<h3 class=\"wp-block-heading\" style=\"text-align:left\">(UBC Press)<\/h3>\n\n\n\n<p style=\"text-align:left\" class=\"custom7\">Depuis l'av\u00e8nement de la Charte canadienne des droits et libert\u00e9s en 1982, la question du pouvoir judiciaire et de son imbrication avec la d\u00e9mocratie parlementaire occupe le premier plan des d\u00e9bats. Pour certains auteurs, la Cour supr\u00eame en est venue \u00e0 exercer un pouvoir qui rivalise avec celui du Parlement. Dans Governing with the Charter, James Kelly expose en d\u00e9tail les ant\u00e9c\u00e9dents de la Charte, ses fondements th\u00e9oriques et son application dans la r\u00e9alit\u00e9 pour les gouvernants et les citoyens. D'une plume agr\u00e9able, l'auteur livre des r\u00e9flexions judicieuses et parfois d\u00e9rangeantes sur un sujet qui reste fortement controvers\u00e9.<br><\/p>\n\n\n\n<div style=\"height:17px\" aria-hidden=\"true\" class=\"wp-block-spacer\"><\/div>\n\n\n\n<h2 style=\"text-align:center\" class=\"custom13 wp-block-heading\">Le jury 2005<\/h2>\n\n\n\n<h2 class=\"wp-block-heading\" style=\"text-align:left\">Grant L. Reuber<br><\/h2>\n\n\n\n<h3 class=\"wp-block-heading\" style=\"text-align:left\">Pr\u00e9sidente<\/h3>\n\n\n\n<p style=\"text-align:left\" class=\"custom7\">Grant L. Reuber charg\u00e9 de recherche principal \u00e0 l'Institut C.D. Howe; ancien pr\u00e9sident du Conseil de la Soci\u00e9t\u00e9 canadienne d'assurance-d\u00e9p\u00f4ts; ancien pr\u00e9sident et chef de l'exploitation, et plus tard vice-pr\u00e9sident du Conseil de la Banque de Montr\u00e9al; ancien sous-ministre des Finances du Canada; ancien vice-recteur \u00e0 l'enseignement et vice-chancelier de l'Universit\u00e9 Western Ontario; officier de l'Ordre du Canada.<br><\/p>\n\n\n\n<hr class=\"wp-block-separator is-style-wide\"\/>\n\n\n\n<h2 class=\"wp-block-heading\" style=\"text-align:left\">Claude E. Forget<br><\/h2>\n\n\n\n<p style=\"text-align:left\" class=\"custom7\">Claude E. Forget, ancien ministre de la Sant\u00e9 du Qu\u00e9bec; ancien pr\u00e9sident de la Commission d'enqu\u00eate sur l'assurance-ch\u00f4mage; officier de l'Ordre du Canada.<br><\/p>\n\n\n\n<hr class=\"wp-block-separator is-style-wide\"\/>\n\n\n\n<h2 class=\"wp-block-heading\" style=\"text-align:left\">George Connell<br><\/h2>\n\n\n\n<p style=\"text-align:left\" class=\"custom7\">George Connell est un scientifique qui poss\u00e8de une vaste exp\u00e9rience des questions de politique publique. Il a \u00e9t\u00e9 recteur de l'Universit\u00e9 Western Ontario, de 1977 \u00e0 1984, et de l'Universit\u00e9 de Toronto, de 1984 \u00e0 1990. Il a \u00e9t\u00e9 membre du Conseil de recherches m\u00e9dicales du Canada et du Conseil ontarien de la sant\u00e9. Il a agi comme conseiller principal \u00e0 la Commission Krever sur le syst\u00e8me d'approvisionnement en sang et \u00e0 la Commission O'Connor sur le syst\u00e8me d'approvisionnement en eau de Walkerton. Il est Officier de l'Ordre du Canada.<br><\/p>\n\n\n\n<hr class=\"wp-block-separator is-style-wide\"\/>\n\n\n\n<h2 class=\"wp-block-heading\" style=\"text-align:left\">Denis Stairs<br><\/h2>\n\n\n\n<p style=\"text-align:left\" class=\"custom7\">Denis Stairs, professeur \u00e9m\u00e9rite de sciences politiques \u00e0 l'Universit\u00e9 Dalhousie; ancien pr\u00e9sident de l'Association canadienne de science politique; directeur fondateur du Centre for Foreign Policy Studies; officier de l'Ordre du Canada.<br><\/p>\n\n\n\n<hr class=\"wp-block-separator is-style-wide\"\/>\n\n\n\n<h2 class=\"wp-block-heading\" style=\"text-align:left\">David W. Strangway<br><\/h2>\n\n\n\n<p style=\"text-align:left\" class=\"custom7\">David W. Strangway est pr\u00e9sident et chef de la direction et directeur fondateur de la Quest University Canada, apr\u00e8s un mandat de 12 ans comme recteur de l'Universit\u00e9 de la Colombie-Britannique. De 1973 \u00e0 1985, M. Strangway a occup\u00e9 un certain nombre de postes au sein de l'Universit\u00e9 de Toronto, notamment ceux de vice-recteur et de recteur par int\u00e9rim. En 1998, il a \u00e9t\u00e9 nomm\u00e9 pr\u00e9sident-directeur g\u00e9n\u00e9ral de la Fondation canadienne pour l'innovation. Il est \u00e9galement Officier de l'Ordre du Canada.<br><\/p>\n\n\n\n<div style=\"height:10px\" aria-hidden=\"true\" class=\"wp-block-spacer\"><\/div>","protected":false},"excerpt":{"rendered":"<p>Here&#8217;s a look back at past winners and the books that made that year&#8217;s shortlist. You&#8217;ll also find our Jury from each award season. 2005 Winner Sustainable Fossil Fuels: The Unusual Suspect in the Quest for Clean and Enduring Energy Mark Jaccard (McGill-Queen&#8217;s University Press) Sustainable Fossil Fuels is a formidable book on an important &#8230; <a title=\"Laur\u00e9at du Prix Donner 2005\" class=\"read-more\" href=\"https:\/\/donnerbookprize.com\/francais\/past-winners-2005\/\">Read more<span class=\"screen-reader-text\">Laur\u00e9at du Prix Donner 2005<\/span><\/a><\/p>","protected":false},"author":1,"featured_media":3180,"parent":0,"menu_order":0,"comment_status":"closed","ping_status":"closed","template":"","meta":{"footnotes":""},"class_list":["post-887","page","type-page","status-publish","has-post-thumbnail"],"_links":{"self":[{"href":"https:\/\/donnerbookprize.com\/francais\/wp-json\/wp\/v2\/pages\/887","targetHints":{"allow":["GET"]}}],"collection":[{"href":"https:\/\/donnerbookprize.com\/francais\/wp-json\/wp\/v2\/pages"}],"about":[{"href":"https:\/\/donnerbookprize.com\/francais\/wp-json\/wp\/v2\/types\/page"}],"author":[{"embeddable":true,"href":"https:\/\/donnerbookprize.com\/francais\/wp-json\/wp\/v2\/users\/1"}],"replies":[{"embeddable":true,"href":"https:\/\/donnerbookprize.com\/francais\/wp-json\/wp\/v2\/comments?post=887"}],"version-history":[{"count":0,"href":"https:\/\/donnerbookprize.com\/francais\/wp-json\/wp\/v2\/pages\/887\/revisions"}],"wp:featuredmedia":[{"embeddable":true,"href":"https:\/\/donnerbookprize.com\/francais\/wp-json\/wp\/v2\/media\/3180"}],"wp:attachment":[{"href":"https:\/\/donnerbookprize.com\/francais\/wp-json\/wp\/v2\/media?parent=887"}],"curies":[{"name":"wp","href":"https:\/\/api.w.org\/{rel}","templated":true}]}}