{"id":902,"date":"2019-03-25T06:30:36","date_gmt":"2019-03-25T06:30:36","guid":{"rendered":"https:\/\/donnerbookpriz.wpengine.com\/?page_id=902"},"modified":"2020-01-09T12:23:11","modified_gmt":"2020-01-09T17:23:11","slug":"past-winners-1999","status":"publish","type":"page","link":"https:\/\/donnerbookprize.com\/francais\/past-winners-1999\/","title":{"rendered":"Laur\u00e9at du Prix Donner 1999"},"content":{"rendered":"<hr class=\"wp-block-separator is-style-wide\"\/>\n\n\n\n<p class=\"custom4\">Voici une r\u00e9trospective des anciennes personnes laur\u00e9ates. Vous trouverez \u00e9galement la liste des membres du jury pour chaque saison.<\/p>\n\n\n\n<div style=\"height:50px\" aria-hidden=\"true\" class=\"wp-block-spacer custom23\"><\/div>\n\n\n<div class=\"menu-past-winners-container\"><div class=\"mobile-menu\"><form action=\"\"><select id=\"soflow\" onchange=\"if (this.value) window.location.href=this.value\"><option value=\"\">Select<\/option>\n<option value=\"https:\/\/donnerbookprize.com\/francais\/2023-winner\/\">2023 WINNERS<\/option>\n<option value=\"https:\/\/donnerbookprize.com\/francais\/2022-winner\/\">2022 WINNERS<\/option>\n<option value=\"https:\/\/donnerbookprize.com\/francais\/2021-winner\/\">2021 WINNERS<\/option>\n<option value=\"https:\/\/donnerbookprize.com\/francais\/2020-winner\/\">2020 WINNERS<\/option>\n<option value=\"https:\/\/donnerbookprize.com\/francais\/past-winners-2019\/\">2019 WINNERS<\/option>\n<option value=\"https:\/\/donnerbookprize.com\/francais\/past-winners-2018\/\">2018 WINNERS<\/option>\n<option value=\"https:\/\/donnerbookprize.com\/francais\/past-winners-2017\/\">2017 WINNERS<\/option>\n<option value=\"https:\/\/donnerbookprize.com\/francais\/prize-winners\/\">2016 WINNERS<\/option>\n<option value=\"https:\/\/donnerbookprize.com\/francais\/past-winners-2015\/\">2015 WINNERS<\/option>\n<option value=\"https:\/\/donnerbookprize.com\/francais\/past-winners-2014\/\">2014 WINNERS<\/option>\n<option value=\"https:\/\/donnerbookprize.com\/francais\/past-winners-2013\/\">2013 WINNERS<\/option>\n<option value=\"https:\/\/donnerbookprize.com\/francais\/past-winners-2012\/\">2012 WINNERS<\/option>\n<option value=\"https:\/\/donnerbookprize.com\/francais\/past-winners-2011\/\">2011 WINNERS<\/option>\n<option value=\"https:\/\/donnerbookprize.com\/francais\/past-winners-2010\/\">2010 WINNERS<\/option>\n<option value=\"https:\/\/donnerbookprize.com\/francais\/past-winners-2009\/\">2009 WINNERS<\/option>\n<option value=\"https:\/\/donnerbookprize.com\/francais\/past-winners-2008\/\">2008 WINNERS<\/option>\n<option value=\"https:\/\/donnerbookprize.com\/francais\/past-winners-2007\/\">2007 WINNERS<\/option>\n<option value=\"https:\/\/donnerbookprize.com\/francais\/past-winners-2006\/\">2006 WINNERS<\/option>\n<option value=\"https:\/\/donnerbookprize.com\/francais\/past-winners-2005\/\">2005 WINNERS<\/option>\n<option value=\"https:\/\/donnerbookprize.com\/francais\/past-winners-2004\/\">2004 WINNERS<\/option>\n<option value=\"https:\/\/donnerbookprize.com\/francais\/past-winners-2003\/\">2003 WINNERS<\/option>\n<option value=\"https:\/\/donnerbookprize.com\/francais\/past-winners-2002\/\">2002 WINNERS<\/option>\n<option value=\"https:\/\/donnerbookprize.com\/francais\/past-winners-2001\/\">2001 WINNERS<\/option>\n<option value=\"https:\/\/donnerbookprize.com\/francais\/past-winners-2000\/\">2000 WINNERS<\/option>\n<option value=\"https:\/\/donnerbookprize.com\/francais\/past-winners-1999\/\">1999 WINNERS<\/option>\n<option value=\"https:\/\/donnerbookprize.com\/francais\/past-winners-1998\/\">1998 WINNERS<\/option>\n<\/select><input type=\"hidden\" name=\"trp-form-language\" value=\"francais\"\/><\/form><\/div><\/div>\n\n\n\n<h2 style=\"text-align:center\" class=\"custom13 wp-block-heading\">1999 Winner<\/h2>\n\n\n\n<h2 class=\"wp-block-heading\" style=\"text-align:left\"><strong>CODE BLUE: REVIVING CANADA&#8217;S HEALTH CARE SYSTEM<\/strong><br><\/h2>\n\n\n\n<h3 style=\"text-align:left\" class=\"custom15 wp-block-heading\">David Gratzer <\/h3>\n\n\n\n<h3 class=\"wp-block-heading\" style=\"text-align:left\">(ECW Press)<\/h3>\n\n\n\n<p style=\"text-align:left\" class=\"custom7\">M. GRATZER NOUS GUIDE AU TRAVERS DU SYST\u00c9ME DES SOINS DE SANT\u00c9, syst\u00e9me en d\u00e9t\u00e9rioration, et prescrit une solution provocatrice qui promet de mettre de l'huile sur le feu du d\u00e9bat en cours. Il explore nos conceptions erron\u00e9es du syst\u00e9me des soins de sant\u00e9 am\u00e9ricain, analyse les tendances d\u00e9mographiques et expose le vide du d\u00e9bat politique \u00e0 l\u00e9gard d'un des plus grands probl\u00e9mes de politique publique de notre g\u00e9n\u00e9ration.<br><\/p>\n\n\n\n<h2 style=\"text-align:center\" class=\"custom13 wp-block-heading\">SECONDS FAVORIS<\/h2>\n\n\n\n<h2 class=\"wp-block-heading\" style=\"text-align:left\"><strong>FREE-FOR-ALL: THE STRUGGLE FOR DOMINANCE ON THE DIGITAL FRONTIER<\/strong><br><\/h2>\n\n\n\n<h3 style=\"text-align:left\" class=\"custom15 wp-block-heading\">Matthew Fraser <\/h3>\n\n\n\n<h3 class=\"wp-block-heading\" style=\"text-align:left\">(Stoddart Publishing)<br><\/h3>\n\n\n\n<p style=\"text-align:left\" class=\"custom7\">L'EXAMEN DE M. FRASER DU D\u00c9VELOPPEMENT QUI A MARQU\u00c9 le secteur turbulent des t\u00e9l\u00e9communications au Canada et la r\u00e9ponse confuse du gouvernement \u00e0 la r\u00e9glementation est opportun et captivant. M. Fraser examine en d\u00e9tail et des coulisses ce processus cr\u00e9nel\u00e9 et fait un portrait r\u00e9v\u00e9lateur des participants importants ainsi que de leur influence sur la conception et la direction de la r\u00e9glementation canadienne.<br><\/p>\n\n\n\n<div style=\"height:36px\" aria-hidden=\"true\" class=\"wp-block-spacer\"><\/div>\n\n\n\n<h2 class=\"wp-block-heading\" style=\"text-align:left\"><br><strong>GETTING AWAY WITH MURDER: THE CANADIAN CRIMINAL JUSTICE SYSTEM<\/strong><br><\/h2>\n\n\n\n<h3 style=\"text-align:left\" class=\"custom15 wp-block-heading\"> David M. Paciocco <\/h3>\n\n\n\n<h3 class=\"wp-block-heading\" style=\"text-align:left\">(Irwin Law)<br><\/h3>\n\n\n\n<p style=\"text-align:left\" class=\"custom7\">D.M. PACIOCCO JETTE UN REGARD IMPARTIAL SUR LA CRISE de confiance dans le Droit criminel canadien dans ce livre fascinant, expliquant comment et pourquoi des d\u00e9linquants sont condamn\u00e9s, tout en soulignant les erreurs du syst\u00e9me, particuli\u00e9rement en ce qui concerne le processus de lib\u00e9ration sur parole. Le livre est r\u00e9dig\u00e9 d'une fa\u00e7on engageante et droite, son auteur r\u00e9v\u00e9le les myst\u00e9res du syst\u00e9me de justice criminelle et \u00e9nonce clairement des arguments visant \u00e0 r\u00e9former le syst\u00e9me actuel.<br><\/p>\n\n\n\n<div style=\"height:36px\" aria-hidden=\"true\" class=\"wp-block-spacer\"><\/div>\n\n\n\n<hr class=\"wp-block-separator is-style-wide\"\/>\n\n\n\n<h2 class=\"wp-block-heading\" style=\"text-align:left\"><strong>STRAIGHT TALK: SPEECHES AND WRITINGS ON CANADIAN UNITY<\/strong><br><\/h2>\n\n\n\n<h3 style=\"text-align:left\" class=\"custom15 wp-block-heading\">St\u00e9phane Dion <\/h3>\n\n\n\n<h3 class=\"wp-block-heading\" style=\"text-align:left\">(McGill-Queen&#8217;s University Press)<br><\/h3>\n\n\n\n<p style=\"text-align:left\" class=\"custom7\"><p style=\"color:#fff\">IL S'AGIT D'UN RECUEIL BIEN FAIT CONTENANT les discours du ministre des Affaires intergouvernementales de 1996 \u00e0 1998 pr\u00e9conisant et exposant les conditions en vue d'une r\u00e9conciliation du nationalisme qu\u00e9b\u00e9cois avec un Etat canadien d\u00e9centralis\u00e9 et multinational. Ce livre se r\u00e9v\u00e8le \u00eatre une d\u00e9fense intelligente et sophistiqu\u00e9e de l'unit\u00e9 nationale et met en vedette les politiques que devrait adopter Ottawa pour la soutenir.<\/p><br><\/p>\n\n\n\n<div style=\"height:17px\" aria-hidden=\"true\" class=\"wp-block-spacer\"><\/div>\n\n\n\n<hr class=\"wp-block-separator is-style-wide\"\/>\n\n\n\n<h2 class=\"wp-block-heading\" style=\"text-align:left\"><strong>DUE PROCESS AND VICTIMS&#8217; RIGHTS: THE NEW LAW AND POLITICS OF CRIMINAL JUSTICE<\/strong><br><\/h2>\n\n\n\n<h3 style=\"text-align:left\" class=\"custom15 wp-block-heading\">Kent Roach <\/h3>\n\n\n\n<h3 class=\"wp-block-heading\" style=\"text-align:left\">(University of Toronto Press)<\/h3>\n\n\n\n<p style=\"text-align:left\" class=\"custom7\">K. ROACH NOUS DONNE UN APER\u00c7U PERSPICACE DU D\u00c9VELOPPEMENT du syst\u00e9me de justice criminelle qui a suivi la promulgation de la Charte des droits et des libert\u00e9s en 1982 et analyse les diff\u00e9rents mod\u00e8les utilis\u00e9s dans le prononc\u00e9 de la sentence. Il examine le discours changeant dans les tribunaux, les l\u00e9gislatures et les m\u00e9dias et il r\u00e9fl\u00e9chit aussi au r\u00f4le des femmes, des jeunes, des diff\u00e9rentes minorit\u00e9s et des victimes de crimes dans la r\u00e9forme de la justice criminelle.<br><\/p>\n\n\n\n<div style=\"height:17px\" aria-hidden=\"true\" class=\"wp-block-spacer\"><\/div>\n\n\n\n<hr class=\"wp-block-separator is-style-wide\"\/>\n\n\n\n<h2 class=\"wp-block-heading\"><strong>ENJEUX \u00c9THIQUES ET TECHNOLOGIES BIOM\u00c9DICALES<\/strong><br><\/h2>\n\n\n\n<h3 class=\"wp-block-heading\">Jocelyne Saint-Arnaud <\/h3>\n\n\n\n<h3 class=\"wp-block-heading\">(Les Presses De L&#8217;Universit\u00e9 de Montr\u00e9al)<br><\/h3>\n\n\n\n<p>A MESURE QUE NOTRE POPULATION AVANCE EN &amp;ACIRC;GE ET QUE LA TECHNOLOGIE m\u00e9dicale progresse, nous devons de plus en plus nous confronter \u00e0 beaucoup de probl\u00e8mes d'ontologiques auxquels s'adresse J. Saint-Arnaud, probl\u00e8mes tels que l'euthanasie et le choix de receveurs de transplantation d'organes vitaux. Son analyse intentionnellement provocante d'un domaine important mais plut\u00f4t n\u00e9glig\u00e9 des soins de sant\u00e9 constitue une contribution importante \u00e0 la soci\u00e9t\u00e9 post-moderne.<br><\/p>\n\n\n\n<div style=\"height:38px\" aria-hidden=\"true\" class=\"wp-block-spacer\"><\/div>\n\n\n\n<hr class=\"wp-block-separator is-style-wide\"\/>\n\n\n\n<h2 class=\"wp-block-heading\"><strong>GOVERNING FROM THE CENTRE: THE CONCENTRATION OF POWER IN CANADIAN POLITICS<\/strong><br><\/h2>\n\n\n\n<h3 class=\"wp-block-heading\">Donald J. Savoie <\/h3>\n\n\n\n<h3 class=\"wp-block-heading\">(University of Toronto Press)<\/h3>\n\n\n\n<p>IL S'AGIT D'UN R\u00c9CIT PLEIN DE FINESSE de l'organisation et du fonctionnement du gouvernement canadien depuis l'\u00e9poque de P. Trudeau et qui explique la tendance croissante vers la concentration du pouvoir et de l'autorit\u00e9 entre les mains du Premier Ministre et de son entourage imm\u00e9diat.<br><\/p>\n\n\n\n<div style=\"height:25px\" aria-hidden=\"true\" class=\"wp-block-spacer\"><\/div>\n\n\n\n<h2 style=\"text-align:center\" class=\"custom13 wp-block-heading\">Le jury 1999<\/h2>\n\n\n\n<h2 class=\"wp-block-heading\" style=\"text-align:left\">Grant L. Reuber<br><\/h2>\n\n\n\n<h3 class=\"wp-block-heading\" style=\"text-align:left\">Pr\u00e9sidente<\/h3>\n\n\n\n<p style=\"text-align:left\" class=\"custom7\">Conseiller principal et directeur du Cercle Sussex, charg\u00e9 de recherche principal \u00e0 l'Institut C.D. Howe, ancien pr\u00e9sident du Conseil de la Soci\u00e9t\u00e9 canadienne d'assurance-d\u00e9p\u00f4ts, ancien pr\u00e9sident et chef de l'exploitation, et plus tard vice-pr\u00e9sident du Conseil, de la Banque de Montr\u00e9al, ancien sous-ministre des Finances du Canada, ancien pr\u00e9v\u00f4t et vice-recteur \u00e0 l'enseignement de l'Universit\u00e9 Western Ontario et Officier de l'Ordre du Canada.<br><\/p>\n\n\n\n<hr class=\"wp-block-separator is-style-wide\"\/>\n\n\n\n<h2 class=\"wp-block-heading\" style=\"text-align:left\">Paul Boothe<br><\/h2>\n\n\n\n<p style=\"text-align:left\" class=\"custom7\">Professeur et Directeur de l'Institute for Public Economics \u00e0 l'Universit\u00e9 de l'Alberta; titulaire d'une bourse EnCana en politique publique, Institut C.D. Howe; ancien sous-ministre des Finances de la Saskatchewan.<br><\/p>\n\n\n\n<hr class=\"wp-block-separator is-style-wide\"\/>\n\n\n\n<h2 class=\"wp-block-heading\" style=\"text-align:left\">Pierre Lortie<br><\/h2>\n\n\n\n<p style=\"text-align:left\" class=\"custom7\">Pr\u00e9sident et chef de l'exploitation, Bombardier Transport.<br><\/p>\n\n\n\n<hr class=\"wp-block-separator is-style-wide\"\/>\n\n\n\n<h2 class=\"wp-block-heading\" style=\"text-align:left\">John G. Richards<br><\/h2>\n\n\n\n<p style=\"text-align:left\" class=\"custom7\">Professeur de sciences commerciales \u00e0 l'Universit\u00e9 Simon Fraser, et collaborateur de l'Institut C.D. Howe.<br><\/p>\n\n\n\n<hr class=\"wp-block-separator is-style-wide\"\/>\n\n\n\n<h2 class=\"wp-block-heading\" style=\"text-align:left\">Jennifer Smith<br><\/h2>\n\n\n\n<p style=\"text-align:left\" class=\"custom7\">Professeure agr\u00e9g\u00e9e en sciences politiques \u00e0 l'Universit\u00e9 Dalhousie de Nouvelle-\u00c9cosse.<br><\/p>\n\n\n\n<div style=\"height:10px\" aria-hidden=\"true\" class=\"wp-block-spacer\"><\/div>","protected":false},"excerpt":{"rendered":"<p>Here&#8217;s a look back at past winners and the books that made that year&#8217;s shortlist. You&#8217;ll also find our Jury from each award season. 1999 Winner CODE BLUE: REVIVING CANADA&#8217;S HEALTH CARE SYSTEM David Gratzer (ECW Press) GRATZER GUIDES US THROUGH CANADA&#8217;S deteriorating health care system and prescribes a provocative solution that promises to add &#8230; <a title=\"Laur\u00e9at du Prix Donner 1999\" class=\"read-more\" href=\"https:\/\/donnerbookprize.com\/francais\/past-winners-1999\/\">Read more<span class=\"screen-reader-text\">Laur\u00e9at du Prix Donner 1999<\/span><\/a><\/p>","protected":false},"author":1,"featured_media":3180,"parent":0,"menu_order":0,"comment_status":"closed","ping_status":"closed","template":"","meta":{"footnotes":""},"class_list":["post-902","page","type-page","status-publish","has-post-thumbnail"],"_links":{"self":[{"href":"https:\/\/donnerbookprize.com\/francais\/wp-json\/wp\/v2\/pages\/902","targetHints":{"allow":["GET"]}}],"collection":[{"href":"https:\/\/donnerbookprize.com\/francais\/wp-json\/wp\/v2\/pages"}],"about":[{"href":"https:\/\/donnerbookprize.com\/francais\/wp-json\/wp\/v2\/types\/page"}],"author":[{"embeddable":true,"href":"https:\/\/donnerbookprize.com\/francais\/wp-json\/wp\/v2\/users\/1"}],"replies":[{"embeddable":true,"href":"https:\/\/donnerbookprize.com\/francais\/wp-json\/wp\/v2\/comments?post=902"}],"version-history":[{"count":0,"href":"https:\/\/donnerbookprize.com\/francais\/wp-json\/wp\/v2\/pages\/902\/revisions"}],"wp:featuredmedia":[{"embeddable":true,"href":"https:\/\/donnerbookprize.com\/francais\/wp-json\/wp\/v2\/media\/3180"}],"wp:attachment":[{"href":"https:\/\/donnerbookprize.com\/francais\/wp-json\/wp\/v2\/media?parent=902"}],"curies":[{"name":"wp","href":"https:\/\/api.w.org\/{rel}","templated":true}]}}