{"id":903,"date":"2019-03-25T06:30:42","date_gmt":"2019-03-25T06:30:42","guid":{"rendered":"https:\/\/donnerbookpriz.wpengine.com\/?page_id=903"},"modified":"2020-01-09T12:23:31","modified_gmt":"2020-01-09T17:23:31","slug":"past-winners-1998","status":"publish","type":"page","link":"https:\/\/donnerbookprize.com\/francais\/past-winners-1998\/","title":{"rendered":"Laur\u00e9at du Prix Donner 1998"},"content":{"rendered":"<hr class=\"wp-block-separator is-style-wide\"\/>\n\n\n\n<p class=\"custom4\">Voici une r\u00e9trospective des anciennes personnes laur\u00e9ates. Vous trouverez \u00e9galement la liste des membres du jury pour chaque saison.<\/p>\n\n\n\n<div style=\"height:50px\" aria-hidden=\"true\" class=\"wp-block-spacer custom23\"><\/div>\n\n\n<div class=\"menu-past-winners-container\"><div class=\"mobile-menu\"><form action=\"\"><select id=\"soflow\" onchange=\"if (this.value) window.location.href=this.value\"><option value=\"\">Select<\/option>\n<option value=\"https:\/\/donnerbookprize.com\/francais\/2023-winner\/\">2023 WINNERS<\/option>\n<option value=\"https:\/\/donnerbookprize.com\/francais\/2022-winner\/\">2022 WINNERS<\/option>\n<option value=\"https:\/\/donnerbookprize.com\/francais\/2021-winner\/\">2021 WINNERS<\/option>\n<option value=\"https:\/\/donnerbookprize.com\/francais\/2020-winner\/\">2020 WINNERS<\/option>\n<option value=\"https:\/\/donnerbookprize.com\/francais\/past-winners-2019\/\">2019 WINNERS<\/option>\n<option value=\"https:\/\/donnerbookprize.com\/francais\/past-winners-2018\/\">2018 WINNERS<\/option>\n<option value=\"https:\/\/donnerbookprize.com\/francais\/past-winners-2017\/\">2017 WINNERS<\/option>\n<option value=\"https:\/\/donnerbookprize.com\/francais\/prize-winners\/\">2016 WINNERS<\/option>\n<option value=\"https:\/\/donnerbookprize.com\/francais\/past-winners-2015\/\">2015 WINNERS<\/option>\n<option value=\"https:\/\/donnerbookprize.com\/francais\/past-winners-2014\/\">2014 WINNERS<\/option>\n<option value=\"https:\/\/donnerbookprize.com\/francais\/past-winners-2013\/\">2013 WINNERS<\/option>\n<option value=\"https:\/\/donnerbookprize.com\/francais\/past-winners-2012\/\">2012 WINNERS<\/option>\n<option value=\"https:\/\/donnerbookprize.com\/francais\/past-winners-2011\/\">2011 WINNERS<\/option>\n<option value=\"https:\/\/donnerbookprize.com\/francais\/past-winners-2010\/\">2010 WINNERS<\/option>\n<option value=\"https:\/\/donnerbookprize.com\/francais\/past-winners-2009\/\">2009 WINNERS<\/option>\n<option value=\"https:\/\/donnerbookprize.com\/francais\/past-winners-2008\/\">2008 WINNERS<\/option>\n<option value=\"https:\/\/donnerbookprize.com\/francais\/past-winners-2007\/\">2007 WINNERS<\/option>\n<option value=\"https:\/\/donnerbookprize.com\/francais\/past-winners-2006\/\">2006 WINNERS<\/option>\n<option value=\"https:\/\/donnerbookprize.com\/francais\/past-winners-2005\/\">2005 WINNERS<\/option>\n<option value=\"https:\/\/donnerbookprize.com\/francais\/past-winners-2004\/\">2004 WINNERS<\/option>\n<option value=\"https:\/\/donnerbookprize.com\/francais\/past-winners-2003\/\">2003 WINNERS<\/option>\n<option value=\"https:\/\/donnerbookprize.com\/francais\/past-winners-2002\/\">2002 WINNERS<\/option>\n<option value=\"https:\/\/donnerbookprize.com\/francais\/past-winners-2001\/\">2001 WINNERS<\/option>\n<option value=\"https:\/\/donnerbookprize.com\/francais\/past-winners-2000\/\">2000 WINNERS<\/option>\n<option value=\"https:\/\/donnerbookprize.com\/francais\/past-winners-1999\/\">1999 WINNERS<\/option>\n<option value=\"https:\/\/donnerbookprize.com\/francais\/past-winners-1998\/\">1998 WINNERS<\/option>\n<\/select><input type=\"hidden\" name=\"trp-form-language\" value=\"francais\"\/><\/form><\/div><\/div>\n\n\n\n<h2 style=\"text-align:center\" class=\"custom13 wp-block-heading\">1998 Winner<\/h2>\n\n\n\n<h2 class=\"wp-block-heading\" style=\"text-align:left\"><strong>FROM HEARTLAND TO NORTH AMERICAN REGION STATE: THE SOCIAL, FISCAL AND FEDERAL EVOLUTION OF ONTARIO<\/strong><br><\/h2>\n\n\n\n<h3 style=\"text-align:left\" class=\"custom15 wp-block-heading\">Thomas Courchene with Colin Telmer <\/h3>\n\n\n\n<h3 class=\"wp-block-heading\" style=\"text-align:left\">(Centre for Management, University of Toronto)<br><\/h3>\n\n\n\n<p style=\"text-align:left\" class=\"custom7\"><p style=\"color:#fff\">THIS IS A HIGHLY READABLE AND SIGNIFICANT interpretative essay on the social, fiscal and federal evolution of Ontario during the past half century. Its analysis provides refreshing new insight into the role of Ontario in the development of the Canadian federation, and not only asks the question \u201cIs Ontario still Canada\u2019s heartland?\u201d but \u201cShould it be?\u201d<\/p><br><\/p>\n\n\n\n<h2 style=\"text-align:center\" class=\"custom13 wp-block-heading\">SECONDS FAVORIS<\/h2>\n\n\n\n<h2 class=\"wp-block-heading\" style=\"text-align:left\"><strong>THE REFORMATION OF CANADA&#8217;S SCHOOLS: BREAKING THE BARRIERS TO PARENTAL CARE<\/strong><br><\/h2>\n\n\n\n<h3 style=\"text-align:left\" class=\"custom15 wp-block-heading\">Mark Holmes <\/h3>\n\n\n\n<h3 class=\"wp-block-heading\" style=\"text-align:left\">(McGill-Queen&#8217;s University Press)<br><\/h3>\n\n\n\n<p style=\"text-align:left\" class=\"custom7\"><p style=\"color:#fff\">A HIGHLY INSTRUCTIVE STUDY, INFUSED WITH THE PERSONAL insight gained from Holmes\u2019 years of experience as an educator, The Reformation of Canada\u2019s Schools provides a much-needed look at the problems plaguing the educational system in Canada. Challenging the one-size-fits-all approach to educational policy, Holmes argues that we need a broad range of schools to accommodate the wishes of parents and the goals of a pluralist society.<\/p><br><\/p>\n\n\n\n<div style=\"height:36px\" aria-hidden=\"true\" class=\"wp-block-spacer\"><\/div>\n\n\n\n<h2 class=\"wp-block-heading\" style=\"text-align:left\"><br><strong>GLOBALIZATION AND THE MEANING OF CANADIAN LIFE<\/strong><br><\/h2>\n\n\n\n<h3 style=\"text-align:left\" class=\"custom15 wp-block-heading\">William Watson <\/h3>\n\n\n\n<h3 class=\"wp-block-heading\" style=\"text-align:left\">(University of Toronto Press)<br><\/h3>\n\n\n\n<p style=\"text-align:left\" class=\"custom7\"><p style=\"color:#fff\">THIS ENGAGING BOOK MAKES AN IMPORTANT, timely and valuable contribution to a question that confronts all Canadians: How do we remain Canadian in a world where borders are rapidly disappearing and governments are increasingly constrained in their ability to pursue independent policies? The answer, according to Watson, lies in Canadians remaining free to choose what is best for us and not simply \u201cwhat those south of us are not choosing.<\/p><br><\/p>\n\n\n\n<div style=\"height:36px\" aria-hidden=\"true\" class=\"wp-block-spacer\"><\/div>\n\n\n\n<hr class=\"wp-block-separator is-style-wide\"\/>\n\n\n\n<h2 class=\"wp-block-heading\" style=\"text-align:left\"><strong>STRAIGHT TALK: SPEECHES AND WRITINGS ON CANADIAN UNITY<\/strong><br><\/h2>\n\n\n\n<h3 style=\"text-align:left\" class=\"custom15 wp-block-heading\">St\u00e9phane Dion<\/h3>\n\n\n\n<h3 class=\"wp-block-heading\" style=\"text-align:left\">(McGill-Queen&#8217;s University Press)<br><\/h3>\n\n\n\n<p style=\"text-align:left\" class=\"custom7\"><p style=\"color:#fff\">IL S'AGIT D'UN RECUEIL BIEN FAIT CONTENANT les discours du ministre des Affaires intergouvernementales de 1996 \u00e0 1998 pr\u00e9conisant et exposant les conditions en vue d'une r\u00e9conciliation du nationalisme qu\u00e9b\u00e9cois avec un Etat canadien d\u00e9centralis\u00e9 et multinational. Ce livre se r\u00e9v\u00e8le \u00eatre une d\u00e9fense intelligente et sophistiqu\u00e9e de l'unit\u00e9 nationale et met en vedette les politiques que devrait adopter Ottawa pour la soutenir.<\/p><br><\/p>\n\n\n\n<div style=\"height:17px\" aria-hidden=\"true\" class=\"wp-block-spacer\"><\/div>\n\n\n\n<hr class=\"wp-block-separator is-style-wide\"\/>\n\n\n\n<h2 class=\"wp-block-heading\" style=\"text-align:left\"><strong>WHITE MAN&#8217;S LAW: NATIVE PEOPLE IN NINETEENTH-CENTURY CANADIAN JURISPRUDENCE<\/strong><br><\/h2>\n\n\n\n<h3 style=\"text-align:left\" class=\"custom15 wp-block-heading\">Sidney L. Harring <\/h3>\n\n\n\n<h3 class=\"wp-block-heading\" style=\"text-align:left\">(The Osgoode Society \/ University of Toronto Press)<\/h3>\n\n\n\n<p style=\"text-align:left\" class=\"custom7\"><p style=\"color:#fff\">THIS BOOK, A MASTERPIECE OF HISTORICAL ANALYSIS, is representative of a new way of thinking about Native history \u2013 one that declares that the history is in the details of how Canada\u2019s Native people were treated. The relevance of its topic is reflected in daily headlines, for many of today\u2019s unresolved land claims issues are rooted in the legal system\u2019s failures to address Native concerns in the last century.<\/p><br><\/p>\n\n\n\n<div style=\"height:17px\" aria-hidden=\"true\" class=\"wp-block-spacer\"><\/div>\n\n\n\n<hr class=\"wp-block-separator is-style-wide\"\/>\n\n\n\n<h2 class=\"wp-block-heading\"><strong>LAMENT FOR AN OCEAN: THE COLLAPSE OF THE ATLANTIC COD FISHERY: A TRUE CRIME STORY<\/strong> <\/h2>\n\n\n\n<h3 class=\"wp-block-heading\"> Michael Harris <\/h3>\n\n\n\n<h3 class=\"wp-block-heading\">(McClelland &amp; Stewart)<br><\/h3>\n\n\n\n<p><p style=\"color:#fff\">THE WORLD-WIDE DISTRIBUTION OF PROTEIN RESOURCES is a pressing policy issue \u2013 even the Navy is now being designed for the protection of ocean resources. This account of the demise of the Atlantic cod fishery over the last two decades takes an objective position in a highly politicized area and opens the policy debate surrounding it to a wide audience.<\/p><br><\/p>\n\n\n\n<div style=\"height:30px\" aria-hidden=\"true\" class=\"wp-block-spacer\"><\/div>\n\n\n\n<hr class=\"wp-block-separator is-style-wide\"\/>\n\n\n\n<h2 class=\"wp-block-heading\"><strong>THE THREE QUESTIONS: PROSPERITY AND THE PUBLIC GOOD<\/strong> <\/h2>\n\n\n\n<h3 class=\"wp-block-heading\">C. Bob Rae <\/h3>\n\n\n\n<h3 class=\"wp-block-heading\">(Penguin Books Canada)<br><\/h3>\n\n\n\n<p><p style=\"color:#fff\">STRUCTURING HIS THOUGHTS ON RABBI HILLEL\u2019S famous questions, Rae discusses the need for policy to combine self-interest, generosity, and action in coping with change. A unique political testament, it explores with clarity and exceptional insight the roles of government, business, communities and individuals in the new economic and political reality of Canada.<\/p><br><\/p>\n\n\n\n<div style=\"height:39px\" aria-hidden=\"true\" class=\"wp-block-spacer\"><\/div>\n\n\n\n<hr class=\"wp-block-separator is-style-wide\"\/>\n\n\n\n<h2 class=\"wp-block-heading\"><strong>TALK AND LOG: WILDERNESS POLITICS IN BRITISH COLUMBIA<\/strong><br><\/h2>\n\n\n\n<h3 class=\"wp-block-heading\">Jeremy Wilson <\/h3>\n\n\n\n<h3 class=\"wp-block-heading\">(UBC Press)<\/h3>\n\n\n\n<p><p style=\"color:#fff\">TALK AND LOG ILLUMINATES THE FORCES behind the controversies that have divided British Columbians and attracted the attention of Canadians for more than three decades. This comprehensive account of the interplay of forces that have shaped BC\u2019s forest policy is more widely applicable because it reveals how increasing knowledge influences the formulation of policy over time.<\/p><br><\/p>\n\n\n\n<div style=\"height:32px\" aria-hidden=\"true\" class=\"wp-block-spacer\"><\/div>\n\n\n\n<h2 style=\"text-align:center\" class=\"custom13 wp-block-heading\">membres du jury 1998<\/h2>\n\n\n\n<h2 class=\"wp-block-heading\" style=\"text-align:left\">Grant L. Reuber<br><\/h2>\n\n\n\n<h3 class=\"wp-block-heading\" style=\"text-align:left\">Pr\u00e9sidente<\/h3>\n\n\n\n<p style=\"text-align:left\" class=\"custom7\">Former chairman, Canada Deposit Insurance Corporation; former Vice-President (academic), Provost, and later Chancellor of the University of Western Ontario; Deputy Minister of Finance for Canada 1979-80.<br><\/p>\n\n\n\n<hr class=\"wp-block-separator is-style-wide\"\/>\n\n\n\n<h2 class=\"wp-block-heading\" style=\"text-align:left\">David J. Bercuson<br><\/h2>\n\n\n\n<p style=\"text-align:left\" class=\"custom7\">Directeur, Centre des \u00e9tudes militaires et strat\u00e9giques de l'Universit\u00e9 de Calgary en Alberta.<br><\/p>\n\n\n\n<hr class=\"wp-block-separator is-style-wide\"\/>\n\n\n\n<h2 class=\"wp-block-heading\" style=\"text-align:left\">Pierre Lortie<br><\/h2>\n\n\n\n<p style=\"text-align:left\" class=\"custom7\">Pr\u00e9sident et chef de l'exploitation, Bombardier Transport.<br><\/p>\n\n\n\n<hr class=\"wp-block-separator is-style-wide\"\/>\n\n\n\n<h2 class=\"wp-block-heading\" style=\"text-align:left\">John G. Richards<br><\/h2>\n\n\n\n<p style=\"text-align:left\" class=\"custom7\">Professeur de sciences commerciales \u00e0 l'Universit\u00e9 Simon Fraser, et collaborateur de l'Institut C.D. Howe.<br><\/p>\n\n\n\n<hr class=\"wp-block-separator is-style-wide\"\/>\n\n\n\n<h2 class=\"wp-block-heading\" style=\"text-align:left\">Jennifer Smith<br><\/h2>\n\n\n\n<p style=\"text-align:left\" class=\"custom7\">Professeure agr\u00e9g\u00e9e en sciences politiques \u00e0 l'Universit\u00e9 Dalhousie de Nouvelle-\u00c9cosse.<br><\/p>\n\n\n\n<div style=\"height:10px\" aria-hidden=\"true\" class=\"wp-block-spacer\"><\/div>","protected":false},"excerpt":{"rendered":"<p>Here&#8217;s a look back at past winners and the books that made that year&#8217;s shortlist. You&#8217;ll also find our Jury from each award season. 1998 Winner FROM HEARTLAND TO NORTH AMERICAN REGION STATE: THE SOCIAL, FISCAL AND FEDERAL EVOLUTION OF ONTARIO Thomas Courchene with Colin Telmer (Centre for Management, University of Toronto) THIS IS A &#8230; <a title=\"Laur\u00e9at du Prix Donner 1998\" class=\"read-more\" href=\"https:\/\/donnerbookprize.com\/francais\/past-winners-1998\/\">Read more<span class=\"screen-reader-text\">Laur\u00e9at du Prix Donner 1998<\/span><\/a><\/p>","protected":false},"author":1,"featured_media":3180,"parent":0,"menu_order":0,"comment_status":"closed","ping_status":"closed","template":"","meta":{"footnotes":""},"class_list":["post-903","page","type-page","status-publish","has-post-thumbnail"],"_links":{"self":[{"href":"https:\/\/donnerbookprize.com\/francais\/wp-json\/wp\/v2\/pages\/903","targetHints":{"allow":["GET"]}}],"collection":[{"href":"https:\/\/donnerbookprize.com\/francais\/wp-json\/wp\/v2\/pages"}],"about":[{"href":"https:\/\/donnerbookprize.com\/francais\/wp-json\/wp\/v2\/types\/page"}],"author":[{"embeddable":true,"href":"https:\/\/donnerbookprize.com\/francais\/wp-json\/wp\/v2\/users\/1"}],"replies":[{"embeddable":true,"href":"https:\/\/donnerbookprize.com\/francais\/wp-json\/wp\/v2\/comments?post=903"}],"version-history":[{"count":0,"href":"https:\/\/donnerbookprize.com\/francais\/wp-json\/wp\/v2\/pages\/903\/revisions"}],"wp:featuredmedia":[{"embeddable":true,"href":"https:\/\/donnerbookprize.com\/francais\/wp-json\/wp\/v2\/media\/3180"}],"wp:attachment":[{"href":"https:\/\/donnerbookprize.com\/francais\/wp-json\/wp\/v2\/media?parent=903"}],"curies":[{"name":"wp","href":"https:\/\/api.w.org\/{rel}","templated":true}]}}