{"id":908,"date":"2019-03-25T06:41:42","date_gmt":"2019-03-25T06:41:42","guid":{"rendered":"https:\/\/donnerbookpriz.wpengine.com\/?page_id=908"},"modified":"2020-01-09T12:22:48","modified_gmt":"2020-01-09T17:22:48","slug":"past-winners-2000","status":"publish","type":"page","link":"https:\/\/donnerbookprize.com\/francais\/past-winners-2000\/","title":{"rendered":"Laur\u00e9at du Prix Donner 2000"},"content":{"rendered":"<hr class=\"wp-block-separator is-style-wide\"\/>\n\n\n\n<p class=\"custom4\">Voici une r\u00e9trospective des anciennes personnes laur\u00e9ates. Vous trouverez \u00e9galement la liste des membres du jury pour chaque saison.<\/p>\n\n\n\n<div style=\"height:50px\" aria-hidden=\"true\" class=\"wp-block-spacer custom23\"><\/div>\n\n\n<div class=\"menu-past-winners-container\"><div class=\"mobile-menu\"><form action=\"\"><select id=\"soflow\" onchange=\"if (this.value) window.location.href=this.value\"><option value=\"\">Select<\/option>\n<option value=\"https:\/\/donnerbookprize.com\/francais\/2022-winner\/\">2022 WINNERS<\/option>\n<option value=\"https:\/\/donnerbookprize.com\/francais\/2021-winner\/\">2021 WINNERS<\/option>\n<option value=\"https:\/\/donnerbookprize.com\/francais\/2020-winner\/\">2020 WINNERS<\/option>\n<option value=\"https:\/\/donnerbookprize.com\/francais\/past-winners-2019\/\">2019 WINNERS<\/option>\n<option value=\"https:\/\/donnerbookprize.com\/francais\/past-winners-2018\/\">2018 WINNERS<\/option>\n<option value=\"https:\/\/donnerbookprize.com\/francais\/past-winners-2017\/\">2017 WINNERS<\/option>\n<option value=\"https:\/\/donnerbookprize.com\/francais\/prize-winners\/\">2016 WINNERS<\/option>\n<option value=\"https:\/\/donnerbookprize.com\/francais\/past-winners-2015\/\">2015 WINNERS<\/option>\n<option value=\"https:\/\/donnerbookprize.com\/francais\/past-winners-2014\/\">2014 WINNERS<\/option>\n<option value=\"https:\/\/donnerbookprize.com\/francais\/past-winners-2013\/\">2013 WINNERS<\/option>\n<option value=\"https:\/\/donnerbookprize.com\/francais\/past-winners-2012\/\">2012 WINNERS<\/option>\n<option value=\"https:\/\/donnerbookprize.com\/francais\/past-winners-2011\/\">2011 WINNERS<\/option>\n<option value=\"https:\/\/donnerbookprize.com\/francais\/past-winners-2010\/\">2010 WINNERS<\/option>\n<option value=\"https:\/\/donnerbookprize.com\/francais\/past-winners-2009\/\">2009 WINNERS<\/option>\n<option value=\"https:\/\/donnerbookprize.com\/francais\/past-winners-2008\/\">2008 WINNERS<\/option>\n<option value=\"https:\/\/donnerbookprize.com\/francais\/past-winners-2007\/\">2007 WINNERS<\/option>\n<option value=\"https:\/\/donnerbookprize.com\/francais\/past-winners-2006\/\">2006 WINNERS<\/option>\n<option value=\"https:\/\/donnerbookprize.com\/francais\/past-winners-2005\/\">2005 WINNERS<\/option>\n<option value=\"https:\/\/donnerbookprize.com\/francais\/past-winners-2004\/\">2004 WINNERS<\/option>\n<option value=\"https:\/\/donnerbookprize.com\/francais\/past-winners-2003\/\">2003 WINNERS<\/option>\n<option value=\"https:\/\/donnerbookprize.com\/francais\/past-winners-2002\/\">2002 WINNERS<\/option>\n<option value=\"https:\/\/donnerbookprize.com\/francais\/past-winners-2001\/\">2001 WINNERS<\/option>\n<option value=\"https:\/\/donnerbookprize.com\/francais\/past-winners-2000\/\">2000 WINNERS<\/option>\n<option value=\"https:\/\/donnerbookprize.com\/francais\/past-winners-1999\/\">1999 WINNERS<\/option>\n<option value=\"https:\/\/donnerbookprize.com\/francais\/past-winners-1998\/\">1998 WINNERS<\/option>\n<\/select><input type=\"hidden\" name=\"trp-form-language\" value=\"francais\"\/><\/form><\/div><\/div>\n\n\n\n<h2 style=\"text-align:center\" class=\"custom13 wp-block-heading\">2000 Winner<\/h2>\n\n\n\n<h2 class=\"wp-block-heading\" style=\"text-align:left\"><strong>FIRST NATIONS? SECOND THOUGHTS <\/strong><br><\/h2>\n\n\n\n<h3 style=\"text-align:left\" class=\"custom15 wp-block-heading\"> Tom Flanagan <\/h3>\n\n\n\n<h3 class=\"wp-block-heading\" style=\"text-align:left\">(McGill-Queen&#8217;s University Press)<\/h3>\n\n\n\n<p style=\"text-align:left\" class=\"custom7\">VOLONTIERS PROVOCANT, LE PR FLANAGAN DISS\u00c8QUE dans First Nations? Second Thoughts les id\u00e9es re\u00e7ues sur lesquelles se fondent les politiques gouvernementales au Canada \u00e0 l'\u00e9gard des peuples autochtones, et d\u00e9nonce cette nouvelle orthodoxie dont les cons\u00e9quences enrichissent une \u00e9lite de militants, de politiciens, de fonctionnaires et de gens d'affaires proches du pouvoir, tout en aggravant encore le d\u00e9sespoir de ceux que l'on pr\u00e9tend aider.<br><\/p>\n\n\n\n<h2 style=\"text-align:center\" class=\"custom13 wp-block-heading\">SECONDS FAVORIS<\/h2>\n\n\n\n<h2 class=\"wp-block-heading\" style=\"text-align:left\"> <strong>CITIZENS PLUS: ABORIGINAL PEOPLES AND THE CANADIAN STATE<\/strong><br><\/h2>\n\n\n\n<h3 style=\"text-align:left\" class=\"custom15 wp-block-heading\"> Alan C. Cairns <\/h3>\n\n\n\n<h3 class=\"wp-block-heading\" style=\"text-align:left\">(UBC Press)<\/h3>\n\n\n\n<p style=\"text-align:left\" class=\"custom7\">CITIZENS PLUS EST UNE ANALYSE ADMIRABLEMENT DOCUMENT\u00c9E, fouill\u00e9e et objective des probl\u00e9matiques et du d\u00e9bat politique et juridique dont la position des autochtones au Canada est l'enjeu. Cet ouvrage est \u00e0 signaler pour le r\u00e9alisme avec lequel l'auteur r\u00e9v\u00e8le, dans un esprit positif, les contradictions fatales qui se trouvent au c\u0153ur de ce d\u00e9bat.<br><\/p>\n\n\n\n<div style=\"height:36px\" aria-hidden=\"true\" class=\"wp-block-spacer\"><\/div>\n\n\n\n<hr class=\"wp-block-separator is-style-wide\"\/>\n\n\n\n<h2 class=\"wp-block-heading\" style=\"text-align:left\"><strong>THE CHARTER REVOLUTION AND THE COURT PARTY<\/strong><br><\/h2>\n\n\n\n<h3 style=\"text-align:left\" class=\"custom15 wp-block-heading\">F.L. Morton and Rainer Knopff<br><\/h3>\n\n\n\n<h3 class=\"wp-block-heading\" style=\"text-align:left\">(Broadview Press)<br><\/h3>\n\n\n\n<p style=\"text-align:left\" class=\"custom7\">LES AUTEURS, TOUS DEUX UNIVERSITAIRES, analysent brillamment les facteurs politiques qui se conjuguent au Canada pour \u00e9largir la port\u00e9e des droits garantis par la Charte. L'ouvrage contient plusieurs aper\u00e7us \u00e9tonnants sur les alignements de forces qui ont abouti \u00e0 certains des arr\u00eats les plus controvers\u00e9s rendus r\u00e9cemment par la Cour supr\u00eame du Canada.<br><\/p>\n\n\n\n<div style=\"height:36px\" aria-hidden=\"true\" class=\"wp-block-spacer\"><\/div>\n\n\n\n<hr class=\"wp-block-separator is-style-wide\"\/>\n\n\n\n<h2 class=\"wp-block-heading\" style=\"text-align:left\"><strong>CYCLING INTO SAIGON: THE CONSERVATIVE TRANSITION IN ONTARIO<\/strong><br><\/h2>\n\n\n\n<h3 style=\"text-align:left\" class=\"custom15 wp-block-heading\">David R. Cameron and Graham White <\/h3>\n\n\n\n<h3 class=\"wp-block-heading\" style=\"text-align:left\">(UBC Press)<\/h3>\n\n\n\n<p style=\"text-align:left\" class=\"custom7\">COMMENT LA PASSATION DES POUVOIRS ENTRE DEUX PARTIS aux id\u00e9ologies politiques diam\u00e9tralement oppos\u00e9s a t elle pu s'accomplir en 1995 en Ontario? Les auteurs de cet ouvrage passionnant relatent un \u00e9pisode de collaboration politique \u00e9tonnante et finalement r\u00e9ussie. Cycling into Saigon rec\u00e8le des le\u00e7ons importantes pour quiconque s'int\u00e9resse \u00e0 ce moment cl\u00e9 du processus \u00e9lectoral, en Ontario ou ailleurs.<br><\/p>\n\n\n\n<div style=\"height:17px\" aria-hidden=\"true\" class=\"wp-block-spacer\"><\/div>\n\n\n\n<hr class=\"wp-block-separator is-style-wide\"\/>\n\n\n\n<h2 class=\"wp-block-heading\" style=\"text-align:left\"><strong>THE MARSHALL DECISION AND NATIVE RIGHTS<\/strong> <\/h2>\n\n\n\n<h3 style=\"text-align:left\" class=\"custom15 wp-block-heading\">Ken Coates <\/h3>\n\n\n\n<h3 class=\"wp-block-heading\" style=\"text-align:left\">(McGill-Queen&#8217;s University Press)<br><\/h3>\n\n\n\n<p style=\"text-align:left\" class=\"custom7\">LE PR COATES R\u00c9V\u00c8LE AVEC PERSPICACIT\u00c9 les cons\u00e9quences interculturelles, juridiques et politiques de l'arr\u00eat r\u00e9cemment rendu par la Cour supr\u00eame dans l'affaire Donald Marshall, et d\u00e9crit les \u00e9v\u00e9nements, les personnalit\u00e9s et les conflits qui ont amen\u00e9 les Maritimes au bord d'un affrontement majeur.<br><\/p>\n\n\n\n<div style=\"height:17px\" aria-hidden=\"true\" class=\"wp-block-spacer\"><\/div>\n\n\n\n<hr class=\"wp-block-separator is-style-wide\"\/>\n\n\n\n<h2 class=\"wp-block-heading\"><strong>HEAVY TRAFFIC: DEREGULATION, TRADE, AND TRANSFORMATION IN NORTH AMERICAN TRUCKING<\/strong><br><br><\/h2>\n\n\n\n<h3 class=\"wp-block-heading\">Daniel Madar <\/h3>\n\n\n\n<h3 class=\"wp-block-heading\">(UBC Press)<\/h3>\n\n\n\n<p>CET OUVRAGE EST UN EXPOS\u00c9 \u00c9NERGIQUE et lucide (et fort bien \u00e9crit, ce qui ne g\u00e2te rien) de la lib\u00e9ralisation du camionnage - secteur jusque-l\u00e0 hautement r\u00e9glement\u00e9 - aux \u00c9tats-Unis et au Canada apr\u00e8s 1980, et de la transformation de cette industrie sous l'effet conjugu\u00e9 du libre-\u00e9change et de l'\u00e9volution de l'\u00e9conomie.<br><\/p>\n\n\n\n<div style=\"height:20px\" aria-hidden=\"true\" class=\"wp-block-spacer\"><\/div>\n\n\n\n<hr class=\"wp-block-separator is-style-wide\"\/>\n\n\n\n<h2 class=\"wp-block-heading\"><strong>RETREAT FROM GROWTH: ATLANTIC CANADA AND THE NEGATIVE-SUM ECONOMY<\/strong><br><\/h2>\n\n\n\n<h3 class=\"wp-block-heading\">Fred McMahon <\/h3>\n\n\n\n<h3 class=\"wp-block-heading\">(Atlantic Institute for Market Studies)<\/h3>\n\n\n\n<p>AYANT FAIT L'OBJET D'UNE RECHERCHE TR\u00c8S MINUTIEUSE, cet ouvrage constitue une contribution importante au d\u00e9bat qui continue de se d\u00e9rouler au sujet du statut \u00e9conomique actuel du Canada atlantique. M. McMahon y pr\u00e9sente une analyse convaincante des effets des politiques poursuivies au cours des trente derni\u00e8res ann\u00e9es dans cette r\u00e9gion et propose un mod\u00e8le d'\u00e9valuation clair et objectif \u00e9tabli \u00e0 partir de preuves se pr\u00eatant \u00e0 des comparaisons.<br><\/p>\n\n\n\n<div style=\"height:31px\" aria-hidden=\"true\" class=\"wp-block-spacer\"><\/div>\n\n\n\n<h2 style=\"text-align:center\" class=\"custom13 wp-block-heading\">Le jury 2000<\/h2>\n\n\n\n<h2 class=\"wp-block-heading\" style=\"text-align:left\">Grant L. Reuber<br><\/h2>\n\n\n\n<h3 class=\"wp-block-heading\" style=\"text-align:left\">Pr\u00e9sidente<\/h3>\n\n\n\n<p style=\"text-align:left\" class=\"custom7\">Conseiller principal et directeur du Cercle Sussex, charg\u00e9 de recherche principal \u00e0 l'Institut C.D. Howe, ancien pr\u00e9sident du Conseil de la Soci\u00e9t\u00e9 canadienne d'assurance-d\u00e9p\u00f4ts, ancien pr\u00e9sident et chef de l'exploitation, et plus tard vice-pr\u00e9sident du Conseil, de la Banque de Montr\u00e9al, ancien sous-ministre des Finances du Canada, ancien pr\u00e9v\u00f4t et vice-recteur \u00e0 l'enseignement de l'Universit\u00e9 Western Ontario et Officier de l'Ordre du Canada.<br><\/p>\n\n\n\n<hr class=\"wp-block-separator is-style-wide\"\/>\n\n\n\n<h2 class=\"wp-block-heading\" style=\"text-align:left\">Paul Boothe<br><\/h2>\n\n\n\n<p style=\"text-align:left\" class=\"custom7\">Professeur et Directeur de l'Institute for Public Economics \u00e0 l'Universit\u00e9 de l'Alberta; titulaire d'une bourse EnCana en politique publique, Institut C.D. Howe; ancien sous-ministre des Finances de la Saskatchewan.<br><\/p>\n\n\n\n<hr class=\"wp-block-separator is-style-wide\"\/>\n\n\n\n<h2 class=\"wp-block-heading\" style=\"text-align:left\">Pierre Lortie<br><\/h2>\n\n\n\n<p style=\"text-align:left\" class=\"custom7\">Pr\u00e9sident et chef de l'exploitation, Bombardier Transport.<br><\/p>\n\n\n\n<hr class=\"wp-block-separator is-style-wide\"\/>\n\n\n\n<h2 class=\"wp-block-heading\" style=\"text-align:left\">Elizabeth Parr-Johnston<br><\/h2>\n\n\n\n<p style=\"text-align:left\" class=\"custom7\">Consultante et ancienne rectrice et vice-chanceli\u00e8re de l'Universit\u00e9 du Nouveau-Brunswick.<br><\/p>\n\n\n\n<hr class=\"wp-block-separator is-style-wide\"\/>\n\n\n\n<h2 class=\"wp-block-heading\" style=\"text-align:left\">John G. Richards<br><\/h2>\n\n\n\n<p style=\"text-align:left\" class=\"custom7\">Professeur de sciences commerciales \u00e0 l'Universit\u00e9 Simon Fraser, et collaborateur de l'Institut C.D. Howe.<br><\/p>\n\n\n\n<div style=\"height:10px\" aria-hidden=\"true\" class=\"wp-block-spacer\"><\/div>","protected":false},"excerpt":{"rendered":"<p>Here&#8217;s a look back at past winners and the books that made that year&#8217;s shortlist. You&#8217;ll also find our Jury from each award season. 2000 Winner FIRST NATIONS? SECOND THOUGHTS Tom Flanagan (McGill-Queen&#8217;s University Press) CONTROVERSIAL AND THOUGHT PROVOKING, Professor Flanagan&#8217;s First Nations? Second Thoughts dissects the prevailing orthodoxy that determines public policy towards Canada&#8217;s &#8230; <a title=\"Laur\u00e9at du Prix Donner 2000\" class=\"read-more\" href=\"https:\/\/donnerbookprize.com\/francais\/past-winners-2000\/\">Read more<span class=\"screen-reader-text\">Laur\u00e9at du Prix Donner 2000<\/span><\/a><\/p>","protected":false},"author":1,"featured_media":3178,"parent":0,"menu_order":0,"comment_status":"closed","ping_status":"closed","template":"","meta":{"footnotes":""},"class_list":["post-908","page","type-page","status-publish","has-post-thumbnail"],"_links":{"self":[{"href":"https:\/\/donnerbookprize.com\/francais\/wp-json\/wp\/v2\/pages\/908","targetHints":{"allow":["GET"]}}],"collection":[{"href":"https:\/\/donnerbookprize.com\/francais\/wp-json\/wp\/v2\/pages"}],"about":[{"href":"https:\/\/donnerbookprize.com\/francais\/wp-json\/wp\/v2\/types\/page"}],"author":[{"embeddable":true,"href":"https:\/\/donnerbookprize.com\/francais\/wp-json\/wp\/v2\/users\/1"}],"replies":[{"embeddable":true,"href":"https:\/\/donnerbookprize.com\/francais\/wp-json\/wp\/v2\/comments?post=908"}],"version-history":[{"count":0,"href":"https:\/\/donnerbookprize.com\/francais\/wp-json\/wp\/v2\/pages\/908\/revisions"}],"wp:featuredmedia":[{"embeddable":true,"href":"https:\/\/donnerbookprize.com\/francais\/wp-json\/wp\/v2\/media\/3178"}],"wp:attachment":[{"href":"https:\/\/donnerbookprize.com\/francais\/wp-json\/wp\/v2\/media?parent=908"}],"curies":[{"name":"wp","href":"https:\/\/api.w.org\/{rel}","templated":true}]}}